{"id":15432,"date":"2013-12-20T09:11:00","date_gmt":"2013-12-20T08:11:00","guid":{"rendered":"https:\/\/heatwork.com\/?page_id=15432"},"modified":"2014-06-25T12:21:26","modified_gmt":"2014-06-25T10:21:26","slug":"landscapergardener","status":"publish","type":"page","link":"https:\/\/heatwork.com\/en\/areas-of-application\/concrete-systems\/landscapergardener\/","title":{"rendered":"Landscapergardener"},"content":{"rendered":"<p><div class=\"o-carousel js-carousel\"><div class=\"o-carousel__main js-carousel-main zfjgl\" data-id=\"zfjgl\"><img loading=\"lazy\" decoding=\"async\" src=\"https:\/\/heatwork.com\/wp-content\/uploads\/2013\/12\/34-Innst\u00f8ping-av-r\u00f8r-for-\u00e5-tillf\u00f8re-varme-i-betong-ved-herding-705x940.jpg\" width=\"705\" height=\"940\" alt=\"\" \/>\n<img loading=\"lazy\" decoding=\"async\" src=\"https:\/\/heatwork.com\/wp-content\/uploads\/2013\/12\/32-Innst\u00f8ping-av-r\u00f8r-for-\u00e5-tillf\u00f8re-varme-i-betong-ved-herding-940x705.jpg\" width=\"940\" height=\"705\" alt=\"\" \/>\n<img loading=\"lazy\" decoding=\"async\" src=\"https:\/\/heatwork.com\/wp-content\/uploads\/2013\/12\/Legging-av-r\u00f8r-940x705.jpg\" width=\"940\" height=\"705\" alt=\"\" \/>\n<img loading=\"lazy\" decoding=\"async\" src=\"https:\/\/heatwork.com\/wp-content\/uploads\/2013\/12\/WP_000543-705x940.jpg\" width=\"705\" height=\"940\" alt=\"\" \/>\n<img loading=\"lazy\" decoding=\"async\" src=\"https:\/\/heatwork.com\/wp-content\/uploads\/2013\/12\/WP_000528-705x940.jpg\" width=\"705\" height=\"940\" alt=\"\" \/>\n<img loading=\"lazy\" decoding=\"async\" src=\"https:\/\/heatwork.com\/wp-content\/uploads\/2013\/12\/WP_000553-705x940.jpg\" width=\"705\" height=\"940\" alt=\"\" \/>\n<img loading=\"lazy\" decoding=\"async\" src=\"https:\/\/heatwork.com\/wp-content\/uploads\/2013\/12\/Fylling-av-betong-2-705x940.jpg\" width=\"705\" height=\"940\" alt=\"\" \/>\n<img loading=\"lazy\" decoding=\"async\" src=\"https:\/\/heatwork.com\/wp-content\/uploads\/2013\/12\/Fylling-av-betong-705x940.jpg\" width=\"705\" height=\"940\" alt=\"\" \/>\n<img loading=\"lazy\" decoding=\"async\" src=\"https:\/\/heatwork.com\/wp-content\/uploads\/2013\/12\/Manifoli-705x940.jpg\" width=\"705\" height=\"940\" alt=\"\" \/>\n<img loading=\"lazy\" decoding=\"async\" src=\"https:\/\/heatwork.com\/wp-content\/uploads\/2013\/12\/WP_000530-940x705.jpg\" width=\"940\" height=\"705\" alt=\"\" \/>\n<\/div><ul class=\"o-carousel__nav js-carousel-nav\"><li><img loading=\"lazy\" decoding=\"async\" src=\"https:\/\/heatwork.com\/wp-content\/uploads\/2013\/12\/34-Innst\u00f8ping-av-r\u00f8r-for-\u00e5-tillf\u00f8re-varme-i-betong-ved-herding-290x290.jpg\" width=\"290\" height=\"290\" alt=\"\" \/><\/li>\n<li><img loading=\"lazy\" decoding=\"async\" src=\"https:\/\/heatwork.com\/wp-content\/uploads\/2013\/12\/32-Innst\u00f8ping-av-r\u00f8r-for-\u00e5-tillf\u00f8re-varme-i-betong-ved-herding-290x290.jpg\" width=\"290\" height=\"290\" alt=\"\" \/><\/li>\n<li><img loading=\"lazy\" decoding=\"async\" src=\"https:\/\/heatwork.com\/wp-content\/uploads\/2013\/12\/Legging-av-r\u00f8r-290x290.jpg\" width=\"290\" height=\"290\" alt=\"\" \/><\/li>\n<li><img loading=\"lazy\" decoding=\"async\" src=\"https:\/\/heatwork.com\/wp-content\/uploads\/2013\/12\/WP_000543-290x290.jpg\" width=\"290\" height=\"290\" alt=\"\" \/><\/li>\n<li><img loading=\"lazy\" decoding=\"async\" src=\"https:\/\/heatwork.com\/wp-content\/uploads\/2013\/12\/WP_000528-290x290.jpg\" width=\"290\" height=\"290\" alt=\"\" \/><\/li>\n<li><img loading=\"lazy\" decoding=\"async\" src=\"https:\/\/heatwork.com\/wp-content\/uploads\/2013\/12\/WP_000553-290x290.jpg\" width=\"290\" height=\"290\" alt=\"\" \/><\/li>\n<li><img loading=\"lazy\" decoding=\"async\" src=\"https:\/\/heatwork.com\/wp-content\/uploads\/2013\/12\/Fylling-av-betong-2-290x290.jpg\" width=\"290\" height=\"290\" alt=\"\" \/><\/li>\n<li><img loading=\"lazy\" decoding=\"async\" src=\"https:\/\/heatwork.com\/wp-content\/uploads\/2013\/12\/Fylling-av-betong-290x290.jpg\" width=\"290\" height=\"290\" alt=\"\" \/><\/li>\n<li><img loading=\"lazy\" decoding=\"async\" src=\"https:\/\/heatwork.com\/wp-content\/uploads\/2013\/12\/Manifoli-290x290.jpg\" width=\"290\" height=\"290\" alt=\"\" \/><\/li>\n<li><img loading=\"lazy\" decoding=\"async\" src=\"https:\/\/heatwork.com\/wp-content\/uploads\/2013\/12\/WP_000530-290x290.jpg\" width=\"290\" height=\"290\" alt=\"\" \/><\/li>\n<\/ul><\/div><br \/>\n<\/p>\n<div class=\"ingrid in-thirds\">\n<div class=\"unit span-two\">\nNow effective landscaping is possible all year-round. Whether one needs to heat foundations, aggregates, work tents, or garages, one can easily do so with the help of HeatWork&#8217;s mobile heating solution.<br \/>\n<br \/>\nThe most common challenges that effect the end result during winter work are:<\/p>\n<ul>\n<li>Cavities in frost-susceptible substrates<\/li>\n<li>Foundational or structural parts that are in contact with fresh concrete and have temperatures which freeze the concrete<\/li>\n<li>Concrete temperatures that sink below 0\u00b0C before one reaches adequate firmness<\/li>\n<li>Snow and ice from foundation or structural parts that melts and contributes to increased water content in concrete<\/li>\n<\/ul>\n<p>All of these problems can easily be avoided by using HeatWork&#8217;s Concrete Systems, and contractors therefore also avoid expensive complaints later.<br \/>\n<br \/>\nBy installing HeatWork Concrete Systems in the foundation of for example grouting for pavement, laying bridge or paving stones, or building stairs, one can re-use the grouted HW PERT pipes for snow and ice melting during the winter. This is another example of how one can attain an even greater use of HeatWork&#8217;s machines and multiple work projects in a season where one normally experiences a lower level of activity.\n<\/div>\n<div class=\"unit\">\n<ul>\n<li>Houses outside of formwork<\/li>\n<li>Pipes in concrete<\/li>\n<li>Hoses on flooring or covering after casting<\/li>\n<li>Ground thawing before excavation and compaction of building foundation<\/li>\n<li>Snow and ice melting of foundation, formwork, and reinforcement <\/li>\n<li>Pre-heating of formwork and construction parts<\/li>\n<li>Controlled hardening of concrete<\/li>\n<li>Poured concrete in cold climates<\/li>\n<li>Heating helicopter containers<\/li>\n<li>Shotcrete &#8211; pre-heating of constructions<\/li>\n<\/ul>\n<\/div>\n<\/div>\n","protected":false},"excerpt":{"rendered":"<p>Now effective landscaping is possible all year-round. Whether one needs to heat foundations, aggregates, work tents, or garages, one can easily do so with the help of HeatWork&#8217;s mobile heating solution. The most common challenges that effect the end result during winter work are: Cavities in frost-susceptible substrates Foundational or structural parts that are in [&hellip;]<\/p>\n","protected":false},"author":8,"featured_media":0,"parent":15570,"menu_order":2,"comment_status":"closed","ping_status":"closed","template":"","meta":{"_acf_changed":false,"footnotes":"","_links_to":"","_links_to_target":""},"class_list":["post-15432","page","type-page","status-publish"],"acf":[],"_links":{"self":[{"href":"https:\/\/heatwork.com\/en\/wp-json\/wp\/v2\/pages\/15432"}],"collection":[{"href":"https:\/\/heatwork.com\/en\/wp-json\/wp\/v2\/pages"}],"about":[{"href":"https:\/\/heatwork.com\/en\/wp-json\/wp\/v2\/types\/page"}],"author":[{"embeddable":true,"href":"https:\/\/heatwork.com\/en\/wp-json\/wp\/v2\/users\/8"}],"replies":[{"embeddable":true,"href":"https:\/\/heatwork.com\/en\/wp-json\/wp\/v2\/comments?post=15432"}],"version-history":[{"count":0,"href":"https:\/\/heatwork.com\/en\/wp-json\/wp\/v2\/pages\/15432\/revisions"}],"up":[{"embeddable":true,"href":"https:\/\/heatwork.com\/en\/wp-json\/wp\/v2\/pages\/15570"}],"wp:attachment":[{"href":"https:\/\/heatwork.com\/en\/wp-json\/wp\/v2\/media?parent=15432"}],"curies":[{"name":"wp","href":"https:\/\/api.w.org\/{rel}","templated":true}]}}