{"id":42138,"date":"2015-06-08T11:26:55","date_gmt":"2015-06-08T09:26:55","guid":{"rendered":"https:\/\/heatwork.com\/?page_id=42138"},"modified":"2022-01-20T21:17:03","modified_gmt":"2022-01-20T20:17:03","slug":"movie","status":"publish","type":"page","link":"https:\/\/heatwork.com\/en\/movie\/","title":{"rendered":"Movie"},"content":{"rendered":"<div class=\"wp-block-columns is-layout-flex wp-container-core-columns-is-layout-1 wp-block-columns-is-layout-flex\"><div class=\"wp-block-column is-layout-flow wp-block-column-is-layout-flow\"><h4 class=\"wp-block-heading\">Services<\/h4>\n\n<figure class=\"wp-block-embed is-type-video is-provider-youtube wp-block-embed-youtube wp-embed-aspect-16-9 wp-has-aspect-ratio\"><div class=\"wp-block-embed__wrapper\">\n<iframe loading=\"lazy\" title=\"HeatWork - Service (Norsk)\" width=\"500\" height=\"281\" src=\"https:\/\/www.youtube.com\/embed\/cOtTdXwZFwg?feature=oembed\" frameborder=\"0\" allow=\"accelerometer; autoplay; clipboard-write; encrypted-media; gyroscope; picture-in-picture; web-share\" referrerpolicy=\"strict-origin-when-cross-origin\" allowfullscreen><\/iframe>\n<\/div><\/figure><\/div>\n\n<div class=\"wp-block-column is-layout-flow wp-block-column-is-layout-flow\"><h4 class=\"wp-block-heading\">CliWi byggvarme<\/h4>\n\n<figure class=\"wp-block-embed is-type-video is-provider-youtube wp-block-embed-youtube wp-embed-aspect-16-9 wp-has-aspect-ratio\"><div class=\"wp-block-embed__wrapper\">\n<iframe loading=\"lazy\" title=\"Fossil- og utslippsfrie byggeplasser med CliWi (Norsk)\" width=\"500\" height=\"281\" src=\"https:\/\/www.youtube.com\/embed\/Z5GzqB-aocQ?feature=oembed\" frameborder=\"0\" allow=\"accelerometer; autoplay; clipboard-write; encrypted-media; gyroscope; picture-in-picture; web-share\" referrerpolicy=\"strict-origin-when-cross-origin\" allowfullscreen><\/iframe>\n<\/div><\/figure><\/div>\n\n<div class=\"wp-block-column is-layout-flow wp-block-column-is-layout-flow\"><h4 class=\"wp-block-heading\">V\u00e6skeb\u00e5ren varme sikrer betongarbeidet<\/h4>\n\n<figure class=\"wp-block-embed is-type-video is-provider-youtube wp-block-embed-youtube wp-embed-aspect-16-9 wp-has-aspect-ratio\"><div class=\"wp-block-embed__wrapper\">\n<iframe loading=\"lazy\" title=\"V\u00e6skeba\u030aren varme sikrer betongprosjekt HeatWork\" width=\"500\" height=\"281\" src=\"https:\/\/www.youtube.com\/embed\/ex600sg9a2M?feature=oembed\" frameborder=\"0\" allow=\"accelerometer; autoplay; clipboard-write; encrypted-media; gyroscope; picture-in-picture; web-share\" referrerpolicy=\"strict-origin-when-cross-origin\" allowfullscreen><\/iframe>\n<\/div><\/figure><\/div><\/div><div class=\"wp-block-columns is-layout-flex wp-container-core-columns-is-layout-2 wp-block-columns-is-layout-flex\"><div class=\"wp-block-column is-layout-flow wp-block-column-is-layout-flow\"><h4 class=\"wp-block-heading\">Se det spektakul\u00e6re l\u00f8ftet fra H\u00e5logalandsbrua<\/h4>\n\n<figure class=\"wp-block-embed is-type-video is-provider-youtube wp-block-embed-youtube wp-embed-aspect-16-9 wp-has-aspect-ratio\"><div class=\"wp-block-embed__wrapper\">\n<iframe loading=\"lazy\" title=\"HeatWork at the top of H\u00e5logalandsbrua\" width=\"500\" height=\"281\" src=\"https:\/\/www.youtube.com\/embed\/NM_i_smkhAI?feature=oembed\" frameborder=\"0\" allow=\"accelerometer; autoplay; clipboard-write; encrypted-media; gyroscope; picture-in-picture; web-share\" referrerpolicy=\"strict-origin-when-cross-origin\" allowfullscreen><\/iframe>\n<\/div><\/figure><\/div>\n\n<div class=\"wp-block-column is-layout-flow wp-block-column-is-layout-flow\"><h4 class=\"wp-block-heading\">HeatWork inntar bedbugs territorium<\/h4>\n\n<figure class=\"wp-block-embed is-type-video is-provider-vimeo wp-block-embed-vimeo wp-embed-aspect-16-9 wp-has-aspect-ratio\"><div class=\"wp-block-embed__wrapper\">\n<iframe loading=\"lazy\" title=\"HeatWork inntar bedbugs territorium\" src=\"https:\/\/player.vimeo.com\/video\/146212852?dnt=1&amp;app_id=122963\" width=\"500\" height=\"375\" frameborder=\"0\" allow=\"autoplay; fullscreen; picture-in-picture; clipboard-write\"><\/iframe>\n<\/div><\/figure><\/div>\n\n<div class=\"wp-block-column is-layout-flow wp-block-column-is-layout-flow\"><h4 class=\"wp-block-heading\">Service &#8211; lufting av brenner HW3600<\/h4>\n\n<figure class=\"wp-block-embed is-type-video is-provider-vimeo wp-block-embed-vimeo wp-embed-aspect-16-9 wp-has-aspect-ratio\"><div class=\"wp-block-embed__wrapper\">\n<iframe loading=\"lazy\" title=\"Lufting av brenner 3600\" src=\"https:\/\/player.vimeo.com\/video\/144740245?dnt=1&amp;app_id=122963\" width=\"500\" height=\"281\" frameborder=\"0\" allow=\"autoplay; fullscreen; picture-in-picture; clipboard-write\"><\/iframe>\n<\/div><\/figure><\/div><\/div><div class=\"wp-block-columns is-layout-flex wp-container-core-columns-is-layout-3 wp-block-columns-is-layout-flex\"><div class=\"wp-block-column is-layout-flow wp-block-column-is-layout-flow\"><h4 class=\"wp-block-heading\">Service &#8211; lufting av brenner MY35 og HW700<\/h4>\n\n<figure class=\"wp-block-embed is-type-video is-provider-vimeo wp-block-embed-vimeo wp-embed-aspect-16-9 wp-has-aspect-ratio\"><div class=\"wp-block-embed__wrapper\">\n<iframe loading=\"lazy\" title=\"Lufting av brenner MY35\" src=\"https:\/\/player.vimeo.com\/video\/144741841?dnt=1&amp;app_id=122963\" width=\"500\" height=\"281\" frameborder=\"0\" allow=\"autoplay; fullscreen; picture-in-picture; clipboard-write\"><\/iframe>\n<\/div><\/figure><\/div>\n\n<div class=\"wp-block-column is-layout-flow wp-block-column-is-layout-flow\"><h4 class=\"wp-block-heading\">Betongarbeid<\/h4>\n\n<figure class=\"wp-block-embed is-type-video is-provider-youtube wp-block-embed-youtube wp-embed-aspect-16-9 wp-has-aspect-ratio\"><div class=\"wp-block-embed__wrapper\">\n<iframe loading=\"lazy\" title=\"HeatWork Betongarbeid\" width=\"500\" height=\"281\" src=\"https:\/\/www.youtube.com\/embed\/Cp1YuByMRPo?feature=oembed\" frameborder=\"0\" allow=\"accelerometer; autoplay; clipboard-write; encrypted-media; gyroscope; picture-in-picture; web-share\" referrerpolicy=\"strict-origin-when-cross-origin\" allowfullscreen><\/iframe>\n<\/div><\/figure><\/div>\n\n<div class=\"wp-block-column is-layout-flow wp-block-column-is-layout-flow\"><h4 class=\"wp-block-heading\">Teletining<\/h4>\n\n<figure class=\"wp-block-embed is-type-video is-provider-youtube wp-block-embed-youtube wp-embed-aspect-4-3 wp-has-aspect-ratio\"><div class=\"wp-block-embed__wrapper\">\n<iframe loading=\"lazy\" title=\"Heatwork tining av materialer\" width=\"500\" height=\"375\" src=\"https:\/\/www.youtube.com\/embed\/deQkjnBqanA?feature=oembed\" frameborder=\"0\" allow=\"accelerometer; autoplay; clipboard-write; encrypted-media; gyroscope; picture-in-picture; web-share\" referrerpolicy=\"strict-origin-when-cross-origin\" allowfullscreen><\/iframe>\n<\/div><\/figure><\/div><\/div><div class=\"wp-block-columns is-layout-flex wp-container-core-columns-is-layout-4 wp-block-columns-is-layout-flex\"><div class=\"wp-block-column is-layout-flow wp-block-column-is-layout-flow\"><h4 class=\"wp-block-heading\">Steinlegging<\/h4>\n\n<figure class=\"wp-block-embed is-type-video is-provider-youtube wp-block-embed-youtube wp-embed-aspect-4-3 wp-has-aspect-ratio\"><div class=\"wp-block-embed__wrapper\">\n<iframe loading=\"lazy\" title=\"Heatwork steinlegging\" width=\"500\" height=\"375\" src=\"https:\/\/www.youtube.com\/embed\/7_jw9IeT5iA?feature=oembed\" frameborder=\"0\" allow=\"accelerometer; autoplay; clipboard-write; encrypted-media; gyroscope; picture-in-picture; web-share\" referrerpolicy=\"strict-origin-when-cross-origin\" allowfullscreen><\/iframe>\n<\/div><\/figure><\/div>\n\n<div class=\"wp-block-column is-layout-flow wp-block-column-is-layout-flow\"><h4 class=\"wp-block-heading\">Tining av is i gr\u00f8ft for Statens Vegvesen<\/h4>\n\n<figure class=\"wp-block-embed is-type-video is-provider-youtube wp-block-embed-youtube wp-embed-aspect-16-9 wp-has-aspect-ratio\"><div class=\"wp-block-embed__wrapper\">\n<iframe loading=\"lazy\" title=\"Tining av Gr\u00f8ft for Statens Vegvesen\" width=\"500\" height=\"281\" src=\"https:\/\/www.youtube.com\/embed\/-Alh_jRrzYI?feature=oembed\" frameborder=\"0\" allow=\"accelerometer; autoplay; clipboard-write; encrypted-media; gyroscope; picture-in-picture; web-share\" referrerpolicy=\"strict-origin-when-cross-origin\" allowfullscreen><\/iframe>\n<\/div><\/figure><\/div>\n\n<div class=\"wp-block-column is-layout-flow wp-block-column-is-layout-flow\"><h4 class=\"wp-block-heading\">IceGuard Systems<\/h4>\n\n<figure><a href=\"http:\/\/tv.nrk.no\/serie\/distriktsnyheter-nordland\/dkno99040114\/01-04-2014#t=6m32s\" target=\"_blank\" rel=\"http:\/\/tv.nrk.no\/serie\/distriktsnyheter-nordland\/dkno99040114\/01-04-2014#t=6m32s noopener noreferrer\"><img loading=\"lazy\" decoding=\"async\" class=\"alignnone size-full wp-image-14748\" src=\"https:\/\/heatwork.com\/wp-content\/uploads\/2013\/06\/NRK-ICE-GUARD.jpg\" alt=\"NRK ICE GUARD\" width=\"454\" height=\"258\" srcset=\"https:\/\/heatwork.com\/wp-content\/uploads\/2013\/06\/NRK-ICE-GUARD.jpg 454w, https:\/\/heatwork.com\/wp-content\/uploads\/2013\/06\/NRK-ICE-GUARD-400x227.jpg 400w, https:\/\/heatwork.com\/wp-content\/uploads\/2013\/06\/NRK-ICE-GUARD-280x159.jpg 280w\" sizes=\"(max-width: 454px) 100vw, 454px\" \/><\/a><\/figure>\n\n<p>NRK ble med Mesta og Statens Vegvesen n\u00e5r de tinet stikkrenner<\/p><\/div><\/div><div class=\"wp-block-columns is-layout-flex wp-container-core-columns-is-layout-5 wp-block-columns-is-layout-flex\"><div class=\"wp-block-column is-layout-flow wp-block-column-is-layout-flow\"><h4 class=\"wp-block-heading\">IceGuard Systems<\/h4>\n\n<figure class=\"wp-block-embed is-type-video is-provider-youtube wp-block-embed-youtube wp-embed-aspect-16-9 wp-has-aspect-ratio\"><div class=\"wp-block-embed__wrapper\">\n<iframe loading=\"lazy\" title=\"Prinsippet bak Ice Guard Systems\" width=\"500\" height=\"281\" src=\"https:\/\/www.youtube.com\/embed\/6lJoQSjbLWk?feature=oembed\" frameborder=\"0\" allow=\"accelerometer; autoplay; clipboard-write; encrypted-media; gyroscope; picture-in-picture; web-share\" referrerpolicy=\"strict-origin-when-cross-origin\" allowfullscreen><\/iframe>\n<\/div><\/figure>\n\n<p>Prinsipp HW Ice Guard Systems<\/p><\/div>\n\n<div class=\"wp-block-column is-layout-flow wp-block-column-is-layout-flow\"><h4 class=\"wp-block-heading\">IceGuard Systems<\/h4>\n\n<figure class=\"wp-block-embed is-type-video is-provider-youtube wp-block-embed-youtube wp-embed-aspect-16-9 wp-has-aspect-ratio\"><div class=\"wp-block-embed__wrapper\">\n<iframe loading=\"lazy\" title=\"Tining av stikkrenner for Statens Vegvesen\" width=\"500\" height=\"281\" src=\"https:\/\/www.youtube.com\/embed\/5VhBEVAAjA8?feature=oembed\" frameborder=\"0\" allow=\"accelerometer; autoplay; clipboard-write; encrypted-media; gyroscope; picture-in-picture; web-share\" referrerpolicy=\"strict-origin-when-cross-origin\" allowfullscreen><\/iframe>\n<\/div><\/figure>\n\n<p>Tining av stikkrenner for Statens Vegvesen<\/p><\/div>\n\n<div class=\"wp-block-column is-layout-flow wp-block-column-is-layout-flow\"><h4 class=\"wp-block-heading\">IceGuard Systems<\/h4>\n\n<figure class=\"wp-block-embed is-type-video is-provider-youtube wp-block-embed-youtube wp-embed-aspect-16-9 wp-has-aspect-ratio\"><div class=\"wp-block-embed__wrapper\">\n<iframe loading=\"lazy\" title=\"Tining av stikkrenner for Narvik Kommune\" width=\"500\" height=\"281\" src=\"https:\/\/www.youtube.com\/embed\/_9LZn6Ql2hA?feature=oembed\" frameborder=\"0\" allow=\"accelerometer; autoplay; clipboard-write; encrypted-media; gyroscope; picture-in-picture; web-share\" referrerpolicy=\"strict-origin-when-cross-origin\" allowfullscreen><\/iframe>\n<\/div><\/figure>\n\n<p>Tining av stikkrenner for Narvik Kommune<\/p><\/div><\/div>","protected":false},"excerpt":{"rendered":"<p>Services CliWi byggvarme V\u00e6skeb\u00e5ren varme sikrer betongarbeidet Se det spektakul\u00e6re l\u00f8ftet fra H\u00e5logalandsbrua HeatWork inntar bedbugs territorium Service &#8211; lufting av brenner HW3600 Service &#8211; lufting av brenner MY35 og HW700 Betongarbeid Teletining Steinlegging Tining av is i gr\u00f8ft for Statens Vegvesen IceGuard Systems NRK ble med Mesta og Statens Vegvesen n\u00e5r de tinet stikkrenner [&hellip;]<\/p>\n","protected":false},"author":8,"featured_media":0,"parent":0,"menu_order":19,"comment_status":"closed","ping_status":"closed","template":"","meta":{"_acf_changed":false,"footnotes":"","_links_to":"","_links_to_target":""},"class_list":["post-42138","page","type-page","status-publish"],"acf":[],"_links":{"self":[{"href":"https:\/\/heatwork.com\/en\/wp-json\/wp\/v2\/pages\/42138"}],"collection":[{"href":"https:\/\/heatwork.com\/en\/wp-json\/wp\/v2\/pages"}],"about":[{"href":"https:\/\/heatwork.com\/en\/wp-json\/wp\/v2\/types\/page"}],"author":[{"embeddable":true,"href":"https:\/\/heatwork.com\/en\/wp-json\/wp\/v2\/users\/8"}],"replies":[{"embeddable":true,"href":"https:\/\/heatwork.com\/en\/wp-json\/wp\/v2\/comments?post=42138"}],"version-history":[{"count":2,"href":"https:\/\/heatwork.com\/en\/wp-json\/wp\/v2\/pages\/42138\/revisions"}],"predecessor-version":[{"id":48741,"href":"https:\/\/heatwork.com\/en\/wp-json\/wp\/v2\/pages\/42138\/revisions\/48741"}],"wp:attachment":[{"href":"https:\/\/heatwork.com\/en\/wp-json\/wp\/v2\/media?parent=42138"}],"curies":[{"name":"wp","href":"https:\/\/api.w.org\/{rel}","templated":true}]}}