{"id":13193,"date":"2014-01-31T12:50:00","date_gmt":"2014-01-31T11:50:00","guid":{"rendered":"https:\/\/heatwork.com\/?page_id=13193"},"modified":"2019-11-28T12:33:30","modified_gmt":"2019-11-28T11:33:30","slug":"huolto-ja-jalkimarkkinointi-2","status":"publish","type":"page","link":"https:\/\/heatwork.com\/fi\/huolto-ja-jalkimarkkinointi-2\/","title":{"rendered":"Huolto Ja J\u00e4lkimarkkinointi"},"content":{"rendered":"<div class=\"ingrid in-fourths\">\n<div class=\"unit\"><img loading=\"lazy\" decoding=\"async\" class=\"alignnone wp-image-35850\" src=\"https:\/\/heatwork.com\/wp-content\/uploads\/2010\/11\/Jens-copy-290x290.jpg\" alt=\"\" width=\"210\" height=\"170\" srcset=\"https:\/\/heatwork.com\/wp-content\/uploads\/2010\/11\/Jens-copy-480x389.jpg 480w, https:\/\/heatwork.com\/wp-content\/uploads\/2010\/11\/Jens-copy-940x761.jpg 940w, https:\/\/heatwork.com\/wp-content\/uploads\/2010\/11\/Jens-copy-768x622.jpg 768w, https:\/\/heatwork.com\/wp-content\/uploads\/2010\/11\/Jens-copy-600x486.jpg 600w, https:\/\/heatwork.com\/wp-content\/uploads\/2010\/11\/Jens-copy-400x324.jpg 400w, https:\/\/heatwork.com\/wp-content\/uploads\/2010\/11\/Jens-copy-900x729.jpg 900w, https:\/\/heatwork.com\/wp-content\/uploads\/2010\/11\/Jens-copy-210x170.jpg 210w, https:\/\/heatwork.com\/wp-content\/uploads\/2010\/11\/Jens-copy-280x227.jpg 280w, https:\/\/heatwork.com\/wp-content\/uploads\/2010\/11\/Jens-copy-1024x829.jpg 1024w, https:\/\/heatwork.com\/wp-content\/uploads\/2010\/11\/Jens-copy-432x350.jpg 432w, https:\/\/heatwork.com\/wp-content\/uploads\/2010\/11\/Jens-copy.jpg 1134w\" sizes=\"(max-width: 210px) 100vw, 210px\" \/><br \/>\n<strong>SUOMI<\/strong><br \/>\nJens Heinonen<br \/>\ntlf: +358 40 735 6669<br \/>\n<a href=\"mailto:jens@heatwork.com\">jens@heatwork.com<\/a><\/div>\n<\/div>\n<p><strong> Meilt\u00e4 huolto ja Varaosat!<br \/>\n<\/strong>Ilmoita laittesi sarjanumero, ja l\u00f6yd\u00e4mme helposti,\u00a0juuri oikean varaosan laitteeseesi.<br \/>\nNopea toimitus Jetpak pikakuljetuksella<br \/>\n<strong>Huoltop\u00e4ivystys<\/strong>:\u00a0(+47) 488 93 271<\/div>\n<\/div>\n<div class=\"wpforms-container wpforms-container-full\" id=\"wpforms-42287\"><form id=\"wpforms-form-42287\" class=\"wpforms-validate wpforms-form wpforms-ajax-form\" data-formid=\"42287\" method=\"post\" enctype=\"multipart\/form-data\" action=\"\/fi\/wp-json\/wp\/v2\/pages\/13193\" data-token=\"c9fa91599dd4324592b81568f927b44f\" data-token-time=\"1776584936\"><noscript class=\"wpforms-error-noscript\">Please enable JavaScript in your browser to complete this form.<\/noscript><div class=\"wpforms-field-container\"><div id=\"wpforms-42287-field_1-container\" class=\"wpforms-field wpforms-field-text wpforms-one-half wpforms-first\" data-field-id=\"1\"><label class=\"wpforms-field-label\" for=\"wpforms-42287-field_1\">Ditt navn - Your name <span class=\"wpforms-required-label\">*<\/span><\/label><input type=\"text\" id=\"wpforms-42287-field_1\" class=\"wpforms-field-large wpforms-field-required\" name=\"wpforms[fields][1]\" required><\/div><div id=\"wpforms-42287-field_2-container\" class=\"wpforms-field wpforms-field-email wpforms-one-half\" data-field-id=\"2\"><label class=\"wpforms-field-label\" for=\"wpforms-42287-field_2\">E-mail <span class=\"wpforms-required-label\">*<\/span><\/label><input type=\"email\" id=\"wpforms-42287-field_2\" class=\"wpforms-field-large wpforms-field-required\" name=\"wpforms[fields][2]\" spellcheck=\"false\" required><\/div><div id=\"wpforms-42287-field_3-container\" class=\"wpforms-field wpforms-field-text\" data-field-id=\"3\"><label class=\"wpforms-field-label\" for=\"wpforms-42287-field_3\">Emne - Subject<\/label><input type=\"text\" id=\"wpforms-42287-field_3\" class=\"wpforms-field-large\" name=\"wpforms[fields][3]\" ><\/div><div id=\"wpforms-42287-field_4-container\" class=\"wpforms-field wpforms-field-textarea\" data-field-id=\"4\"><label class=\"wpforms-field-label\" for=\"wpforms-42287-field_4\">Melding - Message<\/label><textarea id=\"wpforms-42287-field_4\" class=\"wpforms-field-medium\" name=\"wpforms[fields][4]\" ><\/textarea><\/div><div id=\"wpforms-42287-field_5-container\" class=\"wpforms-field wpforms-field-mailchimp\" data-field-id=\"5\"><ul id=\"\" class=\"\"><li class=\"choice-0 depth-1\"><input type=\"checkbox\" id=\"wpforms-42287-field_5_0\" name=\"wpforms[fields][5]\" value=\"1\"  ><label class=\"wpforms-field-label-inline\" for=\"wpforms-42287-field_5_0\">Sign-up to our newsletter?<\/label><\/li><\/ul><\/div><div id=\"wpforms-42287-field_7-container\" class=\"wpforms-field wpforms-field-hidden\" data-field-id=\"7\"><input type=\"hidden\" id=\"wpforms-42287-field_7\" name=\"wpforms[fields][7]\"><\/div><div id=\"wpforms-42287-field_8-container\" class=\"wpforms-field wpforms-field-hidden\" data-field-id=\"8\"><input type=\"hidden\" id=\"wpforms-42287-field_8\" name=\"wpforms[fields][8]\"><\/div><div id=\"wpforms-42287-field_10-container\" class=\"wpforms-field wpforms-field-html\" data-field-id=\"10\"><div id=\"wpforms-42287-field_10\"><\/div><\/div><\/div><!-- .wpforms-field-container --><div class=\"wpforms-field wpforms-field-hp\"><label for=\"wpforms-42287-field-hp\" class=\"wpforms-field-label\">Comment<\/label><input type=\"text\" name=\"wpforms[hp]\" id=\"wpforms-42287-field-hp\" class=\"wpforms-field-medium\"><\/div><div class=\"wpforms-recaptcha-container wpforms-is-hcaptcha\" ><div class=\"g-recaptcha\" data-sitekey=\"fc846523-626e-455c-bc44-9504f9e01350\"><\/div><input type=\"text\" name=\"g-recaptcha-hidden\" class=\"wpforms-recaptcha-hidden\" style=\"position:absolute!important;clip:rect(0,0,0,0)!important;height:1px!important;width:1px!important;border:0!important;overflow:hidden!important;padding:0!important;margin:0!important;\" data-rule-hcaptcha=\"1\"><\/div><div class=\"wpforms-submit-container\" ><input type=\"hidden\" name=\"wpforms[id]\" value=\"42287\"><input type=\"hidden\" name=\"page_title\" value=\"\"><input type=\"hidden\" name=\"page_url\" value=\"https:\/\/heatwork.com\/fi\/wp-json\/wp\/v2\/pages\/13193\"><button type=\"submit\" name=\"wpforms[submit]\" id=\"wpforms-submit-42287\" class=\"wpforms-submit wide\" data-alt-text=\"Sending...\" data-submit-text=\"Send\" aria-live=\"assertive\" value=\"wpforms-submit\">Send<\/button><img loading=\"lazy\" decoding=\"async\" src=\"https:\/\/heatwork.com\/wp-content\/plugins\/wpforms\/assets\/images\/submit-spin.svg\" class=\"wpforms-submit-spinner\" style=\"display: none;\" width=\"26\" height=\"26\" alt=\"Loading\"><\/div><\/form><\/div>  <!-- .wpforms-container -->\n","protected":false},"excerpt":{"rendered":"<p>SUOMI Jens Heinonen tlf: +358 40 735 6669 jens@heatwork.com Meilt\u00e4 huolto ja Varaosat! Ilmoita laittesi sarjanumero, ja l\u00f6yd\u00e4mme helposti,\u00a0juuri oikean varaosan laitteeseesi. Nopea toimitus Jetpak pikakuljetuksella Huoltop\u00e4ivystys:\u00a0(+47) 488 93 271<\/p>\n","protected":false},"author":8,"featured_media":0,"parent":0,"menu_order":13,"comment_status":"closed","ping_status":"closed","template":"","meta":{"_acf_changed":false,"footnotes":"","_links_to":"","_links_to_target":""},"class_list":["post-13193","page","type-page","status-publish"],"acf":[],"_links":{"self":[{"href":"https:\/\/heatwork.com\/fi\/wp-json\/wp\/v2\/pages\/13193"}],"collection":[{"href":"https:\/\/heatwork.com\/fi\/wp-json\/wp\/v2\/pages"}],"about":[{"href":"https:\/\/heatwork.com\/fi\/wp-json\/wp\/v2\/types\/page"}],"author":[{"embeddable":true,"href":"https:\/\/heatwork.com\/fi\/wp-json\/wp\/v2\/users\/8"}],"replies":[{"embeddable":true,"href":"https:\/\/heatwork.com\/fi\/wp-json\/wp\/v2\/comments?post=13193"}],"version-history":[{"count":0,"href":"https:\/\/heatwork.com\/fi\/wp-json\/wp\/v2\/pages\/13193\/revisions"}],"wp:attachment":[{"href":"https:\/\/heatwork.com\/fi\/wp-json\/wp\/v2\/media?parent=13193"}],"curies":[{"name":"wp","href":"https:\/\/api.w.org\/{rel}","templated":true}]}}