{"id":14851,"date":"2014-04-03T15:10:36","date_gmt":"2014-04-03T13:10:36","guid":{"rendered":"https:\/\/heatwork.com\/?page_id=14851"},"modified":"2018-01-29T15:41:47","modified_gmt":"2018-01-29T14:41:47","slug":"kallion-lammitys","status":"publish","type":"page","link":"https:\/\/heatwork.com\/fi\/kayttokohteet\/concrete-systems\/kallion-lammitys\/","title":{"rendered":"Kallion l\u00e4mmitys"},"content":{"rendered":"<p><div class=\"o-carousel js-carousel\"><div class=\"o-carousel__main js-carousel-main fkzko\" data-id=\"fkzko\"><img loading=\"lazy\" decoding=\"async\" src=\"https:\/\/heatwork.com\/wp-content\/uploads\/2014\/04\/DSC00423-627x940.jpg\" width=\"627\" height=\"940\" alt=\"\" \/>\n<img loading=\"lazy\" decoding=\"async\" src=\"https:\/\/heatwork.com\/wp-content\/uploads\/2014\/04\/DSC00405-940x627.jpg\" width=\"940\" height=\"627\" alt=\"\" \/>\n<img loading=\"lazy\" decoding=\"async\" src=\"https:\/\/heatwork.com\/wp-content\/uploads\/2014\/04\/DSC_1780-940x623.jpg\" width=\"940\" height=\"623\" alt=\"\" \/>\n<img loading=\"lazy\" decoding=\"async\" src=\"https:\/\/heatwork.com\/wp-content\/uploads\/2014\/04\/DSC00441-940x627.jpg\" width=\"940\" height=\"627\" alt=\"\" \/>\n<img loading=\"lazy\" decoding=\"async\" src=\"https:\/\/heatwork.com\/wp-content\/uploads\/2014\/04\/DSC00458-627x940.jpg\" width=\"627\" height=\"940\" alt=\"\" \/>\n<img loading=\"lazy\" decoding=\"async\" src=\"https:\/\/heatwork.com\/wp-content\/uploads\/2014\/04\/DSC00475-940x627.jpg\" width=\"940\" height=\"627\" alt=\"\" \/>\n<img loading=\"lazy\" decoding=\"async\" src=\"https:\/\/heatwork.com\/wp-content\/uploads\/2014\/04\/DSC00538-940x627.jpg\" width=\"940\" height=\"627\" alt=\"\" \/>\n<\/div><ul class=\"o-carousel__nav js-carousel-nav\"><li><img loading=\"lazy\" decoding=\"async\" src=\"https:\/\/heatwork.com\/wp-content\/uploads\/2014\/04\/DSC00423-290x290.jpg\" width=\"290\" height=\"290\" alt=\"\" \/><\/li>\n<li><img loading=\"lazy\" decoding=\"async\" src=\"https:\/\/heatwork.com\/wp-content\/uploads\/2014\/04\/DSC00405-290x290.jpg\" width=\"290\" height=\"290\" alt=\"\" \/><\/li>\n<li><img loading=\"lazy\" decoding=\"async\" src=\"https:\/\/heatwork.com\/wp-content\/uploads\/2014\/04\/DSC_1780-290x290.jpg\" width=\"290\" height=\"290\" alt=\"\" \/><\/li>\n<li><img loading=\"lazy\" decoding=\"async\" src=\"https:\/\/heatwork.com\/wp-content\/uploads\/2014\/04\/DSC00441-290x290.jpg\" width=\"290\" height=\"290\" alt=\"\" \/><\/li>\n<li><img loading=\"lazy\" decoding=\"async\" src=\"https:\/\/heatwork.com\/wp-content\/uploads\/2014\/04\/DSC00458-290x290.jpg\" width=\"290\" height=\"290\" alt=\"\" \/><\/li>\n<li><img loading=\"lazy\" decoding=\"async\" src=\"https:\/\/heatwork.com\/wp-content\/uploads\/2014\/04\/DSC00475-290x290.jpg\" width=\"290\" height=\"290\" alt=\"\" \/><\/li>\n<li><img loading=\"lazy\" decoding=\"async\" src=\"https:\/\/heatwork.com\/wp-content\/uploads\/2014\/04\/DSC00538-290x290.jpg\" width=\"290\" height=\"290\" alt=\"\" \/><\/li>\n<\/ul><\/div><br \/>\n<br \/>\nOsana HeatWork Concrete Systems -j\u00e4rjestelm\u00e4\u00e4 olemme kehitt\u00e4neet patentoidun tavan kallion ja kallioper\u00e4n l\u00e4mmitt\u00e4miseksi betoni- ja ankkurointit\u00f6iden yhteydess\u00e4. J\u00e4rjestelm\u00e4 perustuu porausreikiin asennettaviin l\u00e4mp\u00f6sauvoihin, joka l\u00e4mmitt\u00e4\u00e4 kallioper\u00e4n pystysuunnassa. L\u00e4mmitt\u00e4misen avulla saavutetaan:<\/p>\n<ul>\n<li>Porausreikien kontrolloitu l\u00e4mp\u00f6tila ankkuroinnin yhteydess\u00e4<\/li>\n<li>Tasaisemmat l\u00e4mp\u00f6tilaerot kallion ja betonin v\u00e4lill\u00e4 valettaessa<\/li>\n<li>Kallioon varastoituneen l\u00e4mm\u00f6n avulla kontrolloitu kovettumisprosessi valettaessa<\/li>\n<\/ul>\n<p>L\u00e4mp\u00f6tangot ovat muiden HeatWorks-tuotteiden tavoin suunniteltu k\u00e4ytett\u00e4v\u00e4ksi vesil\u00e4mmitteisess\u00e4 suljetussa j\u00e4rjestelm\u00e4ss\u00e4. Kallion l\u00e4mmitys tapahtuu n\u00e4in tehokkaasti, ilman ett\u00e4 kallioper\u00e4\u00e4n tulee lis\u00e4\u00e4 kosteutta l\u00e4mmityksest\u00e4. L\u00e4mp\u00f6sauvat voidaan tehd\u00e4 toivotun pituisiksi, ja ne l\u00e4mmitt\u00e4v\u00e4t kallion tasaisesti.<\/p>\n<p>Projektin tulokset osoittavat, ett\u00e4 kallioper\u00e4n l\u00e4mp\u00f6tila voi olla hyvin erilainen ilman l\u00e4mp\u00f6tilasta, ja jopa pitk\u00e4n leudon kauden j\u00e4lkeen voi kallioper\u00e4ss\u00e4 olla viel\u00e4 miinusasteita. Koska kalliopulttien ankkurointiin k\u00e4ytett\u00e4vien massojen m\u00e4\u00e4r\u00e4t ovat pieni\u00e4, ja poikkileikkaukset ovat usein ohuita, eiv\u00e4t n\u00e4m\u00e4 massat voi vaikuttaa porausreikien l\u00e4mp\u00f6tilaan. Jos kalliossa on lis\u00e4ksi kosteutta, se voi j\u00e4\u00e4ty\u00e4 ja huonontaa ankkuroinnin lopputulosta.<\/p>\n<p>HeatWork Concrete Systems antaa sinulle t\u00e4yden kontrollin ja optimaaliset olosuhteet kalliovaluihin &#8211; riippumatta ilman l\u00e4mp\u00f6tilasta ja kallioper\u00e4n alkuper\u00e4isest\u00e4 l\u00e4mp\u00f6tilasta.<\/p>\n","protected":false},"excerpt":{"rendered":"<p>Osana HeatWork Concrete Systems -j\u00e4rjestelm\u00e4\u00e4 olemme kehitt\u00e4neet patentoidun tavan kallion ja kallioper\u00e4n l\u00e4mmitt\u00e4miseksi betoni- ja ankkurointit\u00f6iden yhteydess\u00e4. J\u00e4rjestelm\u00e4 perustuu porausreikiin asennettaviin l\u00e4mp\u00f6sauvoihin, joka l\u00e4mmitt\u00e4\u00e4 kallioper\u00e4n pystysuunnassa. L\u00e4mmitt\u00e4misen avulla saavutetaan: Porausreikien kontrolloitu l\u00e4mp\u00f6tila ankkuroinnin yhteydess\u00e4 Tasaisemmat l\u00e4mp\u00f6tilaerot kallion ja betonin v\u00e4lill\u00e4 valettaessa Kallioon varastoituneen l\u00e4mm\u00f6n avulla kontrolloitu kovettumisprosessi valettaessa L\u00e4mp\u00f6tangot ovat muiden HeatWorks-tuotteiden tavoin suunniteltu k\u00e4ytett\u00e4v\u00e4ksi [&hellip;]<\/p>\n","protected":false},"author":8,"featured_media":0,"parent":15700,"menu_order":0,"comment_status":"closed","ping_status":"closed","template":"","meta":{"_acf_changed":false,"footnotes":"","_links_to":"","_links_to_target":""},"class_list":["post-14851","page","type-page","status-publish"],"acf":[],"_links":{"self":[{"href":"https:\/\/heatwork.com\/fi\/wp-json\/wp\/v2\/pages\/14851"}],"collection":[{"href":"https:\/\/heatwork.com\/fi\/wp-json\/wp\/v2\/pages"}],"about":[{"href":"https:\/\/heatwork.com\/fi\/wp-json\/wp\/v2\/types\/page"}],"author":[{"embeddable":true,"href":"https:\/\/heatwork.com\/fi\/wp-json\/wp\/v2\/users\/8"}],"replies":[{"embeddable":true,"href":"https:\/\/heatwork.com\/fi\/wp-json\/wp\/v2\/comments?post=14851"}],"version-history":[{"count":0,"href":"https:\/\/heatwork.com\/fi\/wp-json\/wp\/v2\/pages\/14851\/revisions"}],"up":[{"embeddable":true,"href":"https:\/\/heatwork.com\/fi\/wp-json\/wp\/v2\/pages\/15700"}],"wp:attachment":[{"href":"https:\/\/heatwork.com\/fi\/wp-json\/wp\/v2\/media?parent=14851"}],"curies":[{"name":"wp","href":"https:\/\/api.w.org\/{rel}","templated":true}]}}