{"id":14860,"date":"2014-02-14T10:57:22","date_gmt":"2014-02-14T09:57:22","guid":{"rendered":"https:\/\/heatwork.com\/?page_id=14860"},"modified":"2024-02-20T08:40:52","modified_gmt":"2024-02-20T07:40:52","slug":"tuoteselost","status":"publish","type":"page","link":"https:\/\/heatwork.com\/fi\/tuotteet\/tuoteselost\/","title":{"rendered":"Tuoteselost"},"content":{"rendered":"<p><strong>Katso HTF-nesteen tuoteseloste t\u00e4st\u00e4:<\/strong> <a href=\"https:\/\/heatwork.com\/wp-content\/uploads\/2022\/02\/HW-HTF-2.pdf\">HW HTF K\u00e4ytt\u00f6turvallisuustiedote<\/a><\/p>\n<p><strong>HeatWork tekstiviestih\u00e4lytykset:<\/strong> <a href=\"https:\/\/heatwork.com\/wp-content\/uploads\/2024\/02\/Heatwork-SMS-alarm_FI.pdf\">Heatwork GSM SMS alarm<\/a><\/p>\n","protected":false},"excerpt":{"rendered":"<p>Katso HTF-nesteen tuoteseloste t\u00e4st\u00e4: HW HTF K\u00e4ytt\u00f6turvallisuustiedote HeatWork tekstiviestih\u00e4lytykset: Heatwork GSM SMS alarm<\/p>\n","protected":false},"author":8,"featured_media":49036,"parent":1666,"menu_order":23,"comment_status":"closed","ping_status":"closed","template":"","meta":{"_acf_changed":false,"footnotes":"","_links_to":"","_links_to_target":""},"class_list":["post-14860","page","type-page","status-publish","has-post-thumbnail"],"acf":[],"_links":{"self":[{"href":"https:\/\/heatwork.com\/fi\/wp-json\/wp\/v2\/pages\/14860"}],"collection":[{"href":"https:\/\/heatwork.com\/fi\/wp-json\/wp\/v2\/pages"}],"about":[{"href":"https:\/\/heatwork.com\/fi\/wp-json\/wp\/v2\/types\/page"}],"author":[{"embeddable":true,"href":"https:\/\/heatwork.com\/fi\/wp-json\/wp\/v2\/users\/8"}],"replies":[{"embeddable":true,"href":"https:\/\/heatwork.com\/fi\/wp-json\/wp\/v2\/comments?post=14860"}],"version-history":[{"count":4,"href":"https:\/\/heatwork.com\/fi\/wp-json\/wp\/v2\/pages\/14860\/revisions"}],"predecessor-version":[{"id":52762,"href":"https:\/\/heatwork.com\/fi\/wp-json\/wp\/v2\/pages\/14860\/revisions\/52762"}],"up":[{"embeddable":true,"href":"https:\/\/heatwork.com\/fi\/wp-json\/wp\/v2\/pages\/1666"}],"wp:featuredmedia":[{"embeddable":true,"href":"https:\/\/heatwork.com\/fi\/wp-json\/wp\/v2\/media\/49036"}],"wp:attachment":[{"href":"https:\/\/heatwork.com\/fi\/wp-json\/wp\/v2\/media?parent=14860"}],"curies":[{"name":"wp","href":"https:\/\/api.w.org\/{rel}","templated":true}]}}