{"id":14871,"date":"2013-12-20T11:22:07","date_gmt":"2013-12-20T10:22:07","guid":{"rendered":"https:\/\/heatwork.com\/?page_id=14871"},"modified":"2017-02-08T13:44:11","modified_gmt":"2017-02-08T12:44:11","slug":"esimerkkiprojektit-5","status":"publish","type":"page","link":"https:\/\/heatwork.com\/fi\/tuotteet\/concrete-systems\/suositukset-3\/esimerkkiprojektit-5\/","title":{"rendered":"Esimerkkiprojektit"},"content":{"rendered":"<hr \/>\n<h2><strong>Betonin kovettaminen &#8211; sokkeli\/perustus<\/strong><\/h2>\n<div class=\"o-carousel js-carousel\"><div class=\"o-carousel__main js-carousel-main zjnym\" data-id=\"zjnym\"><img loading=\"lazy\" decoding=\"async\" src=\"https:\/\/heatwork.com\/wp-content\/uploads\/2013\/12\/betong.jpg\" width=\"800\" height=\"600\" alt=\"\" \/>\n<img loading=\"lazy\" decoding=\"async\" src=\"https:\/\/heatwork.com\/wp-content\/uploads\/2013\/12\/betong-3.jpg\" width=\"800\" height=\"600\" alt=\"\" \/>\n<img loading=\"lazy\" decoding=\"async\" src=\"https:\/\/heatwork.com\/wp-content\/uploads\/2013\/12\/betong-I.jpg\" width=\"800\" height=\"600\" alt=\"\" \/>\n<\/div><ul class=\"o-carousel__nav js-carousel-nav\"><li><img loading=\"lazy\" decoding=\"async\" src=\"https:\/\/heatwork.com\/wp-content\/uploads\/2013\/12\/betong-290x290.jpg\" width=\"290\" height=\"290\" alt=\"\" \/><\/li>\n<li><img loading=\"lazy\" decoding=\"async\" src=\"https:\/\/heatwork.com\/wp-content\/uploads\/2013\/12\/betong-3-290x290.jpg\" width=\"290\" height=\"290\" alt=\"\" \/><\/li>\n<li><img loading=\"lazy\" decoding=\"async\" src=\"https:\/\/heatwork.com\/wp-content\/uploads\/2013\/12\/betong-I-290x290.jpg\" width=\"290\" height=\"290\" alt=\"\" \/><\/li>\n<\/ul><\/div>\n<ul>\n<li>Pert-putket kiinnitet\u00e4\u00e4n raudoituksiin CC 30 cm<\/li>\n<li>Liitet\u00e4\u00e4n HeatWork-koneeseen, joka sy\u00f6tt\u00e4\u00e4 30\u00b0C nestett\u00e4 putkiin<\/li>\n<li>Betoni saavuttaa ideaalisen kovettumisl\u00e4mp\u00f6tilan ja laadun<\/li>\n<li>Ratkaisu s\u00e4\u00e4st\u00e4\u00e4 aikaa, ja projekti edistyy tarvitavaan tahtiin riippumatta ulkol\u00e4mp\u00f6tilasta<\/li>\n<\/ul>\n<hr \/>\n<h2><strong>Betonin kovettaminen &#8211; sokkeli\/perustus<\/strong><\/h2>\n<div class=\"o-carousel js-carousel\"><div class=\"o-carousel__main js-carousel-main qvwkd\" data-id=\"qvwkd\"><img loading=\"lazy\" decoding=\"async\" src=\"https:\/\/heatwork.com\/wp-content\/uploads\/2013\/12\/betong-V.jpg\" width=\"800\" height=\"450\" alt=\"\" \/>\n<img loading=\"lazy\" decoding=\"async\" src=\"https:\/\/heatwork.com\/wp-content\/uploads\/2013\/12\/betong-IV.jpg\" width=\"800\" height=\"450\" alt=\"\" \/>\n<\/div><ul class=\"o-carousel__nav js-carousel-nav\"><li><img loading=\"lazy\" decoding=\"async\" src=\"https:\/\/heatwork.com\/wp-content\/uploads\/2013\/12\/betong-V-290x290.jpg\" width=\"290\" height=\"290\" alt=\"\" \/><\/li>\n<li><img loading=\"lazy\" decoding=\"async\" src=\"https:\/\/heatwork.com\/wp-content\/uploads\/2013\/12\/betong-IV-290x290.jpg\" width=\"290\" height=\"290\" alt=\"\" \/><\/li>\n<\/ul><\/div>\n<ul>\n<li>HeatWork-letkut laitetaan muottiin<\/li>\n<li>HeatWork-talvimatto laitetaan muotin p\u00e4\u00e4lle<\/li>\n<li>Letkut liitet\u00e4\u00e4n HeatWork-koneeseen, joka sy\u00f6tt\u00e4\u00e4 putkiin halutun l\u00e4mp\u00f6tilan<\/li>\n<li>Betoni saavuttaa ideaalisen kovettumisl\u00e4mp\u00f6tilan ja laadun<\/li>\n<li>Ratkaisu s\u00e4\u00e4st\u00e4\u00e4 aikaa, ja projekti edistyy tarvitavaan tahtiin riippumatta ulkol\u00e4mp\u00f6tilasta<\/li>\n<\/ul>\n<hr \/>\n<h2><strong>Vesikiertoisen lattial\u00e4mmityksen v\u00e4liaikainen k\u00e4ytt\u00f6<\/strong><\/h2>\n<p><strong>\u2022 Betonin kuivatus ennen lattiapinnoitteen asentamista<\/strong><\/p>\n<p>\u2022 Rakennusl\u00e4mmitys<\/p>\n<div class=\"o-carousel js-carousel\"><div class=\"o-carousel__main js-carousel-main cjmxn\" data-id=\"cjmxn\"><img loading=\"lazy\" decoding=\"async\" src=\"https:\/\/heatwork.com\/wp-content\/uploads\/2013\/12\/Oversikt-ute-940x501.jpg\" width=\"940\" height=\"501\" alt=\"\" \/>\n<img loading=\"lazy\" decoding=\"async\" src=\"https:\/\/heatwork.com\/wp-content\/uploads\/2013\/12\/Bygning-gang-1.jpg\" width=\"600\" height=\"800\" alt=\"\" \/>\n<img loading=\"lazy\" decoding=\"async\" src=\"https:\/\/heatwork.com\/wp-content\/uploads\/2013\/12\/CliWi-1-705x940.jpg\" width=\"705\" height=\"940\" alt=\"\" \/>\n<img loading=\"lazy\" decoding=\"async\" src=\"https:\/\/heatwork.com\/wp-content\/uploads\/2013\/12\/Kobling-vannr\u00f8r.jpg\" width=\"800\" height=\"600\" alt=\"\" \/>\n<\/div><ul class=\"o-carousel__nav js-carousel-nav\"><li><img loading=\"lazy\" decoding=\"async\" src=\"https:\/\/heatwork.com\/wp-content\/uploads\/2013\/12\/Oversikt-ute-290x290.jpg\" width=\"290\" height=\"290\" alt=\"\" \/><\/li>\n<li><img loading=\"lazy\" decoding=\"async\" src=\"https:\/\/heatwork.com\/wp-content\/uploads\/2013\/12\/Bygning-gang-1-290x290.jpg\" width=\"290\" height=\"290\" alt=\"\" \/><\/li>\n<li><img loading=\"lazy\" decoding=\"async\" src=\"https:\/\/heatwork.com\/wp-content\/uploads\/2013\/12\/CliWi-1-290x290.jpg\" width=\"290\" height=\"290\" alt=\"\" \/><\/li>\n<li><img loading=\"lazy\" decoding=\"async\" src=\"https:\/\/heatwork.com\/wp-content\/uploads\/2013\/12\/Kobling-vannr\u00f8r-290x290.jpg\" width=\"290\" height=\"290\" alt=\"\" \/><\/li>\n<\/ul><\/div>\n<ul>\n<li>Tukiasintoprojekti, Nilsen og Haukland AS<\/li>\n<li>Betonin kuivattaminen ennen lattiapinnoitteen asennusta\/rakennuksen l\u00e4mmitys<\/li>\n<li>CliWi 100 kW k\u00e4yt\u00f6ss\u00e4 1000 m2 lattial\u00e4mp\u00f6asennus<\/li>\n<li>4 kuukautta lattian valamisesta, silti edelleen yli 85 % kosteutta betonissa<\/li>\n<\/ul>\n<hr \/>\n<h2><strong>Visinor Rehab AS\u00a0on valamassa maston perustuksia<\/strong><\/h2>\n<div class=\"o-carousel js-carousel\"><div class=\"o-carousel__main js-carousel-main likmx\" data-id=\"likmx\"><img loading=\"lazy\" decoding=\"async\" src=\"https:\/\/heatwork.com\/wp-content\/uploads\/2015\/01\/DSC_0199.jpg\" width=\"722\" height=\"480\" alt=\"\" \/>\n<img loading=\"lazy\" decoding=\"async\" src=\"https:\/\/heatwork.com\/wp-content\/uploads\/2015\/01\/2014-11-10-14.02.10-940x633.jpg\" width=\"940\" height=\"633\" alt=\"\" \/>\n<img loading=\"lazy\" decoding=\"async\" src=\"https:\/\/heatwork.com\/wp-content\/uploads\/2015\/01\/DSC_0192.jpg\" width=\"722\" height=\"480\" alt=\"\" \/>\n<img loading=\"lazy\" decoding=\"async\" src=\"https:\/\/heatwork.com\/wp-content\/uploads\/2015\/01\/DSC_0176.jpg\" width=\"722\" height=\"480\" alt=\"\" \/>\n<img loading=\"lazy\" decoding=\"async\" src=\"https:\/\/heatwork.com\/wp-content\/uploads\/2015\/01\/DSC_0163.jpg\" width=\"722\" height=\"480\" alt=\"\" \/>\n<img loading=\"lazy\" decoding=\"async\" src=\"https:\/\/heatwork.com\/wp-content\/uploads\/2015\/01\/DSC_0151.jpg\" width=\"722\" height=\"480\" alt=\"\" \/>\n<img loading=\"lazy\" decoding=\"async\" src=\"https:\/\/heatwork.com\/wp-content\/uploads\/2015\/01\/DSC_0153.jpg\" width=\"722\" height=\"480\" alt=\"\" \/>\n<img loading=\"lazy\" decoding=\"async\" src=\"https:\/\/heatwork.com\/wp-content\/uploads\/2015\/01\/2014-11-10-14.27.211-940x586.jpg\" width=\"940\" height=\"586\" alt=\"\" \/>\n<\/div><ul class=\"o-carousel__nav js-carousel-nav\"><li><img loading=\"lazy\" decoding=\"async\" src=\"https:\/\/heatwork.com\/wp-content\/uploads\/2015\/01\/DSC_0199-290x290.jpg\" width=\"290\" height=\"290\" alt=\"\" \/><\/li>\n<li><img loading=\"lazy\" decoding=\"async\" src=\"https:\/\/heatwork.com\/wp-content\/uploads\/2015\/01\/2014-11-10-14.02.10-290x290.jpg\" width=\"290\" height=\"290\" alt=\"\" \/><\/li>\n<li><img loading=\"lazy\" decoding=\"async\" src=\"https:\/\/heatwork.com\/wp-content\/uploads\/2015\/01\/DSC_0192-290x290.jpg\" width=\"290\" height=\"290\" alt=\"\" \/><\/li>\n<li><img loading=\"lazy\" decoding=\"async\" src=\"https:\/\/heatwork.com\/wp-content\/uploads\/2015\/01\/DSC_0176-290x290.jpg\" width=\"290\" height=\"290\" alt=\"\" \/><\/li>\n<li><img loading=\"lazy\" decoding=\"async\" src=\"https:\/\/heatwork.com\/wp-content\/uploads\/2015\/01\/DSC_0163-290x290.jpg\" width=\"290\" height=\"290\" alt=\"\" \/><\/li>\n<li><img loading=\"lazy\" decoding=\"async\" src=\"https:\/\/heatwork.com\/wp-content\/uploads\/2015\/01\/DSC_0151-290x290.jpg\" width=\"290\" height=\"290\" alt=\"\" \/><\/li>\n<li><img loading=\"lazy\" decoding=\"async\" src=\"https:\/\/heatwork.com\/wp-content\/uploads\/2015\/01\/DSC_0153-290x290.jpg\" width=\"290\" height=\"290\" alt=\"\" \/><\/li>\n<li><img loading=\"lazy\" decoding=\"async\" src=\"https:\/\/heatwork.com\/wp-content\/uploads\/2015\/01\/2014-11-10-14.27.211-290x290.jpg\" width=\"290\" height=\"290\" alt=\"\" \/><\/li>\n<\/ul><\/div>\n<p>Urakoitsija pit\u00e4\u00e4 ty\u00f6t k\u00e4ynniss\u00e4 kylmiss\u00e4 olosuhteissa niin maanpinnan yl\u00e4- kuin alapuolella. Palkintona on pidempi kausi t\u00f6ille, v\u00e4hemm\u00e4n lomautuksia ja suurempi tehokkuus.<\/p>\n<p>Autamme sinua betoniprojekteissa l\u00e4mp\u00f6tilasta riippumatta:<\/p>\n<ul>\n<li>Lattioiden ja perustuksien valaminen<\/li>\n<li>Laiturien ja siltojen kunnostaminen<\/li>\n<li>Maaper\u00e4n esil\u00e4mmitys ja sulatus<\/li>\n<li>Roudan ja lumen sulatus<\/li>\n<li>Kallioper\u00e4n l\u00e4mmitys ennen pohjustamista<\/li>\n<li>Oikea l\u00e4mp\u00f6tila kovettumiselle<\/li>\n<li>ym.<\/li>\n<\/ul>\n<p>Kysy meilt\u00e4 lis\u00e4tietoja projekteista numerosta +45 76 96 58 90.<\/p>\n","protected":false},"excerpt":{"rendered":"<p>Betonin kovettaminen &#8211; sokkeli\/perustus Pert-putket kiinnitet\u00e4\u00e4n raudoituksiin CC 30 cm Liitet\u00e4\u00e4n HeatWork-koneeseen, joka sy\u00f6tt\u00e4\u00e4 30\u00b0C nestett\u00e4 putkiin Betoni saavuttaa ideaalisen kovettumisl\u00e4mp\u00f6tilan ja laadun Ratkaisu s\u00e4\u00e4st\u00e4\u00e4 aikaa, ja projekti edistyy tarvitavaan tahtiin riippumatta ulkol\u00e4mp\u00f6tilasta Betonin kovettaminen &#8211; sokkeli\/perustus HeatWork-letkut laitetaan muottiin HeatWork-talvimatto laitetaan muotin p\u00e4\u00e4lle Letkut liitet\u00e4\u00e4n HeatWork-koneeseen, joka sy\u00f6tt\u00e4\u00e4 putkiin halutun l\u00e4mp\u00f6tilan Betoni saavuttaa ideaalisen [&hellip;]<\/p>\n","protected":false},"author":8,"featured_media":0,"parent":15711,"menu_order":1,"comment_status":"closed","ping_status":"closed","template":"template-references-sub.php","meta":{"_acf_changed":false,"footnotes":"","_links_to":"","_links_to_target":""},"class_list":["post-14871","page","type-page","status-publish"],"acf":[],"_links":{"self":[{"href":"https:\/\/heatwork.com\/fi\/wp-json\/wp\/v2\/pages\/14871"}],"collection":[{"href":"https:\/\/heatwork.com\/fi\/wp-json\/wp\/v2\/pages"}],"about":[{"href":"https:\/\/heatwork.com\/fi\/wp-json\/wp\/v2\/types\/page"}],"author":[{"embeddable":true,"href":"https:\/\/heatwork.com\/fi\/wp-json\/wp\/v2\/users\/8"}],"replies":[{"embeddable":true,"href":"https:\/\/heatwork.com\/fi\/wp-json\/wp\/v2\/comments?post=14871"}],"version-history":[{"count":0,"href":"https:\/\/heatwork.com\/fi\/wp-json\/wp\/v2\/pages\/14871\/revisions"}],"up":[{"embeddable":true,"href":"https:\/\/heatwork.com\/fi\/wp-json\/wp\/v2\/pages\/15711"}],"wp:attachment":[{"href":"https:\/\/heatwork.com\/fi\/wp-json\/wp\/v2\/media?parent=14871"}],"curies":[{"name":"wp","href":"https:\/\/api.w.org\/{rel}","templated":true}]}}