{"id":15498,"date":"2013-12-20T09:09:37","date_gmt":"2013-12-20T08:09:37","guid":{"rendered":"https:\/\/heatwork.com\/?page_id=15498"},"modified":"2018-01-29T15:43:18","modified_gmt":"2018-01-29T14:43:18","slug":"rakennusurakoitsijat","status":"publish","type":"page","link":"https:\/\/heatwork.com\/fi\/kayttokohteet\/concrete-systems\/rakennusurakoitsijat\/","title":{"rendered":"Rakennusurakoitsijat"},"content":{"rendered":"<p><div class=\"o-carousel js-carousel\"><div class=\"o-carousel__main js-carousel-main uxhsj\" data-id=\"uxhsj\"><img loading=\"lazy\" decoding=\"async\" src=\"https:\/\/heatwork.com\/wp-content\/uploads\/2013\/12\/34-Innst\u00f8ping-av-r\u00f8r-for-\u00e5-tillf\u00f8re-varme-i-betong-ved-herding-705x940.jpg\" width=\"705\" height=\"940\" alt=\"\" \/>\n<img loading=\"lazy\" decoding=\"async\" src=\"https:\/\/heatwork.com\/wp-content\/uploads\/2013\/12\/Legging-av-r\u00f8r-940x705.jpg\" width=\"940\" height=\"705\" alt=\"\" \/>\n<img loading=\"lazy\" decoding=\"async\" src=\"https:\/\/heatwork.com\/wp-content\/uploads\/2013\/12\/WP_000543-705x940.jpg\" width=\"705\" height=\"940\" alt=\"\" \/>\n<img loading=\"lazy\" decoding=\"async\" src=\"https:\/\/heatwork.com\/wp-content\/uploads\/2013\/12\/WP_000553-705x940.jpg\" width=\"705\" height=\"940\" alt=\"\" \/>\n<img loading=\"lazy\" decoding=\"async\" src=\"https:\/\/heatwork.com\/wp-content\/uploads\/2013\/12\/Fylling-av-betong-705x940.jpg\" width=\"705\" height=\"940\" alt=\"\" \/>\n<img loading=\"lazy\" decoding=\"async\" src=\"https:\/\/heatwork.com\/wp-content\/uploads\/2013\/12\/Manifoli-705x940.jpg\" width=\"705\" height=\"940\" alt=\"\" \/>\n<img loading=\"lazy\" decoding=\"async\" src=\"https:\/\/heatwork.com\/wp-content\/uploads\/2013\/12\/WP_000530-940x705.jpg\" width=\"940\" height=\"705\" alt=\"\" \/>\n<\/div><ul class=\"o-carousel__nav js-carousel-nav\"><li><img loading=\"lazy\" decoding=\"async\" src=\"https:\/\/heatwork.com\/wp-content\/uploads\/2013\/12\/34-Innst\u00f8ping-av-r\u00f8r-for-\u00e5-tillf\u00f8re-varme-i-betong-ved-herding-290x290.jpg\" width=\"290\" height=\"290\" alt=\"\" \/><\/li>\n<li><img loading=\"lazy\" decoding=\"async\" src=\"https:\/\/heatwork.com\/wp-content\/uploads\/2013\/12\/Legging-av-r\u00f8r-290x290.jpg\" width=\"290\" height=\"290\" alt=\"\" \/><\/li>\n<li><img loading=\"lazy\" decoding=\"async\" src=\"https:\/\/heatwork.com\/wp-content\/uploads\/2013\/12\/WP_000543-290x290.jpg\" width=\"290\" height=\"290\" alt=\"\" \/><\/li>\n<li><img loading=\"lazy\" decoding=\"async\" src=\"https:\/\/heatwork.com\/wp-content\/uploads\/2013\/12\/WP_000553-290x290.jpg\" width=\"290\" height=\"290\" alt=\"\" \/><\/li>\n<li><img loading=\"lazy\" decoding=\"async\" src=\"https:\/\/heatwork.com\/wp-content\/uploads\/2013\/12\/Fylling-av-betong-290x290.jpg\" width=\"290\" height=\"290\" alt=\"\" \/><\/li>\n<li><img loading=\"lazy\" decoding=\"async\" src=\"https:\/\/heatwork.com\/wp-content\/uploads\/2013\/12\/Manifoli-290x290.jpg\" width=\"290\" height=\"290\" alt=\"\" \/><\/li>\n<li><img loading=\"lazy\" decoding=\"async\" src=\"https:\/\/heatwork.com\/wp-content\/uploads\/2013\/12\/WP_000530-290x290.jpg\" width=\"290\" height=\"290\" alt=\"\" \/><\/li>\n<\/ul><\/div><br \/>\n<\/p>\n<div class=\"ingrid in-thirds\">\n<div class=\"unit span-two\">\n<p>HeatWorks-laitteita k\u00e4ytet\u00e4\u00e4n maan, lumen ja j\u00e4\u00e4n sulatukseen, ja raudoitusten ja muottien l\u00e4mmitt\u00e4miseen ennen valamista. Suurilla urakoitsijoilla on eritt\u00e4in my\u00f6nteisi\u00e4 kokemuksia HeatWorkin ratkaisuista betonit\u00f6iss\u00e4. Saamamme palaute on, ett\u00e4 metodimme s\u00e4\u00e4st\u00e4\u00e4 projekteissa aikaa ja rahaa sek\u00e4 parantaa lopputuloksen laatua. Nyt on my\u00f6s paljon helpompi dokumentoida, ett\u00e4 ty\u00f6t on suoritettu kansallisten talvivalua koskevien s\u00e4\u00e4nn\u00f6sten vaatimusten mukaisesti.<br \/>\n<br \/>\nYleisimm\u00e4t haasteet jotka vaikuttavat talvivalun lopputulokseen ovat:<\/p>\n<ul>\n<li>Ontelot ja painaumat routa-alttiissa alustassa<\/li>\n<li>Perusta, muotit tai muut rakenneosat, jotka ovat kosketuksissa tuoreen betonin kanssa ja joiden l\u00e4mp\u00f6tila on niin alhainen, ett\u00e4 se j\u00e4\u00e4dytt\u00e4\u00e4 betonin<\/li>\n<li>Betonin l\u00e4mp\u00f6tila laskee alle nollan ennen kuin v\u00e4hint\u00e4\u00e4n 5MPa:n kovuus on saavutettu<\/li>\n<li>Perusteissa, muoteissa tai muissa rakennusosissa oleva j\u00e4\u00e4 tai lumi sulaa ja kohottaa betonin sis\u00e4lt\u00e4m\u00e4n veden m\u00e4\u00e4r\u00e4\u00e4<\/li>\n<\/ul>\n<p>\nKaikki n\u00e4m\u00e4 ongelmat on helppo v\u00e4ltt\u00e4\u00e4 k\u00e4ytt\u00e4m\u00e4ll\u00e4 HeatWorkin Concrete System -j\u00e4rjestelm\u00e4\u00e4, jonka avulla urakoitsijat v\u00e4ltt\u00e4v\u00e4t kalliit korjausvaatimukset j\u00e4lkeenp\u00e4in.<br \/>\n<br \/>\nKovetusprosessin nopeus riippuu my\u00f6s suurelta osin betonin l\u00e4mp\u00f6tilasta. Kun l\u00e4mp\u00f6tila nousee, kovettuu betoni nopeammin, ja vastakkaisesti l\u00e4mp\u00f6tilan aletessa betonin kovettuminen hidastuu.<br \/>\n<br \/>\nHeatWorks Concrete System -j\u00e4rjestelm\u00e4st\u00e4 ei ole apua vain talvivaluissa. 35 \u00b0C l\u00e4mp\u00f6tilassa kovettuminen tapahtuu kaksi kertaa nopeammin kuin 20 \u00b0C l\u00e4mp\u00f6tilassa. T\u00e4m\u00e4 tarkoittaa, ett\u00e4 tietyn lujuuden saavuttaminen vie kaksikertaa pidemp\u00e4\u00e4n jos l\u00e4mp\u00f6tila on 10 \u00b0C, kuin jos se olisi ollut 20 \u00b0C.<br \/>\n<br \/>\nLiian suuri l\u00e4mp\u00f6tila ei my\u00f6sk\u00e4\u00e4n ole hyv\u00e4ksi betonity\u00f6n laadulle. Niiss\u00e4 tapauksissa, joissa kovettumisen aikana kehittyy liikaa l\u00e4mp\u00f6\u00e4, voi HeatWork Concrete System -j\u00e4rjestelm\u00e4 auttaa pit\u00e4m\u00e4\u00e4n l\u00e4mp\u00f6jakauman tasaisena kuljettamalla l\u00e4mp\u00f6\u00e4 valun sis\u00e4osista ulosp\u00e4in. Jos l\u00e4mp\u00f6tila nousee korkeaksi, voi HeatWork Concrete System -j\u00e4rjestelm\u00e4\u00e4 k\u00e4ytt\u00e4\u00e4 my\u00f6s j\u00e4\u00e4hdytykseen.<br \/>\n<br \/>\nL\u00e4mp\u00f6tilan kehityksen kovettumisen aikana voi my\u00f6s dokumentoida helposti rakennuttajalle, sill\u00e4 HeatWork Concrete System mittaa kierr\u00e4tett\u00e4v\u00e4n veden l\u00e4ht\u00f6- ja paluul\u00e4mp\u00f6tilan.<\/p>\n<\/div>\n<div class=\"unit\">\n<ul>\n<li>Letkut muotin ymp\u00e4rill\u00e4<\/li>\n<li>Putket betonissa<\/li>\n<li>Letkut lattialla tai kannella valun j\u00e4lkeen<\/li>\n<li>Roudansulatus ennen alustan kaivamista tai tamppaamista<\/li>\n<li>Perustan, muottien ja raudoitusten j\u00e4\u00e4n ja lumen sulatus<\/li>\n<li>Muottien ja rakennusosien esil\u00e4mmitys<\/li>\n<li>Betonin hallittu kovettaminen<\/li>\n<li>Betonin valu kylm\u00e4ss\u00e4 ilmastossa<\/li>\n<li>Helikopterin s\u00e4ili\u00f6n l\u00e4mmitys<\/li>\n<li>Ruiskutettava betoni &#8211; rakenteiden esil\u00e4mmitys<\/li>\n<\/ul>\n<\/div>\n<\/div>\n","protected":false},"excerpt":{"rendered":"<p>HeatWorks-laitteita k\u00e4ytet\u00e4\u00e4n maan, lumen ja j\u00e4\u00e4n sulatukseen, ja raudoitusten ja muottien l\u00e4mmitt\u00e4miseen ennen valamista. Suurilla urakoitsijoilla on eritt\u00e4in my\u00f6nteisi\u00e4 kokemuksia HeatWorkin ratkaisuista betonit\u00f6iss\u00e4. Saamamme palaute on, ett\u00e4 metodimme s\u00e4\u00e4st\u00e4\u00e4 projekteissa aikaa ja rahaa sek\u00e4 parantaa lopputuloksen laatua. Nyt on my\u00f6s paljon helpompi dokumentoida, ett\u00e4 ty\u00f6t on suoritettu kansallisten talvivalua koskevien s\u00e4\u00e4nn\u00f6sten vaatimusten mukaisesti. Yleisimm\u00e4t haasteet [&hellip;]<\/p>\n","protected":false},"author":8,"featured_media":0,"parent":15700,"menu_order":1,"comment_status":"closed","ping_status":"closed","template":"","meta":{"_acf_changed":false,"footnotes":"","_links_to":"","_links_to_target":""},"class_list":["post-15498","page","type-page","status-publish"],"acf":[],"_links":{"self":[{"href":"https:\/\/heatwork.com\/fi\/wp-json\/wp\/v2\/pages\/15498"}],"collection":[{"href":"https:\/\/heatwork.com\/fi\/wp-json\/wp\/v2\/pages"}],"about":[{"href":"https:\/\/heatwork.com\/fi\/wp-json\/wp\/v2\/types\/page"}],"author":[{"embeddable":true,"href":"https:\/\/heatwork.com\/fi\/wp-json\/wp\/v2\/users\/8"}],"replies":[{"embeddable":true,"href":"https:\/\/heatwork.com\/fi\/wp-json\/wp\/v2\/comments?post=15498"}],"version-history":[{"count":0,"href":"https:\/\/heatwork.com\/fi\/wp-json\/wp\/v2\/pages\/15498\/revisions"}],"up":[{"embeddable":true,"href":"https:\/\/heatwork.com\/fi\/wp-json\/wp\/v2\/pages\/15700"}],"wp:attachment":[{"href":"https:\/\/heatwork.com\/fi\/wp-json\/wp\/v2\/media?parent=15498"}],"curies":[{"name":"wp","href":"https:\/\/api.w.org\/{rel}","templated":true}]}}