{"id":15499,"date":"2013-12-20T09:11:00","date_gmt":"2013-12-20T08:11:00","guid":{"rendered":"https:\/\/heatwork.com\/?page_id=15499"},"modified":"2018-01-29T15:45:14","modified_gmt":"2018-01-29T14:45:14","slug":"maisema-arkkitehtuuri","status":"publish","type":"page","link":"https:\/\/heatwork.com\/fi\/kayttokohteet\/concrete-systems\/maisema-arkkitehtuuri\/","title":{"rendered":"Maisema-arkkitehtuuri"},"content":{"rendered":"<p><div class=\"o-carousel js-carousel\"><div class=\"o-carousel__main js-carousel-main lrcky\" data-id=\"lrcky\"><img loading=\"lazy\" decoding=\"async\" src=\"https:\/\/heatwork.com\/wp-content\/uploads\/2013\/12\/34-Innst\u00f8ping-av-r\u00f8r-for-\u00e5-tillf\u00f8re-varme-i-betong-ved-herding-705x940.jpg\" width=\"705\" height=\"940\" alt=\"\" \/>\n<img loading=\"lazy\" decoding=\"async\" src=\"https:\/\/heatwork.com\/wp-content\/uploads\/2013\/12\/Legging-av-r\u00f8r-940x705.jpg\" width=\"940\" height=\"705\" alt=\"\" \/>\n<img loading=\"lazy\" decoding=\"async\" src=\"https:\/\/heatwork.com\/wp-content\/uploads\/2013\/12\/WP_000543-705x940.jpg\" width=\"705\" height=\"940\" alt=\"\" \/>\n<img loading=\"lazy\" decoding=\"async\" src=\"https:\/\/heatwork.com\/wp-content\/uploads\/2013\/12\/WP_000553-705x940.jpg\" width=\"705\" height=\"940\" alt=\"\" \/>\n<img loading=\"lazy\" decoding=\"async\" src=\"https:\/\/heatwork.com\/wp-content\/uploads\/2013\/12\/Fylling-av-betong-2-705x940.jpg\" width=\"705\" height=\"940\" alt=\"\" \/>\n<img loading=\"lazy\" decoding=\"async\" src=\"https:\/\/heatwork.com\/wp-content\/uploads\/2013\/12\/Fylling-av-betong-705x940.jpg\" width=\"705\" height=\"940\" alt=\"\" \/>\n<img loading=\"lazy\" decoding=\"async\" src=\"https:\/\/heatwork.com\/wp-content\/uploads\/2013\/12\/Manifoli-705x940.jpg\" width=\"705\" height=\"940\" alt=\"\" \/>\n<img loading=\"lazy\" decoding=\"async\" src=\"https:\/\/heatwork.com\/wp-content\/uploads\/2013\/12\/WP_000530-940x705.jpg\" width=\"940\" height=\"705\" alt=\"\" \/>\n<\/div><ul class=\"o-carousel__nav js-carousel-nav\"><li><img loading=\"lazy\" decoding=\"async\" src=\"https:\/\/heatwork.com\/wp-content\/uploads\/2013\/12\/34-Innst\u00f8ping-av-r\u00f8r-for-\u00e5-tillf\u00f8re-varme-i-betong-ved-herding-290x290.jpg\" width=\"290\" height=\"290\" alt=\"\" \/><\/li>\n<li><img loading=\"lazy\" decoding=\"async\" src=\"https:\/\/heatwork.com\/wp-content\/uploads\/2013\/12\/Legging-av-r\u00f8r-290x290.jpg\" width=\"290\" height=\"290\" alt=\"\" \/><\/li>\n<li><img loading=\"lazy\" decoding=\"async\" src=\"https:\/\/heatwork.com\/wp-content\/uploads\/2013\/12\/WP_000543-290x290.jpg\" width=\"290\" height=\"290\" alt=\"\" \/><\/li>\n<li><img loading=\"lazy\" decoding=\"async\" src=\"https:\/\/heatwork.com\/wp-content\/uploads\/2013\/12\/WP_000553-290x290.jpg\" width=\"290\" height=\"290\" alt=\"\" \/><\/li>\n<li><img loading=\"lazy\" decoding=\"async\" src=\"https:\/\/heatwork.com\/wp-content\/uploads\/2013\/12\/Fylling-av-betong-2-290x290.jpg\" width=\"290\" height=\"290\" alt=\"\" \/><\/li>\n<li><img loading=\"lazy\" decoding=\"async\" src=\"https:\/\/heatwork.com\/wp-content\/uploads\/2013\/12\/Fylling-av-betong-290x290.jpg\" width=\"290\" height=\"290\" alt=\"\" \/><\/li>\n<li><img loading=\"lazy\" decoding=\"async\" src=\"https:\/\/heatwork.com\/wp-content\/uploads\/2013\/12\/Manifoli-290x290.jpg\" width=\"290\" height=\"290\" alt=\"\" \/><\/li>\n<li><img loading=\"lazy\" decoding=\"async\" src=\"https:\/\/heatwork.com\/wp-content\/uploads\/2013\/12\/WP_000530-290x290.jpg\" width=\"290\" height=\"290\" alt=\"\" \/><\/li>\n<\/ul><\/div><br \/>\n<\/p>\n<div class=\"ingrid in-thirds\">\n<div class=\"unit span-two\">\nNyt voit tehd\u00e4 maisemointia ymp\u00e4ri vuoden. Riippumatta siit\u00e4 tarvitsetko perusteiden, t\u00e4ytemateriaalien, ty\u00f6telttojen tai autotallien l\u00e4mmityst\u00e4, saat helpot ratkaisut HeatWorkin liikuteltavista l\u00e4mp\u00f6ratkaisuista.<br \/>\n<br \/>\nTavallisimmat talvit\u00f6iden haasteet ovat:<\/p>\n<ul>\n<li>Ontelot ja painaumat routa-alttiissa alustassa<\/li>\n<li>Perustat, muotit tai muut betonin kanssa kosketuksissa olevat rakenneosat joiden l\u00e4mp\u00f6tila voi saada betonin j\u00e4\u00e4tym\u00e4\u00e4n<\/li>\n<li>Betonin l\u00e4mp\u00f6tila laskee alle nollan ennen kuin tarpeellinen lujuus on saavutettu<\/li>\n<li>Perustuksissa, muoteissa ja muissa osissa oleva sulava j\u00e4\u00e4 ja lumi joka lis\u00e4\u00e4 betonin sis\u00e4lt\u00e4m\u00e4n veden m\u00e4\u00e4r\u00e4\u00e4<\/li>\n<\/ul>\n<p>Kaikii n\u00e4m\u00e4 ongelmat on helppo v\u00e4ltt\u00e4\u00e4 k\u00e4ytt\u00e4m\u00e4ll\u00e4 HeatWork Concrete System -j\u00e4rjestelm\u00e4\u00e4, jonka avulla urakoitsija v\u00e4ltt\u00e4\u00e4 kalliit korjausvaatimukset j\u00e4lkik\u00e4teen.<br \/>\n<br \/>\nAsentamalla HeatWork Concrete Systems -j\u00e4rjestelm\u00e4n esimerkiksi jalkak\u00e4yt\u00e4vien tai siltojen valun, pinnoitekivien laiton tai portaiden ja vastaavien rakennuksen yhteydess\u00e4 voi asennetut HW PERT-putket k\u00e4ytt\u00e4\u00e4 uudelleen lumen- ja j\u00e4\u00e4nsulatukseen talviaikaan. T\u00e4m\u00e4 on vain yksi esimerkki siit\u00e4, miten HeatWorkin laitteista on hy\u00f6ty\u00e4 t\u00f6iden tekemiseen my\u00f6s niin\u00e4 vuodenaikoina, jolloin normaalisti olisi v\u00e4hemm\u00e4n teht\u00e4v\u00e4\u00e4.\n<\/div>\n<div class=\"unit\">\n<ul>\n<li>Letkut muotin ymp\u00e4rill\u00e4<\/li>\n<li>Putki betonissa<\/li>\n<li>Letkut lattialla tai kannella valun j\u00e4lkeen<\/li>\n<li>Roudansulatus ennen perusteiden kaivamista tai tamppaamista<\/li>\n<li>Perustojen, muottien ja raudoitusten j\u00e4\u00e4n- ja lumensulatus<\/li>\n<li>Muottien ja osien esil\u00e4mmitys<\/li>\n<li>Betonin hallittu kovettaminen<\/li>\n<li>Valut kylm\u00e4ss\u00e4 ilmastossa<\/li>\n<li>Helikopterin tankin l\u00e4mmitys<\/li>\n<li>Betonin ruiskutus &#8211; rakenteiden esil\u00e4mmitys<\/li>\n<\/ul>\n<\/div>\n<\/div>\n","protected":false},"excerpt":{"rendered":"<p>Nyt voit tehd\u00e4 maisemointia ymp\u00e4ri vuoden. Riippumatta siit\u00e4 tarvitsetko perusteiden, t\u00e4ytemateriaalien, ty\u00f6telttojen tai autotallien l\u00e4mmityst\u00e4, saat helpot ratkaisut HeatWorkin liikuteltavista l\u00e4mp\u00f6ratkaisuista. Tavallisimmat talvit\u00f6iden haasteet ovat: Ontelot ja painaumat routa-alttiissa alustassa Perustat, muotit tai muut betonin kanssa kosketuksissa olevat rakenneosat joiden l\u00e4mp\u00f6tila voi saada betonin j\u00e4\u00e4tym\u00e4\u00e4n Betonin l\u00e4mp\u00f6tila laskee alle nollan ennen kuin tarpeellinen lujuus on [&hellip;]<\/p>\n","protected":false},"author":8,"featured_media":0,"parent":15700,"menu_order":2,"comment_status":"closed","ping_status":"closed","template":"","meta":{"_acf_changed":false,"footnotes":"","_links_to":"","_links_to_target":""},"class_list":["post-15499","page","type-page","status-publish"],"acf":[],"_links":{"self":[{"href":"https:\/\/heatwork.com\/fi\/wp-json\/wp\/v2\/pages\/15499"}],"collection":[{"href":"https:\/\/heatwork.com\/fi\/wp-json\/wp\/v2\/pages"}],"about":[{"href":"https:\/\/heatwork.com\/fi\/wp-json\/wp\/v2\/types\/page"}],"author":[{"embeddable":true,"href":"https:\/\/heatwork.com\/fi\/wp-json\/wp\/v2\/users\/8"}],"replies":[{"embeddable":true,"href":"https:\/\/heatwork.com\/fi\/wp-json\/wp\/v2\/comments?post=15499"}],"version-history":[{"count":0,"href":"https:\/\/heatwork.com\/fi\/wp-json\/wp\/v2\/pages\/15499\/revisions"}],"up":[{"embeddable":true,"href":"https:\/\/heatwork.com\/fi\/wp-json\/wp\/v2\/pages\/15700"}],"wp:attachment":[{"href":"https:\/\/heatwork.com\/fi\/wp-json\/wp\/v2\/media?parent=15499"}],"curies":[{"name":"wp","href":"https:\/\/api.w.org\/{rel}","templated":true}]}}