{"id":15595,"date":"2013-09-24T16:47:50","date_gmt":"2013-09-24T14:47:50","guid":{"rendered":"https:\/\/heatwork.com\/?page_id=15595"},"modified":"2018-01-25T09:51:32","modified_gmt":"2018-01-25T08:51:32","slug":"laiteurakoitsijat","status":"publish","type":"page","link":"https:\/\/heatwork.com\/fi\/laiteurakoitsijat\/","title":{"rendered":"Laiteurakoitsijat"},"content":{"rendered":"<div class=\"o-carousel js-carousel\"><div class=\"o-carousel__main js-carousel-main xfior\" data-id=\"xfior\"><img loading=\"lazy\" decoding=\"async\" src=\"https:\/\/heatwork.com\/wp-content\/uploads\/2013\/09\/DSC_0480-940x625.jpg\" width=\"940\" height=\"625\" alt=\"\" \/>\n<img loading=\"lazy\" decoding=\"async\" src=\"https:\/\/heatwork.com\/wp-content\/uploads\/2013\/09\/DSC_0497-940x625.jpg\" width=\"940\" height=\"625\" alt=\"\" \/>\n<img loading=\"lazy\" decoding=\"async\" src=\"https:\/\/heatwork.com\/wp-content\/uploads\/2013\/09\/DSC_0465-940x625.jpg\" width=\"940\" height=\"625\" alt=\"\" \/>\n<img loading=\"lazy\" decoding=\"async\" src=\"https:\/\/heatwork.com\/wp-content\/uploads\/2013\/09\/DSC_00402-940x624.jpg\" width=\"940\" height=\"624\" alt=\"\" \/>\n<img loading=\"lazy\" decoding=\"async\" src=\"https:\/\/heatwork.com\/wp-content\/uploads\/2013\/09\/DSC_0404-940x625.jpg\" width=\"940\" height=\"625\" alt=\"\" \/>\n<img loading=\"lazy\" decoding=\"async\" src=\"https:\/\/heatwork.com\/wp-content\/uploads\/2013\/09\/DSC_0418-940x625.jpg\" width=\"940\" height=\"625\" alt=\"\" \/>\n<\/div><ul class=\"o-carousel__nav js-carousel-nav\"><li><img loading=\"lazy\" decoding=\"async\" src=\"https:\/\/heatwork.com\/wp-content\/uploads\/2013\/09\/DSC_0480-290x290.jpg\" width=\"290\" height=\"290\" alt=\"\" \/><\/li>\n<li><img loading=\"lazy\" decoding=\"async\" src=\"https:\/\/heatwork.com\/wp-content\/uploads\/2013\/09\/DSC_0497-290x290.jpg\" width=\"290\" height=\"290\" alt=\"\" \/><\/li>\n<li><img loading=\"lazy\" decoding=\"async\" src=\"https:\/\/heatwork.com\/wp-content\/uploads\/2013\/09\/DSC_0465-290x290.jpg\" width=\"290\" height=\"290\" alt=\"\" \/><\/li>\n<li><img loading=\"lazy\" decoding=\"async\" src=\"https:\/\/heatwork.com\/wp-content\/uploads\/2013\/09\/DSC_00402-290x290.jpg\" width=\"290\" height=\"290\" alt=\"\" \/><\/li>\n<li><img loading=\"lazy\" decoding=\"async\" src=\"https:\/\/heatwork.com\/wp-content\/uploads\/2013\/09\/DSC_0404-290x290.jpg\" width=\"290\" height=\"290\" alt=\"\" \/><\/li>\n<li><img loading=\"lazy\" decoding=\"async\" src=\"https:\/\/heatwork.com\/wp-content\/uploads\/2013\/09\/DSC_0418-290x290.jpg\" width=\"290\" height=\"290\" alt=\"\" \/><\/li>\n<\/ul><\/div>\n<div class=\"ingrid in-thirds\">\n<div class=\"unit span-two\">HeatWorkin siirrett\u00e4v\u00e4 l\u00e4mp\u00f6ratkaisu tuottaa 103kW tehon l\u00e4mmitykseen. Koska HeatWorkin teknologia perustuu nesteell\u00e4 siirrett\u00e4v\u00e4\u00e4n l\u00e4mp\u00f6\u00f6n, voi laitteitamme k\u00e4ytt\u00e4\u00e4 esimerkiksi lattian tai katujen l\u00e4mp\u00f6asennuksiin, tai siirt\u00e4\u00e4 l\u00e4mp\u00f6\u00e4 nesteest\u00e4 ilmaan HW Aerotemperin avulla. HeatWorkin siirrett\u00e4v\u00e4n l\u00e4mp\u00f6ratkaisun voi my\u00f6s liitt\u00e4\u00e4 suoraan rakennuksen l\u00e4mm\u00f6nvaihtimeen, ja n\u00e4in varmistaa l\u00e4mpim\u00e4n k\u00e4ytt\u00f6- ja l\u00e4mmitysveden saanti my\u00f6s odottamattomien ongelmien sattuessa. HeatWorkill\u00e4 on useita suosittelijoita koti- ja ulkomailta, miss\u00e4 laitteitamme on k\u00e4ytetty pidempi\u00e4 ja lyhyempi\u00e4 aikoja hotellien, sairaaloiden, konttorirakennusten ja vastaavien yll\u00e4pidossa.<\/div>\n<div class=\"unit\">\n<ul>\n<li>Rakennusten\/autotallien\/hallien l\u00e4mmitys<\/li>\n<li>Ty\u00f6pajojen ja ty\u00f6telttojen l\u00e4mmitys<\/li>\n<li>Useiden HW Aerotemperien liitt\u00e4minen jakokeskuksen avulla<\/li>\n<\/ul>\n<\/div>\n<\/div>\n","protected":false},"excerpt":{"rendered":"<p>HeatWorkin siirrett\u00e4v\u00e4 l\u00e4mp\u00f6ratkaisu tuottaa 103kW tehon l\u00e4mmitykseen. Koska HeatWorkin teknologia perustuu nesteell\u00e4 siirrett\u00e4v\u00e4\u00e4n l\u00e4mp\u00f6\u00f6n, voi laitteitamme k\u00e4ytt\u00e4\u00e4 esimerkiksi lattian tai katujen l\u00e4mp\u00f6asennuksiin, tai siirt\u00e4\u00e4 l\u00e4mp\u00f6\u00e4 nesteest\u00e4 ilmaan HW Aerotemperin avulla. HeatWorkin siirrett\u00e4v\u00e4n l\u00e4mp\u00f6ratkaisun voi my\u00f6s liitt\u00e4\u00e4 suoraan rakennuksen l\u00e4mm\u00f6nvaihtimeen, ja n\u00e4in varmistaa l\u00e4mpim\u00e4n k\u00e4ytt\u00f6- ja l\u00e4mmitysveden saanti my\u00f6s odottamattomien ongelmien sattuessa. HeatWorkill\u00e4 on useita suosittelijoita [&hellip;]<\/p>\n","protected":false},"author":1,"featured_media":0,"parent":0,"menu_order":0,"comment_status":"closed","ping_status":"closed","template":"","meta":{"_acf_changed":false,"footnotes":"","_links_to":"","_links_to_target":""},"class_list":["post-15595","page","type-page","status-publish"],"acf":[],"_links":{"self":[{"href":"https:\/\/heatwork.com\/fi\/wp-json\/wp\/v2\/pages\/15595"}],"collection":[{"href":"https:\/\/heatwork.com\/fi\/wp-json\/wp\/v2\/pages"}],"about":[{"href":"https:\/\/heatwork.com\/fi\/wp-json\/wp\/v2\/types\/page"}],"author":[{"embeddable":true,"href":"https:\/\/heatwork.com\/fi\/wp-json\/wp\/v2\/users\/1"}],"replies":[{"embeddable":true,"href":"https:\/\/heatwork.com\/fi\/wp-json\/wp\/v2\/comments?post=15595"}],"version-history":[{"count":0,"href":"https:\/\/heatwork.com\/fi\/wp-json\/wp\/v2\/pages\/15595\/revisions"}],"wp:attachment":[{"href":"https:\/\/heatwork.com\/fi\/wp-json\/wp\/v2\/media?parent=15595"}],"curies":[{"name":"wp","href":"https:\/\/api.w.org\/{rel}","templated":true}]}}