{"id":15596,"date":"2013-09-24T16:45:54","date_gmt":"2013-09-24T14:45:54","guid":{"rendered":"https:\/\/heatwork.com\/?page_id=15596"},"modified":"2018-01-29T15:30:48","modified_gmt":"2018-01-29T14:30:48","slug":"rakennusurakoitsijat","status":"publish","type":"page","link":"https:\/\/heatwork.com\/fi\/kayttokohteet\/talvieristys\/rakennusurakoitsijat\/","title":{"rendered":"Rakennusurakoitsijat"},"content":{"rendered":"<div class=\"o-carousel js-carousel\"><div class=\"o-carousel__main js-carousel-main dgafg\" data-id=\"dgafg\"><img loading=\"lazy\" decoding=\"async\" src=\"https:\/\/heatwork.com\/wp-content\/uploads\/2010\/11\/bilde32-855x940.jpg\" width=\"855\" height=\"940\" alt=\"\" \/>\n<img loading=\"lazy\" decoding=\"async\" src=\"https:\/\/heatwork.com\/wp-content\/uploads\/2013\/09\/26-Smelting-av-is-p\u00e5-tak-940x705.jpg\" width=\"940\" height=\"705\" alt=\"\" \/>\n<img loading=\"lazy\" decoding=\"async\" src=\"https:\/\/heatwork.com\/wp-content\/uploads\/2013\/09\/27-Smelting-av-is-p\u00e5-tak-940x705.jpg\" width=\"940\" height=\"705\" alt=\"\" \/>\n<img loading=\"lazy\" decoding=\"async\" src=\"https:\/\/heatwork.com\/wp-content\/uploads\/2010\/11\/DSC00592-940x626.jpg\" width=\"940\" height=\"626\" alt=\"\" \/>\n<img loading=\"lazy\" decoding=\"async\" src=\"https:\/\/heatwork.com\/wp-content\/uploads\/2013\/09\/24-Tining-av-tele-f\u00f8r-avretting-og-gulvst\u00f8p-940x705.jpg\" width=\"940\" height=\"705\" alt=\"\" \/>\n<img loading=\"lazy\" decoding=\"async\" src=\"https:\/\/heatwork.com\/wp-content\/uploads\/2013\/09\/IMG_08241-705x940.jpg\" width=\"705\" height=\"940\" alt=\"\" \/>\n<img loading=\"lazy\" decoding=\"async\" src=\"https:\/\/heatwork.com\/wp-content\/uploads\/2013\/09\/DSC_0029-940x624.jpg\" width=\"940\" height=\"624\" alt=\"\" \/>\n<img loading=\"lazy\" decoding=\"async\" src=\"https:\/\/heatwork.com\/wp-content\/uploads\/2013\/09\/IMG_0759-940x705.jpg\" width=\"940\" height=\"705\" alt=\"\" \/>\n<\/div><ul class=\"o-carousel__nav js-carousel-nav\"><li><img loading=\"lazy\" decoding=\"async\" src=\"https:\/\/heatwork.com\/wp-content\/uploads\/2010\/11\/bilde32-290x290.jpg\" width=\"290\" height=\"290\" alt=\"\" \/><\/li>\n<li><img loading=\"lazy\" decoding=\"async\" src=\"https:\/\/heatwork.com\/wp-content\/uploads\/2013\/09\/26-Smelting-av-is-p\u00e5-tak-290x290.jpg\" width=\"290\" height=\"290\" alt=\"\" \/><\/li>\n<li><img loading=\"lazy\" decoding=\"async\" src=\"https:\/\/heatwork.com\/wp-content\/uploads\/2013\/09\/27-Smelting-av-is-p\u00e5-tak-290x290.jpg\" width=\"290\" height=\"290\" alt=\"\" \/><\/li>\n<li><img loading=\"lazy\" decoding=\"async\" src=\"https:\/\/heatwork.com\/wp-content\/uploads\/2010\/11\/DSC00592-290x290.jpg\" width=\"290\" height=\"290\" alt=\"\" \/><\/li>\n<li><img loading=\"lazy\" decoding=\"async\" src=\"https:\/\/heatwork.com\/wp-content\/uploads\/2013\/09\/24-Tining-av-tele-f\u00f8r-avretting-og-gulvst\u00f8p-290x290.jpg\" width=\"290\" height=\"290\" alt=\"\" \/><\/li>\n<li><img loading=\"lazy\" decoding=\"async\" src=\"https:\/\/heatwork.com\/wp-content\/uploads\/2013\/09\/IMG_08241-290x290.jpg\" width=\"290\" height=\"290\" alt=\"\" \/><\/li>\n<li><img loading=\"lazy\" decoding=\"async\" src=\"https:\/\/heatwork.com\/wp-content\/uploads\/2013\/09\/DSC_0029-290x290.jpg\" width=\"290\" height=\"290\" alt=\"\" \/><\/li>\n<li><img loading=\"lazy\" decoding=\"async\" src=\"https:\/\/heatwork.com\/wp-content\/uploads\/2013\/09\/IMG_0759-290x290.jpg\" width=\"290\" height=\"290\" alt=\"\" \/><\/li>\n<\/ul><\/div>\n<p>&nbsp;<\/p>\n<div class=\"ingrid in-thirds\">\n<div class=\"unit span-two\">\n<p>HeatWork Winter Insulation on hyvien eristysominaisuuksiensa ja kulutuksen kest\u00e4vyytens\u00e4 ansiosta luonnollinen valinta monille urakoitsijoille. Koska matot ovat kevyit\u00e4 ja saatavilla useille eri mitoilla, aina 24 m2 asti, on HeatWork Winter Insulationin k\u00e4ytt\u00e4minen betonit\u00f6iden yhteydess\u00e4 helppoa. Heijastava alapinta auttaa s\u00e4ilytt\u00e4m\u00e4\u00e4n betonin kovettuessaan muodostaman l\u00e4mm\u00f6n, ja varmistaa laadun ja lopputuloksen talviaikaan riippumatta ymp\u00e4rist\u00f6n l\u00e4mp\u00f6tilasta.<\/p>\n<p><em>Katso my\u00f6s HeatWork Concrete Systems ja kuinka kovettumisprosessin aikana voi l\u00e4mp\u00f6\u00e4 lis\u00e4\u00e4m\u00e4\u00e4ll\u00e4 varmistaa tasaisen l\u00e4mp\u00f6jakauman koko betonirakenteessa.<\/em><\/p>\n<p>Eristysmatoissa ei ole kapillaarisia ominaisuuksia, ja siksi ne eiv\u00e4t ved\u00e4 itseens\u00e4 kosteutta, vaikka pinnoitteeseen tulisi reiki\u00e4. Eristysmateriaalin keveys ja joustavuus tekee matoista helppoja k\u00e4sitell\u00e4 ja varastoida, ja t\u00e4ydellisi\u00e4 pakkassuojaukseen ep\u00e4tasaisilla alustoilla.<\/p>\n<p>Talvimattoja l\u00f6ytyy 3- ja 7-kerroksisina. HeatWorkin laitteiden kanssa k\u00e4ytettyn\u00e4 on 3-kerroksinen versio riitt\u00e4v\u00e4.<\/p>\n<\/div>\n<div class=\"unit\">\n<ul>\n<li>Suojaus betonit\u00f6iden yhteydess\u00e4<\/li>\n<li>Roudan sulatus<\/li>\n<li>Vesi- ja viem\u00e4riputkien eristys<\/li>\n<li>Ojien eristys<\/li>\n<li>Kaivettujen alueiden pakkassuojaus<\/li>\n<li>T\u00e4ytemateriaalien pakkassuojaus<\/li>\n<\/ul>\n<\/div>\n<\/div>\n","protected":false},"excerpt":{"rendered":"<p>&nbsp; HeatWork Winter Insulation on hyvien eristysominaisuuksiensa ja kulutuksen kest\u00e4vyytens\u00e4 ansiosta luonnollinen valinta monille urakoitsijoille. Koska matot ovat kevyit\u00e4 ja saatavilla useille eri mitoilla, aina 24 m2 asti, on HeatWork Winter Insulationin k\u00e4ytt\u00e4minen betonit\u00f6iden yhteydess\u00e4 helppoa. Heijastava alapinta auttaa s\u00e4ilytt\u00e4m\u00e4\u00e4n betonin kovettuessaan muodostaman l\u00e4mm\u00f6n, ja varmistaa laadun ja lopputuloksen talviaikaan riippumatta ymp\u00e4rist\u00f6n l\u00e4mp\u00f6tilasta. Katso my\u00f6s [&hellip;]<\/p>\n","protected":false},"author":1,"featured_media":0,"parent":15554,"menu_order":1,"comment_status":"closed","ping_status":"closed","template":"","meta":{"_acf_changed":false,"footnotes":"","_links_to":"","_links_to_target":""},"class_list":["post-15596","page","type-page","status-publish"],"acf":[],"_links":{"self":[{"href":"https:\/\/heatwork.com\/fi\/wp-json\/wp\/v2\/pages\/15596"}],"collection":[{"href":"https:\/\/heatwork.com\/fi\/wp-json\/wp\/v2\/pages"}],"about":[{"href":"https:\/\/heatwork.com\/fi\/wp-json\/wp\/v2\/types\/page"}],"author":[{"embeddable":true,"href":"https:\/\/heatwork.com\/fi\/wp-json\/wp\/v2\/users\/1"}],"replies":[{"embeddable":true,"href":"https:\/\/heatwork.com\/fi\/wp-json\/wp\/v2\/comments?post=15596"}],"version-history":[{"count":0,"href":"https:\/\/heatwork.com\/fi\/wp-json\/wp\/v2\/pages\/15596\/revisions"}],"up":[{"embeddable":true,"href":"https:\/\/heatwork.com\/fi\/wp-json\/wp\/v2\/pages\/15554"}],"wp:attachment":[{"href":"https:\/\/heatwork.com\/fi\/wp-json\/wp\/v2\/media?parent=15596"}],"curies":[{"name":"wp","href":"https:\/\/api.w.org\/{rel}","templated":true}]}}