{"id":15597,"date":"2013-09-24T16:45:38","date_gmt":"2013-09-24T14:45:38","guid":{"rendered":"https:\/\/heatwork.com\/?page_id=15597"},"modified":"2018-01-29T15:28:29","modified_gmt":"2018-01-29T14:28:29","slug":"laiteurakoitsijat","status":"publish","type":"page","link":"https:\/\/heatwork.com\/fi\/kayttokohteet\/talvieristys\/laiteurakoitsijat\/","title":{"rendered":"Laiteurakoitsijat"},"content":{"rendered":"<p><div class=\"o-carousel js-carousel\"><div class=\"o-carousel__main js-carousel-main tjvhm\" data-id=\"tjvhm\"><img loading=\"lazy\" decoding=\"async\" src=\"https:\/\/heatwork.com\/wp-content\/uploads\/2010\/11\/bilde32-855x940.jpg\" width=\"855\" height=\"940\" alt=\"\" \/>\n<img loading=\"lazy\" decoding=\"async\" src=\"https:\/\/heatwork.com\/wp-content\/uploads\/2013\/09\/13-Tining-f\u00f8r-gulvst\u00f8p-940x705.jpg\" width=\"940\" height=\"705\" alt=\"\" \/>\n<img loading=\"lazy\" decoding=\"async\" src=\"https:\/\/heatwork.com\/wp-content\/uploads\/2013\/09\/26-Smelting-av-is-p\u00e5-tak-940x705.jpg\" width=\"940\" height=\"705\" alt=\"\" \/>\n<img loading=\"lazy\" decoding=\"async\" src=\"https:\/\/heatwork.com\/wp-content\/uploads\/2013\/09\/27-Smelting-av-is-p\u00e5-tak-940x705.jpg\" width=\"940\" height=\"705\" alt=\"\" \/>\n<img loading=\"lazy\" decoding=\"async\" src=\"https:\/\/heatwork.com\/wp-content\/uploads\/2010\/11\/DSC00592-940x626.jpg\" width=\"940\" height=\"626\" alt=\"\" \/>\n<img loading=\"lazy\" decoding=\"async\" src=\"https:\/\/heatwork.com\/wp-content\/uploads\/2013\/09\/IMG_08241-705x940.jpg\" width=\"705\" height=\"940\" alt=\"\" \/>\n<img loading=\"lazy\" decoding=\"async\" src=\"https:\/\/heatwork.com\/wp-content\/uploads\/2010\/11\/DSC0052-787x940.jpg\" width=\"787\" height=\"940\" alt=\"\" \/>\n<img loading=\"lazy\" decoding=\"async\" src=\"https:\/\/heatwork.com\/wp-content\/uploads\/2013\/09\/DSC_0029-940x624.jpg\" width=\"940\" height=\"624\" alt=\"\" \/>\n<img loading=\"lazy\" decoding=\"async\" src=\"https:\/\/heatwork.com\/wp-content\/uploads\/2013\/09\/IMG_0759-940x705.jpg\" width=\"940\" height=\"705\" alt=\"\" \/>\n<\/div><ul class=\"o-carousel__nav js-carousel-nav\"><li><img loading=\"lazy\" decoding=\"async\" src=\"https:\/\/heatwork.com\/wp-content\/uploads\/2010\/11\/bilde32-290x290.jpg\" width=\"290\" height=\"290\" alt=\"\" \/><\/li>\n<li><img loading=\"lazy\" decoding=\"async\" src=\"https:\/\/heatwork.com\/wp-content\/uploads\/2013\/09\/13-Tining-f\u00f8r-gulvst\u00f8p-290x290.jpg\" width=\"290\" height=\"290\" alt=\"\" \/><\/li>\n<li><img loading=\"lazy\" decoding=\"async\" src=\"https:\/\/heatwork.com\/wp-content\/uploads\/2013\/09\/26-Smelting-av-is-p\u00e5-tak-290x290.jpg\" width=\"290\" height=\"290\" alt=\"\" \/><\/li>\n<li><img loading=\"lazy\" decoding=\"async\" src=\"https:\/\/heatwork.com\/wp-content\/uploads\/2013\/09\/27-Smelting-av-is-p\u00e5-tak-290x290.jpg\" width=\"290\" height=\"290\" alt=\"\" \/><\/li>\n<li><img loading=\"lazy\" decoding=\"async\" src=\"https:\/\/heatwork.com\/wp-content\/uploads\/2010\/11\/DSC00592-290x290.jpg\" width=\"290\" height=\"290\" alt=\"\" \/><\/li>\n<li><img loading=\"lazy\" decoding=\"async\" src=\"https:\/\/heatwork.com\/wp-content\/uploads\/2013\/09\/IMG_08241-290x290.jpg\" width=\"290\" height=\"290\" alt=\"\" \/><\/li>\n<li><img loading=\"lazy\" decoding=\"async\" src=\"https:\/\/heatwork.com\/wp-content\/uploads\/2010\/11\/DSC0052-290x290.jpg\" width=\"290\" height=\"290\" alt=\"\" \/><\/li>\n<li><img loading=\"lazy\" decoding=\"async\" src=\"https:\/\/heatwork.com\/wp-content\/uploads\/2013\/09\/DSC_0029-290x290.jpg\" width=\"290\" height=\"290\" alt=\"\" \/><\/li>\n<li><img loading=\"lazy\" decoding=\"async\" src=\"https:\/\/heatwork.com\/wp-content\/uploads\/2013\/09\/IMG_0759-290x290.jpg\" width=\"290\" height=\"290\" alt=\"\" \/><\/li>\n<\/ul><\/div><br \/>\n<\/p>\n<div class=\"ingrid in-thirds\">\n<div class=\"unit span-two\">\nHeatWork Winter Insulation on kehitetty erityisesti k\u00e4ytett\u00e4v\u00e4ksi vaativissa talviurakoissa. Talvimatot ovat muottonommeltuja vahvistetuilla pinnoilla, jonka ansiosta ne kest\u00e4v\u00e4t kulutusta ja ovat joustavia k\u00e4yt\u00f6ss\u00e4. Tuotteita on saatavilla useissa eri mitoissa, ja niit\u00e4 voi k\u00e4ytt\u00e4\u00e4 roudansulatukseen ja pakkassuojaukseen. Suuren eristyskyvyn ja heijastavan alapinnan avulla sulatettavassa maassa oleva l\u00e4mp\u00f6energia s\u00e4ilytet\u00e4\u00e4n uniikilla tavalla.<br \/>\n<br \/>\nEristysmatoissa ei ole kapillaarisia ominaisuuksia, eik\u00e4 se ved\u00e4 kosteutta itseens\u00e4 vaikka pintaan muodostuisi reiki\u00e4. Matala paino ja materiaalin joustavuus tekev\u00e4t talvimatoista helppoja k\u00e4sitell\u00e4 ja varastoida.<br \/>\n<br \/>\nTalvimattoja on saatavilla 3- ja 7-kerroksisina. Roudansulatukseen riitt\u00e4\u00e4 3-kerroksinen matto.\n<\/div>\n<div class=\"unit\">\n<ul>\n<li>Roudan sulatus<\/li>\n<li>Vesi- ja viem\u00e4riputkien eristys<\/li>\n<li>Ojien eristys<\/li>\n<li>Kaivettujen alueiden pakkassuojaus<\/li>\n<li>T\u00e4ytemateriaalien pakkassuojaus<\/li>\n<\/ul>\n<\/div>\n<\/div>\n","protected":false},"excerpt":{"rendered":"<p>HeatWork Winter Insulation on kehitetty erityisesti k\u00e4ytett\u00e4v\u00e4ksi vaativissa talviurakoissa. Talvimatot ovat muottonommeltuja vahvistetuilla pinnoilla, jonka ansiosta ne kest\u00e4v\u00e4t kulutusta ja ovat joustavia k\u00e4yt\u00f6ss\u00e4. Tuotteita on saatavilla useissa eri mitoissa, ja niit\u00e4 voi k\u00e4ytt\u00e4\u00e4 roudansulatukseen ja pakkassuojaukseen. Suuren eristyskyvyn ja heijastavan alapinnan avulla sulatettavassa maassa oleva l\u00e4mp\u00f6energia s\u00e4ilytet\u00e4\u00e4n uniikilla tavalla. Eristysmatoissa ei ole kapillaarisia ominaisuuksia, eik\u00e4 [&hellip;]<\/p>\n","protected":false},"author":1,"featured_media":0,"parent":15554,"menu_order":0,"comment_status":"closed","ping_status":"closed","template":"","meta":{"_acf_changed":false,"footnotes":"","_links_to":"","_links_to_target":""},"class_list":["post-15597","page","type-page","status-publish"],"acf":[],"_links":{"self":[{"href":"https:\/\/heatwork.com\/fi\/wp-json\/wp\/v2\/pages\/15597"}],"collection":[{"href":"https:\/\/heatwork.com\/fi\/wp-json\/wp\/v2\/pages"}],"about":[{"href":"https:\/\/heatwork.com\/fi\/wp-json\/wp\/v2\/types\/page"}],"author":[{"embeddable":true,"href":"https:\/\/heatwork.com\/fi\/wp-json\/wp\/v2\/users\/1"}],"replies":[{"embeddable":true,"href":"https:\/\/heatwork.com\/fi\/wp-json\/wp\/v2\/comments?post=15597"}],"version-history":[{"count":0,"href":"https:\/\/heatwork.com\/fi\/wp-json\/wp\/v2\/pages\/15597\/revisions"}],"up":[{"embeddable":true,"href":"https:\/\/heatwork.com\/fi\/wp-json\/wp\/v2\/pages\/15554"}],"wp:attachment":[{"href":"https:\/\/heatwork.com\/fi\/wp-json\/wp\/v2\/media?parent=15597"}],"curies":[{"name":"wp","href":"https:\/\/api.w.org\/{rel}","templated":true}]}}