{"id":15598,"date":"2013-09-24T16:45:13","date_gmt":"2013-09-24T14:45:13","guid":{"rendered":"https:\/\/heatwork.com\/?page_id=15598"},"modified":"2018-01-29T15:52:35","modified_gmt":"2018-01-29T14:52:35","slug":"metsanhoito","status":"publish","type":"page","link":"https:\/\/heatwork.com\/fi\/kayttokohteet\/ice-guard-systems\/metsanhoito\/","title":{"rendered":"Mets\u00e4nhoito"},"content":{"rendered":"<p><div class=\"o-carousel js-carousel\"><div class=\"o-carousel__main js-carousel-main vpcgu\" data-id=\"vpcgu\"><img loading=\"lazy\" decoding=\"async\" src=\"https:\/\/heatwork.com\/wp-content\/uploads\/2013\/09\/DSC_00272-940x624.jpg\" width=\"940\" height=\"624\" alt=\"\" \/>\n<img loading=\"lazy\" decoding=\"async\" src=\"https:\/\/heatwork.com\/wp-content\/uploads\/2013\/09\/DSC_0029-940x624.jpg\" width=\"940\" height=\"624\" alt=\"\" \/>\n<img loading=\"lazy\" decoding=\"async\" src=\"https:\/\/heatwork.com\/wp-content\/uploads\/2013\/09\/DSC_0026-624x940.jpg\" width=\"624\" height=\"940\" alt=\"\" \/>\n<img loading=\"lazy\" decoding=\"async\" src=\"https:\/\/heatwork.com\/wp-content\/uploads\/2013\/09\/IMG_0077-940x705.jpg\" width=\"940\" height=\"705\" alt=\"\" \/>\n<img loading=\"lazy\" decoding=\"async\" src=\"https:\/\/heatwork.com\/wp-content\/uploads\/2013\/09\/IMG_0005-940x705.jpg\" width=\"940\" height=\"705\" alt=\"\" \/>\n<img loading=\"lazy\" decoding=\"async\" src=\"https:\/\/heatwork.com\/wp-content\/uploads\/2013\/09\/IMG_0082-940x705.jpg\" width=\"940\" height=\"705\" alt=\"\" \/>\n<\/div><ul class=\"o-carousel__nav js-carousel-nav\"><li><img loading=\"lazy\" decoding=\"async\" src=\"https:\/\/heatwork.com\/wp-content\/uploads\/2013\/09\/DSC_00272-290x290.jpg\" width=\"290\" height=\"290\" alt=\"\" \/><\/li>\n<li><img loading=\"lazy\" decoding=\"async\" src=\"https:\/\/heatwork.com\/wp-content\/uploads\/2013\/09\/DSC_0029-290x290.jpg\" width=\"290\" height=\"290\" alt=\"\" \/><\/li>\n<li><img loading=\"lazy\" decoding=\"async\" src=\"https:\/\/heatwork.com\/wp-content\/uploads\/2013\/09\/DSC_0026-290x290.jpg\" width=\"290\" height=\"290\" alt=\"\" \/><\/li>\n<li><img loading=\"lazy\" decoding=\"async\" src=\"https:\/\/heatwork.com\/wp-content\/uploads\/2013\/09\/IMG_0077-290x290.jpg\" width=\"290\" height=\"290\" alt=\"\" \/><\/li>\n<li><img loading=\"lazy\" decoding=\"async\" src=\"https:\/\/heatwork.com\/wp-content\/uploads\/2013\/09\/IMG_0005-290x290.jpg\" width=\"290\" height=\"290\" alt=\"\" \/><\/li>\n<li><img loading=\"lazy\" decoding=\"async\" src=\"https:\/\/heatwork.com\/wp-content\/uploads\/2013\/09\/IMG_0082-290x290.jpg\" width=\"290\" height=\"290\" alt=\"\" \/><\/li>\n<\/ul><\/div><br \/>\n<\/p>\n<div class=\"ingrid in-thirds\">\n<div class=\"unit span-two\">\nHeatWorkin siirrett\u00e4vien l\u00e4mp\u00f6ratkaisujen avulla voit yksinkertaistaa mets\u00e4nhoitoa talvella. Patentoitua nestepohjaista l\u00e4mp\u00f6teknologiaamme voi k\u00e4ytt\u00e4\u00e4 moneen eri tarkoitukseen, ja samaa laitetta voi k\u00e4ytt\u00e4\u00e4 esimerkiksi j\u00e4\u00e4n ja lumen sulatukseen, siltarumpujen sulatukseen, parakkien l\u00e4mmitykseen ja jopa l\u00e4mm\u00f6n ja s\u00e4hk\u00f6n tuotantoon! Laitteiden keveyden ja kompaktin muotoilun ansiosta niit\u00e4 on helppo siirt\u00e4\u00e4 traktorilla, ATV:lla, lumikelkalla tai helikopterilla.\n<\/div>\n<div class=\"unit\">\n<ul>\n<li>Lumen ja j\u00e4\u00e4n sulatus<\/li>\n<li>Siltarumpujen avaus<\/li>\n<li>L\u00e4mmitys<\/li>\n<li>L\u00e4mpim\u00e4n veden tuotto<\/li>\n<li>S\u00e4hk\u00f6ntuotto<\/li>\n<\/ul>\n<\/div>\n<\/div>\n","protected":false},"excerpt":{"rendered":"<p>HeatWorkin siirrett\u00e4vien l\u00e4mp\u00f6ratkaisujen avulla voit yksinkertaistaa mets\u00e4nhoitoa talvella. Patentoitua nestepohjaista l\u00e4mp\u00f6teknologiaamme voi k\u00e4ytt\u00e4\u00e4 moneen eri tarkoitukseen, ja samaa laitetta voi k\u00e4ytt\u00e4\u00e4 esimerkiksi j\u00e4\u00e4n ja lumen sulatukseen, siltarumpujen sulatukseen, parakkien l\u00e4mmitykseen ja jopa l\u00e4mm\u00f6n ja s\u00e4hk\u00f6n tuotantoon! Laitteiden keveyden ja kompaktin muotoilun ansiosta niit\u00e4 on helppo siirt\u00e4\u00e4 traktorilla, ATV:lla, lumikelkalla tai helikopterilla. Lumen ja j\u00e4\u00e4n sulatus [&hellip;]<\/p>\n","protected":false},"author":1,"featured_media":0,"parent":15650,"menu_order":4,"comment_status":"closed","ping_status":"closed","template":"","meta":{"_acf_changed":false,"footnotes":"","_links_to":"","_links_to_target":""},"class_list":["post-15598","page","type-page","status-publish"],"acf":[],"_links":{"self":[{"href":"https:\/\/heatwork.com\/fi\/wp-json\/wp\/v2\/pages\/15598"}],"collection":[{"href":"https:\/\/heatwork.com\/fi\/wp-json\/wp\/v2\/pages"}],"about":[{"href":"https:\/\/heatwork.com\/fi\/wp-json\/wp\/v2\/types\/page"}],"author":[{"embeddable":true,"href":"https:\/\/heatwork.com\/fi\/wp-json\/wp\/v2\/users\/1"}],"replies":[{"embeddable":true,"href":"https:\/\/heatwork.com\/fi\/wp-json\/wp\/v2\/comments?post=15598"}],"version-history":[{"count":0,"href":"https:\/\/heatwork.com\/fi\/wp-json\/wp\/v2\/pages\/15598\/revisions"}],"up":[{"embeddable":true,"href":"https:\/\/heatwork.com\/fi\/wp-json\/wp\/v2\/pages\/15650"}],"wp:attachment":[{"href":"https:\/\/heatwork.com\/fi\/wp-json\/wp\/v2\/media?parent=15598"}],"curies":[{"name":"wp","href":"https:\/\/api.w.org\/{rel}","templated":true}]}}