{"id":15599,"date":"2013-09-24T16:44:57","date_gmt":"2013-09-24T14:44:57","guid":{"rendered":"https:\/\/heatwork.com\/?page_id=15599"},"modified":"2018-01-29T15:51:17","modified_gmt":"2018-01-29T14:51:17","slug":"kuntatekniikka","status":"publish","type":"page","link":"https:\/\/heatwork.com\/fi\/kayttokohteet\/ice-guard-systems\/kuntatekniikka\/","title":{"rendered":"Kuntatekniikka"},"content":{"rendered":"<p><div class=\"o-carousel js-carousel\"><div class=\"o-carousel__main js-carousel-main lxhpn\" data-id=\"lxhpn\"><img loading=\"lazy\" decoding=\"async\" src=\"https:\/\/heatwork.com\/wp-content\/uploads\/2013\/09\/DSC_0010-21-940x624.jpg\" width=\"940\" height=\"624\" alt=\"\" \/>\n<img loading=\"lazy\" decoding=\"async\" src=\"https:\/\/heatwork.com\/wp-content\/uploads\/2013\/09\/DSC_0140_Cut1-940x883.jpg\" width=\"940\" height=\"883\" alt=\"\" \/>\n<img loading=\"lazy\" decoding=\"async\" src=\"https:\/\/heatwork.com\/wp-content\/uploads\/2013\/09\/IMG_60491-940x705.jpg\" width=\"940\" height=\"705\" alt=\"\" \/>\n<img loading=\"lazy\" decoding=\"async\" src=\"https:\/\/heatwork.com\/wp-content\/uploads\/2013\/09\/DSC_01461-624x940.jpg\" width=\"624\" height=\"940\" alt=\"\" \/>\n<img loading=\"lazy\" decoding=\"async\" src=\"https:\/\/heatwork.com\/wp-content\/uploads\/2013\/09\/DSC_00131-940x624.jpg\" width=\"940\" height=\"624\" alt=\"\" \/>\n<img loading=\"lazy\" decoding=\"async\" src=\"https:\/\/heatwork.com\/wp-content\/uploads\/2013\/09\/Stikkrenne21-878x940.jpg\" width=\"878\" height=\"940\" alt=\"\" \/>\n<img loading=\"lazy\" decoding=\"async\" src=\"https:\/\/heatwork.com\/wp-content\/uploads\/2013\/09\/PA2005851-940x705.jpg\" width=\"940\" height=\"705\" alt=\"\" \/>\n<img loading=\"lazy\" decoding=\"async\" src=\"https:\/\/heatwork.com\/wp-content\/uploads\/2013\/09\/DSC_02461-940x625.jpg\" width=\"940\" height=\"625\" alt=\"\" \/>\n<img loading=\"lazy\" decoding=\"async\" src=\"https:\/\/heatwork.com\/wp-content\/uploads\/2013\/09\/HW-+-ballbinge1-940x625.jpg\" width=\"940\" height=\"625\" alt=\"\" \/>\n<\/div><ul class=\"o-carousel__nav js-carousel-nav\"><li><img loading=\"lazy\" decoding=\"async\" src=\"https:\/\/heatwork.com\/wp-content\/uploads\/2013\/09\/DSC_0010-21-290x290.jpg\" width=\"290\" height=\"290\" alt=\"\" \/><\/li>\n<li><img loading=\"lazy\" decoding=\"async\" src=\"https:\/\/heatwork.com\/wp-content\/uploads\/2013\/09\/DSC_0140_Cut1-290x290.jpg\" width=\"290\" height=\"290\" alt=\"\" \/><\/li>\n<li><img loading=\"lazy\" decoding=\"async\" src=\"https:\/\/heatwork.com\/wp-content\/uploads\/2013\/09\/IMG_60491-290x290.jpg\" width=\"290\" height=\"290\" alt=\"\" \/><\/li>\n<li><img loading=\"lazy\" decoding=\"async\" src=\"https:\/\/heatwork.com\/wp-content\/uploads\/2013\/09\/DSC_01461-290x290.jpg\" width=\"290\" height=\"290\" alt=\"\" \/><\/li>\n<li><img loading=\"lazy\" decoding=\"async\" src=\"https:\/\/heatwork.com\/wp-content\/uploads\/2013\/09\/DSC_00131-290x290.jpg\" width=\"290\" height=\"290\" alt=\"\" \/><\/li>\n<li><img loading=\"lazy\" decoding=\"async\" src=\"https:\/\/heatwork.com\/wp-content\/uploads\/2013\/09\/Stikkrenne21-290x290.jpg\" width=\"290\" height=\"290\" alt=\"\" \/><\/li>\n<li><img loading=\"lazy\" decoding=\"async\" src=\"https:\/\/heatwork.com\/wp-content\/uploads\/2013\/09\/PA2005851-290x290.jpg\" width=\"290\" height=\"290\" alt=\"\" \/><\/li>\n<li><img loading=\"lazy\" decoding=\"async\" src=\"https:\/\/heatwork.com\/wp-content\/uploads\/2013\/09\/DSC_02461-290x290.jpg\" width=\"290\" height=\"290\" alt=\"\" \/><\/li>\n<li><img loading=\"lazy\" decoding=\"async\" src=\"https:\/\/heatwork.com\/wp-content\/uploads\/2013\/09\/HW-+-ballbinge1-290x290.jpg\" width=\"290\" height=\"290\" alt=\"\" \/><\/li>\n<\/ul><\/div><br \/>\n<\/p>\n<div class=\"ingrid in-thirds\">\n<div class=\"unit span-two\">\nHeatWorkin joustavat l\u00e4mp\u00f6ratkaisut auttavat kuntateknisten haasteiden ratkaisemisessa yh\u00e4 useammassa kunnassa niin koti- kuin ulkomaillakin. Syyn\u00e4 t\u00e4h\u00e4n ovat kustannustehokkuuden ja ymp\u00e4rist\u00f6yst\u00e4v\u00e4llisyyden kasvanut merkitys, sek\u00e4 mahdollisuus suorittaa enenem\u00e4ss\u00e4 m\u00e4\u00e4rin talvit\u00f6it\u00e4 omin resurssein. HeatWorkin laitteet voi ottaa my\u00f6s osaksi kunnan valmiussuunnitelmaa l\u00e4mmityksen ja l\u00e4mpim\u00e4n veden tuotantoon pienten tai suurten kriisien yhteydess\u00e4.\n<\/div>\n<div class=\"unit\">\n<ul>\n<li>Siltarumpujen avaus<\/li>\n<\/ul>\n<\/div>\n<\/div>\n","protected":false},"excerpt":{"rendered":"<p>HeatWorkin joustavat l\u00e4mp\u00f6ratkaisut auttavat kuntateknisten haasteiden ratkaisemisessa yh\u00e4 useammassa kunnassa niin koti- kuin ulkomaillakin. Syyn\u00e4 t\u00e4h\u00e4n ovat kustannustehokkuuden ja ymp\u00e4rist\u00f6yst\u00e4v\u00e4llisyyden kasvanut merkitys, sek\u00e4 mahdollisuus suorittaa enenem\u00e4ss\u00e4 m\u00e4\u00e4rin talvit\u00f6it\u00e4 omin resurssein. HeatWorkin laitteet voi ottaa my\u00f6s osaksi kunnan valmiussuunnitelmaa l\u00e4mmityksen ja l\u00e4mpim\u00e4n veden tuotantoon pienten tai suurten kriisien yhteydess\u00e4. Siltarumpujen avaus<\/p>\n","protected":false},"author":1,"featured_media":0,"parent":15650,"menu_order":3,"comment_status":"closed","ping_status":"closed","template":"","meta":{"_acf_changed":false,"footnotes":"","_links_to":"","_links_to_target":""},"class_list":["post-15599","page","type-page","status-publish"],"acf":[],"_links":{"self":[{"href":"https:\/\/heatwork.com\/fi\/wp-json\/wp\/v2\/pages\/15599"}],"collection":[{"href":"https:\/\/heatwork.com\/fi\/wp-json\/wp\/v2\/pages"}],"about":[{"href":"https:\/\/heatwork.com\/fi\/wp-json\/wp\/v2\/types\/page"}],"author":[{"embeddable":true,"href":"https:\/\/heatwork.com\/fi\/wp-json\/wp\/v2\/users\/1"}],"replies":[{"embeddable":true,"href":"https:\/\/heatwork.com\/fi\/wp-json\/wp\/v2\/comments?post=15599"}],"version-history":[{"count":0,"href":"https:\/\/heatwork.com\/fi\/wp-json\/wp\/v2\/pages\/15599\/revisions"}],"up":[{"embeddable":true,"href":"https:\/\/heatwork.com\/fi\/wp-json\/wp\/v2\/pages\/15650"}],"wp:attachment":[{"href":"https:\/\/heatwork.com\/fi\/wp-json\/wp\/v2\/media?parent=15599"}],"curies":[{"name":"wp","href":"https:\/\/api.w.org\/{rel}","templated":true}]}}