{"id":15600,"date":"2013-09-24T16:44:37","date_gmt":"2013-09-24T14:44:37","guid":{"rendered":"https:\/\/heatwork.com\/?page_id=15600"},"modified":"2018-01-29T15:49:35","modified_gmt":"2018-01-29T14:49:35","slug":"hautausmaat","status":"publish","type":"page","link":"https:\/\/heatwork.com\/fi\/kayttokohteet\/ice-guard-systems\/hautausmaat\/","title":{"rendered":"Hautausmaat"},"content":{"rendered":"<p><div class=\"o-carousel js-carousel\"><div class=\"o-carousel__main js-carousel-main hlexo\" data-id=\"hlexo\"><img loading=\"lazy\" decoding=\"async\" src=\"https:\/\/heatwork.com\/wp-content\/uploads\/2013\/09\/20130429_142015-940x705.jpg\" width=\"940\" height=\"705\" alt=\"\" \/>\n<img loading=\"lazy\" decoding=\"async\" src=\"https:\/\/heatwork.com\/wp-content\/uploads\/2013\/09\/20130429_143347-940x705.jpg\" width=\"940\" height=\"705\" alt=\"\" \/>\n<img loading=\"lazy\" decoding=\"async\" src=\"https:\/\/heatwork.com\/wp-content\/uploads\/2013\/09\/SAM_0448-940x705.jpg\" width=\"940\" height=\"705\" alt=\"\" \/>\n<img loading=\"lazy\" decoding=\"async\" src=\"https:\/\/heatwork.com\/wp-content\/uploads\/2013\/09\/SAM_0456-940x705.jpg\" width=\"940\" height=\"705\" alt=\"\" \/>\n<\/div><ul class=\"o-carousel__nav js-carousel-nav\"><li><img loading=\"lazy\" decoding=\"async\" src=\"https:\/\/heatwork.com\/wp-content\/uploads\/2013\/09\/20130429_142015-290x290.jpg\" width=\"290\" height=\"290\" alt=\"\" \/><\/li>\n<li><img loading=\"lazy\" decoding=\"async\" src=\"https:\/\/heatwork.com\/wp-content\/uploads\/2013\/09\/20130429_143347-290x290.jpg\" width=\"290\" height=\"290\" alt=\"\" \/><\/li>\n<li><img loading=\"lazy\" decoding=\"async\" src=\"https:\/\/heatwork.com\/wp-content\/uploads\/2013\/09\/SAM_0448-290x290.jpg\" width=\"290\" height=\"290\" alt=\"\" \/><\/li>\n<li><img loading=\"lazy\" decoding=\"async\" src=\"https:\/\/heatwork.com\/wp-content\/uploads\/2013\/09\/SAM_0456-290x290.jpg\" width=\"290\" height=\"290\" alt=\"\" \/><\/li>\n<\/ul><\/div><br \/>\n<\/p>\n<div class=\"ingrid in-thirds\">\n<div class=\"unit span-two\">\nHeatWorkin kompakti muotoilu ja korkea suorituskyky helpottaa hautausmaiden talvit\u00f6it\u00e4 olennaisesti. Laitteet voi siirt\u00e4\u00e4 helposti pienemmill\u00e4kin ajoneuvoilla ja ne ovat joustavia sijoituksen suhteen. Patentoidun IGS-sulatusteknologiamme ja 100 asteen nesteenl\u00e4mm\u00f6n avulla suurin osa sulatust\u00f6ist\u00e4 valmistuu alle vuorokaudessa. HeatWorkin tuotteet eiv\u00e4t ole riippuvaisia ulkoisesta virransy\u00f6t\u00f6st\u00e4 tai polttoainetankeista, ja palkintoja voittanut teollinen muotoilu on hiljainen ja ymp\u00e4rist\u00f6yst\u00e4v\u00e4llinen.\n<\/div>\n<div class=\"unit\">\n<ul>\n<li>Siltarumpujen avaus<\/li>\n<li>Hautojen sulatus<\/li>\n<\/ul>\n<\/div>\n<\/div>\n","protected":false},"excerpt":{"rendered":"<p>HeatWorkin kompakti muotoilu ja korkea suorituskyky helpottaa hautausmaiden talvit\u00f6it\u00e4 olennaisesti. Laitteet voi siirt\u00e4\u00e4 helposti pienemmill\u00e4kin ajoneuvoilla ja ne ovat joustavia sijoituksen suhteen. Patentoidun IGS-sulatusteknologiamme ja 100 asteen nesteenl\u00e4mm\u00f6n avulla suurin osa sulatust\u00f6ist\u00e4 valmistuu alle vuorokaudessa. HeatWorkin tuotteet eiv\u00e4t ole riippuvaisia ulkoisesta virransy\u00f6t\u00f6st\u00e4 tai polttoainetankeista, ja palkintoja voittanut teollinen muotoilu on hiljainen ja ymp\u00e4rist\u00f6yst\u00e4v\u00e4llinen. Siltarumpujen avaus [&hellip;]<\/p>\n","protected":false},"author":1,"featured_media":0,"parent":15650,"menu_order":2,"comment_status":"closed","ping_status":"closed","template":"","meta":{"_acf_changed":false,"footnotes":"","_links_to":"","_links_to_target":""},"class_list":["post-15600","page","type-page","status-publish"],"acf":[],"_links":{"self":[{"href":"https:\/\/heatwork.com\/fi\/wp-json\/wp\/v2\/pages\/15600"}],"collection":[{"href":"https:\/\/heatwork.com\/fi\/wp-json\/wp\/v2\/pages"}],"about":[{"href":"https:\/\/heatwork.com\/fi\/wp-json\/wp\/v2\/types\/page"}],"author":[{"embeddable":true,"href":"https:\/\/heatwork.com\/fi\/wp-json\/wp\/v2\/users\/1"}],"replies":[{"embeddable":true,"href":"https:\/\/heatwork.com\/fi\/wp-json\/wp\/v2\/comments?post=15600"}],"version-history":[{"count":0,"href":"https:\/\/heatwork.com\/fi\/wp-json\/wp\/v2\/pages\/15600\/revisions"}],"up":[{"embeddable":true,"href":"https:\/\/heatwork.com\/fi\/wp-json\/wp\/v2\/pages\/15650"}],"wp:attachment":[{"href":"https:\/\/heatwork.com\/fi\/wp-json\/wp\/v2\/media?parent=15600"}],"curies":[{"name":"wp","href":"https:\/\/api.w.org\/{rel}","templated":true}]}}