{"id":15601,"date":"2013-09-24T16:44:26","date_gmt":"2013-09-24T14:44:26","guid":{"rendered":"https:\/\/heatwork.com\/?page_id=15601"},"modified":"2018-01-29T15:48:14","modified_gmt":"2018-01-29T14:48:14","slug":"huoltoyhtiot","status":"publish","type":"page","link":"https:\/\/heatwork.com\/fi\/kayttokohteet\/ice-guard-systems\/huoltoyhtiot\/","title":{"rendered":"Huoltoyhti\u00f6t"},"content":{"rendered":"<p><div class=\"o-carousel js-carousel\"><div class=\"o-carousel__main js-carousel-main iuxlo\" data-id=\"iuxlo\"><img loading=\"lazy\" decoding=\"async\" src=\"https:\/\/heatwork.com\/wp-content\/uploads\/2013\/09\/DSC_0027-24-940x624.jpg\" width=\"940\" height=\"624\" alt=\"\" \/>\n<img loading=\"lazy\" decoding=\"async\" src=\"https:\/\/heatwork.com\/wp-content\/uploads\/2014\/09\/Mesta-II.jpg\" width=\"800\" height=\"533\" alt=\"\" \/>\n<img loading=\"lazy\" decoding=\"async\" src=\"https:\/\/heatwork.com\/wp-content\/uploads\/2013\/09\/DSC_00403-940x625.jpg\" width=\"940\" height=\"625\" alt=\"\" \/>\n<img loading=\"lazy\" decoding=\"async\" src=\"https:\/\/heatwork.com\/wp-content\/uploads\/2013\/09\/DSC_00711-940x625.jpg\" width=\"940\" height=\"625\" alt=\"\" \/>\n<img loading=\"lazy\" decoding=\"async\" src=\"https:\/\/heatwork.com\/wp-content\/uploads\/2013\/09\/IMG_60493-940x705.jpg\" width=\"940\" height=\"705\" alt=\"\" \/>\n<\/div><ul class=\"o-carousel__nav js-carousel-nav\"><li><img loading=\"lazy\" decoding=\"async\" src=\"https:\/\/heatwork.com\/wp-content\/uploads\/2013\/09\/DSC_0027-24-290x290.jpg\" width=\"290\" height=\"290\" alt=\"\" \/><\/li>\n<li><img loading=\"lazy\" decoding=\"async\" src=\"https:\/\/heatwork.com\/wp-content\/uploads\/2014\/09\/Mesta-II-290x290.jpg\" width=\"290\" height=\"290\" alt=\"\" \/><\/li>\n<li><img loading=\"lazy\" decoding=\"async\" src=\"https:\/\/heatwork.com\/wp-content\/uploads\/2013\/09\/DSC_00403-290x290.jpg\" width=\"290\" height=\"290\" alt=\"\" \/><\/li>\n<li><img loading=\"lazy\" decoding=\"async\" src=\"https:\/\/heatwork.com\/wp-content\/uploads\/2013\/09\/DSC_00711-290x290.jpg\" width=\"290\" height=\"290\" alt=\"\" \/><\/li>\n<li><img loading=\"lazy\" decoding=\"async\" src=\"https:\/\/heatwork.com\/wp-content\/uploads\/2013\/09\/IMG_60493-290x290.jpg\" width=\"290\" height=\"290\" alt=\"\" \/><\/li>\n<\/ul><\/div><br \/>\n<\/p>\n<div class=\"ingrid in-thirds\">\n<div class=\"unit span-two\">\nHeatWorkin ratkaisut kattavat talvitoiminnan puutteet ja samalla tukevat jo olemassa olevia k\u00e4yt\u00e4nt\u00f6j\u00e4. Kompakti muotoilu ja helppo yll\u00e4pito v\u00e4hent\u00e4\u00e4 miehityksen ja koneresurssien tarvetta huomattavasti. Samanaikaisesti ty\u00f6ntekij\u00f6iden ja liikkujien turvallisuus paranee huomattavasti, ja n\u00e4in v\u00e4ltet\u00e4\u00e4n sellaisen infrastruktuurin, joka ei pysty toimimaan normaalilla tavalla, yhteiskunnalliset kulut.\n<\/div>\n<div class=\"unit\">\n<ul>\n<li>Siltarumpujen avaus<\/li>\n<\/ul>\n<\/div>\n<\/div>\n","protected":false},"excerpt":{"rendered":"<p>HeatWorkin ratkaisut kattavat talvitoiminnan puutteet ja samalla tukevat jo olemassa olevia k\u00e4yt\u00e4nt\u00f6j\u00e4. Kompakti muotoilu ja helppo yll\u00e4pito v\u00e4hent\u00e4\u00e4 miehityksen ja koneresurssien tarvetta huomattavasti. Samanaikaisesti ty\u00f6ntekij\u00f6iden ja liikkujien turvallisuus paranee huomattavasti, ja n\u00e4in v\u00e4ltet\u00e4\u00e4n sellaisen infrastruktuurin, joka ei pysty toimimaan normaalilla tavalla, yhteiskunnalliset kulut. Siltarumpujen avaus<\/p>\n","protected":false},"author":1,"featured_media":0,"parent":15650,"menu_order":1,"comment_status":"closed","ping_status":"closed","template":"","meta":{"_acf_changed":false,"footnotes":"","_links_to":"","_links_to_target":""},"class_list":["post-15601","page","type-page","status-publish"],"acf":[],"_links":{"self":[{"href":"https:\/\/heatwork.com\/fi\/wp-json\/wp\/v2\/pages\/15601"}],"collection":[{"href":"https:\/\/heatwork.com\/fi\/wp-json\/wp\/v2\/pages"}],"about":[{"href":"https:\/\/heatwork.com\/fi\/wp-json\/wp\/v2\/types\/page"}],"author":[{"embeddable":true,"href":"https:\/\/heatwork.com\/fi\/wp-json\/wp\/v2\/users\/1"}],"replies":[{"embeddable":true,"href":"https:\/\/heatwork.com\/fi\/wp-json\/wp\/v2\/comments?post=15601"}],"version-history":[{"count":0,"href":"https:\/\/heatwork.com\/fi\/wp-json\/wp\/v2\/pages\/15601\/revisions"}],"up":[{"embeddable":true,"href":"https:\/\/heatwork.com\/fi\/wp-json\/wp\/v2\/pages\/15650"}],"wp:attachment":[{"href":"https:\/\/heatwork.com\/fi\/wp-json\/wp\/v2\/media?parent=15601"}],"curies":[{"name":"wp","href":"https:\/\/api.w.org\/{rel}","templated":true}]}}