{"id":15602,"date":"2013-09-24T16:44:09","date_gmt":"2013-09-24T14:44:09","guid":{"rendered":"https:\/\/heatwork.com\/?page_id=15602"},"modified":"2018-01-29T15:46:41","modified_gmt":"2018-01-29T14:46:41","slug":"tieurakoitsijat","status":"publish","type":"page","link":"https:\/\/heatwork.com\/fi\/kayttokohteet\/ice-guard-systems\/tieurakoitsijat\/","title":{"rendered":"Tieurakoitsijat"},"content":{"rendered":"<p><div class=\"o-carousel js-carousel\"><div class=\"o-carousel__main js-carousel-main yuqfo\" data-id=\"yuqfo\"><img loading=\"lazy\" decoding=\"async\" src=\"https:\/\/heatwork.com\/wp-content\/uploads\/2014\/09\/Mesta.jpg\" width=\"800\" height=\"533\" alt=\"\" \/>\n<img loading=\"lazy\" decoding=\"async\" src=\"https:\/\/heatwork.com\/wp-content\/uploads\/2014\/09\/Mesta-II.jpg\" width=\"800\" height=\"533\" alt=\"\" \/>\n<img loading=\"lazy\" decoding=\"async\" src=\"https:\/\/heatwork.com\/wp-content\/uploads\/2013\/09\/DSC_0140_Cut4-940x883.jpg\" width=\"940\" height=\"883\" alt=\"\" \/>\n<img loading=\"lazy\" decoding=\"async\" src=\"https:\/\/heatwork.com\/wp-content\/uploads\/2013\/09\/Orne32-625x940.jpg\" width=\"625\" height=\"940\" alt=\"\" \/>\n<img loading=\"lazy\" decoding=\"async\" src=\"https:\/\/heatwork.com\/wp-content\/uploads\/2013\/09\/DSC_0027-24-940x624.jpg\" width=\"940\" height=\"624\" alt=\"\" \/>\n<img loading=\"lazy\" decoding=\"async\" src=\"https:\/\/heatwork.com\/wp-content\/uploads\/2013\/09\/DSC_0009-22-940x624.jpg\" width=\"940\" height=\"624\" alt=\"\" \/>\n<img loading=\"lazy\" decoding=\"async\" src=\"https:\/\/heatwork.com\/wp-content\/uploads\/2013\/09\/Stikkrenne24-878x940.jpg\" width=\"878\" height=\"940\" alt=\"\" \/>\n<img loading=\"lazy\" decoding=\"async\" src=\"https:\/\/heatwork.com\/wp-content\/uploads\/2013\/09\/DSC_00403-940x625.jpg\" width=\"940\" height=\"625\" alt=\"\" \/>\n<img loading=\"lazy\" decoding=\"async\" src=\"https:\/\/heatwork.com\/wp-content\/uploads\/2013\/09\/DSC_00711-940x625.jpg\" width=\"940\" height=\"625\" alt=\"\" \/>\n<\/div><ul class=\"o-carousel__nav js-carousel-nav\"><li><img loading=\"lazy\" decoding=\"async\" src=\"https:\/\/heatwork.com\/wp-content\/uploads\/2014\/09\/Mesta-290x290.jpg\" width=\"290\" height=\"290\" alt=\"\" \/><\/li>\n<li><img loading=\"lazy\" decoding=\"async\" src=\"https:\/\/heatwork.com\/wp-content\/uploads\/2014\/09\/Mesta-II-290x290.jpg\" width=\"290\" height=\"290\" alt=\"\" \/><\/li>\n<li><img loading=\"lazy\" decoding=\"async\" src=\"https:\/\/heatwork.com\/wp-content\/uploads\/2013\/09\/DSC_0140_Cut4-290x290.jpg\" width=\"290\" height=\"290\" alt=\"\" \/><\/li>\n<li><img loading=\"lazy\" decoding=\"async\" src=\"https:\/\/heatwork.com\/wp-content\/uploads\/2013\/09\/Orne32-290x290.jpg\" width=\"290\" height=\"290\" alt=\"\" \/><\/li>\n<li><img loading=\"lazy\" decoding=\"async\" src=\"https:\/\/heatwork.com\/wp-content\/uploads\/2013\/09\/DSC_0027-24-290x290.jpg\" width=\"290\" height=\"290\" alt=\"\" \/><\/li>\n<li><img loading=\"lazy\" decoding=\"async\" src=\"https:\/\/heatwork.com\/wp-content\/uploads\/2013\/09\/DSC_0009-22-290x290.jpg\" width=\"290\" height=\"290\" alt=\"\" \/><\/li>\n<li><img loading=\"lazy\" decoding=\"async\" src=\"https:\/\/heatwork.com\/wp-content\/uploads\/2013\/09\/Stikkrenne24-290x290.jpg\" width=\"290\" height=\"290\" alt=\"\" \/><\/li>\n<li><img loading=\"lazy\" decoding=\"async\" src=\"https:\/\/heatwork.com\/wp-content\/uploads\/2013\/09\/DSC_00403-290x290.jpg\" width=\"290\" height=\"290\" alt=\"\" \/><\/li>\n<li><img loading=\"lazy\" decoding=\"async\" src=\"https:\/\/heatwork.com\/wp-content\/uploads\/2013\/09\/DSC_00711-290x290.jpg\" width=\"290\" height=\"290\" alt=\"\" \/><\/li>\n<\/ul><\/div><br \/>\n<\/p>\n<div class=\"ingrid in-thirds\">\n<div class=\"unit span-two\">\nHeatWorkin ratkaisut t\u00e4ytt\u00e4v\u00e4t talvitoiminnan puutteet ja samalla tukevat jo olemassa olevia k\u00e4yt\u00e4nt\u00f6j\u00e4. Kompakti muotoilu ja helppo yll\u00e4pito v\u00e4hent\u00e4v\u00e4t miehityksen ja resurssien tarvetta huomattavasti. Samanaikaisesti ty\u00f6ntekij\u00f6iden ja liikkujien turvallisuus paranee, ja normaaliin toimintaan kykenem\u00e4tt\u00f6m\u00e4n infrastruktuuriin liittyv\u00e4t yhteiskunnalliset kulut v\u00e4ltet\u00e4\u00e4n.\n<\/div>\n<div class=\"unit\">\n<ul>\n<li>Siltarumpujen avaus<\/li>\n<li>J\u00e4\u00e4n sulatus ojista<\/li>\n<li>Roudan, j\u00e4\u00e4n ja lumen sulatus<\/li>\n<li>Perusteiden, viem\u00e4r\u00f6intien ja kylttien sulatus<\/li>\n<\/ul>\n<\/div>\n<\/div>\n","protected":false},"excerpt":{"rendered":"<p>HeatWorkin ratkaisut t\u00e4ytt\u00e4v\u00e4t talvitoiminnan puutteet ja samalla tukevat jo olemassa olevia k\u00e4yt\u00e4nt\u00f6j\u00e4. Kompakti muotoilu ja helppo yll\u00e4pito v\u00e4hent\u00e4v\u00e4t miehityksen ja resurssien tarvetta huomattavasti. Samanaikaisesti ty\u00f6ntekij\u00f6iden ja liikkujien turvallisuus paranee, ja normaaliin toimintaan kykenem\u00e4tt\u00f6m\u00e4n infrastruktuuriin liittyv\u00e4t yhteiskunnalliset kulut v\u00e4ltet\u00e4\u00e4n. Siltarumpujen avaus J\u00e4\u00e4n sulatus ojista Roudan, j\u00e4\u00e4n ja lumen sulatus Perusteiden, viem\u00e4r\u00f6intien ja kylttien sulatus<\/p>\n","protected":false},"author":1,"featured_media":0,"parent":15650,"menu_order":0,"comment_status":"closed","ping_status":"closed","template":"","meta":{"_acf_changed":false,"footnotes":"","_links_to":"","_links_to_target":""},"class_list":["post-15602","page","type-page","status-publish"],"acf":[],"_links":{"self":[{"href":"https:\/\/heatwork.com\/fi\/wp-json\/wp\/v2\/pages\/15602"}],"collection":[{"href":"https:\/\/heatwork.com\/fi\/wp-json\/wp\/v2\/pages"}],"about":[{"href":"https:\/\/heatwork.com\/fi\/wp-json\/wp\/v2\/types\/page"}],"author":[{"embeddable":true,"href":"https:\/\/heatwork.com\/fi\/wp-json\/wp\/v2\/users\/1"}],"replies":[{"embeddable":true,"href":"https:\/\/heatwork.com\/fi\/wp-json\/wp\/v2\/comments?post=15602"}],"version-history":[{"count":0,"href":"https:\/\/heatwork.com\/fi\/wp-json\/wp\/v2\/pages\/15602\/revisions"}],"up":[{"embeddable":true,"href":"https:\/\/heatwork.com\/fi\/wp-json\/wp\/v2\/pages\/15650"}],"wp:attachment":[{"href":"https:\/\/heatwork.com\/fi\/wp-json\/wp\/v2\/media?parent=15602"}],"curies":[{"name":"wp","href":"https:\/\/api.w.org\/{rel}","templated":true}]}}