{"id":15603,"date":"2013-09-24T16:43:49","date_gmt":"2013-09-24T14:43:49","guid":{"rendered":"https:\/\/heatwork.com\/?page_id=15603"},"modified":"2014-09-25T15:25:53","modified_gmt":"2014-09-25T13:25:53","slug":"jateyritykset","status":"publish","type":"page","link":"https:\/\/heatwork.com\/fi\/kayttokohteet\/oljy-kaasu-ja-telakkateollisuus\/jateyritykset\/","title":{"rendered":"J\u00e4teyritykset"},"content":{"rendered":"<p><div class=\"o-carousel js-carousel\"><div class=\"o-carousel__main js-carousel-main xnazo\" data-id=\"xnazo\"><img loading=\"lazy\" decoding=\"async\" src=\"https:\/\/heatwork.com\/wp-content\/uploads\/2013\/09\/DSC_0113-940x625.jpg\" width=\"940\" height=\"625\" alt=\"\" \/>\n<img loading=\"lazy\" decoding=\"async\" src=\"https:\/\/heatwork.com\/wp-content\/uploads\/2013\/09\/tankoppvarming1.jpg\" width=\"250\" height=\"188\" alt=\"\" \/>\n<img loading=\"lazy\" decoding=\"async\" src=\"https:\/\/heatwork.com\/wp-content\/uploads\/2013\/09\/tankoppvarming2.jpg\" width=\"250\" height=\"188\" alt=\"\" \/>\n<img loading=\"lazy\" decoding=\"async\" src=\"https:\/\/heatwork.com\/wp-content\/uploads\/2013\/09\/tankoppvarming3.jpg\" width=\"250\" height=\"188\" alt=\"\" \/>\n<\/div><ul class=\"o-carousel__nav js-carousel-nav\"><li><img loading=\"lazy\" decoding=\"async\" src=\"https:\/\/heatwork.com\/wp-content\/uploads\/2013\/09\/DSC_0113-290x290.jpg\" width=\"290\" height=\"290\" alt=\"\" \/><\/li>\n<li><img loading=\"lazy\" decoding=\"async\" src=\"https:\/\/heatwork.com\/wp-content\/uploads\/2013\/09\/tankoppvarming1-200x188.jpg\" width=\"200\" height=\"188\" alt=\"\" \/><\/li>\n<li><img loading=\"lazy\" decoding=\"async\" src=\"https:\/\/heatwork.com\/wp-content\/uploads\/2013\/09\/tankoppvarming2-200x188.jpg\" width=\"200\" height=\"188\" alt=\"\" \/><\/li>\n<li><img loading=\"lazy\" decoding=\"async\" src=\"https:\/\/heatwork.com\/wp-content\/uploads\/2013\/09\/tankoppvarming3-200x188.jpg\" width=\"200\" height=\"188\" alt=\"\" \/><\/li>\n<\/ul><\/div><br \/>\n<\/p>\n<div class=\"ingrid in-thirds\">\n<div class=\"unit span-two\">\nYh\u00e4 useammat j\u00e4te- ja kierr\u00e4tysyritykset ovat ottaneet HeatWorkin joustavan l\u00e4mp\u00f6teknologian k\u00e4ytt\u00f6\u00f6ns\u00e4. N\u00e4ill\u00e4 yrityksill\u00e4 on usein sopimuksia j\u00e4tteidenk\u00e4sittelyst\u00e4 \u00f6ljy-, kaasu- ja prosessiteollisuudessa. HeatWorkin teknologia t\u00e4ytt\u00e4\u00e4 palo- ja r\u00e4j\u00e4hdysvaaraan liittyv\u00e4t tiukat turvavaatimukset, kattaen samalla laajasti k\u00e4ytt\u00f6alueita sulatuksessa, pakkassuojauksessa, l\u00e4mmityksess\u00e4 ja vastaavissa.\n<\/div>\n<div class=\"unit\">\n<ul>\n<li>S\u00e4ili\u00f6iden l\u00e4mmitys<\/li>\n<li>Roudansulatus saastuneiden maamassojen poiston yhteydess\u00e4<\/li>\n<li>Materiaalien pakkassuojaus<\/li>\n<\/ul>\n<\/div>\n<\/div>\n","protected":false},"excerpt":{"rendered":"<p>Yh\u00e4 useammat j\u00e4te- ja kierr\u00e4tysyritykset ovat ottaneet HeatWorkin joustavan l\u00e4mp\u00f6teknologian k\u00e4ytt\u00f6\u00f6ns\u00e4. N\u00e4ill\u00e4 yrityksill\u00e4 on usein sopimuksia j\u00e4tteidenk\u00e4sittelyst\u00e4 \u00f6ljy-, kaasu- ja prosessiteollisuudessa. HeatWorkin teknologia t\u00e4ytt\u00e4\u00e4 palo- ja r\u00e4j\u00e4hdysvaaraan liittyv\u00e4t tiukat turvavaatimukset, kattaen samalla laajasti k\u00e4ytt\u00f6alueita sulatuksessa, pakkassuojauksessa, l\u00e4mmityksess\u00e4 ja vastaavissa. S\u00e4ili\u00f6iden l\u00e4mmitys Roudansulatus saastuneiden maamassojen poiston yhteydess\u00e4 Materiaalien pakkassuojaus<\/p>\n","protected":false},"author":1,"featured_media":0,"parent":15651,"menu_order":4,"comment_status":"closed","ping_status":"closed","template":"","meta":{"_acf_changed":false,"footnotes":"","_links_to":"","_links_to_target":""},"class_list":["post-15603","page","type-page","status-publish"],"acf":[],"_links":{"self":[{"href":"https:\/\/heatwork.com\/fi\/wp-json\/wp\/v2\/pages\/15603"}],"collection":[{"href":"https:\/\/heatwork.com\/fi\/wp-json\/wp\/v2\/pages"}],"about":[{"href":"https:\/\/heatwork.com\/fi\/wp-json\/wp\/v2\/types\/page"}],"author":[{"embeddable":true,"href":"https:\/\/heatwork.com\/fi\/wp-json\/wp\/v2\/users\/1"}],"replies":[{"embeddable":true,"href":"https:\/\/heatwork.com\/fi\/wp-json\/wp\/v2\/comments?post=15603"}],"version-history":[{"count":0,"href":"https:\/\/heatwork.com\/fi\/wp-json\/wp\/v2\/pages\/15603\/revisions"}],"up":[{"embeddable":true,"href":"https:\/\/heatwork.com\/fi\/wp-json\/wp\/v2\/pages\/15651"}],"wp:attachment":[{"href":"https:\/\/heatwork.com\/fi\/wp-json\/wp\/v2\/media?parent=15603"}],"curies":[{"name":"wp","href":"https:\/\/api.w.org\/{rel}","templated":true}]}}