{"id":15604,"date":"2013-09-24T16:43:29","date_gmt":"2013-09-24T14:43:29","guid":{"rendered":"https:\/\/heatwork.com\/?page_id=15604"},"modified":"2014-09-25T15:25:40","modified_gmt":"2014-09-25T13:25:40","slug":"telakkateollisuus","status":"publish","type":"page","link":"https:\/\/heatwork.com\/fi\/kayttokohteet\/oljy-kaasu-ja-telakkateollisuus\/telakkateollisuus\/","title":{"rendered":"Telakkateollisuus"},"content":{"rendered":"<p><\/p>\n<div class=\"ingrid in-thirds\">\n<div class=\"unit span-two\">\nHeatWork voi toimittaa joustavat ja tehokkaat nestel\u00e4mmitysratkaisut telakkateollisuuden tarpeisiin. L\u00e4mp\u00f6tiloille ja ilmankosteudelle on usein vaatimuksia riitt\u00e4v\u00e4n laadun saavuttamiseksi ter\u00e4s- ja betonirakenteiden pintojen k\u00e4sittelyn yhteydess\u00e4. HeatWorkin avulla voi rakenteet esil\u00e4mmitt\u00e4\u00e4 joko kontaktil\u00e4mm\u00f6ll\u00e4 niin, ett\u00e4 l\u00e4mp\u00f6letkut ovat suoraan kosketuksissa rakenteen kanssa, tai l\u00e4mmitt\u00e4m\u00e4ll\u00e4 ymp\u00e4r\u00f6iv\u00e4n ilman k\u00e4ytt\u00e4m\u00e4ll\u00e4 HW Aerotemperi\u00e4. L\u00e4mp\u00f6letkuja voi k\u00e4ytt\u00e4\u00e4 my\u00f6s painolastiveden pakkassuojaukseen kuivatelakalla ja vastaavaan.\n<\/div>\n<div class=\"unit\">\n<ul>\n<li>Pintojen k\u00e4sittely<\/li>\n<li>Kuivatelakkojen pakkassuojaukset<\/li>\n<\/ul>\n<\/div>\n<\/div>\n","protected":false},"excerpt":{"rendered":"<p>HeatWork voi toimittaa joustavat ja tehokkaat nestel\u00e4mmitysratkaisut telakkateollisuuden tarpeisiin. L\u00e4mp\u00f6tiloille ja ilmankosteudelle on usein vaatimuksia riitt\u00e4v\u00e4n laadun saavuttamiseksi ter\u00e4s- ja betonirakenteiden pintojen k\u00e4sittelyn yhteydess\u00e4. HeatWorkin avulla voi rakenteet esil\u00e4mmitt\u00e4\u00e4 joko kontaktil\u00e4mm\u00f6ll\u00e4 niin, ett\u00e4 l\u00e4mp\u00f6letkut ovat suoraan kosketuksissa rakenteen kanssa, tai l\u00e4mmitt\u00e4m\u00e4ll\u00e4 ymp\u00e4r\u00f6iv\u00e4n ilman k\u00e4ytt\u00e4m\u00e4ll\u00e4 HW Aerotemperi\u00e4. L\u00e4mp\u00f6letkuja voi k\u00e4ytt\u00e4\u00e4 my\u00f6s painolastiveden pakkassuojaukseen kuivatelakalla ja vastaavaan. [&hellip;]<\/p>\n","protected":false},"author":1,"featured_media":0,"parent":15651,"menu_order":3,"comment_status":"closed","ping_status":"closed","template":"","meta":{"_acf_changed":false,"footnotes":"","_links_to":"","_links_to_target":""},"class_list":["post-15604","page","type-page","status-publish"],"acf":[],"_links":{"self":[{"href":"https:\/\/heatwork.com\/fi\/wp-json\/wp\/v2\/pages\/15604"}],"collection":[{"href":"https:\/\/heatwork.com\/fi\/wp-json\/wp\/v2\/pages"}],"about":[{"href":"https:\/\/heatwork.com\/fi\/wp-json\/wp\/v2\/types\/page"}],"author":[{"embeddable":true,"href":"https:\/\/heatwork.com\/fi\/wp-json\/wp\/v2\/users\/1"}],"replies":[{"embeddable":true,"href":"https:\/\/heatwork.com\/fi\/wp-json\/wp\/v2\/comments?post=15604"}],"version-history":[{"count":0,"href":"https:\/\/heatwork.com\/fi\/wp-json\/wp\/v2\/pages\/15604\/revisions"}],"up":[{"embeddable":true,"href":"https:\/\/heatwork.com\/fi\/wp-json\/wp\/v2\/pages\/15651"}],"wp:attachment":[{"href":"https:\/\/heatwork.com\/fi\/wp-json\/wp\/v2\/media?parent=15604"}],"curies":[{"name":"wp","href":"https:\/\/api.w.org\/{rel}","templated":true}]}}