{"id":15610,"date":"2013-09-24T16:43:15","date_gmt":"2013-09-24T14:43:15","guid":{"rendered":"https:\/\/heatwork.com\/?page_id=15610"},"modified":"2014-09-25T15:25:31","modified_gmt":"2014-09-25T13:25:31","slug":"rakennetoimittajat","status":"publish","type":"page","link":"https:\/\/heatwork.com\/fi\/kayttokohteet\/oljy-kaasu-ja-telakkateollisuus\/rakennetoimittajat\/","title":{"rendered":"Rakennetoimittajat"},"content":{"rendered":"<p><div class=\"o-carousel js-carousel\"><div class=\"o-carousel__main js-carousel-main adqxe\" data-id=\"adqxe\"><img loading=\"lazy\" decoding=\"async\" src=\"https:\/\/heatwork.com\/wp-content\/uploads\/2013\/09\/PICT0002_42-940x705.jpg\" width=\"940\" height=\"705\" alt=\"\" \/>\n<img loading=\"lazy\" decoding=\"async\" src=\"https:\/\/heatwork.com\/wp-content\/uploads\/2013\/09\/PICT0003_3-705x940.jpg\" width=\"705\" height=\"940\" alt=\"\" \/>\n<img loading=\"lazy\" decoding=\"async\" src=\"https:\/\/heatwork.com\/wp-content\/uploads\/2013\/09\/PICT00081-940x705.jpg\" width=\"940\" height=\"705\" alt=\"\" \/>\n<img loading=\"lazy\" decoding=\"async\" src=\"https:\/\/heatwork.com\/wp-content\/uploads\/2013\/09\/DSC_0009-940x624.jpg\" width=\"940\" height=\"624\" alt=\"\" \/>\n<img loading=\"lazy\" decoding=\"async\" src=\"https:\/\/heatwork.com\/wp-content\/uploads\/2013\/09\/P21700272-940x705.jpg\" width=\"940\" height=\"705\" alt=\"\" \/>\n<\/div><ul class=\"o-carousel__nav js-carousel-nav\"><li><img loading=\"lazy\" decoding=\"async\" src=\"https:\/\/heatwork.com\/wp-content\/uploads\/2013\/09\/PICT0002_42-290x290.jpg\" width=\"290\" height=\"290\" alt=\"\" \/><\/li>\n<li><img loading=\"lazy\" decoding=\"async\" src=\"https:\/\/heatwork.com\/wp-content\/uploads\/2013\/09\/PICT0003_3-290x290.jpg\" width=\"290\" height=\"290\" alt=\"\" \/><\/li>\n<li><img loading=\"lazy\" decoding=\"async\" src=\"https:\/\/heatwork.com\/wp-content\/uploads\/2013\/09\/PICT00081-290x290.jpg\" width=\"290\" height=\"290\" alt=\"\" \/><\/li>\n<li><img loading=\"lazy\" decoding=\"async\" src=\"https:\/\/heatwork.com\/wp-content\/uploads\/2013\/09\/DSC_0009-290x290.jpg\" width=\"290\" height=\"290\" alt=\"\" \/><\/li>\n<li><img loading=\"lazy\" decoding=\"async\" src=\"https:\/\/heatwork.com\/wp-content\/uploads\/2013\/09\/P21700272-290x290.jpg\" width=\"290\" height=\"290\" alt=\"\" \/><\/li>\n<\/ul><\/div><br \/>\n<\/p>\n<div class=\"ingrid in-thirds\">\n<div class=\"unit span-two\">\nHeatWork on yhdess\u00e4 johtavien \u00f6ljy-yhti\u00f6iden kanssa kehitt\u00e4nyt tuotteitaan vastaamaan niit\u00e4 tiukkoja turvallisuusvaatimuksia, joita esimerkiksi kaasulaitoksilla ja jalostamoilla on. Toisin kuin muut markkinoilla olevat ratkaisut, perustuu tekniikkamme energian kuljettamista nesteess\u00e4 siihen tarkoitukseen, mihin l\u00e4mmityst\u00e4 tarvitaan. HeatWorkin ratkaisujen pintal\u00e4mp\u00f6tilat eiv\u00e4t tarvitse poikkeuksia turvam\u00e4\u00e4r\u00e4yksist\u00e4 tai laitteiston ymp\u00e4rivuorokautista miehityst\u00e4. 94 % poltoaineen hy\u00f6tyaste ja suljettu, nestepohjainen l\u00e4mp\u00f6j\u00e4rjestelm\u00e4 v\u00e4hent\u00e4v\u00e4t k\u00e4ytt\u00f6kustannuksia olennaisesti.<\/p>\n<p>L\u00e4mp\u00f6letkut vedet\u00e4\u00e4n laitteesta kohdealueelle, ja rakenteen voi l\u00e4mmitt\u00e4\u00e4 joko kontaktil\u00e4mmityksell\u00e4, jossa letkut ovat suoraan kosketuksissa rakenteen kanssa, tai niin, ett\u00e4 l\u00e4mp\u00f6letkut yhdistet\u00e4\u00e4n HW Aerotemperiin esim. telineteltan ilmanl\u00e4mmitykseen. Laittamalla HW Aerotemperin telinetelttaan s\u00e4\u00e4styy aikaa ja energiaa, koska kylm\u00e4n ja kostean ulkoilman sijaan l\u00e4mmitet\u00e4\u00e4n teltan sis\u00e4ll\u00e4 oleva ilma.\n<\/p><\/div>\n<div class=\"unit\">\n<ul>\n<li>Pintak\u00e4sittely<\/li>\n<li>Ty\u00f6telttojen l\u00e4mmitys<\/li>\n<\/ul>\n<\/div>\n<\/div>\n","protected":false},"excerpt":{"rendered":"<p>HeatWork on yhdess\u00e4 johtavien \u00f6ljy-yhti\u00f6iden kanssa kehitt\u00e4nyt tuotteitaan vastaamaan niit\u00e4 tiukkoja turvallisuusvaatimuksia, joita esimerkiksi kaasulaitoksilla ja jalostamoilla on. Toisin kuin muut markkinoilla olevat ratkaisut, perustuu tekniikkamme energian kuljettamista nesteess\u00e4 siihen tarkoitukseen, mihin l\u00e4mmityst\u00e4 tarvitaan. HeatWorkin ratkaisujen pintal\u00e4mp\u00f6tilat eiv\u00e4t tarvitse poikkeuksia turvam\u00e4\u00e4r\u00e4yksist\u00e4 tai laitteiston ymp\u00e4rivuorokautista miehityst\u00e4. 94 % poltoaineen hy\u00f6tyaste ja suljettu, nestepohjainen l\u00e4mp\u00f6j\u00e4rjestelm\u00e4 v\u00e4hent\u00e4v\u00e4t k\u00e4ytt\u00f6kustannuksia [&hellip;]<\/p>\n","protected":false},"author":1,"featured_media":0,"parent":15651,"menu_order":2,"comment_status":"closed","ping_status":"closed","template":"","meta":{"_acf_changed":false,"footnotes":"","_links_to":"","_links_to_target":""},"class_list":["post-15610","page","type-page","status-publish"],"acf":[],"_links":{"self":[{"href":"https:\/\/heatwork.com\/fi\/wp-json\/wp\/v2\/pages\/15610"}],"collection":[{"href":"https:\/\/heatwork.com\/fi\/wp-json\/wp\/v2\/pages"}],"about":[{"href":"https:\/\/heatwork.com\/fi\/wp-json\/wp\/v2\/types\/page"}],"author":[{"embeddable":true,"href":"https:\/\/heatwork.com\/fi\/wp-json\/wp\/v2\/users\/1"}],"replies":[{"embeddable":true,"href":"https:\/\/heatwork.com\/fi\/wp-json\/wp\/v2\/comments?post=15610"}],"version-history":[{"count":0,"href":"https:\/\/heatwork.com\/fi\/wp-json\/wp\/v2\/pages\/15610\/revisions"}],"up":[{"embeddable":true,"href":"https:\/\/heatwork.com\/fi\/wp-json\/wp\/v2\/pages\/15651"}],"wp:attachment":[{"href":"https:\/\/heatwork.com\/fi\/wp-json\/wp\/v2\/media?parent=15610"}],"curies":[{"name":"wp","href":"https:\/\/api.w.org\/{rel}","templated":true}]}}