{"id":15614,"date":"2013-09-24T16:42:52","date_gmt":"2013-09-24T14:42:52","guid":{"rendered":"https:\/\/heatwork.com\/?page_id=15614"},"modified":"2014-09-25T15:25:18","modified_gmt":"2014-09-25T13:25:18","slug":"oljyalan-huoltoyritykset","status":"publish","type":"page","link":"https:\/\/heatwork.com\/fi\/kayttokohteet\/oljy-kaasu-ja-telakkateollisuus\/oljyalan-huoltoyritykset\/","title":{"rendered":"\u00d6ljyalan huoltoyritykset"},"content":{"rendered":"<p><div class=\"o-carousel js-carousel\"><div class=\"o-carousel__main js-carousel-main nfyeg\" data-id=\"nfyeg\"><img loading=\"lazy\" decoding=\"async\" src=\"https:\/\/heatwork.com\/wp-content\/uploads\/2013\/09\/P21700271-940x705.jpg\" width=\"940\" height=\"705\" alt=\"\" \/>\n<img loading=\"lazy\" decoding=\"async\" src=\"https:\/\/heatwork.com\/wp-content\/uploads\/2013\/09\/PICT0002_41-940x705.jpg\" width=\"940\" height=\"705\" alt=\"\" \/>\n<img loading=\"lazy\" decoding=\"async\" src=\"https:\/\/heatwork.com\/wp-content\/uploads\/2013\/09\/IMG_07281-940x705.jpg\" width=\"940\" height=\"705\" alt=\"\" \/>\n<img loading=\"lazy\" decoding=\"async\" src=\"https:\/\/heatwork.com\/wp-content\/uploads\/2013\/09\/IMG_07262-940x705.jpg\" width=\"940\" height=\"705\" alt=\"\" \/>\n<img loading=\"lazy\" decoding=\"async\" src=\"https:\/\/heatwork.com\/wp-content\/uploads\/2013\/09\/HW21-940x705.jpg\" width=\"940\" height=\"705\" alt=\"\" \/>\n<img loading=\"lazy\" decoding=\"async\" src=\"https:\/\/heatwork.com\/wp-content\/uploads\/2013\/09\/HW11-940x705.jpg\" width=\"940\" height=\"705\" alt=\"\" \/>\n<\/div><ul class=\"o-carousel__nav js-carousel-nav\"><li><img loading=\"lazy\" decoding=\"async\" src=\"https:\/\/heatwork.com\/wp-content\/uploads\/2013\/09\/P21700271-290x290.jpg\" width=\"290\" height=\"290\" alt=\"\" \/><\/li>\n<li><img loading=\"lazy\" decoding=\"async\" src=\"https:\/\/heatwork.com\/wp-content\/uploads\/2013\/09\/PICT0002_41-290x290.jpg\" width=\"290\" height=\"290\" alt=\"\" \/><\/li>\n<li><img loading=\"lazy\" decoding=\"async\" src=\"https:\/\/heatwork.com\/wp-content\/uploads\/2013\/09\/IMG_07281-290x290.jpg\" width=\"290\" height=\"290\" alt=\"\" \/><\/li>\n<li><img loading=\"lazy\" decoding=\"async\" src=\"https:\/\/heatwork.com\/wp-content\/uploads\/2013\/09\/IMG_07262-290x290.jpg\" width=\"290\" height=\"290\" alt=\"\" \/><\/li>\n<li><img loading=\"lazy\" decoding=\"async\" src=\"https:\/\/heatwork.com\/wp-content\/uploads\/2013\/09\/HW21-290x290.jpg\" width=\"290\" height=\"290\" alt=\"\" \/><\/li>\n<li><img loading=\"lazy\" decoding=\"async\" src=\"https:\/\/heatwork.com\/wp-content\/uploads\/2013\/09\/HW11-290x290.jpg\" width=\"290\" height=\"290\" alt=\"\" \/><\/li>\n<\/ul><\/div><br \/>\n<\/p>\n<div class=\"ingrid in-thirds\">\n<div class=\"unit span-two\">\nHeatWork on yhdess\u00e4 johtavien \u00f6ljy-yhti\u00f6iden kanssa kehitt\u00e4nyt tuotteitaan vastaamaan niit\u00e4 tiukkoja turvallisuusvaatimuksia, joita esimerkiksi kaasulaitoksilla ja jalostamoilla on. Toisin kuin muut markkinoilla olevat ratkaisut, perustuu tekniikkamme energian kuljettamista nesteess\u00e4 siihen tarkoitukseen, mihin l\u00e4mmityst\u00e4 tarvitaan. K\u00e4ytt\u00f6alueet kattavat alan laajalsti aina \u00f6ljy- ja kaasuinfrastruktuurin rakentamisesta ja yll\u00e4pidosta maalla arktisilla merialueilla tapahtuvaan pakkassuojaukseen ja t\u00e4rkeiden osien j\u00e4\u00e4n ja lumen sulatukseen, roudansulatukseen, betonit\u00f6ihin jne. HeatWorkin ratkaisut tuottavat varman, turvallisen ja tehokkaan l\u00e4mmityksen l\u00e4hes kaikkiin tarpeisiin.\n<\/div>\n<div class=\"unit\">\n<ul>\n<li>Roudan sulatus<\/li>\n<li>Betonity\u00f6t arktisilla alueilla<\/li>\n<li>Pakkassuojaus\/kovetus talvivaluissa<\/li>\n<li>Materiaalien pakkassuojaus<\/li>\n<\/ul>\n<\/div>\n<\/div>\n","protected":false},"excerpt":{"rendered":"<p>HeatWork on yhdess\u00e4 johtavien \u00f6ljy-yhti\u00f6iden kanssa kehitt\u00e4nyt tuotteitaan vastaamaan niit\u00e4 tiukkoja turvallisuusvaatimuksia, joita esimerkiksi kaasulaitoksilla ja jalostamoilla on. Toisin kuin muut markkinoilla olevat ratkaisut, perustuu tekniikkamme energian kuljettamista nesteess\u00e4 siihen tarkoitukseen, mihin l\u00e4mmityst\u00e4 tarvitaan. K\u00e4ytt\u00f6alueet kattavat alan laajalsti aina \u00f6ljy- ja kaasuinfrastruktuurin rakentamisesta ja yll\u00e4pidosta maalla arktisilla merialueilla tapahtuvaan pakkassuojaukseen ja t\u00e4rkeiden osien j\u00e4\u00e4n ja [&hellip;]<\/p>\n","protected":false},"author":1,"featured_media":0,"parent":15651,"menu_order":1,"comment_status":"closed","ping_status":"closed","template":"","meta":{"_acf_changed":false,"footnotes":"","_links_to":"","_links_to_target":""},"class_list":["post-15614","page","type-page","status-publish"],"acf":[],"_links":{"self":[{"href":"https:\/\/heatwork.com\/fi\/wp-json\/wp\/v2\/pages\/15614"}],"collection":[{"href":"https:\/\/heatwork.com\/fi\/wp-json\/wp\/v2\/pages"}],"about":[{"href":"https:\/\/heatwork.com\/fi\/wp-json\/wp\/v2\/types\/page"}],"author":[{"embeddable":true,"href":"https:\/\/heatwork.com\/fi\/wp-json\/wp\/v2\/users\/1"}],"replies":[{"embeddable":true,"href":"https:\/\/heatwork.com\/fi\/wp-json\/wp\/v2\/comments?post=15614"}],"version-history":[{"count":0,"href":"https:\/\/heatwork.com\/fi\/wp-json\/wp\/v2\/pages\/15614\/revisions"}],"up":[{"embeddable":true,"href":"https:\/\/heatwork.com\/fi\/wp-json\/wp\/v2\/pages\/15651"}],"wp:attachment":[{"href":"https:\/\/heatwork.com\/fi\/wp-json\/wp\/v2\/media?parent=15614"}],"curies":[{"name":"wp","href":"https:\/\/api.w.org\/{rel}","templated":true}]}}