{"id":15615,"date":"2013-09-24T16:42:30","date_gmt":"2013-09-24T14:42:30","guid":{"rendered":"https:\/\/heatwork.com\/?page_id=15615"},"modified":"2018-01-30T08:39:49","modified_gmt":"2018-01-30T07:39:49","slug":"oljy-yhtiot","status":"publish","type":"page","link":"https:\/\/heatwork.com\/fi\/kayttokohteet\/oljy-kaasu-ja-telakkateollisuus\/oljy-yhtiot\/","title":{"rendered":"\u00d6ljy-yhti\u00f6t"},"content":{"rendered":"<p><div class=\"o-carousel js-carousel\"><div class=\"o-carousel__main js-carousel-main lexaw\" data-id=\"lexaw\"><img loading=\"lazy\" decoding=\"async\" src=\"https:\/\/heatwork.com\/wp-content\/uploads\/2013\/09\/P2170027-940x705.jpg\" width=\"940\" height=\"705\" alt=\"\" \/>\n<img loading=\"lazy\" decoding=\"async\" src=\"https:\/\/heatwork.com\/wp-content\/uploads\/2013\/09\/DSC_0008-940x624.jpg\" width=\"940\" height=\"624\" alt=\"\" \/>\n<img loading=\"lazy\" decoding=\"async\" src=\"https:\/\/heatwork.com\/wp-content\/uploads\/2013\/09\/PICT0002_4-940x705.jpg\" width=\"940\" height=\"705\" alt=\"\" \/>\n<img loading=\"lazy\" decoding=\"async\" src=\"https:\/\/heatwork.com\/wp-content\/uploads\/2013\/09\/PICT0008-940x705.jpg\" width=\"940\" height=\"705\" alt=\"\" \/>\n<img loading=\"lazy\" decoding=\"async\" src=\"https:\/\/heatwork.com\/wp-content\/uploads\/2013\/09\/IMG_3930-940x705.jpg\" width=\"940\" height=\"705\" alt=\"\" \/>\n<img loading=\"lazy\" decoding=\"async\" src=\"https:\/\/heatwork.com\/wp-content\/uploads\/2013\/09\/IMG_0728-940x705.jpg\" width=\"940\" height=\"705\" alt=\"\" \/>\n<img loading=\"lazy\" decoding=\"async\" src=\"https:\/\/heatwork.com\/wp-content\/uploads\/2013\/09\/IMG_07261-940x705.jpg\" width=\"940\" height=\"705\" alt=\"\" \/>\n<img loading=\"lazy\" decoding=\"async\" src=\"https:\/\/heatwork.com\/wp-content\/uploads\/2013\/09\/DSC0093-912x940.jpg\" width=\"912\" height=\"940\" alt=\"\" \/>\n<\/div><ul class=\"o-carousel__nav js-carousel-nav\"><li><img loading=\"lazy\" decoding=\"async\" src=\"https:\/\/heatwork.com\/wp-content\/uploads\/2013\/09\/P2170027-290x290.jpg\" width=\"290\" height=\"290\" alt=\"\" \/><\/li>\n<li><img loading=\"lazy\" decoding=\"async\" src=\"https:\/\/heatwork.com\/wp-content\/uploads\/2013\/09\/DSC_0008-290x290.jpg\" width=\"290\" height=\"290\" alt=\"\" \/><\/li>\n<li><img loading=\"lazy\" decoding=\"async\" src=\"https:\/\/heatwork.com\/wp-content\/uploads\/2013\/09\/PICT0002_4-290x290.jpg\" width=\"290\" height=\"290\" alt=\"\" \/><\/li>\n<li><img loading=\"lazy\" decoding=\"async\" src=\"https:\/\/heatwork.com\/wp-content\/uploads\/2013\/09\/PICT0008-290x290.jpg\" width=\"290\" height=\"290\" alt=\"\" \/><\/li>\n<li><img loading=\"lazy\" decoding=\"async\" src=\"https:\/\/heatwork.com\/wp-content\/uploads\/2013\/09\/IMG_3930-290x290.jpg\" width=\"290\" height=\"290\" alt=\"\" \/><\/li>\n<li><img loading=\"lazy\" decoding=\"async\" src=\"https:\/\/heatwork.com\/wp-content\/uploads\/2013\/09\/IMG_0728-290x290.jpg\" width=\"290\" height=\"290\" alt=\"\" \/><\/li>\n<li><img loading=\"lazy\" decoding=\"async\" src=\"https:\/\/heatwork.com\/wp-content\/uploads\/2013\/09\/IMG_07261-290x290.jpg\" width=\"290\" height=\"290\" alt=\"\" \/><\/li>\n<li><img loading=\"lazy\" decoding=\"async\" src=\"https:\/\/heatwork.com\/wp-content\/uploads\/2013\/09\/DSC0093-290x290.jpg\" width=\"290\" height=\"290\" alt=\"\" \/><\/li>\n<\/ul><\/div><br \/>\n<\/p>\n<div class=\"ingrid in-thirds\">\n<div class=\"unit span-two\">\nHeatWorkin nestepohjainen l\u00e4mmitysteknologia kattaa t\u00e4ytt\u00e4m\u00e4tt\u00f6m\u00e4n tarpeen \u00f6ljyalalla. Nyt on mahdollista toimittaa varmalla tavalla tehokasta l\u00e4mmityst\u00e4. Teknologiamme on kehitetty l\u00e4heisess\u00e4 yhteisty\u00f6ss\u00e4 maailman johtavien \u00f6ljy-yhti\u00f6iden kanssa, ja mukautettu r\u00e4j\u00e4hdysvaarallisessa ymp\u00e4rist\u00f6ss\u00e4 toimittaessa tarpeellisiin truvavaatimuksiin. L\u00e4mmityksen avulla voidaan joukko yleens\u00e4 kes\u00e4isin suoritettavia ty\u00f6teht\u00e4vi\u00e4 hoitaa l\u00e4pi koko vuoden. N\u00e4in esim. majoituskapasiteettia k\u00e4ytet\u00e4\u00e4n v\u00e4hemm\u00e4n kiireisen\u00e4 aikana, ja samaan aikaan varmistetaan jatkuvuus pit\u00e4m\u00e4ll\u00e4 avainhenkil\u00f6st\u00f6 paikalla koko projektin ajan. <\/p>\n<p>Koska yh\u00e4 enemm\u00e4n \u00f6ljyn ja kaasun tuotannosta tapahtuu arktisilla alueilla, on l\u00e4mmitysratkaisujen k\u00e4ytt\u00f6 yh\u00e4 ajankohtaisempaa. Teknologiamme on vuosien testauksen ja kehityksen my\u00f6t\u00e4 kehitetty k\u00e4ytett\u00e4v\u00e4ksi vaativissa olosuhteissa, ja laitteiden nykyinen tutkimus, kehitys ja tuotanto tapahtuu napapiirin pohjoispuolella.<\/p><\/div>\n<div class=\"unit\">\n<ul>\n<li>Roudan sulatus<\/li>\n<li>Tuotantolaitosten osien sulatus ja pakkassuojaus<\/li>\n<li>Betonity\u00f6t arktisissa olosuhteissa<\/li>\n<li>Kovetus ja pakkassuojaus talvivaluissa<\/li>\n<li>Pintak\u00e4sittely<\/li>\n<li>L\u00e4mmin k\u00e4ytt\u00f6vesi<\/li>\n<li>Tilojen l\u00e4mmitys<\/li>\n<li>S\u00e4ili\u00f6iden l\u00e4mmitys<\/li>\n<\/ul>\n<\/div>\n<\/div>\n","protected":false},"excerpt":{"rendered":"<p>HeatWorkin nestepohjainen l\u00e4mmitysteknologia kattaa t\u00e4ytt\u00e4m\u00e4tt\u00f6m\u00e4n tarpeen \u00f6ljyalalla. Nyt on mahdollista toimittaa varmalla tavalla tehokasta l\u00e4mmityst\u00e4. Teknologiamme on kehitetty l\u00e4heisess\u00e4 yhteisty\u00f6ss\u00e4 maailman johtavien \u00f6ljy-yhti\u00f6iden kanssa, ja mukautettu r\u00e4j\u00e4hdysvaarallisessa ymp\u00e4rist\u00f6ss\u00e4 toimittaessa tarpeellisiin truvavaatimuksiin. L\u00e4mmityksen avulla voidaan joukko yleens\u00e4 kes\u00e4isin suoritettavia ty\u00f6teht\u00e4vi\u00e4 hoitaa l\u00e4pi koko vuoden. N\u00e4in esim. majoituskapasiteettia k\u00e4ytet\u00e4\u00e4n v\u00e4hemm\u00e4n kiireisen\u00e4 aikana, ja samaan aikaan varmistetaan jatkuvuus [&hellip;]<\/p>\n","protected":false},"author":1,"featured_media":0,"parent":15651,"menu_order":0,"comment_status":"closed","ping_status":"closed","template":"","meta":{"_acf_changed":false,"footnotes":"","_links_to":"","_links_to_target":""},"class_list":["post-15615","page","type-page","status-publish"],"acf":[],"_links":{"self":[{"href":"https:\/\/heatwork.com\/fi\/wp-json\/wp\/v2\/pages\/15615"}],"collection":[{"href":"https:\/\/heatwork.com\/fi\/wp-json\/wp\/v2\/pages"}],"about":[{"href":"https:\/\/heatwork.com\/fi\/wp-json\/wp\/v2\/types\/page"}],"author":[{"embeddable":true,"href":"https:\/\/heatwork.com\/fi\/wp-json\/wp\/v2\/users\/1"}],"replies":[{"embeddable":true,"href":"https:\/\/heatwork.com\/fi\/wp-json\/wp\/v2\/comments?post=15615"}],"version-history":[{"count":0,"href":"https:\/\/heatwork.com\/fi\/wp-json\/wp\/v2\/pages\/15615\/revisions"}],"up":[{"embeddable":true,"href":"https:\/\/heatwork.com\/fi\/wp-json\/wp\/v2\/pages\/15651"}],"wp:attachment":[{"href":"https:\/\/heatwork.com\/fi\/wp-json\/wp\/v2\/media?parent=15615"}],"curies":[{"name":"wp","href":"https:\/\/api.w.org\/{rel}","templated":true}]}}