{"id":15617,"date":"2013-09-24T16:41:59","date_gmt":"2013-09-24T14:41:59","guid":{"rendered":"https:\/\/heatwork.com\/?page_id=15617"},"modified":"2018-01-29T16:13:10","modified_gmt":"2018-01-29T15:13:10","slug":"vuokraus","status":"publish","type":"page","link":"https:\/\/heatwork.com\/fi\/kayttokohteet\/energia-ja-pelastustoimi\/vuokraus\/","title":{"rendered":"Vuokraus"},"content":{"rendered":"<div class=\"o-carousel js-carousel\"><div class=\"o-carousel__main js-carousel-main wxtmq\" data-id=\"wxtmq\"><img loading=\"lazy\" decoding=\"async\" src=\"https:\/\/heatwork.com\/wp-content\/uploads\/2013\/09\/utleie-940x625.jpg\" width=\"940\" height=\"625\" alt=\"\" \/>\n<\/div><ul class=\"o-carousel__nav js-carousel-nav\"><li><img loading=\"lazy\" decoding=\"async\" src=\"https:\/\/heatwork.com\/wp-content\/uploads\/2013\/09\/utleie-290x290.jpg\" width=\"290\" height=\"290\" alt=\"\" \/><\/li>\n<\/ul><\/div>\n<p>HeatWorkin valikoima siirrett\u00e4vi\u00e4 l\u00e4mp\u00f6ratkaisuja antaa v\u00e4linevuokraajille huolettoman ja arvokkaan lis\u00e4n laitevalikoimaan. Teknologiamme on k\u00e4yt\u00f6ss\u00e4 koetettua, ja sit\u00e4 kehitet\u00e4\u00e4n jatkuvasti. T\u00e4m\u00e4n takia meill\u00e4 on paljon tyytyv\u00e4isi\u00e4 asiakkaita useilla eri aloilla. Viimeistelty teollinen muotoilu, tehokkuus ja luotettavuus ovat t\u00e4rkeit\u00e4 avainsanoja HeatWorkin laitteille. Helppo yll\u00e4pito ja matala paino tekev\u00e4t meist\u00e4 urakoitsijoiden ensimm\u00e4isen valinnan. Laitteiden lis\u00e4laitevalikoima pident\u00e4\u00e4 vuokrauskautta olennaisesti.<\/p>\n","protected":false},"excerpt":{"rendered":"<p>HeatWorkin valikoima siirrett\u00e4vi\u00e4 l\u00e4mp\u00f6ratkaisuja antaa v\u00e4linevuokraajille huolettoman ja arvokkaan lis\u00e4n laitevalikoimaan. Teknologiamme on k\u00e4yt\u00f6ss\u00e4 koetettua, ja sit\u00e4 kehitet\u00e4\u00e4n jatkuvasti. T\u00e4m\u00e4n takia meill\u00e4 on paljon tyytyv\u00e4isi\u00e4 asiakkaita useilla eri aloilla. Viimeistelty teollinen muotoilu, tehokkuus ja luotettavuus ovat t\u00e4rkeit\u00e4 avainsanoja HeatWorkin laitteille. Helppo yll\u00e4pito ja matala paino tekev\u00e4t meist\u00e4 urakoitsijoiden ensimm\u00e4isen valinnan. Laitteiden lis\u00e4laitevalikoima pident\u00e4\u00e4 vuokrauskautta olennaisesti.<\/p>\n","protected":false},"author":1,"featured_media":0,"parent":15652,"menu_order":5,"comment_status":"closed","ping_status":"closed","template":"","meta":{"_acf_changed":false,"footnotes":"","_links_to":"","_links_to_target":""},"class_list":["post-15617","page","type-page","status-publish"],"acf":[],"_links":{"self":[{"href":"https:\/\/heatwork.com\/fi\/wp-json\/wp\/v2\/pages\/15617"}],"collection":[{"href":"https:\/\/heatwork.com\/fi\/wp-json\/wp\/v2\/pages"}],"about":[{"href":"https:\/\/heatwork.com\/fi\/wp-json\/wp\/v2\/types\/page"}],"author":[{"embeddable":true,"href":"https:\/\/heatwork.com\/fi\/wp-json\/wp\/v2\/users\/1"}],"replies":[{"embeddable":true,"href":"https:\/\/heatwork.com\/fi\/wp-json\/wp\/v2\/comments?post=15617"}],"version-history":[{"count":0,"href":"https:\/\/heatwork.com\/fi\/wp-json\/wp\/v2\/pages\/15617\/revisions"}],"up":[{"embeddable":true,"href":"https:\/\/heatwork.com\/fi\/wp-json\/wp\/v2\/pages\/15652"}],"wp:attachment":[{"href":"https:\/\/heatwork.com\/fi\/wp-json\/wp\/v2\/media?parent=15617"}],"curies":[{"name":"wp","href":"https:\/\/api.w.org\/{rel}","templated":true}]}}