{"id":15618,"date":"2013-09-24T16:41:46","date_gmt":"2013-09-24T14:41:46","guid":{"rendered":"https:\/\/heatwork.com\/?page_id=15618"},"modified":"2018-01-30T08:30:20","modified_gmt":"2018-01-30T07:30:20","slug":"rakennusurakoitsijat-2","status":"publish","type":"page","link":"https:\/\/heatwork.com\/fi\/kayttokohteet\/energia-ja-pelastustoimi\/rakennusurakoitsijat-2\/","title":{"rendered":"Rakennusurakoitsijat"},"content":{"rendered":"<div class=\"o-carousel js-carousel\"><div class=\"o-carousel__main js-carousel-main nfsfl\" data-id=\"nfsfl\"><img loading=\"lazy\" decoding=\"async\" src=\"https:\/\/heatwork.com\/wp-content\/uploads\/2013\/09\/DSC_03911.jpg\" width=\"787\" height=\"524\" alt=\"\" \/>\n<img loading=\"lazy\" decoding=\"async\" src=\"https:\/\/heatwork.com\/wp-content\/uploads\/2013\/09\/DSC_04051.jpg\" width=\"787\" height=\"524\" alt=\"\" \/>\n<img loading=\"lazy\" decoding=\"async\" src=\"https:\/\/heatwork.com\/wp-content\/uploads\/2013\/09\/SAM_00772-940x705.jpg\" width=\"940\" height=\"705\" alt=\"\" \/>\n<\/div><ul class=\"o-carousel__nav js-carousel-nav\"><li><img loading=\"lazy\" decoding=\"async\" src=\"https:\/\/heatwork.com\/wp-content\/uploads\/2013\/09\/DSC_03911-290x290.jpg\" width=\"290\" height=\"290\" alt=\"\" \/><\/li>\n<li><img loading=\"lazy\" decoding=\"async\" src=\"https:\/\/heatwork.com\/wp-content\/uploads\/2013\/09\/DSC_04051-290x290.jpg\" width=\"290\" height=\"290\" alt=\"\" \/><\/li>\n<li><img loading=\"lazy\" decoding=\"async\" src=\"https:\/\/heatwork.com\/wp-content\/uploads\/2013\/09\/SAM_00772-290x290.jpg\" width=\"290\" height=\"290\" alt=\"\" \/><\/li>\n<\/ul><\/div>\n<p>&nbsp;<\/p>\n<div class=\"ingrid in-thirds\">\n<div class=\"unit span-two\">\n<p>HeatWorkist\u00e4 on tullut er\u00e4s t\u00e4rkeimmist\u00e4 ty\u00f6v\u00e4lineist\u00e4 talvit\u00f6iss\u00e4 asiakkaillemme rakennusalalla. Yh\u00e4 useammat urakoitsijat kertovat meille, ett\u00e4 hei eiv\u00e4t olisi voineet v\u00e4ltty\u00e4 viiv\u00e4styksilt\u00e4 rakennusurakoissaan ilman joustavia l\u00e4mp\u00f6ratkaisujamme. Tuotteitamme k\u00e4ytet\u00e4\u00e4n l\u00e4pi urakan maat\u00f6iden, betonit\u00f6iden ja l\u00e4mmityksen laadun, edistymisen ja taloudellisuuden varmistukseen.<\/p>\n<p>Katso my\u00f6s Concrete Systems<\/p>\n<\/div>\n<div class=\"unit\">\n<ul>\n<li>Nestekiertoisten lattial\u00e4mp\u00f6asennusten v\u00e4liaikainen k\u00e4ytt\u00f6<\/li>\n<li>Lumen ja j\u00e4\u00e4n sulatus<\/li>\n<li>Katon sulatus ennen katon pinnoitusta<\/li>\n<li>Roudansulatus ennen tamppausta<\/li>\n<li>Esil\u00e4mmitys talvivaluissa<\/li>\n<li>Betonin esil\u00e4mmitys ennen eristeiden laittoa<\/li>\n<li>Betonin kovetus<\/li>\n<li>Materiaalien pakkassuojaus<\/li>\n<li>Rakennuksen ja autotallin l\u00e4mmitys<\/li>\n<li>Ty\u00f6pajan tai ty\u00f6teltan l\u00e4mmitys<\/li>\n<li>S\u00e4hk\u00f6ntuotto<\/li>\n<li>Vuokrakoneet<\/li>\n<\/ul>\n<\/div>\n<\/div>\n","protected":false},"excerpt":{"rendered":"<p>&nbsp; HeatWorkist\u00e4 on tullut er\u00e4s t\u00e4rkeimmist\u00e4 ty\u00f6v\u00e4lineist\u00e4 talvit\u00f6iss\u00e4 asiakkaillemme rakennusalalla. Yh\u00e4 useammat urakoitsijat kertovat meille, ett\u00e4 hei eiv\u00e4t olisi voineet v\u00e4ltty\u00e4 viiv\u00e4styksilt\u00e4 rakennusurakoissaan ilman joustavia l\u00e4mp\u00f6ratkaisujamme. Tuotteitamme k\u00e4ytet\u00e4\u00e4n l\u00e4pi urakan maat\u00f6iden, betonit\u00f6iden ja l\u00e4mmityksen laadun, edistymisen ja taloudellisuuden varmistukseen. Katso my\u00f6s Concrete Systems Nestekiertoisten lattial\u00e4mp\u00f6asennusten v\u00e4liaikainen k\u00e4ytt\u00f6 Lumen ja j\u00e4\u00e4n sulatus Katon sulatus ennen katon [&hellip;]<\/p>\n","protected":false},"author":1,"featured_media":0,"parent":15652,"menu_order":4,"comment_status":"closed","ping_status":"closed","template":"","meta":{"_acf_changed":false,"footnotes":"","_links_to":"","_links_to_target":""},"class_list":["post-15618","page","type-page","status-publish"],"acf":[],"_links":{"self":[{"href":"https:\/\/heatwork.com\/fi\/wp-json\/wp\/v2\/pages\/15618"}],"collection":[{"href":"https:\/\/heatwork.com\/fi\/wp-json\/wp\/v2\/pages"}],"about":[{"href":"https:\/\/heatwork.com\/fi\/wp-json\/wp\/v2\/types\/page"}],"author":[{"embeddable":true,"href":"https:\/\/heatwork.com\/fi\/wp-json\/wp\/v2\/users\/1"}],"replies":[{"embeddable":true,"href":"https:\/\/heatwork.com\/fi\/wp-json\/wp\/v2\/comments?post=15618"}],"version-history":[{"count":0,"href":"https:\/\/heatwork.com\/fi\/wp-json\/wp\/v2\/pages\/15618\/revisions"}],"up":[{"embeddable":true,"href":"https:\/\/heatwork.com\/fi\/wp-json\/wp\/v2\/pages\/15652"}],"wp:attachment":[{"href":"https:\/\/heatwork.com\/fi\/wp-json\/wp\/v2\/media?parent=15618"}],"curies":[{"name":"wp","href":"https:\/\/api.w.org\/{rel}","templated":true}]}}