{"id":15621,"date":"2013-09-24T16:41:21","date_gmt":"2013-09-24T14:41:21","guid":{"rendered":"https:\/\/heatwork.com\/?page_id=15621"},"modified":"2018-01-29T16:02:32","modified_gmt":"2018-01-29T15:02:32","slug":"putkiasentajat","status":"publish","type":"page","link":"https:\/\/heatwork.com\/fi\/kayttokohteet\/energia-ja-pelastustoimi\/putkiasentajat\/","title":{"rendered":"Putkiasentajat"},"content":{"rendered":"<p><div class=\"o-carousel js-carousel\"><div class=\"o-carousel__main js-carousel-main sfurp\" data-id=\"sfurp\"><img loading=\"lazy\" decoding=\"async\" src=\"https:\/\/heatwork.com\/wp-content\/uploads\/2013\/09\/P5281228-940x705.jpg\" width=\"940\" height=\"705\" alt=\"\" \/>\n<img loading=\"lazy\" decoding=\"async\" src=\"https:\/\/heatwork.com\/wp-content\/uploads\/2013\/09\/P5281232-940x705.jpg\" width=\"940\" height=\"705\" alt=\"\" \/>\n<img loading=\"lazy\" decoding=\"async\" src=\"https:\/\/heatwork.com\/wp-content\/uploads\/2013\/09\/P5281240-940x705.jpg\" width=\"940\" height=\"705\" alt=\"\" \/>\n<img loading=\"lazy\" decoding=\"async\" src=\"https:\/\/heatwork.com\/wp-content\/uploads\/2013\/09\/SAM_0022-940x705.jpg\" width=\"940\" height=\"705\" alt=\"\" \/>\n<img loading=\"lazy\" decoding=\"async\" src=\"https:\/\/heatwork.com\/wp-content\/uploads\/2013\/09\/SAM_0026-940x705.jpg\" width=\"940\" height=\"705\" alt=\"\" \/>\n<img loading=\"lazy\" decoding=\"async\" src=\"https:\/\/heatwork.com\/wp-content\/uploads\/2013\/09\/SAM_0077-940x705.jpg\" width=\"940\" height=\"705\" alt=\"\" \/>\n<img loading=\"lazy\" decoding=\"async\" src=\"https:\/\/heatwork.com\/wp-content\/uploads\/2013\/09\/SAM_0100-705x940.jpg\" width=\"705\" height=\"940\" alt=\"\" \/>\n<img loading=\"lazy\" decoding=\"async\" src=\"https:\/\/heatwork.com\/wp-content\/uploads\/2013\/09\/SAM_0105-940x705.jpg\" width=\"940\" height=\"705\" alt=\"\" \/>\n<img loading=\"lazy\" decoding=\"async\" src=\"https:\/\/heatwork.com\/wp-content\/uploads\/2013\/09\/Hydroheater-med-ekstern-dieseltank-940x705.jpg\" width=\"940\" height=\"705\" alt=\"\" \/>\n<img loading=\"lazy\" decoding=\"async\" src=\"https:\/\/heatwork.com\/wp-content\/uploads\/2013\/09\/DSC_0058-940x625.jpg\" width=\"940\" height=\"625\" alt=\"\" \/>\n<\/div><ul class=\"o-carousel__nav js-carousel-nav\"><li><img loading=\"lazy\" decoding=\"async\" src=\"https:\/\/heatwork.com\/wp-content\/uploads\/2013\/09\/P5281228-290x290.jpg\" width=\"290\" height=\"290\" alt=\"\" \/><\/li>\n<li><img loading=\"lazy\" decoding=\"async\" src=\"https:\/\/heatwork.com\/wp-content\/uploads\/2013\/09\/P5281232-290x290.jpg\" width=\"290\" height=\"290\" alt=\"\" \/><\/li>\n<li><img loading=\"lazy\" decoding=\"async\" src=\"https:\/\/heatwork.com\/wp-content\/uploads\/2013\/09\/P5281240-290x290.jpg\" width=\"290\" height=\"290\" alt=\"\" \/><\/li>\n<li><img loading=\"lazy\" decoding=\"async\" src=\"https:\/\/heatwork.com\/wp-content\/uploads\/2013\/09\/SAM_0022-290x290.jpg\" width=\"290\" height=\"290\" alt=\"\" \/><\/li>\n<li><img loading=\"lazy\" decoding=\"async\" src=\"https:\/\/heatwork.com\/wp-content\/uploads\/2013\/09\/SAM_0026-290x290.jpg\" width=\"290\" height=\"290\" alt=\"\" \/><\/li>\n<li><img loading=\"lazy\" decoding=\"async\" src=\"https:\/\/heatwork.com\/wp-content\/uploads\/2013\/09\/SAM_0077-290x290.jpg\" width=\"290\" height=\"290\" alt=\"\" \/><\/li>\n<li><img loading=\"lazy\" decoding=\"async\" src=\"https:\/\/heatwork.com\/wp-content\/uploads\/2013\/09\/SAM_0100-290x290.jpg\" width=\"290\" height=\"290\" alt=\"\" \/><\/li>\n<li><img loading=\"lazy\" decoding=\"async\" src=\"https:\/\/heatwork.com\/wp-content\/uploads\/2013\/09\/SAM_0105-290x290.jpg\" width=\"290\" height=\"290\" alt=\"\" \/><\/li>\n<li><img loading=\"lazy\" decoding=\"async\" src=\"https:\/\/heatwork.com\/wp-content\/uploads\/2013\/09\/Hydroheater-med-ekstern-dieseltank-290x290.jpg\" width=\"290\" height=\"290\" alt=\"\" \/><\/li>\n<li><img loading=\"lazy\" decoding=\"async\" src=\"https:\/\/heatwork.com\/wp-content\/uploads\/2013\/09\/DSC_0058-290x290.jpg\" width=\"290\" height=\"290\" alt=\"\" \/><\/li>\n<\/ul><\/div><br \/>\n<\/p>\n<div class=\"ingrid in-thirds\">\n<div class=\"unit span-two\">\nHeatWorkin siirrett\u00e4vill\u00e4 l\u00e4mp\u00f6ratkaisulla on helppo yll\u00e4pit\u00e4\u00e4 keskusl\u00e4mmitys l\u00e4mmityskattilan vaihdon tai modernisoinnin yhteydess\u00e4 pienemmiss\u00e4 ja suuremmissa asunnoissa, kerrostaloissa, hotelleissa ja vastaavissa. Laite liitet\u00e4\u00e4n olemassa olevaan j\u00e4rjestelm\u00e4\u00e4n peruspikaliittimill\u00e4, ja se on v\u00e4litt\u00f6m\u00e4sti valmis k\u00e4ytett\u00e4v\u00e4ksi. Samaa laitetta voi my\u00f6s k\u00e4ytt\u00e4\u00e4 lattial\u00e4mp\u00f6j\u00e4rjestelmien v\u00e4liaikaiseen k\u00e4ytt\u00f6\u00f6n, tai l\u00e4mpim\u00e4n veden tuottamiseen v\u00e4liaikaisissa pesutiloissa esimerkiksi kylpyhuoneiden remontin aikana. Laite on matalan painonsa ansiosta helppo siirt\u00e4\u00e4 eri t\u00f6iden v\u00e4lill\u00e4 tavallisia ajoneuvoja k\u00e4ytt\u00e4en. Palkittu teollinen muotoilumme on meluton ja ymp\u00e4rist\u00f6yst\u00e4v\u00e4llinen, ja sen voi huoletta sijoittaa asuinaluelle asukkaita h\u00e4iritsem\u00e4tt\u00e4.\n<\/div>\n<div class=\"unit\">\n<ul>\n<li>Keskusl\u00e4mmityksen v\u00e4liaikainen k\u00e4ytt\u00f6<\/li>\n<li>Asuin- ja liikekiinteist\u00f6jen v\u00e4liaikainen k\u00e4ytt\u00f6<\/li>\n<li>Vesikiertoisen lattial\u00e4mmityksen v\u00e4liaikainen k\u00e4ytt\u00f6<\/li>\n<li>Suihkujen desinfiointi<\/li>\n<\/ul>\n<\/div>\n<\/div>\n","protected":false},"excerpt":{"rendered":"<p>HeatWorkin siirrett\u00e4vill\u00e4 l\u00e4mp\u00f6ratkaisulla on helppo yll\u00e4pit\u00e4\u00e4 keskusl\u00e4mmitys l\u00e4mmityskattilan vaihdon tai modernisoinnin yhteydess\u00e4 pienemmiss\u00e4 ja suuremmissa asunnoissa, kerrostaloissa, hotelleissa ja vastaavissa. Laite liitet\u00e4\u00e4n olemassa olevaan j\u00e4rjestelm\u00e4\u00e4n peruspikaliittimill\u00e4, ja se on v\u00e4litt\u00f6m\u00e4sti valmis k\u00e4ytett\u00e4v\u00e4ksi. Samaa laitetta voi my\u00f6s k\u00e4ytt\u00e4\u00e4 lattial\u00e4mp\u00f6j\u00e4rjestelmien v\u00e4liaikaiseen k\u00e4ytt\u00f6\u00f6n, tai l\u00e4mpim\u00e4n veden tuottamiseen v\u00e4liaikaisissa pesutiloissa esimerkiksi kylpyhuoneiden remontin aikana. Laite on matalan painonsa ansiosta [&hellip;]<\/p>\n","protected":false},"author":1,"featured_media":0,"parent":15652,"menu_order":2,"comment_status":"closed","ping_status":"closed","template":"","meta":{"_acf_changed":false,"footnotes":"","_links_to":"","_links_to_target":""},"class_list":["post-15621","page","type-page","status-publish"],"acf":[],"_links":{"self":[{"href":"https:\/\/heatwork.com\/fi\/wp-json\/wp\/v2\/pages\/15621"}],"collection":[{"href":"https:\/\/heatwork.com\/fi\/wp-json\/wp\/v2\/pages"}],"about":[{"href":"https:\/\/heatwork.com\/fi\/wp-json\/wp\/v2\/types\/page"}],"author":[{"embeddable":true,"href":"https:\/\/heatwork.com\/fi\/wp-json\/wp\/v2\/users\/1"}],"replies":[{"embeddable":true,"href":"https:\/\/heatwork.com\/fi\/wp-json\/wp\/v2\/comments?post=15621"}],"version-history":[{"count":0,"href":"https:\/\/heatwork.com\/fi\/wp-json\/wp\/v2\/pages\/15621\/revisions"}],"up":[{"embeddable":true,"href":"https:\/\/heatwork.com\/fi\/wp-json\/wp\/v2\/pages\/15652"}],"wp:attachment":[{"href":"https:\/\/heatwork.com\/fi\/wp-json\/wp\/v2\/media?parent=15621"}],"curies":[{"name":"wp","href":"https:\/\/api.w.org\/{rel}","templated":true}]}}