{"id":15622,"date":"2013-09-24T16:41:10","date_gmt":"2013-09-24T14:41:10","guid":{"rendered":"https:\/\/heatwork.com\/?page_id=15622"},"modified":"2018-01-29T16:01:03","modified_gmt":"2018-01-29T15:01:03","slug":"pelastustoimi","status":"publish","type":"page","link":"https:\/\/heatwork.com\/fi\/kayttokohteet\/energia-ja-pelastustoimi\/pelastustoimi\/","title":{"rendered":"Pelastustoimi"},"content":{"rendered":"<div class=\"o-carousel js-carousel\"><div class=\"o-carousel__main js-carousel-main vdjfu\" data-id=\"vdjfu\"><img loading=\"lazy\" decoding=\"async\" src=\"https:\/\/heatwork.com\/wp-content\/uploads\/2013\/09\/P52812371-940x705.jpg\" width=\"940\" height=\"705\" alt=\"\" \/>\n<img loading=\"lazy\" decoding=\"async\" src=\"https:\/\/heatwork.com\/wp-content\/uploads\/2013\/09\/IMG_0548-2-940x705.jpg\" width=\"940\" height=\"705\" alt=\"\" \/>\n<img loading=\"lazy\" decoding=\"async\" src=\"https:\/\/heatwork.com\/wp-content\/uploads\/2013\/09\/IMG_0562-940x705.jpg\" width=\"940\" height=\"705\" alt=\"\" \/>\n<img loading=\"lazy\" decoding=\"async\" src=\"https:\/\/heatwork.com\/wp-content\/uploads\/2013\/09\/SAM_0189-705x940.jpg\" width=\"705\" height=\"940\" alt=\"\" \/>\n<img loading=\"lazy\" decoding=\"async\" src=\"https:\/\/heatwork.com\/wp-content\/uploads\/2013\/09\/SAM_0190-940x705.jpg\" width=\"940\" height=\"705\" alt=\"\" \/>\n<img loading=\"lazy\" decoding=\"async\" src=\"https:\/\/heatwork.com\/wp-content\/uploads\/2013\/09\/SAM_01051-940x705.jpg\" width=\"940\" height=\"705\" alt=\"\" \/>\n<img loading=\"lazy\" decoding=\"async\" src=\"https:\/\/heatwork.com\/wp-content\/uploads\/2013\/09\/SAM_01001-705x940.jpg\" width=\"705\" height=\"940\" alt=\"\" \/>\n<img loading=\"lazy\" decoding=\"async\" src=\"https:\/\/heatwork.com\/wp-content\/uploads\/2013\/09\/DSC00797-940x529.jpg\" width=\"940\" height=\"529\" alt=\"\" \/>\n<img loading=\"lazy\" decoding=\"async\" src=\"https:\/\/heatwork.com\/wp-content\/uploads\/2013\/09\/Hydroheater-med-ekstern-dieseltank1-940x705.jpg\" width=\"940\" height=\"705\" alt=\"\" \/>\n<img loading=\"lazy\" decoding=\"async\" src=\"https:\/\/heatwork.com\/wp-content\/uploads\/2013\/09\/IMG_4040-940x701.jpg\" width=\"940\" height=\"701\" alt=\"\" \/>\n<img loading=\"lazy\" decoding=\"async\" src=\"https:\/\/heatwork.com\/wp-content\/uploads\/2013\/09\/IMG_5050-940x701.jpg\" width=\"940\" height=\"701\" alt=\"\" \/>\n<img loading=\"lazy\" decoding=\"async\" src=\"https:\/\/heatwork.com\/wp-content\/uploads\/2013\/09\/IMG_0518-2-940x705.jpg\" width=\"940\" height=\"705\" alt=\"\" \/>\n<img loading=\"lazy\" decoding=\"async\" src=\"https:\/\/heatwork.com\/wp-content\/uploads\/2013\/09\/IMG_0798-2-940x705.jpg\" width=\"940\" height=\"705\" alt=\"\" \/>\n<\/div><ul class=\"o-carousel__nav js-carousel-nav\"><li><img loading=\"lazy\" decoding=\"async\" src=\"https:\/\/heatwork.com\/wp-content\/uploads\/2013\/09\/P52812371-290x290.jpg\" width=\"290\" height=\"290\" alt=\"\" \/><\/li>\n<li><img loading=\"lazy\" decoding=\"async\" src=\"https:\/\/heatwork.com\/wp-content\/uploads\/2013\/09\/IMG_0548-2-290x290.jpg\" width=\"290\" height=\"290\" alt=\"\" \/><\/li>\n<li><img loading=\"lazy\" decoding=\"async\" src=\"https:\/\/heatwork.com\/wp-content\/uploads\/2013\/09\/IMG_0562-290x290.jpg\" width=\"290\" height=\"290\" alt=\"\" \/><\/li>\n<li><img loading=\"lazy\" decoding=\"async\" src=\"https:\/\/heatwork.com\/wp-content\/uploads\/2013\/09\/SAM_0189-290x290.jpg\" width=\"290\" height=\"290\" alt=\"\" \/><\/li>\n<li><img loading=\"lazy\" decoding=\"async\" src=\"https:\/\/heatwork.com\/wp-content\/uploads\/2013\/09\/SAM_0190-290x290.jpg\" width=\"290\" height=\"290\" alt=\"\" \/><\/li>\n<li><img loading=\"lazy\" decoding=\"async\" src=\"https:\/\/heatwork.com\/wp-content\/uploads\/2013\/09\/SAM_01051-290x290.jpg\" width=\"290\" height=\"290\" alt=\"\" \/><\/li>\n<li><img loading=\"lazy\" decoding=\"async\" src=\"https:\/\/heatwork.com\/wp-content\/uploads\/2013\/09\/SAM_01001-290x290.jpg\" width=\"290\" height=\"290\" alt=\"\" \/><\/li>\n<li><img loading=\"lazy\" decoding=\"async\" src=\"https:\/\/heatwork.com\/wp-content\/uploads\/2013\/09\/DSC00797-290x290.jpg\" width=\"290\" height=\"290\" alt=\"\" \/><\/li>\n<li><img loading=\"lazy\" decoding=\"async\" src=\"https:\/\/heatwork.com\/wp-content\/uploads\/2013\/09\/Hydroheater-med-ekstern-dieseltank1-290x290.jpg\" width=\"290\" height=\"290\" alt=\"\" \/><\/li>\n<li><img loading=\"lazy\" decoding=\"async\" src=\"https:\/\/heatwork.com\/wp-content\/uploads\/2013\/09\/IMG_4040-290x290.jpg\" width=\"290\" height=\"290\" alt=\"\" \/><\/li>\n<li><img loading=\"lazy\" decoding=\"async\" src=\"https:\/\/heatwork.com\/wp-content\/uploads\/2013\/09\/IMG_5050-290x290.jpg\" width=\"290\" height=\"290\" alt=\"\" \/><\/li>\n<li><img loading=\"lazy\" decoding=\"async\" src=\"https:\/\/heatwork.com\/wp-content\/uploads\/2013\/09\/IMG_0518-2-290x290.jpg\" width=\"290\" height=\"290\" alt=\"\" \/><\/li>\n<li><img loading=\"lazy\" decoding=\"async\" src=\"https:\/\/heatwork.com\/wp-content\/uploads\/2013\/09\/IMG_0798-2-290x290.jpg\" width=\"290\" height=\"290\" alt=\"\" \/><\/li>\n<\/ul><\/div>\n<div class=\"ingrid in-thirds\">\n<\/p>\n<div class=\"unit span-two\">HeatWorkin laitteet voivat tuottaa kriisitilanteissa v\u00e4litt\u00f6m\u00e4sti l\u00e4mp\u00f6\u00e4 teltoille ja rakennuksille sek\u00e4 l\u00e4mmint\u00e4 vett\u00e4. L\u00e4mmityksen lis\u00e4ksi voi sis\u00e4\u00e4nrakennettu aggregaatti tuottaa s\u00e4hk\u00f6\u00e4 virtaa v\u00e4hemm\u00e4n tarvitsevalle laitteistolle, kuten kommunikaatiolaitteet ja vastaavat. Laitteet tarvitsevat toimiakseen vain dieseli\u00e4, ja niiss\u00e4 on sis\u00e4inen polttoaines\u00e4ili\u00f6, polttoainepumppu ja helppo liit\u00e4nt\u00e4 ulkoiseen polttoaines\u00e4ili\u00f6\u00f6n. <\/div>\n<div class=\"unit\">\n<ul>\n<li>Telttojen ja rakennusten l\u00e4mmitys<\/li>\n<li>Desinfiointi<\/li>\n<li>L\u00e4mmin k\u00e4ytt\u00f6vesi<\/li>\n<li>S\u00e4hk\u00f6ntuotto<\/li>\n<\/ul>\n<\/div>\n<\/div>\n","protected":false},"excerpt":{"rendered":"<p>HeatWorkin laitteet voivat tuottaa kriisitilanteissa v\u00e4litt\u00f6m\u00e4sti l\u00e4mp\u00f6\u00e4 teltoille ja rakennuksille sek\u00e4 l\u00e4mmint\u00e4 vett\u00e4. L\u00e4mmityksen lis\u00e4ksi voi sis\u00e4\u00e4nrakennettu aggregaatti tuottaa s\u00e4hk\u00f6\u00e4 virtaa v\u00e4hemm\u00e4n tarvitsevalle laitteistolle, kuten kommunikaatiolaitteet ja vastaavat. Laitteet tarvitsevat toimiakseen vain dieseli\u00e4, ja niiss\u00e4 on sis\u00e4inen polttoaines\u00e4ili\u00f6, polttoainepumppu ja helppo liit\u00e4nt\u00e4 ulkoiseen polttoaines\u00e4ili\u00f6\u00f6n. Telttojen ja rakennusten l\u00e4mmitys Desinfiointi L\u00e4mmin k\u00e4ytt\u00f6vesi S\u00e4hk\u00f6ntuotto<\/p>\n","protected":false},"author":1,"featured_media":0,"parent":15652,"menu_order":1,"comment_status":"closed","ping_status":"closed","template":"","meta":{"_acf_changed":false,"footnotes":"","_links_to":"","_links_to_target":""},"class_list":["post-15622","page","type-page","status-publish"],"acf":[],"_links":{"self":[{"href":"https:\/\/heatwork.com\/fi\/wp-json\/wp\/v2\/pages\/15622"}],"collection":[{"href":"https:\/\/heatwork.com\/fi\/wp-json\/wp\/v2\/pages"}],"about":[{"href":"https:\/\/heatwork.com\/fi\/wp-json\/wp\/v2\/types\/page"}],"author":[{"embeddable":true,"href":"https:\/\/heatwork.com\/fi\/wp-json\/wp\/v2\/users\/1"}],"replies":[{"embeddable":true,"href":"https:\/\/heatwork.com\/fi\/wp-json\/wp\/v2\/comments?post=15622"}],"version-history":[{"count":0,"href":"https:\/\/heatwork.com\/fi\/wp-json\/wp\/v2\/pages\/15622\/revisions"}],"up":[{"embeddable":true,"href":"https:\/\/heatwork.com\/fi\/wp-json\/wp\/v2\/pages\/15652"}],"wp:attachment":[{"href":"https:\/\/heatwork.com\/fi\/wp-json\/wp\/v2\/media?parent=15622"}],"curies":[{"name":"wp","href":"https:\/\/api.w.org\/{rel}","templated":true}]}}