{"id":15623,"date":"2013-09-24T16:40:54","date_gmt":"2013-09-24T14:40:54","guid":{"rendered":"https:\/\/heatwork.com\/?page_id=15623"},"modified":"2018-01-29T15:55:22","modified_gmt":"2018-01-29T14:55:22","slug":"kaukolampoyhtiot","status":"publish","type":"page","link":"https:\/\/heatwork.com\/fi\/kayttokohteet\/energia-ja-pelastustoimi\/kaukolampoyhtiot\/","title":{"rendered":"Kaukol\u00e4mp\u00f6yhti\u00f6t"},"content":{"rendered":"<div class=\"o-carousel js-carousel\"><div class=\"o-carousel__main js-carousel-main fvyks\" data-id=\"fvyks\"><img loading=\"lazy\" decoding=\"async\" src=\"https:\/\/heatwork.com\/wp-content\/uploads\/2013\/09\/P52812371-940x705.jpg\" width=\"940\" height=\"705\" alt=\"\" \/>\n<img loading=\"lazy\" decoding=\"async\" src=\"https:\/\/heatwork.com\/wp-content\/uploads\/2013\/09\/IMG_0548-2-940x705.jpg\" width=\"940\" height=\"705\" alt=\"\" \/>\n<img loading=\"lazy\" decoding=\"async\" src=\"https:\/\/heatwork.com\/wp-content\/uploads\/2013\/09\/IMG_0562-940x705.jpg\" width=\"940\" height=\"705\" alt=\"\" \/>\n<img loading=\"lazy\" decoding=\"async\" src=\"https:\/\/heatwork.com\/wp-content\/uploads\/2013\/09\/IMG_0564-940x705.jpg\" width=\"940\" height=\"705\" alt=\"\" \/>\n<img loading=\"lazy\" decoding=\"async\" src=\"https:\/\/heatwork.com\/wp-content\/uploads\/2013\/09\/2-940x705.jpg\" width=\"940\" height=\"705\" alt=\"\" \/>\n<img loading=\"lazy\" decoding=\"async\" src=\"https:\/\/heatwork.com\/wp-content\/uploads\/2013\/09\/SAM_01051-940x705.jpg\" width=\"940\" height=\"705\" alt=\"\" \/>\n<img loading=\"lazy\" decoding=\"async\" src=\"https:\/\/heatwork.com\/wp-content\/uploads\/2013\/09\/SAM_01001-705x940.jpg\" width=\"705\" height=\"940\" alt=\"\" \/>\n<img loading=\"lazy\" decoding=\"async\" src=\"https:\/\/heatwork.com\/wp-content\/uploads\/2013\/09\/DSC_00581-940x625.jpg\" width=\"940\" height=\"625\" alt=\"\" \/>\n<img loading=\"lazy\" decoding=\"async\" src=\"https:\/\/heatwork.com\/wp-content\/uploads\/2013\/09\/DSC_04052.jpg\" width=\"787\" height=\"524\" alt=\"\" \/>\n<img loading=\"lazy\" decoding=\"async\" src=\"https:\/\/heatwork.com\/wp-content\/uploads\/2013\/09\/DSC00797-940x529.jpg\" width=\"940\" height=\"529\" alt=\"\" \/>\n<img loading=\"lazy\" decoding=\"async\" src=\"https:\/\/heatwork.com\/wp-content\/uploads\/2013\/09\/Hydroheater-med-ekstern-dieseltank1-940x705.jpg\" width=\"940\" height=\"705\" alt=\"\" \/>\n<img loading=\"lazy\" decoding=\"async\" src=\"https:\/\/heatwork.com\/wp-content\/uploads\/2013\/09\/IMG_4040-940x701.jpg\" width=\"940\" height=\"701\" alt=\"\" \/>\n<img loading=\"lazy\" decoding=\"async\" src=\"https:\/\/heatwork.com\/wp-content\/uploads\/2013\/09\/IMG_5050-940x701.jpg\" width=\"940\" height=\"701\" alt=\"\" \/>\n<img loading=\"lazy\" decoding=\"async\" src=\"https:\/\/heatwork.com\/wp-content\/uploads\/2013\/09\/IMG_0518-2-940x705.jpg\" width=\"940\" height=\"705\" alt=\"\" \/>\n<\/div><ul class=\"o-carousel__nav js-carousel-nav\"><li><img loading=\"lazy\" decoding=\"async\" src=\"https:\/\/heatwork.com\/wp-content\/uploads\/2013\/09\/P52812371-290x290.jpg\" width=\"290\" height=\"290\" alt=\"\" \/><\/li>\n<li><img loading=\"lazy\" decoding=\"async\" src=\"https:\/\/heatwork.com\/wp-content\/uploads\/2013\/09\/IMG_0548-2-290x290.jpg\" width=\"290\" height=\"290\" alt=\"\" \/><\/li>\n<li><img loading=\"lazy\" decoding=\"async\" src=\"https:\/\/heatwork.com\/wp-content\/uploads\/2013\/09\/IMG_0562-290x290.jpg\" width=\"290\" height=\"290\" alt=\"\" \/><\/li>\n<li><img loading=\"lazy\" decoding=\"async\" src=\"https:\/\/heatwork.com\/wp-content\/uploads\/2013\/09\/IMG_0564-290x290.jpg\" width=\"290\" height=\"290\" alt=\"\" \/><\/li>\n<li><img loading=\"lazy\" decoding=\"async\" src=\"https:\/\/heatwork.com\/wp-content\/uploads\/2013\/09\/2-290x290.jpg\" width=\"290\" height=\"290\" alt=\"\" \/><\/li>\n<li><img loading=\"lazy\" decoding=\"async\" src=\"https:\/\/heatwork.com\/wp-content\/uploads\/2013\/09\/SAM_01051-290x290.jpg\" width=\"290\" height=\"290\" alt=\"\" \/><\/li>\n<li><img loading=\"lazy\" decoding=\"async\" src=\"https:\/\/heatwork.com\/wp-content\/uploads\/2013\/09\/SAM_01001-290x290.jpg\" width=\"290\" height=\"290\" alt=\"\" \/><\/li>\n<li><img loading=\"lazy\" decoding=\"async\" src=\"https:\/\/heatwork.com\/wp-content\/uploads\/2013\/09\/DSC_00581-290x290.jpg\" width=\"290\" height=\"290\" alt=\"\" \/><\/li>\n<li><img loading=\"lazy\" decoding=\"async\" src=\"https:\/\/heatwork.com\/wp-content\/uploads\/2013\/09\/DSC_04052-290x290.jpg\" width=\"290\" height=\"290\" alt=\"\" \/><\/li>\n<li><img loading=\"lazy\" decoding=\"async\" src=\"https:\/\/heatwork.com\/wp-content\/uploads\/2013\/09\/DSC00797-290x290.jpg\" width=\"290\" height=\"290\" alt=\"\" \/><\/li>\n<li><img loading=\"lazy\" decoding=\"async\" src=\"https:\/\/heatwork.com\/wp-content\/uploads\/2013\/09\/Hydroheater-med-ekstern-dieseltank1-290x290.jpg\" width=\"290\" height=\"290\" alt=\"\" \/><\/li>\n<li><img loading=\"lazy\" decoding=\"async\" src=\"https:\/\/heatwork.com\/wp-content\/uploads\/2013\/09\/IMG_4040-290x290.jpg\" width=\"290\" height=\"290\" alt=\"\" \/><\/li>\n<li><img loading=\"lazy\" decoding=\"async\" src=\"https:\/\/heatwork.com\/wp-content\/uploads\/2013\/09\/IMG_5050-290x290.jpg\" width=\"290\" height=\"290\" alt=\"\" \/><\/li>\n<li><img loading=\"lazy\" decoding=\"async\" src=\"https:\/\/heatwork.com\/wp-content\/uploads\/2013\/09\/IMG_0518-2-290x290.jpg\" width=\"290\" height=\"290\" alt=\"\" \/><\/li>\n<\/ul><\/div>\n<p>&nbsp;<\/p>\n<div class=\"ingrid in-thirds\">\n<div class=\"unit span-two\">HeatWork on kehitt\u00e4nyt kaukol\u00e4mp\u00f6\u00e4 varten erityisesti laitteen (HeatWork HydroHeater), jonka voi liitt\u00e4\u00e4 suoraan olemassa olevaan kaukol\u00e4mp\u00f6verkkoon. HeatWorkin keskittyminen siirrett\u00e4vyyteen ja suorituskykyyn tekee HydroHeaterista erinomaisen valmiusvarusteen kaukol\u00e4mp\u00f6yhti\u00f6ille. Olemme saanet kiitosta monelta asiakkaalta siit\u00e4, kuinka HydroHeater on tuottanut l\u00e4mp\u00f6\u00e4 siell\u00e4, miss\u00e4 sit\u00e4 on eniten tarvittu, joko odottamattomien tapahtumien sattuessa, tai kaukol\u00e4mp\u00f6verkon suunnitellun huollon yhteydess\u00e4. N\u00e4in toimintakatkot eiv\u00e4t vaikuta loppuk\u00e4ytt\u00e4jiin, ja kaukol\u00e4mp\u00f6yhti\u00f6t s\u00e4\u00e4st\u00e4v\u00e4t rahaa, koska huoltotoimet voidaan suorittaa p\u00e4iv\u00e4saikaan. Y\u00f6t\u00f6iden v\u00e4heneminen my\u00f6s rasittaa miehist\u00f6\u00e4 v\u00e4hemm\u00e4n, ja parantaa ty\u00f6n laatua.<\/div>\n<div class=\"unit\">\n<ul>\n<li>Asuin- ja liiketalojen v\u00e4liaikainen k\u00e4ytt\u00f6<\/li>\n<li>Kaukol\u00e4mp\u00f6putkien l\u00e4mp\u00f6pidennys<\/li>\n<\/ul>\n<\/div>\n<\/div>\n","protected":false},"excerpt":{"rendered":"<p>&nbsp; HeatWork on kehitt\u00e4nyt kaukol\u00e4mp\u00f6\u00e4 varten erityisesti laitteen (HeatWork HydroHeater), jonka voi liitt\u00e4\u00e4 suoraan olemassa olevaan kaukol\u00e4mp\u00f6verkkoon. HeatWorkin keskittyminen siirrett\u00e4vyyteen ja suorituskykyyn tekee HydroHeaterista erinomaisen valmiusvarusteen kaukol\u00e4mp\u00f6yhti\u00f6ille. Olemme saanet kiitosta monelta asiakkaalta siit\u00e4, kuinka HydroHeater on tuottanut l\u00e4mp\u00f6\u00e4 siell\u00e4, miss\u00e4 sit\u00e4 on eniten tarvittu, joko odottamattomien tapahtumien sattuessa, tai kaukol\u00e4mp\u00f6verkon suunnitellun huollon yhteydess\u00e4. N\u00e4in toimintakatkot [&hellip;]<\/p>\n","protected":false},"author":1,"featured_media":0,"parent":15652,"menu_order":0,"comment_status":"closed","ping_status":"closed","template":"","meta":{"_acf_changed":false,"footnotes":"","_links_to":"","_links_to_target":""},"class_list":["post-15623","page","type-page","status-publish"],"acf":[],"_links":{"self":[{"href":"https:\/\/heatwork.com\/fi\/wp-json\/wp\/v2\/pages\/15623"}],"collection":[{"href":"https:\/\/heatwork.com\/fi\/wp-json\/wp\/v2\/pages"}],"about":[{"href":"https:\/\/heatwork.com\/fi\/wp-json\/wp\/v2\/types\/page"}],"author":[{"embeddable":true,"href":"https:\/\/heatwork.com\/fi\/wp-json\/wp\/v2\/users\/1"}],"replies":[{"embeddable":true,"href":"https:\/\/heatwork.com\/fi\/wp-json\/wp\/v2\/comments?post=15623"}],"version-history":[{"count":0,"href":"https:\/\/heatwork.com\/fi\/wp-json\/wp\/v2\/pages\/15623\/revisions"}],"up":[{"embeddable":true,"href":"https:\/\/heatwork.com\/fi\/wp-json\/wp\/v2\/pages\/15652"}],"wp:attachment":[{"href":"https:\/\/heatwork.com\/fi\/wp-json\/wp\/v2\/media?parent=15623"}],"curies":[{"name":"wp","href":"https:\/\/api.w.org\/{rel}","templated":true}]}}