{"id":15624,"date":"2013-09-24T16:36:45","date_gmt":"2013-09-24T14:36:45","guid":{"rendered":"https:\/\/heatwork.com\/?page_id=15624"},"modified":"2018-01-29T15:07:36","modified_gmt":"2018-01-29T14:07:36","slug":"tapahtumat-2","status":"publish","type":"page","link":"https:\/\/heatwork.com\/fi\/kayttokohteet\/rakennusteollisuus\/tapahtumat-2\/","title":{"rendered":"Tapahtumat"},"content":{"rendered":"<div class=\"o-carousel js-carousel\"><div class=\"o-carousel__main js-carousel-main wmkcn\" data-id=\"wmkcn\"><img loading=\"lazy\" decoding=\"async\" src=\"https:\/\/heatwork.com\/wp-content\/uploads\/2013\/09\/DSC_0044-940x624.jpg\" width=\"940\" height=\"624\" alt=\"\" \/>\n<img loading=\"lazy\" decoding=\"async\" src=\"https:\/\/heatwork.com\/wp-content\/uploads\/2013\/09\/DSC_0135-940x625.jpg\" width=\"940\" height=\"625\" alt=\"\" \/>\n<img loading=\"lazy\" decoding=\"async\" src=\"https:\/\/heatwork.com\/wp-content\/uploads\/2013\/09\/DSC_0148-940x625.jpg\" width=\"940\" height=\"625\" alt=\"\" \/>\n<\/div><ul class=\"o-carousel__nav js-carousel-nav\"><li><img loading=\"lazy\" decoding=\"async\" src=\"https:\/\/heatwork.com\/wp-content\/uploads\/2013\/09\/DSC_0044-290x290.jpg\" width=\"290\" height=\"290\" alt=\"\" \/><\/li>\n<li><img loading=\"lazy\" decoding=\"async\" src=\"https:\/\/heatwork.com\/wp-content\/uploads\/2013\/09\/DSC_0135-290x290.jpg\" width=\"290\" height=\"290\" alt=\"\" \/><\/li>\n<li><img loading=\"lazy\" decoding=\"async\" src=\"https:\/\/heatwork.com\/wp-content\/uploads\/2013\/09\/DSC_0148-290x290.jpg\" width=\"290\" height=\"290\" alt=\"\" \/><\/li>\n<\/ul><\/div>\n<p><\/p>\n<div class=\"ingrid in-thirds\">\n<div class=\"unit span-two\">\nHeatWorkin siirrett\u00e4v\u00e4t l\u00e4mp\u00f6ratkaisut vaativaan k\u00e4ytt\u00f6\u00f6n ovat monen vuoden kehityksen ja testauksen tulos. T\u00e4m\u00e4 asettaa tuotteen laadulle, luotettavuudelle ja toiminnalle tiukat vaatimukset l\u00e4hes kaikissa k\u00e4ytt\u00f6olosuhteissa. Samanaikaisesti olemme kiinnit\u00e4neet huomiota muotoiluun, ymp\u00e4rist\u00f6yst\u00e4v\u00e4llisyyteen ja monipuolisuuteen. T\u00e4m\u00e4 yhdistelm\u00e4 tekee laitteistamme eritt\u00e4in hyvin soveltuvia tapahtumak\u00e4ytt\u00f6\u00f6n. Olipa l\u00e4mmitett\u00e4v\u00e4n\u00e4 sitten suuri yleis\u00f6teltta, tai k\u00e4ytt\u00f6vesi ruoanlaittoon, siivoukseen, suihkuihin ja vessoihin, l\u00f6ytyy HeatWorkilt\u00e4 markkinoiden kompaktein ja siirrett\u00e4vin ratkaisu. Lis\u00e4ksi palkintoja voittanut muotoilumme on yritt\u00e4in ymp\u00e4rist\u00f6yst\u00e4v\u00e4llinen. Olemme poistaneet melun, polttoainetahrat ja pakokaasun katkun.\n<\/div>\n<div class=\"unit\">\n<ul>\n<li>Telttojen l\u00e4mmitys<\/li>\n<li>L\u00e4mmin vesi suihkuihin jne.<\/li>\n<li>L\u00e4mmin vesi ammeisiin tai porealtaisiin<\/li>\n<li>L\u00e4mmin vesi ruoanlaittoon ja siivoukseen<\/li>\n<li>S\u00e4hk\u00f6ntuotto<\/li>\n<\/ul>\n<\/div>\n<\/div>\n","protected":false},"excerpt":{"rendered":"<p>HeatWorkin siirrett\u00e4v\u00e4t l\u00e4mp\u00f6ratkaisut vaativaan k\u00e4ytt\u00f6\u00f6n ovat monen vuoden kehityksen ja testauksen tulos. T\u00e4m\u00e4 asettaa tuotteen laadulle, luotettavuudelle ja toiminnalle tiukat vaatimukset l\u00e4hes kaikissa k\u00e4ytt\u00f6olosuhteissa. Samanaikaisesti olemme kiinnit\u00e4neet huomiota muotoiluun, ymp\u00e4rist\u00f6yst\u00e4v\u00e4llisyyteen ja monipuolisuuteen. T\u00e4m\u00e4 yhdistelm\u00e4 tekee laitteistamme eritt\u00e4in hyvin soveltuvia tapahtumak\u00e4ytt\u00f6\u00f6n. Olipa l\u00e4mmitett\u00e4v\u00e4n\u00e4 sitten suuri yleis\u00f6teltta, tai k\u00e4ytt\u00f6vesi ruoanlaittoon, siivoukseen, suihkuihin ja vessoihin, l\u00f6ytyy HeatWorkilt\u00e4 markkinoiden [&hellip;]<\/p>\n","protected":false},"author":1,"featured_media":0,"parent":15665,"menu_order":8,"comment_status":"closed","ping_status":"closed","template":"","meta":{"_acf_changed":false,"footnotes":"","_links_to":"","_links_to_target":""},"class_list":["post-15624","page","type-page","status-publish"],"acf":[],"_links":{"self":[{"href":"https:\/\/heatwork.com\/fi\/wp-json\/wp\/v2\/pages\/15624"}],"collection":[{"href":"https:\/\/heatwork.com\/fi\/wp-json\/wp\/v2\/pages"}],"about":[{"href":"https:\/\/heatwork.com\/fi\/wp-json\/wp\/v2\/types\/page"}],"author":[{"embeddable":true,"href":"https:\/\/heatwork.com\/fi\/wp-json\/wp\/v2\/users\/1"}],"replies":[{"embeddable":true,"href":"https:\/\/heatwork.com\/fi\/wp-json\/wp\/v2\/comments?post=15624"}],"version-history":[{"count":0,"href":"https:\/\/heatwork.com\/fi\/wp-json\/wp\/v2\/pages\/15624\/revisions"}],"up":[{"embeddable":true,"href":"https:\/\/heatwork.com\/fi\/wp-json\/wp\/v2\/pages\/15665"}],"wp:attachment":[{"href":"https:\/\/heatwork.com\/fi\/wp-json\/wp\/v2\/media?parent=15624"}],"curies":[{"name":"wp","href":"https:\/\/api.w.org\/{rel}","templated":true}]}}