{"id":15626,"date":"2013-09-24T16:35:24","date_gmt":"2013-09-24T14:35:24","guid":{"rendered":"https:\/\/heatwork.com\/?page_id=15626"},"modified":"2018-01-29T15:02:50","modified_gmt":"2018-01-29T14:02:50","slug":"kuntatekniikka-ja-puistotoimistot","status":"publish","type":"page","link":"https:\/\/heatwork.com\/fi\/kayttokohteet\/rakennusteollisuus\/kuntatekniikka-ja-puistotoimistot\/","title":{"rendered":"Kuntatekniikka ja puistotoimistot"},"content":{"rendered":"<p><div class=\"o-carousel js-carousel\"><div class=\"o-carousel__main js-carousel-main twmhq\" data-id=\"twmhq\"><img loading=\"lazy\" decoding=\"async\" src=\"https:\/\/heatwork.com\/wp-content\/uploads\/2013\/09\/DSC_0004-940x624.jpg\" width=\"940\" height=\"624\" alt=\"\" \/>\n<img loading=\"lazy\" decoding=\"async\" src=\"https:\/\/heatwork.com\/wp-content\/uploads\/2013\/09\/DSC_00091-940x624.jpg\" width=\"940\" height=\"624\" alt=\"\" \/>\n<img loading=\"lazy\" decoding=\"async\" src=\"https:\/\/heatwork.com\/wp-content\/uploads\/2013\/09\/DSC_0010-940x624.jpg\" width=\"940\" height=\"624\" alt=\"\" \/>\n<img loading=\"lazy\" decoding=\"async\" src=\"https:\/\/heatwork.com\/wp-content\/uploads\/2013\/09\/DSC_0013-2-940x624.jpg\" width=\"940\" height=\"624\" alt=\"\" \/>\n<img loading=\"lazy\" decoding=\"async\" src=\"https:\/\/heatwork.com\/wp-content\/uploads\/2013\/09\/DSC_0046-940x624.jpg\" width=\"940\" height=\"624\" alt=\"\" \/>\n<img loading=\"lazy\" decoding=\"async\" src=\"https:\/\/heatwork.com\/wp-content\/uploads\/2013\/09\/DSC_0140_Cut-940x883.jpg\" width=\"940\" height=\"883\" alt=\"\" \/>\n<img loading=\"lazy\" decoding=\"async\" src=\"https:\/\/heatwork.com\/wp-content\/uploads\/2013\/09\/IMG_6049-940x705.jpg\" width=\"940\" height=\"705\" alt=\"\" \/>\n<img loading=\"lazy\" decoding=\"async\" src=\"https:\/\/heatwork.com\/wp-content\/uploads\/2013\/09\/PA200585-940x705.jpg\" width=\"940\" height=\"705\" alt=\"\" \/>\n<img loading=\"lazy\" decoding=\"async\" src=\"https:\/\/heatwork.com\/wp-content\/uploads\/2013\/09\/DSC_0246-940x625.jpg\" width=\"940\" height=\"625\" alt=\"\" \/>\n<img loading=\"lazy\" decoding=\"async\" src=\"https:\/\/heatwork.com\/wp-content\/uploads\/2013\/09\/HW-+-ballbinge-940x625.jpg\" width=\"940\" height=\"625\" alt=\"\" \/>\n<\/div><ul class=\"o-carousel__nav js-carousel-nav\"><li><img loading=\"lazy\" decoding=\"async\" src=\"https:\/\/heatwork.com\/wp-content\/uploads\/2013\/09\/DSC_0004-290x290.jpg\" width=\"290\" height=\"290\" alt=\"\" \/><\/li>\n<li><img loading=\"lazy\" decoding=\"async\" src=\"https:\/\/heatwork.com\/wp-content\/uploads\/2013\/09\/DSC_00091-290x290.jpg\" width=\"290\" height=\"290\" alt=\"\" \/><\/li>\n<li><img loading=\"lazy\" decoding=\"async\" src=\"https:\/\/heatwork.com\/wp-content\/uploads\/2013\/09\/DSC_0010-290x290.jpg\" width=\"290\" height=\"290\" alt=\"\" \/><\/li>\n<li><img loading=\"lazy\" decoding=\"async\" src=\"https:\/\/heatwork.com\/wp-content\/uploads\/2013\/09\/DSC_0013-2-290x290.jpg\" width=\"290\" height=\"290\" alt=\"\" \/><\/li>\n<li><img loading=\"lazy\" decoding=\"async\" src=\"https:\/\/heatwork.com\/wp-content\/uploads\/2013\/09\/DSC_0046-290x290.jpg\" width=\"290\" height=\"290\" alt=\"\" \/><\/li>\n<li><img loading=\"lazy\" decoding=\"async\" src=\"https:\/\/heatwork.com\/wp-content\/uploads\/2013\/09\/DSC_0140_Cut-290x290.jpg\" width=\"290\" height=\"290\" alt=\"\" \/><\/li>\n<li><img loading=\"lazy\" decoding=\"async\" src=\"https:\/\/heatwork.com\/wp-content\/uploads\/2013\/09\/IMG_6049-290x290.jpg\" width=\"290\" height=\"290\" alt=\"\" \/><\/li>\n<li><img loading=\"lazy\" decoding=\"async\" src=\"https:\/\/heatwork.com\/wp-content\/uploads\/2013\/09\/PA200585-290x290.jpg\" width=\"290\" height=\"290\" alt=\"\" \/><\/li>\n<li><img loading=\"lazy\" decoding=\"async\" src=\"https:\/\/heatwork.com\/wp-content\/uploads\/2013\/09\/DSC_0246-290x290.jpg\" width=\"290\" height=\"290\" alt=\"\" \/><\/li>\n<li><img loading=\"lazy\" decoding=\"async\" src=\"https:\/\/heatwork.com\/wp-content\/uploads\/2013\/09\/HW-+-ballbinge-290x290.jpg\" width=\"290\" height=\"290\" alt=\"\" \/><\/li>\n<\/ul><\/div><br \/>\n<\/p>\n<div class=\"ingrid in-thirds\">\n<div class=\"unit span-two\">\nHeatWorkin joustavat l\u00e4mp\u00f6ratkaisut auttavat yh\u00e4 useampaa kuntaa ratkaisemaan kuntatekniset haasteensa, niin kotimaassa kuin ulkomaillakin. Syyn\u00e4 t\u00e4h\u00e4n ovat kustannustehokkuuden ja ymp\u00e4rist\u00f6yst\u00e4v\u00e4llisyyden kasvanut merkitys, sek\u00e4 mahdollisuus suorittaa enenem\u00e4ss\u00e4 m\u00e4\u00e4rin talvit\u00f6it\u00e4 omin resurssein. Heatworking laiteet voivat olla my\u00f6s osana kunnan valmiussuunnitelmaa rakennusten l\u00e4mmittamiseksi ja l\u00e4mpim\u00e4n veden tuottamiseksi pienten ja suurten kriisien yhteydess\u00e4.<\/div>\n<div class=\"unit\">\n<ul>\n<li>Vesi- ja viem\u00e4rilaitokset<\/li>\n<li>J\u00e4\u00e4n, lumen ja roudan sulatus<\/li>\n<li>J\u00e4\u00e4n sulatus ojista<\/li>\n<li>Sulatus vesivuotojen yhteydess\u00e4<\/li>\n<li>Kylttien, viem\u00e4r\u00f6intien ja perustusten sulatus<\/li>\n<li>Rakennusten ja autotallien l\u00e4mmitys<\/li>\n<li>Ty\u00f6pajojen ja ty\u00f6tetlttojen l\u00e4mmitys<\/li>\n<li>S\u00e4hk\u00f6ntuotto<\/li>\n<\/ul>\n<\/div>\n<\/div>\n","protected":false},"excerpt":{"rendered":"<p>HeatWorkin joustavat l\u00e4mp\u00f6ratkaisut auttavat yh\u00e4 useampaa kuntaa ratkaisemaan kuntatekniset haasteensa, niin kotimaassa kuin ulkomaillakin. Syyn\u00e4 t\u00e4h\u00e4n ovat kustannustehokkuuden ja ymp\u00e4rist\u00f6yst\u00e4v\u00e4llisyyden kasvanut merkitys, sek\u00e4 mahdollisuus suorittaa enenem\u00e4ss\u00e4 m\u00e4\u00e4rin talvit\u00f6it\u00e4 omin resurssein. Heatworking laiteet voivat olla my\u00f6s osana kunnan valmiussuunnitelmaa rakennusten l\u00e4mmittamiseksi ja l\u00e4mpim\u00e4n veden tuottamiseksi pienten ja suurten kriisien yhteydess\u00e4. Vesi- ja viem\u00e4rilaitokset J\u00e4\u00e4n, lumen ja [&hellip;]<\/p>\n","protected":false},"author":1,"featured_media":0,"parent":15665,"menu_order":4,"comment_status":"closed","ping_status":"closed","template":"","meta":{"_acf_changed":false,"footnotes":"","_links_to":"","_links_to_target":""},"class_list":["post-15626","page","type-page","status-publish"],"acf":[],"_links":{"self":[{"href":"https:\/\/heatwork.com\/fi\/wp-json\/wp\/v2\/pages\/15626"}],"collection":[{"href":"https:\/\/heatwork.com\/fi\/wp-json\/wp\/v2\/pages"}],"about":[{"href":"https:\/\/heatwork.com\/fi\/wp-json\/wp\/v2\/types\/page"}],"author":[{"embeddable":true,"href":"https:\/\/heatwork.com\/fi\/wp-json\/wp\/v2\/users\/1"}],"replies":[{"embeddable":true,"href":"https:\/\/heatwork.com\/fi\/wp-json\/wp\/v2\/comments?post=15626"}],"version-history":[{"count":0,"href":"https:\/\/heatwork.com\/fi\/wp-json\/wp\/v2\/pages\/15626\/revisions"}],"up":[{"embeddable":true,"href":"https:\/\/heatwork.com\/fi\/wp-json\/wp\/v2\/pages\/15665"}],"wp:attachment":[{"href":"https:\/\/heatwork.com\/fi\/wp-json\/wp\/v2\/media?parent=15626"}],"curies":[{"name":"wp","href":"https:\/\/api.w.org\/{rel}","templated":true}]}}