{"id":15627,"date":"2013-09-24T16:34:57","date_gmt":"2013-09-24T14:34:57","guid":{"rendered":"https:\/\/heatwork.com\/?page_id=15627"},"modified":"2018-01-29T14:59:47","modified_gmt":"2018-01-29T13:59:47","slug":"maisema-arkkitehtuuri","status":"publish","type":"page","link":"https:\/\/heatwork.com\/fi\/kayttokohteet\/rakennusteollisuus\/maisema-arkkitehtuuri\/","title":{"rendered":"Maisema-arkkitehtuuri"},"content":{"rendered":"<div class=\"o-carousel js-carousel\"><div class=\"o-carousel__main js-carousel-main ecfjl\" data-id=\"ecfjl\"><img loading=\"lazy\" decoding=\"async\" src=\"https:\/\/heatwork.com\/wp-content\/uploads\/2013\/09\/DSC_0233-e1433157927105-940x625.jpg\" width=\"940\" height=\"625\" alt=\"\" \/>\n<img loading=\"lazy\" decoding=\"async\" src=\"https:\/\/heatwork.com\/wp-content\/uploads\/2013\/09\/DSC_0218-e1433158021546-940x625.jpg\" width=\"940\" height=\"625\" alt=\"\" \/>\n<img loading=\"lazy\" decoding=\"async\" src=\"https:\/\/heatwork.com\/wp-content\/uploads\/2013\/09\/DSC_02243-e1433158040557-940x625.jpg\" width=\"940\" height=\"625\" alt=\"\" \/>\n<img loading=\"lazy\" decoding=\"async\" src=\"https:\/\/heatwork.com\/wp-content\/uploads\/2013\/09\/1Bilde.jpg\" width=\"600\" height=\"450\" alt=\"\" \/>\n<img loading=\"lazy\" decoding=\"async\" src=\"https:\/\/heatwork.com\/wp-content\/uploads\/2013\/09\/graving-m_spade-i-tint-mark-34C652-e1433158085646-940x625.jpg\" width=\"940\" height=\"625\" alt=\"\" \/>\n<img loading=\"lazy\" decoding=\"async\" src=\"https:\/\/heatwork.com\/wp-content\/uploads\/2013\/09\/HeatWprk-014-940x705.jpg\" width=\"940\" height=\"705\" alt=\"\" \/>\n<img loading=\"lazy\" decoding=\"async\" src=\"https:\/\/heatwork.com\/wp-content\/uploads\/2013\/09\/IMG_08241-705x940.jpg\" width=\"705\" height=\"940\" alt=\"\" \/>\n<img loading=\"lazy\" decoding=\"async\" src=\"https:\/\/heatwork.com\/wp-content\/uploads\/2013\/09\/Tining-1-e1433158404711-940x705.jpg\" width=\"940\" height=\"705\" alt=\"\" \/>\n<img loading=\"lazy\" decoding=\"async\" src=\"https:\/\/heatwork.com\/wp-content\/uploads\/2013\/09\/Tining-2-e1433158421823-940x705.jpg\" width=\"940\" height=\"705\" alt=\"\" \/>\n<img loading=\"lazy\" decoding=\"async\" src=\"https:\/\/heatwork.com\/wp-content\/uploads\/2013\/09\/DSCF1114-e1433158452618-940x705.jpg\" width=\"940\" height=\"705\" alt=\"\" \/>\n<img loading=\"lazy\" decoding=\"async\" src=\"https:\/\/heatwork.com\/wp-content\/uploads\/2013\/09\/DSCN0781-940x705.jpg\" width=\"940\" height=\"705\" alt=\"\" \/>\n<img loading=\"lazy\" decoding=\"async\" src=\"https:\/\/heatwork.com\/wp-content\/uploads\/2013\/09\/DSCN0783-940x705.jpg\" width=\"940\" height=\"705\" alt=\"\" \/>\n<\/div><ul class=\"o-carousel__nav js-carousel-nav\"><li><img loading=\"lazy\" decoding=\"async\" src=\"https:\/\/heatwork.com\/wp-content\/uploads\/2013\/09\/DSC_0233-e1433157927105-290x290.jpg\" width=\"290\" height=\"290\" alt=\"\" \/><\/li>\n<li><img loading=\"lazy\" decoding=\"async\" src=\"https:\/\/heatwork.com\/wp-content\/uploads\/2013\/09\/DSC_0218-e1433158021546-290x290.jpg\" width=\"290\" height=\"290\" alt=\"\" \/><\/li>\n<li><img loading=\"lazy\" decoding=\"async\" src=\"https:\/\/heatwork.com\/wp-content\/uploads\/2013\/09\/DSC_02243-e1433158040557-290x290.jpg\" width=\"290\" height=\"290\" alt=\"\" \/><\/li>\n<li><img loading=\"lazy\" decoding=\"async\" src=\"https:\/\/heatwork.com\/wp-content\/uploads\/2013\/09\/1Bilde-290x290.jpg\" width=\"290\" height=\"290\" alt=\"\" \/><\/li>\n<li><img loading=\"lazy\" decoding=\"async\" src=\"https:\/\/heatwork.com\/wp-content\/uploads\/2013\/09\/graving-m_spade-i-tint-mark-34C652-e1433158085646-290x290.jpg\" width=\"290\" height=\"290\" alt=\"\" \/><\/li>\n<li><img loading=\"lazy\" decoding=\"async\" src=\"https:\/\/heatwork.com\/wp-content\/uploads\/2013\/09\/HeatWprk-014-290x290.jpg\" width=\"290\" height=\"290\" alt=\"\" \/><\/li>\n<li><img loading=\"lazy\" decoding=\"async\" src=\"https:\/\/heatwork.com\/wp-content\/uploads\/2013\/09\/IMG_08241-290x290.jpg\" width=\"290\" height=\"290\" alt=\"\" \/><\/li>\n<li><img loading=\"lazy\" decoding=\"async\" src=\"https:\/\/heatwork.com\/wp-content\/uploads\/2013\/09\/Tining-1-e1433158404711-290x290.jpg\" width=\"290\" height=\"290\" alt=\"\" \/><\/li>\n<li><img loading=\"lazy\" decoding=\"async\" src=\"https:\/\/heatwork.com\/wp-content\/uploads\/2013\/09\/Tining-2-e1433158421823-290x290.jpg\" width=\"290\" height=\"290\" alt=\"\" \/><\/li>\n<li><img loading=\"lazy\" decoding=\"async\" src=\"https:\/\/heatwork.com\/wp-content\/uploads\/2013\/09\/DSCF1114-e1433158452618-290x290.jpg\" width=\"290\" height=\"290\" alt=\"\" \/><\/li>\n<li><img loading=\"lazy\" decoding=\"async\" src=\"https:\/\/heatwork.com\/wp-content\/uploads\/2013\/09\/DSCN0781-290x290.jpg\" width=\"290\" height=\"290\" alt=\"\" \/><\/li>\n<li><img loading=\"lazy\" decoding=\"async\" src=\"https:\/\/heatwork.com\/wp-content\/uploads\/2013\/09\/DSCN0783-290x290.jpg\" width=\"290\" height=\"290\" alt=\"\" \/><\/li>\n<\/ul><\/div>\n<p>&nbsp;<\/p>\n<p>&nbsp;<\/p>\n<div class=\"ingrid in-thirds\">\n<div class=\"unit span-two\">\n<p>Nyt voit tehd\u00e4 maisemointia ymp\u00e4ri vuoden. Riippumatta onko sinulla tarvetta maan, t\u00e4ytt\u00f6massojen, ty\u00f6telttojen tai autotallien l\u00e4mmitykselle, voit ratkaista n\u00e4m\u00e4 helposti k\u00e4ytt\u00e4m\u00e4ll\u00e4 HeatWorkin siirrett\u00e4vi\u00e4 l\u00e4mp\u00f6ratkaisuja.<\/p>\n<p><em>V\u00e4lt\u00e4 lomautukset ja ole kilpailijoitasi edell\u00e4 &#8211; valitse HeatWork!<\/em><\/p>\n<\/div>\n<div class=\"unit\">\n<ul>\n<li>Roudansulatus<\/li>\n<li>T\u00e4ytt\u00f6massojen sulatus ja pakkassuojaus<\/li>\n<li>Materiaalien pakkaussuojaus ja lumen ja j\u00e4\u00e4n est\u00e4minen<\/li>\n<li>Maapohjan pakkassuojaus<\/li>\n<li>Rakennusten ja autotallien l\u00e4mmitys<\/li>\n<li>Ty\u00f6pajojen ja ty\u00f6telttojen l\u00e4mmitys<\/li>\n<li>Esil\u00e4mmitys talvivalujen yhteydess\u00e4<\/li>\n<li>Kylttien, perustojen ja viem\u00e4r\u00f6intien sulatus<\/li>\n<li>Betonin kovetus<\/li>\n<li>S\u00e4hk\u00f6ntuotto<\/li>\n<li>Vuokraus<\/li>\n<\/ul>\n<\/div>\n<\/div>\n","protected":false},"excerpt":{"rendered":"<p>&nbsp; &nbsp; Nyt voit tehd\u00e4 maisemointia ymp\u00e4ri vuoden. Riippumatta onko sinulla tarvetta maan, t\u00e4ytt\u00f6massojen, ty\u00f6telttojen tai autotallien l\u00e4mmitykselle, voit ratkaista n\u00e4m\u00e4 helposti k\u00e4ytt\u00e4m\u00e4ll\u00e4 HeatWorkin siirrett\u00e4vi\u00e4 l\u00e4mp\u00f6ratkaisuja. V\u00e4lt\u00e4 lomautukset ja ole kilpailijoitasi edell\u00e4 &#8211; valitse HeatWork! Roudansulatus T\u00e4ytt\u00f6massojen sulatus ja pakkassuojaus Materiaalien pakkaussuojaus ja lumen ja j\u00e4\u00e4n est\u00e4minen Maapohjan pakkassuojaus Rakennusten ja autotallien l\u00e4mmitys Ty\u00f6pajojen ja [&hellip;]<\/p>\n","protected":false},"author":1,"featured_media":0,"parent":15665,"menu_order":3,"comment_status":"closed","ping_status":"closed","template":"","meta":{"_acf_changed":false,"footnotes":"","_links_to":"","_links_to_target":""},"class_list":["post-15627","page","type-page","status-publish"],"acf":[],"_links":{"self":[{"href":"https:\/\/heatwork.com\/fi\/wp-json\/wp\/v2\/pages\/15627"}],"collection":[{"href":"https:\/\/heatwork.com\/fi\/wp-json\/wp\/v2\/pages"}],"about":[{"href":"https:\/\/heatwork.com\/fi\/wp-json\/wp\/v2\/types\/page"}],"author":[{"embeddable":true,"href":"https:\/\/heatwork.com\/fi\/wp-json\/wp\/v2\/users\/1"}],"replies":[{"embeddable":true,"href":"https:\/\/heatwork.com\/fi\/wp-json\/wp\/v2\/comments?post=15627"}],"version-history":[{"count":0,"href":"https:\/\/heatwork.com\/fi\/wp-json\/wp\/v2\/pages\/15627\/revisions"}],"up":[{"embeddable":true,"href":"https:\/\/heatwork.com\/fi\/wp-json\/wp\/v2\/pages\/15665"}],"wp:attachment":[{"href":"https:\/\/heatwork.com\/fi\/wp-json\/wp\/v2\/media?parent=15627"}],"curies":[{"name":"wp","href":"https:\/\/api.w.org\/{rel}","templated":true}]}}