{"id":15628,"date":"2013-09-24T16:34:39","date_gmt":"2013-09-24T14:34:39","guid":{"rendered":"https:\/\/heatwork.com\/?page_id=15628"},"modified":"2018-01-29T14:50:41","modified_gmt":"2018-01-29T13:50:41","slug":"tieurakoitsijat","status":"publish","type":"page","link":"https:\/\/heatwork.com\/fi\/kayttokohteet\/rakennusteollisuus\/tieurakoitsijat\/","title":{"rendered":"Tieurakoitsijat"},"content":{"rendered":"<p><div class=\"o-carousel js-carousel\"><div class=\"o-carousel__main js-carousel-main uofyk\" data-id=\"uofyk\"><img loading=\"lazy\" decoding=\"async\" src=\"https:\/\/heatwork.com\/wp-content\/uploads\/2014\/09\/Mesta.jpg\" width=\"800\" height=\"533\" alt=\"\" \/>\n<img loading=\"lazy\" decoding=\"async\" src=\"https:\/\/heatwork.com\/wp-content\/uploads\/2014\/09\/Mesta-II.jpg\" width=\"800\" height=\"533\" alt=\"\" \/>\n<img loading=\"lazy\" decoding=\"async\" src=\"https:\/\/heatwork.com\/wp-content\/uploads\/2013\/09\/DSC_0140_Cut4-940x883.jpg\" width=\"940\" height=\"883\" alt=\"\" \/>\n<img loading=\"lazy\" decoding=\"async\" src=\"https:\/\/heatwork.com\/wp-content\/uploads\/2013\/09\/Orne32-625x940.jpg\" width=\"625\" height=\"940\" alt=\"\" \/>\n<img loading=\"lazy\" decoding=\"async\" src=\"https:\/\/heatwork.com\/wp-content\/uploads\/2013\/09\/DSC_0027-24-940x624.jpg\" width=\"940\" height=\"624\" alt=\"\" \/>\n<img loading=\"lazy\" decoding=\"async\" src=\"https:\/\/heatwork.com\/wp-content\/uploads\/2013\/09\/DSC_0009-22-940x624.jpg\" width=\"940\" height=\"624\" alt=\"\" \/>\n<img loading=\"lazy\" decoding=\"async\" src=\"https:\/\/heatwork.com\/wp-content\/uploads\/2013\/09\/Stikkrenne24-878x940.jpg\" width=\"878\" height=\"940\" alt=\"\" \/>\n<img loading=\"lazy\" decoding=\"async\" src=\"https:\/\/heatwork.com\/wp-content\/uploads\/2013\/09\/DSC_00403-940x625.jpg\" width=\"940\" height=\"625\" alt=\"\" \/>\n<img loading=\"lazy\" decoding=\"async\" src=\"https:\/\/heatwork.com\/wp-content\/uploads\/2013\/09\/DSC_00711-940x625.jpg\" width=\"940\" height=\"625\" alt=\"\" \/>\n<\/div><ul class=\"o-carousel__nav js-carousel-nav\"><li><img loading=\"lazy\" decoding=\"async\" src=\"https:\/\/heatwork.com\/wp-content\/uploads\/2014\/09\/Mesta-290x290.jpg\" width=\"290\" height=\"290\" alt=\"\" \/><\/li>\n<li><img loading=\"lazy\" decoding=\"async\" src=\"https:\/\/heatwork.com\/wp-content\/uploads\/2014\/09\/Mesta-II-290x290.jpg\" width=\"290\" height=\"290\" alt=\"\" \/><\/li>\n<li><img loading=\"lazy\" decoding=\"async\" src=\"https:\/\/heatwork.com\/wp-content\/uploads\/2013\/09\/DSC_0140_Cut4-290x290.jpg\" width=\"290\" height=\"290\" alt=\"\" \/><\/li>\n<li><img loading=\"lazy\" decoding=\"async\" src=\"https:\/\/heatwork.com\/wp-content\/uploads\/2013\/09\/Orne32-290x290.jpg\" width=\"290\" height=\"290\" alt=\"\" \/><\/li>\n<li><img loading=\"lazy\" decoding=\"async\" src=\"https:\/\/heatwork.com\/wp-content\/uploads\/2013\/09\/DSC_0027-24-290x290.jpg\" width=\"290\" height=\"290\" alt=\"\" \/><\/li>\n<li><img loading=\"lazy\" decoding=\"async\" src=\"https:\/\/heatwork.com\/wp-content\/uploads\/2013\/09\/DSC_0009-22-290x290.jpg\" width=\"290\" height=\"290\" alt=\"\" \/><\/li>\n<li><img loading=\"lazy\" decoding=\"async\" src=\"https:\/\/heatwork.com\/wp-content\/uploads\/2013\/09\/Stikkrenne24-290x290.jpg\" width=\"290\" height=\"290\" alt=\"\" \/><\/li>\n<li><img loading=\"lazy\" decoding=\"async\" src=\"https:\/\/heatwork.com\/wp-content\/uploads\/2013\/09\/DSC_00403-290x290.jpg\" width=\"290\" height=\"290\" alt=\"\" \/><\/li>\n<li><img loading=\"lazy\" decoding=\"async\" src=\"https:\/\/heatwork.com\/wp-content\/uploads\/2013\/09\/DSC_00711-290x290.jpg\" width=\"290\" height=\"290\" alt=\"\" \/><\/li>\n<\/ul><\/div><br \/>\n<\/p>\n<div class=\"ingrid in-thirds\">\n<div class=\"unit span-two\">HeatWorkin ratkaisut kattavatat talvitoiminnan puutteet, ja samanaikaisesti t\u00e4ydent\u00e4v\u00e4t k\u00e4yt\u00f6ss\u00e4 olevia k\u00e4yt\u00e4nt\u00f6j\u00e4. Kompakti muotoilu ja helppo yll\u00e4pito v\u00e4hent\u00e4v\u00e4t miehityksen ja resurssien tarvetta huomattavasti. Samalla ty\u00f6ntekij\u00f6iden ja liikkujien turvallisuus paranee, ja yhteiskunnalliset kustannukset normaaliin toimintaan kykenem\u00e4tt\u00f6m\u00e4st\u00e4 infrastruktuurista v\u00e4ltet\u00e4\u00e4n.<\/div>\n<div class=\"unit\">\n<ul>\n<li>Siltarumpujen sulatus<\/li>\n<li>J\u00e4\u00e4n sulatus ojista<\/li>\n<li>Hiekoitushiekan sulatus ja pakkassuojaus<\/li>\n<li>Roudan, j\u00e4\u00e4n ja lumen sulatus<\/li>\n<li>Sulatus ennen tamppausta<\/li>\n<li>Perusteiden, viem\u00e4r\u00f6intien ja kylttien sulatus<\/li>\n<li>T\u00e4ytt\u00f6materiaalien pakkassuojaus<\/li>\n<li>Rakennusten ja autotallien l\u00e4mmitys<\/li>\n<li>Ty\u00f6pajojen ja ty\u00f6telttojen l\u00e4mmitys<\/li>\n<\/ul>\n<\/div>\n<\/div>\n","protected":false},"excerpt":{"rendered":"<p>HeatWorkin ratkaisut kattavatat talvitoiminnan puutteet, ja samanaikaisesti t\u00e4ydent\u00e4v\u00e4t k\u00e4yt\u00f6ss\u00e4 olevia k\u00e4yt\u00e4nt\u00f6j\u00e4. Kompakti muotoilu ja helppo yll\u00e4pito v\u00e4hent\u00e4v\u00e4t miehityksen ja resurssien tarvetta huomattavasti. Samalla ty\u00f6ntekij\u00f6iden ja liikkujien turvallisuus paranee, ja yhteiskunnalliset kustannukset normaaliin toimintaan kykenem\u00e4tt\u00f6m\u00e4st\u00e4 infrastruktuurista v\u00e4ltet\u00e4\u00e4n. Siltarumpujen sulatus J\u00e4\u00e4n sulatus ojista Hiekoitushiekan sulatus ja pakkassuojaus Roudan, j\u00e4\u00e4n ja lumen sulatus Sulatus ennen tamppausta Perusteiden, viem\u00e4r\u00f6intien [&hellip;]<\/p>\n","protected":false},"author":1,"featured_media":0,"parent":15665,"menu_order":2,"comment_status":"closed","ping_status":"closed","template":"","meta":{"_acf_changed":false,"footnotes":"","_links_to":"","_links_to_target":""},"class_list":["post-15628","page","type-page","status-publish"],"acf":[],"_links":{"self":[{"href":"https:\/\/heatwork.com\/fi\/wp-json\/wp\/v2\/pages\/15628"}],"collection":[{"href":"https:\/\/heatwork.com\/fi\/wp-json\/wp\/v2\/pages"}],"about":[{"href":"https:\/\/heatwork.com\/fi\/wp-json\/wp\/v2\/types\/page"}],"author":[{"embeddable":true,"href":"https:\/\/heatwork.com\/fi\/wp-json\/wp\/v2\/users\/1"}],"replies":[{"embeddable":true,"href":"https:\/\/heatwork.com\/fi\/wp-json\/wp\/v2\/comments?post=15628"}],"version-history":[{"count":0,"href":"https:\/\/heatwork.com\/fi\/wp-json\/wp\/v2\/pages\/15628\/revisions"}],"up":[{"embeddable":true,"href":"https:\/\/heatwork.com\/fi\/wp-json\/wp\/v2\/pages\/15665"}],"wp:attachment":[{"href":"https:\/\/heatwork.com\/fi\/wp-json\/wp\/v2\/media?parent=15628"}],"curies":[{"name":"wp","href":"https:\/\/api.w.org\/{rel}","templated":true}]}}