{"id":15634,"date":"2013-09-24T16:30:46","date_gmt":"2013-09-24T14:30:46","guid":{"rendered":"https:\/\/heatwork.com\/?page_id=15634"},"modified":"2018-01-29T15:20:23","modified_gmt":"2018-01-29T14:20:23","slug":"laiteurakoitsijat","status":"publish","type":"page","link":"https:\/\/heatwork.com\/fi\/kayttokohteet\/pienyrityksetmaatilatitserakentajat\/laiteurakoitsijat\/","title":{"rendered":"Laiteurakoitsijat"},"content":{"rendered":"<div class=\"ingrid in-thirds\">\n<div class=\"unit span-two\">\n<p>HeatWork tallissa on helppo pit\u00e4\u00e4 ty\u00f6t aikataulussa riippumatta siit\u00e4 kuinka kovat pakkaset iskev\u00e4t. Innovatiiviset ratkaisumme tehokkaaseen roudansulatukseen ovat suunniteltu ymp\u00e4rist\u00f6 ja k\u00e4ytt\u00e4j\u00e4 mieless\u00e4, eiv\u00e4tk\u00e4 ne tarvitse jatkuvaa valvontaa sulatusty\u00f6n aikana. Kaikki HeatWorksin roudansulatuslaitteet ovat 0-100\u00b0C -laitteita, asiakkailta saamamme palautteen mukaan kaksi kertaa nopeampia roudan sulatuksessa kuin vanhat laittet, joiden letkujen l\u00e4mp\u00f6tila oli enint\u00e4\u00e4n 70-80\u00b0C.<br \/>\n<em><br \/>\nV\u00e4lt\u00e4 lomautukset ja tee ty\u00f6t loppuun sovitussa ajassa &#8211; valitse HeatWork!<\/em><\/p>\n<\/div>\n<div class=\"unit\">\n<ul>\n<li>Roudan, j\u00e4\u00e4n ja lumen sulatus<\/li>\n<li>Sulatus ennen tamppausta<\/li>\n<li>Perusteiden, viem\u00e4r\u00f6intien ja kylttien sulatus<\/li>\n<li>T\u00e4ytt\u00f6massojen pakkassuojaus<\/li>\n<li>Perusteiden pakkassuojaus<\/li>\n<li>Rakennusten ja autotallien l\u00e4mmitys<\/li>\n<li>Ty\u00f6telttojen ja hallien l\u00e4mmitys<\/li>\n<li>Betonin kovetus<\/li>\n<li>S\u00e4hk\u00f6ntuotto<\/li>\n<li>Vuokrakoneet<\/li>\n<\/ul>\n<\/div>\n<\/div>\n","protected":false},"excerpt":{"rendered":"<p>HeatWork tallissa on helppo pit\u00e4\u00e4 ty\u00f6t aikataulussa riippumatta siit\u00e4 kuinka kovat pakkaset iskev\u00e4t. Innovatiiviset ratkaisumme tehokkaaseen roudansulatukseen ovat suunniteltu ymp\u00e4rist\u00f6 ja k\u00e4ytt\u00e4j\u00e4 mieless\u00e4, eiv\u00e4tk\u00e4 ne tarvitse jatkuvaa valvontaa sulatusty\u00f6n aikana. Kaikki HeatWorksin roudansulatuslaitteet ovat 0-100\u00b0C -laitteita, asiakkailta saamamme palautteen mukaan kaksi kertaa nopeampia roudan sulatuksessa kuin vanhat laittet, joiden letkujen l\u00e4mp\u00f6tila oli enint\u00e4\u00e4n 70-80\u00b0C. V\u00e4lt\u00e4 [&hellip;]<\/p>\n","protected":false},"author":1,"featured_media":0,"parent":15666,"menu_order":6,"comment_status":"closed","ping_status":"closed","template":"","meta":{"_acf_changed":false,"footnotes":"","_links_to":"","_links_to_target":""},"class_list":["post-15634","page","type-page","status-publish"],"acf":[],"_links":{"self":[{"href":"https:\/\/heatwork.com\/fi\/wp-json\/wp\/v2\/pages\/15634"}],"collection":[{"href":"https:\/\/heatwork.com\/fi\/wp-json\/wp\/v2\/pages"}],"about":[{"href":"https:\/\/heatwork.com\/fi\/wp-json\/wp\/v2\/types\/page"}],"author":[{"embeddable":true,"href":"https:\/\/heatwork.com\/fi\/wp-json\/wp\/v2\/users\/1"}],"replies":[{"embeddable":true,"href":"https:\/\/heatwork.com\/fi\/wp-json\/wp\/v2\/comments?post=15634"}],"version-history":[{"count":0,"href":"https:\/\/heatwork.com\/fi\/wp-json\/wp\/v2\/pages\/15634\/revisions"}],"up":[{"embeddable":true,"href":"https:\/\/heatwork.com\/fi\/wp-json\/wp\/v2\/pages\/15666"}],"wp:attachment":[{"href":"https:\/\/heatwork.com\/fi\/wp-json\/wp\/v2\/media?parent=15634"}],"curies":[{"name":"wp","href":"https:\/\/api.w.org\/{rel}","templated":true}]}}