{"id":15635,"date":"2013-09-24T16:30:34","date_gmt":"2013-09-24T14:30:34","guid":{"rendered":"https:\/\/heatwork.com\/?page_id=15635"},"modified":"2018-01-25T09:28:04","modified_gmt":"2018-01-25T08:28:04","slug":"rakennusurakoitsijat","status":"publish","type":"page","link":"https:\/\/heatwork.com\/fi\/kayttokohteet\/pienyrityksetmaatilatitserakentajat\/rakennusurakoitsijat\/","title":{"rendered":"Rakennusurakoitsijat"},"content":{"rendered":"<p>&nbsp;<\/p>\n<div class=\"ingrid in-thirds\">\n<div class=\"unit span-two\">HeatWorkist\u00e4 on tullut er\u00e4s t\u00e4rkeimmist\u00e4 ty\u00f6v\u00e4lineist\u00e4 talvit\u00f6iss\u00e4 asiakkaillemme rakennusalalla. Yh\u00e4 useammat urakoitsijat kertovat meille, ett\u00e4 hei eiv\u00e4t olisi voineet v\u00e4ltty\u00e4 viiv\u00e4styksilt\u00e4 rakennusurakoissaan ilman joustavia l\u00e4mp\u00f6ratkaisujamme. Tuotteitamme k\u00e4ytet\u00e4\u00e4n l\u00e4pi urakan maat\u00f6iden, betonit\u00f6iden ja l\u00e4mmityksen laadun, edistymisen ja taloudellisuuden varmistukseen.<\/p>\n<p>Katso my\u00f6s Concrete Systems<\/p><\/div>\n<div class=\"unit\">\n<ul>\n<li>Lumen ja j\u00e4\u00e4n sulatus<\/li>\n<li>Katon sulatus ennen katon pinnoitusta<\/li>\n<li>Roudansulatus ennen tamppausta<\/li>\n<li>Esil\u00e4mmitys talvivaluissa<\/li>\n<li>Betonin esil\u00e4mmitys ennen eristeiden laittoa<\/li>\n<li>Betonin kovetus<\/li>\n<li>Materiaalien pakkassuojaus<\/li>\n<li>Rakennusten ja autotallien l\u00e4mmitys<\/li>\n<li>Ty\u00f6pajojen ja ty\u00f6telttojen l\u00e4mmitys<\/li>\n<li>S\u00e4hk\u00f6ntuotto<\/li>\n<li>Vuokrakoneet<\/li>\n<\/ul>\n<\/div>\n<\/div>\n","protected":false},"excerpt":{"rendered":"<p>&nbsp; HeatWorkist\u00e4 on tullut er\u00e4s t\u00e4rkeimmist\u00e4 ty\u00f6v\u00e4lineist\u00e4 talvit\u00f6iss\u00e4 asiakkaillemme rakennusalalla. Yh\u00e4 useammat urakoitsijat kertovat meille, ett\u00e4 hei eiv\u00e4t olisi voineet v\u00e4ltty\u00e4 viiv\u00e4styksilt\u00e4 rakennusurakoissaan ilman joustavia l\u00e4mp\u00f6ratkaisujamme. Tuotteitamme k\u00e4ytet\u00e4\u00e4n l\u00e4pi urakan maat\u00f6iden, betonit\u00f6iden ja l\u00e4mmityksen laadun, edistymisen ja taloudellisuuden varmistukseen. Katso my\u00f6s Concrete Systems Lumen ja j\u00e4\u00e4n sulatus Katon sulatus ennen katon pinnoitusta Roudansulatus ennen tamppausta [&hellip;]<\/p>\n","protected":false},"author":1,"featured_media":0,"parent":15666,"menu_order":5,"comment_status":"closed","ping_status":"closed","template":"","meta":{"_acf_changed":false,"footnotes":"","_links_to":"","_links_to_target":""},"class_list":["post-15635","page","type-page","status-publish"],"acf":[],"_links":{"self":[{"href":"https:\/\/heatwork.com\/fi\/wp-json\/wp\/v2\/pages\/15635"}],"collection":[{"href":"https:\/\/heatwork.com\/fi\/wp-json\/wp\/v2\/pages"}],"about":[{"href":"https:\/\/heatwork.com\/fi\/wp-json\/wp\/v2\/types\/page"}],"author":[{"embeddable":true,"href":"https:\/\/heatwork.com\/fi\/wp-json\/wp\/v2\/users\/1"}],"replies":[{"embeddable":true,"href":"https:\/\/heatwork.com\/fi\/wp-json\/wp\/v2\/comments?post=15635"}],"version-history":[{"count":0,"href":"https:\/\/heatwork.com\/fi\/wp-json\/wp\/v2\/pages\/15635\/revisions"}],"up":[{"embeddable":true,"href":"https:\/\/heatwork.com\/fi\/wp-json\/wp\/v2\/pages\/15666"}],"wp:attachment":[{"href":"https:\/\/heatwork.com\/fi\/wp-json\/wp\/v2\/media?parent=15635"}],"curies":[{"name":"wp","href":"https:\/\/api.w.org\/{rel}","templated":true}]}}