{"id":15636,"date":"2013-09-24T16:30:23","date_gmt":"2013-09-24T14:30:23","guid":{"rendered":"https:\/\/heatwork.com\/?page_id=15636"},"modified":"2018-01-29T15:18:40","modified_gmt":"2018-01-29T14:18:40","slug":"hautausmaat","status":"publish","type":"page","link":"https:\/\/heatwork.com\/fi\/kayttokohteet\/pienyrityksetmaatilatitserakentajat\/hautausmaat\/","title":{"rendered":"Hautausmaat"},"content":{"rendered":"<p><div class=\"o-carousel js-carousel\"><div class=\"o-carousel__main js-carousel-main xnhip\" data-id=\"xnhip\"><img loading=\"lazy\" decoding=\"async\" src=\"https:\/\/heatwork.com\/wp-content\/uploads\/2013\/09\/20130429_142015-940x705.jpg\" width=\"940\" height=\"705\" alt=\"\" \/>\n<img loading=\"lazy\" decoding=\"async\" src=\"https:\/\/heatwork.com\/wp-content\/uploads\/2013\/09\/20130429_143347-940x705.jpg\" width=\"940\" height=\"705\" alt=\"\" \/>\n<img loading=\"lazy\" decoding=\"async\" src=\"https:\/\/heatwork.com\/wp-content\/uploads\/2013\/09\/SAM_0439-940x705.jpg\" width=\"940\" height=\"705\" alt=\"\" \/>\n<img loading=\"lazy\" decoding=\"async\" src=\"https:\/\/heatwork.com\/wp-content\/uploads\/2013\/09\/SAM_0448-940x705.jpg\" width=\"940\" height=\"705\" alt=\"\" \/>\n<img loading=\"lazy\" decoding=\"async\" src=\"https:\/\/heatwork.com\/wp-content\/uploads\/2013\/09\/SAM_0456-940x705.jpg\" width=\"940\" height=\"705\" alt=\"\" \/>\n<\/div><ul class=\"o-carousel__nav js-carousel-nav\"><li><img loading=\"lazy\" decoding=\"async\" src=\"https:\/\/heatwork.com\/wp-content\/uploads\/2013\/09\/20130429_142015-290x290.jpg\" width=\"290\" height=\"290\" alt=\"\" \/><\/li>\n<li><img loading=\"lazy\" decoding=\"async\" src=\"https:\/\/heatwork.com\/wp-content\/uploads\/2013\/09\/20130429_143347-290x290.jpg\" width=\"290\" height=\"290\" alt=\"\" \/><\/li>\n<li><img loading=\"lazy\" decoding=\"async\" src=\"https:\/\/heatwork.com\/wp-content\/uploads\/2013\/09\/SAM_0439-290x290.jpg\" width=\"290\" height=\"290\" alt=\"\" \/><\/li>\n<li><img loading=\"lazy\" decoding=\"async\" src=\"https:\/\/heatwork.com\/wp-content\/uploads\/2013\/09\/SAM_0448-290x290.jpg\" width=\"290\" height=\"290\" alt=\"\" \/><\/li>\n<li><img loading=\"lazy\" decoding=\"async\" src=\"https:\/\/heatwork.com\/wp-content\/uploads\/2013\/09\/SAM_0456-290x290.jpg\" width=\"290\" height=\"290\" alt=\"\" \/><\/li>\n<\/ul><\/div><br \/>\n<\/p>\n<div class=\"ingrid in-thirds\">\n<div class=\"unit span-two\">\n<p>HeatWorkin kompaktilla muotoilulla ja korkealla suorituskyvyll\u00e4 teet hautaismaiden talvity\u00f6t huomattavasti yksinkertaisemmiksi. Laitteet voi siirt\u00e4\u00e4 helposti pienemmill\u00e4kin ajoneuvoilla ja ne ovat joustavia sijoituksen suhteen. Patentoidulla Ice Guard Systems -sulatusteknologialla ja 100\u00b0C nesteen l\u00e4mp\u00f6tilalla useimmat sulatusty\u00f6t valmistuvat alle vuorokaudessa. HeatWorksin tuotteet eiv\u00e4t ole riippuvaisia ulkoisesta s\u00e4hk\u00f6liit\u00e4nn\u00e4st\u00e4 tai polttoainetankista, ja palkittu teollinen muotoilumme on meluton ja ymp\u00e4rist\u00f6yst\u00e4v\u00e4llinen.\n<\/p><\/div>\n<div class=\"unit\">\n<ul>\n<li>Hautapaikkojen sulatus<\/li>\n<li>Roudan, j\u00e4\u00e4n ja lumen sulatus<\/li>\n<li>Rakennusten, autotallien ja ty\u00f6pajojen l\u00e4mmitys<\/li>\n<li>S\u00e4hk\u00f6ntuotto<\/li>\n<\/ul>\n<\/div>\n<\/div>\n","protected":false},"excerpt":{"rendered":"<p>HeatWorkin kompaktilla muotoilulla ja korkealla suorituskyvyll\u00e4 teet hautaismaiden talvity\u00f6t huomattavasti yksinkertaisemmiksi. Laitteet voi siirt\u00e4\u00e4 helposti pienemmill\u00e4kin ajoneuvoilla ja ne ovat joustavia sijoituksen suhteen. Patentoidulla Ice Guard Systems -sulatusteknologialla ja 100\u00b0C nesteen l\u00e4mp\u00f6tilalla useimmat sulatusty\u00f6t valmistuvat alle vuorokaudessa. HeatWorksin tuotteet eiv\u00e4t ole riippuvaisia ulkoisesta s\u00e4hk\u00f6liit\u00e4nn\u00e4st\u00e4 tai polttoainetankista, ja palkittu teollinen muotoilumme on meluton ja ymp\u00e4rist\u00f6yst\u00e4v\u00e4llinen. Hautapaikkojen [&hellip;]<\/p>\n","protected":false},"author":1,"featured_media":0,"parent":15666,"menu_order":4,"comment_status":"closed","ping_status":"closed","template":"","meta":{"_acf_changed":false,"footnotes":"","_links_to":"","_links_to_target":""},"class_list":["post-15636","page","type-page","status-publish"],"acf":[],"_links":{"self":[{"href":"https:\/\/heatwork.com\/fi\/wp-json\/wp\/v2\/pages\/15636"}],"collection":[{"href":"https:\/\/heatwork.com\/fi\/wp-json\/wp\/v2\/pages"}],"about":[{"href":"https:\/\/heatwork.com\/fi\/wp-json\/wp\/v2\/types\/page"}],"author":[{"embeddable":true,"href":"https:\/\/heatwork.com\/fi\/wp-json\/wp\/v2\/users\/1"}],"replies":[{"embeddable":true,"href":"https:\/\/heatwork.com\/fi\/wp-json\/wp\/v2\/comments?post=15636"}],"version-history":[{"count":0,"href":"https:\/\/heatwork.com\/fi\/wp-json\/wp\/v2\/pages\/15636\/revisions"}],"up":[{"embeddable":true,"href":"https:\/\/heatwork.com\/fi\/wp-json\/wp\/v2\/pages\/15666"}],"wp:attachment":[{"href":"https:\/\/heatwork.com\/fi\/wp-json\/wp\/v2\/media?parent=15636"}],"curies":[{"name":"wp","href":"https:\/\/api.w.org\/{rel}","templated":true}]}}