{"id":15637,"date":"2013-09-24T16:30:13","date_gmt":"2013-09-24T14:30:13","guid":{"rendered":"https:\/\/heatwork.com\/?page_id=15637"},"modified":"2018-01-29T15:16:10","modified_gmt":"2018-01-29T14:16:10","slug":"kuntatekniikka","status":"publish","type":"page","link":"https:\/\/heatwork.com\/fi\/kayttokohteet\/pienyrityksetmaatilatitserakentajat\/kuntatekniikka\/","title":{"rendered":"Kuntatekniikka"},"content":{"rendered":"<div class=\"ingrid in-thirds\">\n<div class=\"unit span-two\">\nHeatWorkin joustavat l\u00e4mp\u00f6ratkaisut auttavat yh\u00e4 useampaa kuntaa ratkaisemaan kuntatekniset haasteensa, niin kotimaassa kuin ulkomaillakin. Syyn\u00e4 t\u00e4h\u00e4n ovat kustannustehokkuuden ja ymp\u00e4rist\u00f6yst\u00e4v\u00e4llisyyden kasvanut merkitys, sek\u00e4 mahdollisuus suorittaa enenem\u00e4ss\u00e4 m\u00e4\u00e4rin talvit\u00f6it\u00e4 omin resurssein. Heatworking laiteet voivat olla my\u00f6s osana kunnan valmiussuunnitelmaa rakennusten l\u00e4mmittamiseksi ja l\u00e4mpim\u00e4n veden tuottamiseksi pienten ja suurten kriisien yhteydess\u00e4.\n<\/div>\n<div class=\"unit\">\n<ul>\n<li>Vesi- ja viem\u00e4rilaitokset<\/li>\n<li>Roudan, j\u00e4\u00e4n ja lumen sulatus<\/li>\n<li>J\u00e4\u00e4n sulatus ojista<\/li>\n<li>Sulatus vesivuotojen yhteydess\u00e4<\/li>\n<li>Kylttien, viem\u00e4r\u00f6intien ja perustusten sulatus<\/li>\n<li>Rakennusten ja autotallien l\u00e4mmitys<\/li>\n<li>Ty\u00f6telttojen ja hallien l\u00e4mmitys<\/li>\n<li>S\u00e4hk\u00f6ntuotto<\/li>\n<\/ul>\n<\/div>\n<\/div>\n","protected":false},"excerpt":{"rendered":"<p>HeatWorkin joustavat l\u00e4mp\u00f6ratkaisut auttavat yh\u00e4 useampaa kuntaa ratkaisemaan kuntatekniset haasteensa, niin kotimaassa kuin ulkomaillakin. Syyn\u00e4 t\u00e4h\u00e4n ovat kustannustehokkuuden ja ymp\u00e4rist\u00f6yst\u00e4v\u00e4llisyyden kasvanut merkitys, sek\u00e4 mahdollisuus suorittaa enenem\u00e4ss\u00e4 m\u00e4\u00e4rin talvit\u00f6it\u00e4 omin resurssein. Heatworking laiteet voivat olla my\u00f6s osana kunnan valmiussuunnitelmaa rakennusten l\u00e4mmittamiseksi ja l\u00e4mpim\u00e4n veden tuottamiseksi pienten ja suurten kriisien yhteydess\u00e4. Vesi- ja viem\u00e4rilaitokset Roudan, j\u00e4\u00e4n ja [&hellip;]<\/p>\n","protected":false},"author":1,"featured_media":0,"parent":15666,"menu_order":3,"comment_status":"closed","ping_status":"closed","template":"","meta":{"_acf_changed":false,"footnotes":"","_links_to":"","_links_to_target":""},"class_list":["post-15637","page","type-page","status-publish"],"acf":[],"_links":{"self":[{"href":"https:\/\/heatwork.com\/fi\/wp-json\/wp\/v2\/pages\/15637"}],"collection":[{"href":"https:\/\/heatwork.com\/fi\/wp-json\/wp\/v2\/pages"}],"about":[{"href":"https:\/\/heatwork.com\/fi\/wp-json\/wp\/v2\/types\/page"}],"author":[{"embeddable":true,"href":"https:\/\/heatwork.com\/fi\/wp-json\/wp\/v2\/users\/1"}],"replies":[{"embeddable":true,"href":"https:\/\/heatwork.com\/fi\/wp-json\/wp\/v2\/comments?post=15637"}],"version-history":[{"count":0,"href":"https:\/\/heatwork.com\/fi\/wp-json\/wp\/v2\/pages\/15637\/revisions"}],"up":[{"embeddable":true,"href":"https:\/\/heatwork.com\/fi\/wp-json\/wp\/v2\/pages\/15666"}],"wp:attachment":[{"href":"https:\/\/heatwork.com\/fi\/wp-json\/wp\/v2\/media?parent=15637"}],"curies":[{"name":"wp","href":"https:\/\/api.w.org\/{rel}","templated":true}]}}