{"id":15642,"date":"2013-09-24T16:41:34","date_gmt":"2013-09-24T14:41:34","guid":{"rendered":"https:\/\/heatwork.com\/?page_id=15642"},"modified":"2018-01-29T16:05:31","modified_gmt":"2018-01-29T15:05:31","slug":"puolustusvoimat","status":"publish","type":"page","link":"https:\/\/heatwork.com\/fi\/kayttokohteet\/energia-ja-pelastustoimi\/puolustusvoimat\/","title":{"rendered":"Puolustusvoimat"},"content":{"rendered":"<p><div class=\"o-carousel js-carousel\"><div class=\"o-carousel__main js-carousel-main iovxz\" data-id=\"iovxz\"><img loading=\"lazy\" decoding=\"async\" src=\"https:\/\/heatwork.com\/wp-content\/uploads\/2013\/09\/DSC_0065-940x624.jpg\" width=\"940\" height=\"624\" alt=\"\" \/>\n<img loading=\"lazy\" decoding=\"async\" src=\"https:\/\/heatwork.com\/wp-content\/uploads\/2013\/09\/DSC_0069-940x624.jpg\" width=\"940\" height=\"624\" alt=\"\" \/>\n<img loading=\"lazy\" decoding=\"async\" src=\"https:\/\/heatwork.com\/wp-content\/uploads\/2013\/09\/DSC_0178-940x624.jpg\" width=\"940\" height=\"624\" alt=\"\" \/>\n<img loading=\"lazy\" decoding=\"async\" src=\"https:\/\/heatwork.com\/wp-content\/uploads\/2013\/09\/DSC_0183-e1380703201435-624x940.jpg\" width=\"624\" height=\"940\" alt=\"\" \/>\n<img loading=\"lazy\" decoding=\"async\" src=\"https:\/\/heatwork.com\/wp-content\/uploads\/2013\/09\/DSC_0192-940x624.jpg\" width=\"940\" height=\"624\" alt=\"\" \/>\n<img loading=\"lazy\" decoding=\"async\" src=\"https:\/\/heatwork.com\/wp-content\/uploads\/2013\/09\/DSC_0199-940x624.jpg\" width=\"940\" height=\"624\" alt=\"\" \/>\n<img loading=\"lazy\" decoding=\"async\" src=\"https:\/\/heatwork.com\/wp-content\/uploads\/2013\/09\/DSC_01381-940x625.jpg\" width=\"940\" height=\"625\" alt=\"\" \/>\n<\/div><ul class=\"o-carousel__nav js-carousel-nav\"><li><img loading=\"lazy\" decoding=\"async\" src=\"https:\/\/heatwork.com\/wp-content\/uploads\/2013\/09\/DSC_0065-290x290.jpg\" width=\"290\" height=\"290\" alt=\"\" \/><\/li>\n<li><img loading=\"lazy\" decoding=\"async\" src=\"https:\/\/heatwork.com\/wp-content\/uploads\/2013\/09\/DSC_0069-290x290.jpg\" width=\"290\" height=\"290\" alt=\"\" \/><\/li>\n<li><img loading=\"lazy\" decoding=\"async\" src=\"https:\/\/heatwork.com\/wp-content\/uploads\/2013\/09\/DSC_0178-290x290.jpg\" width=\"290\" height=\"290\" alt=\"\" \/><\/li>\n<li><img loading=\"lazy\" decoding=\"async\" src=\"https:\/\/heatwork.com\/wp-content\/uploads\/2013\/09\/DSC_0183-e1380703201435-290x290.jpg\" width=\"290\" height=\"290\" alt=\"\" \/><\/li>\n<li><img loading=\"lazy\" decoding=\"async\" src=\"https:\/\/heatwork.com\/wp-content\/uploads\/2013\/09\/DSC_0192-290x290.jpg\" width=\"290\" height=\"290\" alt=\"\" \/><\/li>\n<li><img loading=\"lazy\" decoding=\"async\" src=\"https:\/\/heatwork.com\/wp-content\/uploads\/2013\/09\/DSC_0199-290x290.jpg\" width=\"290\" height=\"290\" alt=\"\" \/><\/li>\n<li><img loading=\"lazy\" decoding=\"async\" src=\"https:\/\/heatwork.com\/wp-content\/uploads\/2013\/09\/DSC_01381-290x290.jpg\" width=\"290\" height=\"290\" alt=\"\" \/><\/li>\n<\/ul><\/div><br \/>\n<\/p>\n<div class=\"ingrid in-thirds\">\n<div class=\"unit span-two\">\nHeatWorkin siirrett\u00e4v\u00e4\u00e4 l\u00e4mp\u00f6teknologiaa k\u00e4ytet\u00e4\u00e4n telttojen l\u00e4mmitykseen ja l\u00e4mpim\u00e4n k\u00e4ytt\u00f6veden toimitukseen kentt\u00e4harjoituksissa ja operaatioissa ulkomailla. Kiitos kompaktin muotoilunsa, on laitteet helppo siirt\u00e4\u00e4 joko helikopterilla, autolla, moottorikelkalla tai maastoautolla. Laite on helppo kiinnitt\u00e4\u00e4 pikakiinnikkeiden ansiosta. Teknologiamme on monen vuoden kehityksen ja testauksen tulos. Laitteet ovat eritt\u00e4in luotettavia, ja niiss\u00e4 on v\u00e4h\u00e4n yll\u00e4pitoa vaativia osia, eiv\u00e4tk\u00e4 ne tarvitse paljoa huomiota normaalik\u00e4yt\u00f6ss\u00e4. Sis\u00e4isen aggregaatin ja polttoaines\u00e4ili\u00f6n ansiosta laitteet eiv\u00e4t ole riippuvaisia muusta varustelusta k\u00e4yt\u00f6ss\u00e4.\n<\/div>\n<div class=\"unit\">\n<ul>\n<li>L\u00e4mmin k\u00e4ytt\u00f6vesi<\/li>\n<li>Telttojen l\u00e4mmitys<\/li>\n<li>Ruoan valmistus<\/li>\n<li>Suihkut<\/li>\n<li>Desinfiointi<\/li>\n<\/ul>\n<\/div>\n<\/div>\n","protected":false},"excerpt":{"rendered":"<p>HeatWorkin siirrett\u00e4v\u00e4\u00e4 l\u00e4mp\u00f6teknologiaa k\u00e4ytet\u00e4\u00e4n telttojen l\u00e4mmitykseen ja l\u00e4mpim\u00e4n k\u00e4ytt\u00f6veden toimitukseen kentt\u00e4harjoituksissa ja operaatioissa ulkomailla. Kiitos kompaktin muotoilunsa, on laitteet helppo siirt\u00e4\u00e4 joko helikopterilla, autolla, moottorikelkalla tai maastoautolla. Laite on helppo kiinnitt\u00e4\u00e4 pikakiinnikkeiden ansiosta. Teknologiamme on monen vuoden kehityksen ja testauksen tulos. Laitteet ovat eritt\u00e4in luotettavia, ja niiss\u00e4 on v\u00e4h\u00e4n yll\u00e4pitoa vaativia osia, eiv\u00e4tk\u00e4 ne tarvitse [&hellip;]<\/p>\n","protected":false},"author":1,"featured_media":0,"parent":15652,"menu_order":3,"comment_status":"closed","ping_status":"closed","template":"","meta":{"_acf_changed":false,"footnotes":"","_links_to":"","_links_to_target":""},"class_list":["post-15642","page","type-page","status-publish"],"acf":[],"_links":{"self":[{"href":"https:\/\/heatwork.com\/fi\/wp-json\/wp\/v2\/pages\/15642"}],"collection":[{"href":"https:\/\/heatwork.com\/fi\/wp-json\/wp\/v2\/pages"}],"about":[{"href":"https:\/\/heatwork.com\/fi\/wp-json\/wp\/v2\/types\/page"}],"author":[{"embeddable":true,"href":"https:\/\/heatwork.com\/fi\/wp-json\/wp\/v2\/users\/1"}],"replies":[{"embeddable":true,"href":"https:\/\/heatwork.com\/fi\/wp-json\/wp\/v2\/comments?post=15642"}],"version-history":[{"count":0,"href":"https:\/\/heatwork.com\/fi\/wp-json\/wp\/v2\/pages\/15642\/revisions"}],"up":[{"embeddable":true,"href":"https:\/\/heatwork.com\/fi\/wp-json\/wp\/v2\/pages\/15652"}],"wp:attachment":[{"href":"https:\/\/heatwork.com\/fi\/wp-json\/wp\/v2\/media?parent=15642"}],"curies":[{"name":"wp","href":"https:\/\/api.w.org\/{rel}","templated":true}]}}