{"id":15643,"date":"2013-09-24T16:29:44","date_gmt":"2013-09-24T14:29:44","guid":{"rendered":"https:\/\/heatwork.com\/?page_id=15643"},"modified":"2018-01-29T15:11:31","modified_gmt":"2018-01-29T14:11:31","slug":"puutarhat","status":"publish","type":"page","link":"https:\/\/heatwork.com\/fi\/kayttokohteet\/pienyrityksetmaatilatitserakentajat\/puutarhat\/","title":{"rendered":"Puutarhat"},"content":{"rendered":"<p><div class=\"o-carousel js-carousel\"><div class=\"o-carousel__main js-carousel-main oyvoo\" data-id=\"oyvoo\"><img loading=\"lazy\" decoding=\"async\" src=\"https:\/\/heatwork.com\/wp-content\/uploads\/2013\/09\/HW_070414_20-e1433156771426-628x940.jpg\" width=\"628\" height=\"940\" alt=\"\" \/>\n<img loading=\"lazy\" decoding=\"async\" src=\"https:\/\/heatwork.com\/wp-content\/uploads\/2013\/09\/HW_070414_16-627x940.jpg\" width=\"627\" height=\"940\" alt=\"\" \/>\n<\/div><ul class=\"o-carousel__nav js-carousel-nav\"><li><img loading=\"lazy\" decoding=\"async\" src=\"https:\/\/heatwork.com\/wp-content\/uploads\/2013\/09\/HW_070414_20-e1433156771426-290x290.jpg\" width=\"290\" height=\"290\" alt=\"\" \/><\/li>\n<li><img loading=\"lazy\" decoding=\"async\" src=\"https:\/\/heatwork.com\/wp-content\/uploads\/2013\/09\/HW_070414_16-290x290.jpg\" width=\"290\" height=\"290\" alt=\"\" \/><\/li>\n<\/ul><\/div><br \/>\n<\/p>\n<div class=\"ingrid in-thirds\">\n<div class=\"unit span-two\">\nV\u00e4lt\u00e4 istutuksien ja taimien tuhoutuminen kylmin\u00e4 talvina. HeatWorkin avulla voit antaa kasveille juuri sen l\u00e4mm\u00f6n mink\u00e4 ne tarvitsevat, silloin kun sit\u00e4 tarvitaan eniten. Markkinoiden johtavan 0-100\u00b0C -l\u00e4mp\u00f6teknologiamme avulla katat kaikki l\u00e4mmitys-, sulatus, ja pakkassuojaustarpeet.\n<\/div>\n<div class=\"unit\">\n<ul>\n<li>Ulkoinen l\u00e4mp\u00f6 kasviviljelmille<\/li>\n<li>Turpeen kuivattaminen<\/li>\n<li>Kasvihuoneiden, telttojen ja kukkapenkkien l\u00e4mmitys<\/li>\n<li>Rakennusten, autotallien ja ty\u00f6pajojen l\u00e4mmitys<\/li>\n<li>Roudan, j\u00e4\u00e4n ja lumen sulatus<\/li>\n<li>Pihojen, sis\u00e4\u00e4nk\u00e4yntien ja rappujen sulatus<\/li>\n<li>Siltarumpujen, ojien ja vesijuoksujen sulatus<\/li>\n<li>Materiaalien ja parustusten pakkassuojaus<\/li>\n<li>Veden ja kaivojen pakkassuojaus<\/li>\n<li>S\u00e4hk\u00f6ntuotto<\/li>\n<li>L\u00e4mmin vesi suihkuille ja ammeille<\/li>\n<li>Laitteet vuokraukseen ja tapahtumiin<\/li>\n<\/ul>\n<\/div>\n<\/div>\n","protected":false},"excerpt":{"rendered":"<p>V\u00e4lt\u00e4 istutuksien ja taimien tuhoutuminen kylmin\u00e4 talvina. HeatWorkin avulla voit antaa kasveille juuri sen l\u00e4mm\u00f6n mink\u00e4 ne tarvitsevat, silloin kun sit\u00e4 tarvitaan eniten. Markkinoiden johtavan 0-100\u00b0C -l\u00e4mp\u00f6teknologiamme avulla katat kaikki l\u00e4mmitys-, sulatus, ja pakkassuojaustarpeet. Ulkoinen l\u00e4mp\u00f6 kasviviljelmille Turpeen kuivattaminen Kasvihuoneiden, telttojen ja kukkapenkkien l\u00e4mmitys Rakennusten, autotallien ja ty\u00f6pajojen l\u00e4mmitys Roudan, j\u00e4\u00e4n ja lumen sulatus Pihojen, [&hellip;]<\/p>\n","protected":false},"author":1,"featured_media":0,"parent":15666,"menu_order":1,"comment_status":"closed","ping_status":"closed","template":"","meta":{"_acf_changed":false,"footnotes":"","_links_to":"","_links_to_target":""},"class_list":["post-15643","page","type-page","status-publish"],"acf":[],"_links":{"self":[{"href":"https:\/\/heatwork.com\/fi\/wp-json\/wp\/v2\/pages\/15643"}],"collection":[{"href":"https:\/\/heatwork.com\/fi\/wp-json\/wp\/v2\/pages"}],"about":[{"href":"https:\/\/heatwork.com\/fi\/wp-json\/wp\/v2\/types\/page"}],"author":[{"embeddable":true,"href":"https:\/\/heatwork.com\/fi\/wp-json\/wp\/v2\/users\/1"}],"replies":[{"embeddable":true,"href":"https:\/\/heatwork.com\/fi\/wp-json\/wp\/v2\/comments?post=15643"}],"version-history":[{"count":0,"href":"https:\/\/heatwork.com\/fi\/wp-json\/wp\/v2\/pages\/15643\/revisions"}],"up":[{"embeddable":true,"href":"https:\/\/heatwork.com\/fi\/wp-json\/wp\/v2\/pages\/15666"}],"wp:attachment":[{"href":"https:\/\/heatwork.com\/fi\/wp-json\/wp\/v2\/media?parent=15643"}],"curies":[{"name":"wp","href":"https:\/\/api.w.org\/{rel}","templated":true}]}}