{"id":15644,"date":"2013-09-24T16:29:27","date_gmt":"2013-09-24T14:29:27","guid":{"rendered":"https:\/\/heatwork.com\/?page_id=15644"},"modified":"2018-01-29T15:09:47","modified_gmt":"2018-01-29T14:09:47","slug":"maanviljely","status":"publish","type":"page","link":"https:\/\/heatwork.com\/fi\/kayttokohteet\/pienyrityksetmaatilatitserakentajat\/maanviljely\/","title":{"rendered":"Maanviljely"},"content":{"rendered":"<p><div class=\"o-carousel js-carousel\"><div class=\"o-carousel__main js-carousel-main odvfz\" data-id=\"odvfz\"><img loading=\"lazy\" decoding=\"async\" src=\"https:\/\/heatwork.com\/wp-content\/uploads\/2013\/09\/HW_070414_10-e1433156745138-940x627.jpg\" width=\"940\" height=\"627\" alt=\"\" \/>\n<img loading=\"lazy\" decoding=\"async\" src=\"https:\/\/heatwork.com\/wp-content\/uploads\/2013\/09\/HW_070414_02-e1433156758228-628x940.jpg\" width=\"628\" height=\"940\" alt=\"\" \/>\n<img loading=\"lazy\" decoding=\"async\" src=\"https:\/\/heatwork.com\/wp-content\/uploads\/2013\/09\/HW_070414_20-e1433156771426-628x940.jpg\" width=\"628\" height=\"940\" alt=\"\" \/>\n<img loading=\"lazy\" decoding=\"async\" src=\"https:\/\/heatwork.com\/wp-content\/uploads\/2013\/09\/WP_000738-940x705.jpg\" width=\"940\" height=\"705\" alt=\"\" \/>\n<img loading=\"lazy\" decoding=\"async\" src=\"https:\/\/heatwork.com\/wp-content\/uploads\/2013\/09\/WP_000740-940x705.jpg\" width=\"940\" height=\"705\" alt=\"\" \/>\n<\/div><ul class=\"o-carousel__nav js-carousel-nav\"><li><img loading=\"lazy\" decoding=\"async\" src=\"https:\/\/heatwork.com\/wp-content\/uploads\/2013\/09\/HW_070414_10-e1433156745138-290x290.jpg\" width=\"290\" height=\"290\" alt=\"\" \/><\/li>\n<li><img loading=\"lazy\" decoding=\"async\" src=\"https:\/\/heatwork.com\/wp-content\/uploads\/2013\/09\/HW_070414_02-e1433156758228-290x290.jpg\" width=\"290\" height=\"290\" alt=\"\" \/><\/li>\n<li><img loading=\"lazy\" decoding=\"async\" src=\"https:\/\/heatwork.com\/wp-content\/uploads\/2013\/09\/HW_070414_20-e1433156771426-290x290.jpg\" width=\"290\" height=\"290\" alt=\"\" \/><\/li>\n<li><img loading=\"lazy\" decoding=\"async\" src=\"https:\/\/heatwork.com\/wp-content\/uploads\/2013\/09\/WP_000738-290x290.jpg\" width=\"290\" height=\"290\" alt=\"\" \/><\/li>\n<li><img loading=\"lazy\" decoding=\"async\" src=\"https:\/\/heatwork.com\/wp-content\/uploads\/2013\/09\/WP_000740-290x290.jpg\" width=\"290\" height=\"290\" alt=\"\" \/><\/li>\n<\/ul><\/div><br \/>\n<\/p>\n<div class=\"ingrid in-thirds\">\n<div class=\"unit span-two\">HeatWorkin monipuolinen ja siirrett\u00e4v\u00e4 l\u00e4mp\u00f6teknologia yhdess\u00e4 keveyden kanssa tekee tuotteistamme varmoja voittajia maatilojen l\u00e4mmitystarpeisiin. K\u00e4ytitp\u00e4 laitteita sitten l\u00e4mmitykseen, pakkassuojaukseen, sulatukseen tai jopa s\u00e4hk\u00f6n tuottamiseen, voit olla varma, ett\u00e4 HeatWork kattaa kaikki tarpeesi.<\/div>\n<div class=\"unit\">\n<ul>\n<li><a href=\"https:\/\/heatwork.com\/fi\/laiteurakoitsijat\/\">Rakennusten, autotallien ja ty\u00f6pajojen l\u00e4mmitys<\/a><\/li>\n<li>Veden ja kaivojen pakkassuojaus<\/li>\n<li>Materiaalien ja perustusten pakkassuojaus<\/li>\n<li>Pakkassuojaus ja kovetus talvivaluissa<\/li>\n<li>Roudan, j\u00e4\u00e4n ja lumen sulatus<\/li>\n<li>Pihojen, sis\u00e4\u00e4nk\u00e4yntien ja rappujen sulatus<\/li>\n<li>Siltarumpujen, ojien ja vesijuoksujen sulatus<\/li>\n<li>Hein\u00e4paalien sulatus<\/li>\n<li>Hein\u00e4n, viljan ja turpeen kuivatus<\/li>\n<li>L\u00e4mmin vesi suihkuihin, ammeisiin ja porealtaisiin<\/li>\n<li>S\u00e4hk\u00f6ntuotto<\/li>\n<li>Maatalousturismi<\/li>\n<li>Laite vuokraukseen ja tapahtumiin<\/li>\n<\/ul>\n<\/div>\n<\/div>\n","protected":false},"excerpt":{"rendered":"<p>HeatWorkin monipuolinen ja siirrett\u00e4v\u00e4 l\u00e4mp\u00f6teknologia yhdess\u00e4 keveyden kanssa tekee tuotteistamme varmoja voittajia maatilojen l\u00e4mmitystarpeisiin. K\u00e4ytitp\u00e4 laitteita sitten l\u00e4mmitykseen, pakkassuojaukseen, sulatukseen tai jopa s\u00e4hk\u00f6n tuottamiseen, voit olla varma, ett\u00e4 HeatWork kattaa kaikki tarpeesi. Rakennusten, autotallien ja ty\u00f6pajojen l\u00e4mmitys Veden ja kaivojen pakkassuojaus Materiaalien ja perustusten pakkassuojaus Pakkassuojaus ja kovetus talvivaluissa Roudan, j\u00e4\u00e4n ja lumen sulatus Pihojen, [&hellip;]<\/p>\n","protected":false},"author":1,"featured_media":0,"parent":15666,"menu_order":0,"comment_status":"closed","ping_status":"closed","template":"","meta":{"_acf_changed":false,"footnotes":"","_links_to":"","_links_to_target":""},"class_list":["post-15644","page","type-page","status-publish"],"acf":[],"_links":{"self":[{"href":"https:\/\/heatwork.com\/fi\/wp-json\/wp\/v2\/pages\/15644"}],"collection":[{"href":"https:\/\/heatwork.com\/fi\/wp-json\/wp\/v2\/pages"}],"about":[{"href":"https:\/\/heatwork.com\/fi\/wp-json\/wp\/v2\/types\/page"}],"author":[{"embeddable":true,"href":"https:\/\/heatwork.com\/fi\/wp-json\/wp\/v2\/users\/1"}],"replies":[{"embeddable":true,"href":"https:\/\/heatwork.com\/fi\/wp-json\/wp\/v2\/comments?post=15644"}],"version-history":[{"count":0,"href":"https:\/\/heatwork.com\/fi\/wp-json\/wp\/v2\/pages\/15644\/revisions"}],"up":[{"embeddable":true,"href":"https:\/\/heatwork.com\/fi\/wp-json\/wp\/v2\/pages\/15666"}],"wp:attachment":[{"href":"https:\/\/heatwork.com\/fi\/wp-json\/wp\/v2\/media?parent=15644"}],"curies":[{"name":"wp","href":"https:\/\/api.w.org\/{rel}","templated":true}]}}