{"id":15647,"date":"2013-09-24T16:36:26","date_gmt":"2013-09-24T14:36:26","guid":{"rendered":"https:\/\/heatwork.com\/?page_id=15647"},"modified":"2014-09-25T15:22:53","modified_gmt":"2014-09-25T13:22:53","slug":"voima-ja-teleyhtiot","status":"publish","type":"page","link":"https:\/\/heatwork.com\/fi\/kayttokohteet\/rakennusteollisuus\/voima-ja-teleyhtiot\/","title":{"rendered":"Voima- ja teleyhti\u00f6t"},"content":{"rendered":"<p><div class=\"o-carousel js-carousel\"><div class=\"o-carousel__main js-carousel-main ebcbw\" data-id=\"ebcbw\"><img loading=\"lazy\" decoding=\"async\" src=\"https:\/\/heatwork.com\/wp-content\/uploads\/2013\/09\/IMG_0726-940x705.jpg\" width=\"940\" height=\"705\" alt=\"\" \/>\n<img loading=\"lazy\" decoding=\"async\" src=\"https:\/\/heatwork.com\/wp-content\/uploads\/2013\/09\/IMG_0759-940x705.jpg\" width=\"940\" height=\"705\" alt=\"\" \/>\n<img loading=\"lazy\" decoding=\"async\" src=\"https:\/\/heatwork.com\/wp-content\/uploads\/2013\/09\/IMG_0760-940x705.jpg\" width=\"940\" height=\"705\" alt=\"\" \/>\n<img loading=\"lazy\" decoding=\"async\" src=\"https:\/\/heatwork.com\/wp-content\/uploads\/2013\/09\/IMG_0772-940x705.jpg\" width=\"940\" height=\"705\" alt=\"\" \/>\n<\/div><ul class=\"o-carousel__nav js-carousel-nav\"><li><img loading=\"lazy\" decoding=\"async\" src=\"https:\/\/heatwork.com\/wp-content\/uploads\/2013\/09\/IMG_0726-290x290.jpg\" width=\"290\" height=\"290\" alt=\"\" \/><\/li>\n<li><img loading=\"lazy\" decoding=\"async\" src=\"https:\/\/heatwork.com\/wp-content\/uploads\/2013\/09\/IMG_0759-290x290.jpg\" width=\"290\" height=\"290\" alt=\"\" \/><\/li>\n<li><img loading=\"lazy\" decoding=\"async\" src=\"https:\/\/heatwork.com\/wp-content\/uploads\/2013\/09\/IMG_0760-290x290.jpg\" width=\"290\" height=\"290\" alt=\"\" \/><\/li>\n<li><img loading=\"lazy\" decoding=\"async\" src=\"https:\/\/heatwork.com\/wp-content\/uploads\/2013\/09\/IMG_0772-290x290.jpg\" width=\"290\" height=\"290\" alt=\"\" \/><\/li>\n<\/ul><\/div><br \/>\n<\/p>\n<div class=\"ingrid in-thirds\">\n<div class=\"unit span-two\">HeatWork ratkaisee monet voima- ja teleyhti\u00f6iden talvella kokemat ongelmat. Laitteillamme voi sulattaa roudan kaapeliojeien kaivamiseksi tai kaapelirikkojen paikkaamiseksi talviaikaan. T\u00e4m\u00e4 tapahtuu tehokkaasti, ilman ett\u00e4 maan l\u00e4mp\u00f6tila nousee liian korkeaksi vahingoittaakseen telekaapeleita sulatusprosessin aikana. Kun sulatus on suoritettu, voi samalla laitteella l\u00e4mmitt\u00e4\u00e4 ty\u00f6teltan, niin ett\u00e4 kaapelity\u00f6t, liitokset, terminoinnit ja vastaavat voidaan suorittaa kontrolloiduissa l\u00e4mp\u00f6tiloissa, ja n\u00e4in varmistaa ty\u00f6n laatu sek\u00e4 parantaa ty\u00f6ntekij\u00f6iden ty\u00f6olosuhteita t\u00f6iden aikana. Pienvoimaloiden vedenottojen pakkasuojaus on my\u00f6s alue, jolla HeatWork toimittaa uniikkeja ratkaisuja.<\/div>\n<div class=\"unit\">\n<ul>\n<li>Vedenottojen pakkassuojaus<\/li>\n<li>Perusteiden pakkassuojaus<\/li>\n<li>Kaapeliojien roudansulatus<\/li>\n<li>Sulatus kaapelirikkojen yhteydess\u00e4<\/li>\n<li>Mastojen perustusten sulatus<\/li>\n<li>Rakennusten ja autotallien l\u00e4mmitys<\/li>\n<li>Ty\u00f6pajojen ja ty\u00f6telttojen l\u00e4mmitys<\/li>\n<li>Betonin kovetus<\/li>\n<li>S\u00e4hk\u00f6ntuotto<\/li>\n<\/ul>\n<\/div>\n<\/div>\n","protected":false},"excerpt":{"rendered":"<p>HeatWork ratkaisee monet voima- ja teleyhti\u00f6iden talvella kokemat ongelmat. Laitteillamme voi sulattaa roudan kaapeliojeien kaivamiseksi tai kaapelirikkojen paikkaamiseksi talviaikaan. T\u00e4m\u00e4 tapahtuu tehokkaasti, ilman ett\u00e4 maan l\u00e4mp\u00f6tila nousee liian korkeaksi vahingoittaakseen telekaapeleita sulatusprosessin aikana. Kun sulatus on suoritettu, voi samalla laitteella l\u00e4mmitt\u00e4\u00e4 ty\u00f6teltan, niin ett\u00e4 kaapelity\u00f6t, liitokset, terminoinnit ja vastaavat voidaan suorittaa kontrolloiduissa l\u00e4mp\u00f6tiloissa, ja n\u00e4in [&hellip;]<\/p>\n","protected":false},"author":1,"featured_media":0,"parent":15665,"menu_order":5,"comment_status":"closed","ping_status":"closed","template":"","meta":{"_acf_changed":false,"footnotes":"","_links_to":"","_links_to_target":""},"class_list":["post-15647","page","type-page","status-publish"],"acf":[],"_links":{"self":[{"href":"https:\/\/heatwork.com\/fi\/wp-json\/wp\/v2\/pages\/15647"}],"collection":[{"href":"https:\/\/heatwork.com\/fi\/wp-json\/wp\/v2\/pages"}],"about":[{"href":"https:\/\/heatwork.com\/fi\/wp-json\/wp\/v2\/types\/page"}],"author":[{"embeddable":true,"href":"https:\/\/heatwork.com\/fi\/wp-json\/wp\/v2\/users\/1"}],"replies":[{"embeddable":true,"href":"https:\/\/heatwork.com\/fi\/wp-json\/wp\/v2\/comments?post=15647"}],"version-history":[{"count":0,"href":"https:\/\/heatwork.com\/fi\/wp-json\/wp\/v2\/pages\/15647\/revisions"}],"up":[{"embeddable":true,"href":"https:\/\/heatwork.com\/fi\/wp-json\/wp\/v2\/pages\/15665"}],"wp:attachment":[{"href":"https:\/\/heatwork.com\/fi\/wp-json\/wp\/v2\/media?parent=15647"}],"curies":[{"name":"wp","href":"https:\/\/api.w.org\/{rel}","templated":true}]}}