{"id":15648,"date":"2013-09-24T16:35:53","date_gmt":"2013-09-24T14:35:53","guid":{"rendered":"https:\/\/heatwork.com\/?page_id=15648"},"modified":"2014-06-25T12:40:34","modified_gmt":"2014-06-25T10:40:34","slug":"kalanviljely","status":"publish","type":"page","link":"https:\/\/heatwork.com\/fi\/kayttokohteet\/rakennusteollisuus\/kalanviljely\/","title":{"rendered":"Kalanviljely"},"content":{"rendered":"<p><\/p>\n<div class=\"ingrid in-thirds\">\n<div class=\"unit span-two\">\nPatentoidun nestekiertoisen l\u00e4mmitysteknologiamme avulla voimme toimittaa innovatiiviset ratkaisut esimerkiksi lohenkasvatuslaitosksille, j\u00e4\u00e4n ja lumen sulatukseen sek\u00e4 suurten rakennusten l\u00e4mmitykseen.\n<\/div>\n<div class=\"unit\">\n<ul>\n<li>Lohenkasvatuslaitosten sy\u00f6tt\u00f6siilojen sulatus ja pakkassuojaus<\/li>\n<li>Roudan, j\u00e4\u00e4n ja lumen sulatus<\/li>\n<li>Sulatus ennen tamppausta<\/li>\n<li>Rakennusten, autotallien ja ty\u00f6pajojen l\u00e4mmitys<\/li>\n<li>Betonin kovetus<\/li>\n<li>Sy\u00f6tt\u00f6veden l\u00e4mmitys<\/li>\n<\/ul>\n<\/div>\n<\/div>\n","protected":false},"excerpt":{"rendered":"<p>Patentoidun nestekiertoisen l\u00e4mmitysteknologiamme avulla voimme toimittaa innovatiiviset ratkaisut esimerkiksi lohenkasvatuslaitosksille, j\u00e4\u00e4n ja lumen sulatukseen sek\u00e4 suurten rakennusten l\u00e4mmitykseen. Lohenkasvatuslaitosten sy\u00f6tt\u00f6siilojen sulatus ja pakkassuojaus Roudan, j\u00e4\u00e4n ja lumen sulatus Sulatus ennen tamppausta Rakennusten, autotallien ja ty\u00f6pajojen l\u00e4mmitys Betonin kovetus Sy\u00f6tt\u00f6veden l\u00e4mmitys<\/p>\n","protected":false},"author":1,"featured_media":0,"parent":15665,"menu_order":6,"comment_status":"closed","ping_status":"closed","template":"","meta":{"_acf_changed":false,"footnotes":"","_links_to":"","_links_to_target":""},"class_list":["post-15648","page","type-page","status-publish"],"acf":[],"_links":{"self":[{"href":"https:\/\/heatwork.com\/fi\/wp-json\/wp\/v2\/pages\/15648"}],"collection":[{"href":"https:\/\/heatwork.com\/fi\/wp-json\/wp\/v2\/pages"}],"about":[{"href":"https:\/\/heatwork.com\/fi\/wp-json\/wp\/v2\/types\/page"}],"author":[{"embeddable":true,"href":"https:\/\/heatwork.com\/fi\/wp-json\/wp\/v2\/users\/1"}],"replies":[{"embeddable":true,"href":"https:\/\/heatwork.com\/fi\/wp-json\/wp\/v2\/comments?post=15648"}],"version-history":[{"count":0,"href":"https:\/\/heatwork.com\/fi\/wp-json\/wp\/v2\/pages\/15648\/revisions"}],"up":[{"embeddable":true,"href":"https:\/\/heatwork.com\/fi\/wp-json\/wp\/v2\/pages\/15665"}],"wp:attachment":[{"href":"https:\/\/heatwork.com\/fi\/wp-json\/wp\/v2\/media?parent=15648"}],"curies":[{"name":"wp","href":"https:\/\/api.w.org\/{rel}","templated":true}]}}