{"id":15692,"date":"2013-09-19T14:58:54","date_gmt":"2013-09-19T12:58:54","guid":{"rendered":"https:\/\/heatwork.com\/?page_id=15692"},"modified":"2014-08-06T09:49:26","modified_gmt":"2014-08-06T07:49:26","slug":"tekniset-tiedot","status":"publish","type":"page","link":"https:\/\/heatwork.com\/fi\/tuotteet\/miniheater\/tekniset-tiedot\/","title":{"rendered":"Tekniset tiedot"},"content":{"rendered":"\n<table id=\"tablepress-37\" class=\"tablepress tablepress-id-37\">\n<thead>\n<tr class=\"row-1 odd\">\n\t<th class=\"column-1\">Tekninen erittely<\/th><th class=\"column-2\">HW MY35<\/th>\n<\/tr>\n<\/thead>\n<tbody>\n<tr class=\"row-2 even\">\n\t<td class=\"column-1\">Per\u00e4vaunun paino ilman polttoainetta \/<br \/>\r\npolttoaine mukaan lukien<\/td><td class=\"column-2\">Alkaen 850 kg<\/td>\n<\/tr>\n<tr class=\"row-3 odd\">\n\t<td class=\"column-1\">Dimensions; BxHxD (mm)<\/td><td class=\"column-2\">3200 x 1800 x 1900<\/td>\n<\/tr>\n<tr class=\"row-4 even\">\n\t<td class=\"column-1\">Pumpun teho<\/td><td class=\"column-2\">2100 l\/t<\/td>\n<\/tr>\n<tr class=\"row-5 odd\">\n\t<td class=\"column-1\">Pumppujen m\u00e4\u00e4r\u00e4<\/td><td class=\"column-2\">1 kpl x 2100<\/td>\n<\/tr>\n<tr class=\"row-6 even\">\n\t<td class=\"column-1\">J\u00e4rjestelm\u00e4paine normaalik\u00e4yt\u00f6ss\u00e4<\/td><td class=\"column-2\">K\u00e4ynnistyksen yhteydess\u00e4: 2\u20126 bar. K\u00e4yt\u00f6n aikana: 2\u20126 bar.<\/td>\n<\/tr>\n<tr class=\"row-7 odd\">\n\t<td class=\"column-1\">Maksimil\u00e4mp\u00f6teho<\/td><td class=\"column-2\">35 kW<\/td>\n<\/tr>\n<tr class=\"row-8 even\">\n\t<td class=\"column-1\">Polttimen tyyppi<\/td><td class=\"column-2\">1-tahtinen<\/td>\n<\/tr>\n<tr class=\"row-9 odd\">\n\t<td class=\"column-1\">L\u00e4mp\u00f6tekninen tehoaste<\/td><td class=\"column-2\">94 % \u2012 todistetusti alan korkein<\/td>\n<\/tr>\n<tr class=\"row-10 even\">\n\t<td class=\"column-1\">Nesteen l\u00e4mp\u00f6tila<\/td><td class=\"column-2\">S\u00e4\u00e4dett\u00e4v\u00e4 0\u2012100 \u00b0C (ulosmenev\u00e4 l\u00e4mp\u00f6tila)<\/td>\n<\/tr>\n<tr class=\"row-11 odd\">\n\t<td class=\"column-1\">Polttoaineenkulutus<\/td><td class=\"column-2\">Keskim\u00e4\u00e4r\u00e4inen kulutus 1,7 litraa\/tunti. Korkeintaan 3,0 litraa tunnissa polttimen jatkuvassa k\u00e4yt\u00f6ss\u00e4.<\/td>\n<\/tr>\n<tr class=\"row-12 even\">\n\t<td class=\"column-1\">Diesel<\/td><td class=\"column-2\">Talvidiesel, arktinen 2-luokka<\/td>\n<\/tr>\n<tr class=\"row-13 odd\">\n\t<td class=\"column-1\">Ty\u00f6skentelyv\u00e4li (suuntaa-antava, t\u00e4ydell\u00e4<br \/>\r\npolttoaines\u00e4ili\u00f6ll\u00e4)<\/td><td class=\"column-2\">Noin 58 tuntia (keskim\u00e4\u00e4r\u00e4isen kulutuksen perusteella)<\/td>\n<\/tr>\n<tr class=\"row-14 even\">\n\t<td class=\"column-1\">Diesels\u00e4ili\u00f6n tilavuus<\/td><td class=\"column-2\">100 litraa<\/td>\n<\/tr>\n<tr class=\"row-15 odd\">\n\t<td class=\"column-1\">L\u00e4mm\u00f6nsiirtoneste<\/td><td class=\"column-2\">HW-l\u00e4mm\u00f6nsiirtoneste<\/td>\n<\/tr>\n<tr class=\"row-16 even\">\n\t<td class=\"column-1\">L\u00e4mm\u00f6nsiirtonestes\u00e4ili\u00f6n tilavuus<\/td><td class=\"column-2\">Noin 30 litraa<\/td>\n<\/tr>\n<tr class=\"row-17 odd\">\n\t<td class=\"column-1\">Nesteen tilavuus l\u00e4mp\u00f6letkuissa<\/td><td class=\"column-2\">0,2 litraa\/metri<\/td>\n<\/tr>\n<tr class=\"row-18 even\">\n\t<td class=\"column-1\">Teollinen HW-letku<\/td><td class=\"column-2\">Vahvistettu l\u00e4mp\u00f6letku. L\u00e4mp\u00f6tila korkeintaan 110 \u00b0C. Paine korkeintaan 30 bar.<\/td>\n<\/tr>\n<tr class=\"row-19 odd\">\n\t<td class=\"column-1\">L\u00e4mp\u00f6letkujen yhteispituus<\/td><td class=\"column-2\">210 m<\/td>\n<\/tr>\n<tr class=\"row-20 even\">\n\t<td class=\"column-1\">Letkulenkkien m\u00e4\u00e4r\u00e4<\/td><td class=\"column-2\">1<\/td>\n<\/tr>\n<tr class=\"row-21 odd\">\n\t<td class=\"column-1\">S\u00e4hk\u00f6liit\u00e4nt\u00e4\/s\u00e4hk\u00f6nkulutus<\/td><td class=\"column-2\">230 V - 1100 W<\/td>\n<\/tr>\n<tr class=\"row-22 even\">\n\t<td class=\"column-1\">Ulkoinen liit\u00e4nt\u00e4 diesels\u00e4ili\u00f6\u00f6n<\/td><td class=\"column-2\">Sis\u00e4ltyy<\/td>\n<\/tr>\n<tr class=\"row-23 odd\">\n\t<td class=\"column-1\">Huoltoluukut<\/td><td class=\"column-2\">2 luukkua huollon helpottamiseksi<\/td>\n<\/tr>\n<tr class=\"row-24 even\">\n\t<td class=\"column-1\"><b>Asennettavat lis\u00e4varusteet<\/b><\/td><td class=\"column-2\"><\/td>\n<\/tr>\n<tr class=\"row-25 odd\">\n\t<td class=\"column-1\">\u00b7 GSM-valvonta<\/td><td class=\"column-2\">Varoittaa tekstiviestein h\u00e4iri\u00f6tilanteissa<\/td>\n<\/tr>\n<tr class=\"row-26 even\">\n\t<td class=\"column-1\">\u00b7 GPS Track Unit<\/td><td class=\"column-2\">GPS-paikannus ja k\u00e4ytt\u00f6historia (tilauksesta)<\/td>\n<\/tr>\n<tr class=\"row-27 odd\">\n\t<td class=\"column-1\">\u00b7 \u00c4\u00e4nieristetty generaattori<\/td><td class=\"column-2\">Aggregaatti k\u00e4ynnistyy automaattisesti verkkovirran kadotessa<\/td>\n<\/tr>\n<tr class=\"row-28 even\">\n\t<td class=\"column-1\">\u00b7 Autostart-aggregaatti<\/td><td class=\"column-2\">Aggregaatti k\u00e4ynnistyy automaattisesti verkkovirran kadotessa<\/td>\n<\/tr>\n<tr class=\"row-29 odd\">\n\t<td class=\"column-1\">\u00b7 Ylim\u00e4\u00e4r\u00e4inen pistorasia<\/td><td class=\"column-2\">10A pistorasia s\u00e4hk\u00f6aggregaatissa<\/td>\n<\/tr>\n<tr class=\"row-30 even\">\n\t<td class=\"column-1\">\u00b7 LED-valomasto<\/td><td class=\"column-2\">LED-valonheitin - K\u00e4yt\u00e4nn\u00f6llinen ja vankkarakenteinen valonheitin.<br \/>\r\nKiinnitet\u00e4\u00e4n koneeseen<\/td>\n<\/tr>\n<\/tbody>\n<\/table>\n\n","protected":false},"excerpt":{"rendered":"","protected":false},"author":1,"featured_media":0,"parent":8789,"menu_order":3,"comment_status":"closed","ping_status":"closed","template":"","meta":{"_acf_changed":false,"footnotes":"","_links_to":"","_links_to_target":""},"class_list":["post-15692","page","type-page","status-publish"],"acf":[],"_links":{"self":[{"href":"https:\/\/heatwork.com\/fi\/wp-json\/wp\/v2\/pages\/15692"}],"collection":[{"href":"https:\/\/heatwork.com\/fi\/wp-json\/wp\/v2\/pages"}],"about":[{"href":"https:\/\/heatwork.com\/fi\/wp-json\/wp\/v2\/types\/page"}],"author":[{"embeddable":true,"href":"https:\/\/heatwork.com\/fi\/wp-json\/wp\/v2\/users\/1"}],"replies":[{"embeddable":true,"href":"https:\/\/heatwork.com\/fi\/wp-json\/wp\/v2\/comments?post=15692"}],"version-history":[{"count":0,"href":"https:\/\/heatwork.com\/fi\/wp-json\/wp\/v2\/pages\/15692\/revisions"}],"up":[{"embeddable":true,"href":"https:\/\/heatwork.com\/fi\/wp-json\/wp\/v2\/pages\/8789"}],"wp:attachment":[{"href":"https:\/\/heatwork.com\/fi\/wp-json\/wp\/v2\/media?parent=15692"}],"curies":[{"name":"wp","href":"https:\/\/api.w.org\/{rel}","templated":true}]}}