{"id":15717,"date":"2013-09-19T15:15:16","date_gmt":"2013-09-19T13:15:16","guid":{"rendered":"https:\/\/heatwork.com\/?page_id=15717"},"modified":"2014-10-06T08:55:12","modified_gmt":"2014-10-06T06:55:12","slug":"tekniset-tiedot","status":"publish","type":"page","link":"https:\/\/heatwork.com\/fi\/tuotteet\/aerotemper\/tekniset-tiedot\/","title":{"rendered":"Tekniset tiedot"},"content":{"rendered":"<p>Rakennus- tai remontit\u00f6iden l\u00e4mmityksen yhteydess\u00e4 voi HW Aerotemperin voi liitt\u00e4\u00e4 kaikkiin HeatWorkin laitteisiin 5\/8&#8243; letkuilla, joita saa 5, 10 ja 25 metrin pituisina. Useamman HW Aerotempperin kytkemiseen k\u00e4ytet\u00e4\u00e4n jakokeskusta.<\/p>\n<h2>HWF42<\/h2>\n<p><strong>Korkeus:<\/strong> 970\u00a0mm<br \/>\n<strong>Pituus:<\/strong> 1005\u00a0mm<br \/>\n<strong>Leveys:<\/strong> 540\u00a0mm<br \/>\n<strong>Tilavuus:<\/strong> l\u00e4hetett\u00e4ess\u00e4 0,6 m3<br \/>\n<strong>Paino:<\/strong> 41 kg<br \/>\n<strong>Materiaali:<\/strong> Ohut levyter\u00e4s<br \/>\n<strong>Teho:<\/strong> 33-80 kW<br \/>\n<strong>Ilmanvirtaus:<\/strong> 3900 m3\/h<br \/>\n<strong>Asennus:<\/strong> Asennettuna telineeseen<br \/>\n<strong>S\u00e4hk\u00f6liit\u00e4nt\u00e4:<\/strong> 10A (207 W)<\/p>\n<h2>HWF12<\/h2>\n<p><strong>Korkeus:<\/strong> 710\u00a0mm<br \/>\n<strong>Pituus:<\/strong> 620\u00a0mm<br \/>\n<strong>Leveys:<\/strong> 460\u00a0mm<br \/>\n<strong>Tilavuus:<\/strong> l\u00e4hetett\u00e4ess\u00e4 0,2 m3<br \/>\n<strong>Paino:<\/strong> 21 kg<br \/>\n<strong>Materiaali:<\/strong> Ohut levyter\u00e4s<br \/>\n<strong>Teho:<\/strong> 11-27 kW<br \/>\n<strong>Ilmanvirtaus:<\/strong> 1100 m3\/h<br \/>\n<strong>Asennus:<\/strong> Telineeseen, voi kiinnitt\u00e4\u00e4 sein\u00e4\u00e4n\/kattoon<br \/>\n<strong>S\u00e4hk\u00f6liit\u00e4nt\u00e4:<\/strong> 10A (92 W)<\/p>\n","protected":false},"excerpt":{"rendered":"<p>Rakennus- tai remontit\u00f6iden l\u00e4mmityksen yhteydess\u00e4 voi HW Aerotemperin voi liitt\u00e4\u00e4 kaikkiin HeatWorkin laitteisiin 5\/8&#8243; letkuilla, joita saa 5, 10 ja 25 metrin pituisina. Useamman HW Aerotempperin kytkemiseen k\u00e4ytet\u00e4\u00e4n jakokeskusta. HWF42 Korkeus: 970\u00a0mm Pituus: 1005\u00a0mm Leveys: 540\u00a0mm Tilavuus: l\u00e4hetett\u00e4ess\u00e4 0,6 m3 Paino: 41 kg Materiaali: Ohut levyter\u00e4s Teho: 33-80 kW Ilmanvirtaus: 3900 m3\/h Asennus: Asennettuna telineeseen [&hellip;]<\/p>\n","protected":false},"author":1,"featured_media":0,"parent":15716,"menu_order":2,"comment_status":"closed","ping_status":"closed","template":"","meta":{"_acf_changed":false,"footnotes":"","_links_to":"","_links_to_target":""},"class_list":["post-15717","page","type-page","status-publish"],"acf":[],"_links":{"self":[{"href":"https:\/\/heatwork.com\/fi\/wp-json\/wp\/v2\/pages\/15717"}],"collection":[{"href":"https:\/\/heatwork.com\/fi\/wp-json\/wp\/v2\/pages"}],"about":[{"href":"https:\/\/heatwork.com\/fi\/wp-json\/wp\/v2\/types\/page"}],"author":[{"embeddable":true,"href":"https:\/\/heatwork.com\/fi\/wp-json\/wp\/v2\/users\/1"}],"replies":[{"embeddable":true,"href":"https:\/\/heatwork.com\/fi\/wp-json\/wp\/v2\/comments?post=15717"}],"version-history":[{"count":0,"href":"https:\/\/heatwork.com\/fi\/wp-json\/wp\/v2\/pages\/15717\/revisions"}],"up":[{"embeddable":true,"href":"https:\/\/heatwork.com\/fi\/wp-json\/wp\/v2\/pages\/15716"}],"wp:attachment":[{"href":"https:\/\/heatwork.com\/fi\/wp-json\/wp\/v2\/media?parent=15717"}],"curies":[{"name":"wp","href":"https:\/\/api.w.org\/{rel}","templated":true}]}}