{"id":15730,"date":"2013-12-19T15:45:20","date_gmt":"2013-12-19T14:45:20","guid":{"rendered":"https:\/\/heatwork.com\/?page_id=15730"},"modified":"2021-01-22T13:51:33","modified_gmt":"2021-01-22T12:51:33","slug":"concrete-systems","status":"publish","type":"page","link":"https:\/\/heatwork.com\/fi\/tuotteet\/concrete-systems\/","title":{"rendered":"Concrete Systems"},"content":{"rendered":"<div class=\"o-carousel js-carousel\"><div class=\"o-carousel__main js-carousel-main jpglo\" data-id=\"jpglo\"><img loading=\"lazy\" decoding=\"async\" src=\"https:\/\/heatwork.com\/wp-content\/uploads\/2021\/01\/HeatWork_betong-2-940x457.jpg\" width=\"940\" height=\"457\" alt=\"\" \/>\n<img loading=\"lazy\" decoding=\"async\" src=\"https:\/\/heatwork.com\/wp-content\/uploads\/2021\/01\/Heatwork-6-940x622.png\" width=\"940\" height=\"622\" alt=\"\" \/>\n<img loading=\"lazy\" decoding=\"async\" src=\"https:\/\/heatwork.com\/wp-content\/uploads\/2017\/01\/Simen-Svevnerud-mekaniker-fra-Nordby-Maskin-940x530.jpg\" width=\"940\" height=\"530\" alt=\"\" \/>\n<img loading=\"lazy\" decoding=\"async\" src=\"https:\/\/heatwork.com\/wp-content\/uploads\/2017\/12\/IMG_2018-940x705.jpg\" width=\"940\" height=\"705\" alt=\"\" \/>\n<img loading=\"lazy\" decoding=\"async\" src=\"https:\/\/heatwork.com\/wp-content\/uploads\/2013\/12\/betong-3.jpg\" width=\"800\" height=\"600\" alt=\"\" \/>\n<img loading=\"lazy\" decoding=\"async\" src=\"https:\/\/heatwork.com\/wp-content\/uploads\/2013\/12\/betong-IV.jpg\" width=\"800\" height=\"450\" alt=\"\" \/>\n<img loading=\"lazy\" decoding=\"async\" src=\"https:\/\/heatwork.com\/wp-content\/uploads\/2010\/11\/DSC02155.jpg\" width=\"850\" height=\"479\" alt=\"\" \/>\n<img loading=\"lazy\" decoding=\"async\" src=\"https:\/\/heatwork.com\/wp-content\/uploads\/2018\/02\/Hahre_brosposjekt-HeatWork_04-705x940.jpg\" width=\"705\" height=\"940\" alt=\"\" \/>\n<img loading=\"lazy\" decoding=\"async\" src=\"https:\/\/heatwork.com\/wp-content\/uploads\/2013\/12\/forsidebilde-betong-2.jpg\" width=\"240\" height=\"320\" alt=\"\" \/>\n<img loading=\"lazy\" decoding=\"async\" src=\"https:\/\/heatwork.com\/wp-content\/uploads\/2013\/12\/Skjermbilde-2014-02-13-kl.-12.46.36-940x323.png\" width=\"940\" height=\"323\" alt=\"\" \/>\n<\/div><ul class=\"o-carousel__nav js-carousel-nav\"><li><img loading=\"lazy\" decoding=\"async\" src=\"https:\/\/heatwork.com\/wp-content\/uploads\/2021\/01\/HeatWork_betong-2-290x290.jpg\" width=\"290\" height=\"290\" alt=\"\" \/><\/li>\n<li><img loading=\"lazy\" decoding=\"async\" src=\"https:\/\/heatwork.com\/wp-content\/uploads\/2021\/01\/Heatwork-6-290x290.png\" width=\"290\" height=\"290\" alt=\"\" \/><\/li>\n<li><img loading=\"lazy\" decoding=\"async\" src=\"https:\/\/heatwork.com\/wp-content\/uploads\/2017\/01\/Simen-Svevnerud-mekaniker-fra-Nordby-Maskin-290x290.jpg\" width=\"290\" height=\"290\" alt=\"\" \/><\/li>\n<li><img loading=\"lazy\" decoding=\"async\" src=\"https:\/\/heatwork.com\/wp-content\/uploads\/2017\/12\/IMG_2018-290x290.jpg\" width=\"290\" height=\"290\" alt=\"\" \/><\/li>\n<li><img loading=\"lazy\" decoding=\"async\" src=\"https:\/\/heatwork.com\/wp-content\/uploads\/2013\/12\/betong-3-290x290.jpg\" width=\"290\" height=\"290\" alt=\"\" \/><\/li>\n<li><img loading=\"lazy\" decoding=\"async\" src=\"https:\/\/heatwork.com\/wp-content\/uploads\/2013\/12\/betong-IV-290x290.jpg\" width=\"290\" height=\"290\" alt=\"\" \/><\/li>\n<li><img loading=\"lazy\" decoding=\"async\" src=\"https:\/\/heatwork.com\/wp-content\/uploads\/2010\/11\/DSC02155-290x290.jpg\" width=\"290\" height=\"290\" alt=\"\" \/><\/li>\n<li><img loading=\"lazy\" decoding=\"async\" src=\"https:\/\/heatwork.com\/wp-content\/uploads\/2018\/02\/Hahre_brosposjekt-HeatWork_04-290x290.jpg\" width=\"290\" height=\"290\" alt=\"\" \/><\/li>\n<li><img loading=\"lazy\" decoding=\"async\" src=\"https:\/\/heatwork.com\/wp-content\/uploads\/2013\/12\/forsidebilde-betong-2-240x290.jpg\" width=\"240\" height=\"290\" alt=\"\" \/><\/li>\n<li><img loading=\"lazy\" decoding=\"async\" src=\"https:\/\/heatwork.com\/wp-content\/uploads\/2013\/12\/Skjermbilde-2014-02-13-kl.-12.46.36-290x290.png\" width=\"290\" height=\"290\" alt=\"\" \/><\/li>\n<\/ul><\/div>\n<p>&nbsp;<\/p>\n<h2>Concrete Systems: Betonit\u00f6it\u00e4 vuoden ymp\u00e4ri<\/h2>\n<p>HW Concrete Systems on markkinoiden joustavin ja tehokkain ratkaisu betonit\u00f6iden edistymisen, laadun ja edullisuuden varmistamiseksi &#8211; vuodenajasta riippumatta!<\/p>\n<p>HeatWorkin monipuolinen nestepohjaisen teknologian avulla siirr\u00e4t l\u00e4mp\u00f6energiaa juuri sinne miss\u00e4 sit\u00e4 tarvitset:<\/p>\n<ul>\n<li>Roudansulatus ennen perusteiden kaivamista tai tamppaamista<\/li>\n<li>Perustojen, muottien ja raudoitusten j\u00e4\u00e4n- ja lumensulatus<\/li>\n<li>Muottien ja osien esil\u00e4mmitys<\/li>\n<li>Betonin hallittu kovettaminen<\/li>\n<li>Valut kylm\u00e4ss\u00e4 ilmastossa<\/li>\n<li>Helikopterin tankin l\u00e4mmitys<\/li>\n<li>Betonin ruiskutus &#8211; rakenteiden esil\u00e4mmitys<\/li>\n<\/ul>\n<h2><\/h2>\n<hr \/>\n<div class=\"ingrid in-thirds\">\n<div class=\"unit\"><img loading=\"lazy\" decoding=\"async\" class=\"wp-image-45937 size-medium alignleft\" src=\"https:\/\/heatwork.com\/wp-content\/uploads\/2018\/02\/Betongarbeid-heatwork_01-480x480.jpg\" alt=\"\" width=\"480\" height=\"480\" srcset=\"https:\/\/heatwork.com\/wp-content\/uploads\/2018\/02\/Betongarbeid-heatwork_01-480x480.jpg 480w, https:\/\/heatwork.com\/wp-content\/uploads\/2018\/02\/Betongarbeid-heatwork_01-300x300.jpg 300w, https:\/\/heatwork.com\/wp-content\/uploads\/2018\/02\/Betongarbeid-heatwork_01-100x100.jpg 100w, https:\/\/heatwork.com\/wp-content\/uploads\/2018\/02\/Betongarbeid-heatwork_01-600x600.jpg 600w, https:\/\/heatwork.com\/wp-content\/uploads\/2018\/02\/Betongarbeid-heatwork_01-290x290.jpg 290w, https:\/\/heatwork.com\/wp-content\/uploads\/2018\/02\/Betongarbeid-heatwork_01.jpg 709w\" sizes=\"(max-width: 480px) 100vw, 480px\" \/><\/p>\n<h4>Letkut muotin ymp\u00e4rill\u00e4:<\/h4>\n<ul>\n<li>Letkut asetetaan muotin ulkopuolelle ennen valamista<\/li>\n<li>Nesteen l\u00e4mm\u00f6n portaaton s\u00e4\u00e4t\u00f6<\/li>\n<li>HeatWork antaa kovettumisprosessin t\u00e4ysin hallintaasi<\/li>\n<\/ul>\n<\/div>\n<div class=\"unit\"><img loading=\"lazy\" decoding=\"async\" class=\"wp-image-45939 size-medium alignleft\" src=\"https:\/\/heatwork.com\/wp-content\/uploads\/2018\/02\/Betongarbeid-heatwork_02-1-480x480.jpg\" alt=\"\" width=\"480\" height=\"480\" srcset=\"https:\/\/heatwork.com\/wp-content\/uploads\/2018\/02\/Betongarbeid-heatwork_02-1-480x480.jpg 480w, https:\/\/heatwork.com\/wp-content\/uploads\/2018\/02\/Betongarbeid-heatwork_02-1-300x300.jpg 300w, https:\/\/heatwork.com\/wp-content\/uploads\/2018\/02\/Betongarbeid-heatwork_02-1-100x100.jpg 100w, https:\/\/heatwork.com\/wp-content\/uploads\/2018\/02\/Betongarbeid-heatwork_02-1-600x600.jpg 600w, https:\/\/heatwork.com\/wp-content\/uploads\/2018\/02\/Betongarbeid-heatwork_02-1-290x290.jpg 290w, https:\/\/heatwork.com\/wp-content\/uploads\/2018\/02\/Betongarbeid-heatwork_02-1.jpg 709w\" sizes=\"(max-width: 480px) 100vw, 480px\" \/><\/p>\n<h4>Putki betonissa:<\/h4>\n<ul>\n<li>Lattia kiinni maassa tai sein\u00e4ss\u00e4. Putki betoniperustuksissa<\/li>\n<li>HW-kiinnitet\u00e4\u00e4n raudoituksiin ja valetaan betoniperustukseen, lattian jne.<\/li>\n<li>Letkuv\u00e4li riippuu ulkol\u00e4mp\u00f6tilasta<\/li>\n<li>Nesteen l\u00e4mm\u00f6n portaaton s\u00e4\u00e4t\u00f6<\/li>\n<\/ul>\n<\/div>\n<div class=\"unit\"><img loading=\"lazy\" decoding=\"async\" class=\"wp-image-45938 size-medium alignleft\" src=\"https:\/\/heatwork.com\/wp-content\/uploads\/2018\/02\/Betongarbeid-heatwork_03-480x480.jpg\" alt=\"\" width=\"480\" height=\"480\" srcset=\"https:\/\/heatwork.com\/wp-content\/uploads\/2018\/02\/Betongarbeid-heatwork_03-480x480.jpg 480w, https:\/\/heatwork.com\/wp-content\/uploads\/2018\/02\/Betongarbeid-heatwork_03-300x300.jpg 300w, https:\/\/heatwork.com\/wp-content\/uploads\/2018\/02\/Betongarbeid-heatwork_03-100x100.jpg 100w, https:\/\/heatwork.com\/wp-content\/uploads\/2018\/02\/Betongarbeid-heatwork_03-600x600.jpg 600w, https:\/\/heatwork.com\/wp-content\/uploads\/2018\/02\/Betongarbeid-heatwork_03-290x290.jpg 290w, https:\/\/heatwork.com\/wp-content\/uploads\/2018\/02\/Betongarbeid-heatwork_03.jpg 709w\" sizes=\"(max-width: 480px) 100vw, 480px\" \/><\/p>\n<h4>Letkut lattialla tai kannella valun j\u00e4lkeen:<\/h4>\n<ul>\n<li>Muovisuoja levitet\u00e4\u00e4n pinnalle valamisen j\u00e4lkeen<\/li>\n<li>Vedet\u00e4\u00e4n letkut p\u00e4\u00e4lle<\/li>\n<li>Suojataan HW Winter Insulationin alle<\/li>\n<li>Nesteen l\u00e4mm\u00f6n portaaton s\u00e4\u00e4t\u00f6<\/li>\n<\/ul>\n<\/div>\n<\/div>\n<hr \/>\n<h4>HW Concrete Systems koostuu useasta osasta ja kattaa eri k\u00e4ytt\u00f6alueita<\/h4>\n<p><img loading=\"lazy\" decoding=\"async\" class=\"alignnone size-large wp-image-45936\" src=\"https:\/\/heatwork.com\/wp-content\/uploads\/2018\/02\/tilbehor-betong-940x192.jpg\" alt=\"\" width=\"940\" height=\"192\" srcset=\"https:\/\/heatwork.com\/wp-content\/uploads\/2018\/02\/tilbehor-betong-940x192.jpg 940w, https:\/\/heatwork.com\/wp-content\/uploads\/2018\/02\/tilbehor-betong-600x123.jpg 600w, https:\/\/heatwork.com\/wp-content\/uploads\/2018\/02\/tilbehor-betong-480x98.jpg 480w, https:\/\/heatwork.com\/wp-content\/uploads\/2018\/02\/tilbehor-betong-768x157.jpg 768w, https:\/\/heatwork.com\/wp-content\/uploads\/2018\/02\/tilbehor-betong.jpg 1400w\" sizes=\"(max-width: 940px) 100vw, 940px\" \/><\/p>\n<p>T\u00e4rkein osa on HeatWorkin siirrett\u00e4v\u00e4 l\u00e4mp\u00f6ratkaisu. HeatWork k\u00e4ytt\u00e4\u00e4 patentoitua nestepohjaista teknologiaa energiansiirtoon. N\u00e4in voimme lis\u00e4t\u00e4 tarvittavan l\u00e4mmityksen useimpiin paikkoihin miss\u00e4 sit\u00e4 tarvitaan, joko kontaktil\u00e4mm\u00f6ll\u00e4, tai l\u00e4mmitetyll\u00e4 ilmalla. Koska HeatWorkin ratkaisut ovat suljettuja kiertoja, ei niist\u00e4 siirry ymp\u00e4rist\u00f6\u00f6n kosteutta tai vett\u00e4 l\u00e4mmityksen tai sulatuksen aikana. HeatWorkin siirrett\u00e4v\u00e4t l\u00e4mp\u00f6ratkaisut ovat eritt\u00e4in tehokkaita polttoaineen hy\u00f6dynt\u00e4misess\u00e4, ja t\u00e4ytt\u00e4v\u00e4t ymp\u00e4rist\u00f6lle, taloudellisuudelle ja ty\u00f6ntekij\u00f6iden suojelulle asetetut tiukat vaatimukset.<\/p>\n<p>HeatWorkin siirrett\u00e4v\u00e4t l\u00e4mp\u00f6ratkaisut voivat tuottaa jopa 103kW tehon ja l\u00e4mp\u00f6tilat 0-100\u00b0C v\u00e4lill\u00e4. J\u00e4rjestelm\u00e4 ei ole riippuvainen ulkoisesta s\u00e4hk\u00f6st\u00e4 tai polttoaineesta k\u00e4yt\u00f6n aikana. Helpon liikutettavuuden ja keveyden ansiosta laitetta on helppo kuljettaa eri kohteiden v\u00e4lill\u00e4 tavallisella autolla.<\/p>\n<p>HeatWork toimittaa my\u00f6s PERT (PolyEthyleneRaisedTemperature) &#8211; putkia valettavaksi betonirakenteisiin. Kun PERT-putket liitet\u00e4\u00e4n HeatWorkin laitteeseen, voi kiert\u00e4v\u00e4lle nesteelle asettaa toivomansa l\u00e4mp\u00f6tilan. Termostaattiohjaus huolehtii siit\u00e4, ett\u00e4 betonirakennuksessa saavutetaan optimaaliset ja tasaiset kovettumisl\u00e4mp\u00f6tilat, ja v\u00e4hent\u00e4\u00e4 samalla polttoainekustannuksia. Mahdollisuus betonirakennuksen l\u00e4mmitt\u00e4miseen varmistaa talvivalun etenemisen ja laadun.<\/p>\n<p>Sis\u00e4\u00e4nvalettuja putkia voi hy\u00f6dynt\u00e4\u00e4 j\u00e4lkeenp\u00e4in rakenteen lumen ja j\u00e4\u00e4n sulatuksessa. Osana HeatWork Concrete Systemsi\u00e4 tarjoamme my\u00f6s kest\u00e4vi\u00e4 jakokaappeja pikaliit\u00e4nn\u00f6ill\u00e4 t\u00e4t\u00e4 tarkoitusta varten.<\/p>\n<p>HeatWork toimittaa omat jakokeskukset, niin ett\u00e4 letkujen veto laitteesta rakennukseen ja niiden yhdist\u00e4minen eri lattial\u00e4mmityskiertoihin on helppoa. Kierroilla on jakokeskuksissa omat kuristimensa ja paluul\u00e4mm\u00f6n mittauksensa. N\u00e4in eripituisia lattial\u00e4mp\u00f6kiertoja voi s\u00e4\u00e4t\u00e4\u00e4 ilman ongelmia.<\/p>\n<p>Jotta betonirakenteisiin ei johdettaisi liian korkeaa l\u00e4mp\u00f6\u00e4, olemme kehitt\u00e4neet my\u00f6s turvaratkaisun, joka katkaisee nesteen sy\u00f6t\u00f6n jos l\u00e4mp\u00f6tila nousee odottamattoman korkeaksi.<\/p>\n<p><a href=\"http:\/\/issuu.com\/heatwork\/docs\/hw_concrete_systems_issue\" target=\"_blank\" rel=\"noopener\">HeatWork toimittaa t\u00e4ydet ratkaisut ja materiaalit!<\/a><\/p>\n","protected":false},"excerpt":{"rendered":"<p>&nbsp; Concrete Systems: Betonit\u00f6it\u00e4 vuoden ymp\u00e4ri HW Concrete Systems on markkinoiden joustavin ja tehokkain ratkaisu betonit\u00f6iden edistymisen, laadun ja edullisuuden varmistamiseksi &#8211; vuodenajasta riippumatta! HeatWorkin monipuolinen nestepohjaisen teknologian avulla siirr\u00e4t l\u00e4mp\u00f6energiaa juuri sinne miss\u00e4 sit\u00e4 tarvitset: Roudansulatus ennen perusteiden kaivamista tai tamppaamista Perustojen, muottien ja raudoitusten j\u00e4\u00e4n- ja lumensulatus Muottien ja osien esil\u00e4mmitys Betonin hallittu [&hellip;]<\/p>\n","protected":false},"author":8,"featured_media":42117,"parent":1666,"menu_order":13,"comment_status":"closed","ping_status":"closed","template":"","meta":{"_acf_changed":false,"footnotes":"","_links_to":"","_links_to_target":""},"class_list":["post-15730","page","type-page","status-publish","has-post-thumbnail"],"acf":[],"_links":{"self":[{"href":"https:\/\/heatwork.com\/fi\/wp-json\/wp\/v2\/pages\/15730"}],"collection":[{"href":"https:\/\/heatwork.com\/fi\/wp-json\/wp\/v2\/pages"}],"about":[{"href":"https:\/\/heatwork.com\/fi\/wp-json\/wp\/v2\/types\/page"}],"author":[{"embeddable":true,"href":"https:\/\/heatwork.com\/fi\/wp-json\/wp\/v2\/users\/8"}],"replies":[{"embeddable":true,"href":"https:\/\/heatwork.com\/fi\/wp-json\/wp\/v2\/comments?post=15730"}],"version-history":[{"count":0,"href":"https:\/\/heatwork.com\/fi\/wp-json\/wp\/v2\/pages\/15730\/revisions"}],"up":[{"embeddable":true,"href":"https:\/\/heatwork.com\/fi\/wp-json\/wp\/v2\/pages\/1666"}],"wp:featuredmedia":[{"embeddable":true,"href":"https:\/\/heatwork.com\/fi\/wp-json\/wp\/v2\/media\/42117"}],"wp:attachment":[{"href":"https:\/\/heatwork.com\/fi\/wp-json\/wp\/v2\/media?parent=15730"}],"curies":[{"name":"wp","href":"https:\/\/api.w.org\/{rel}","templated":true}]}}