{"id":1597,"date":"2010-12-14T14:45:32","date_gmt":"2010-12-14T13:45:32","guid":{"rendered":"https:\/\/heatwork.com\/hydroheater\/"},"modified":"2018-01-16T10:27:06","modified_gmt":"2018-01-16T09:27:06","slug":"hydroheater","status":"publish","type":"page","link":"https:\/\/heatwork.com\/fi\/tuotteet\/hydroheater\/","title":{"rendered":"HydroHeater"},"content":{"rendered":"<div class=\"o-carousel js-carousel\"><div class=\"o-carousel__main js-carousel-main kvlsp\" data-id=\"kvlsp\"><img loading=\"lazy\" decoding=\"async\" src=\"https:\/\/heatwork.com\/wp-content\/uploads\/2014\/06\/HW_070414_492-940x589.jpg\" width=\"940\" height=\"589\" alt=\"\" \/>\n<img loading=\"lazy\" decoding=\"async\" src=\"https:\/\/heatwork.com\/wp-content\/uploads\/2010\/12\/HW_070414_43-e1433141632433-940x627.jpg\" width=\"940\" height=\"627\" alt=\"\" \/>\n<img loading=\"lazy\" decoding=\"async\" src=\"https:\/\/heatwork.com\/wp-content\/uploads\/2010\/12\/hydroheater-stort-bidle-e1433141673306-940x523.jpg\" width=\"940\" height=\"523\" alt=\"\" \/>\n<img loading=\"lazy\" decoding=\"async\" src=\"https:\/\/heatwork.com\/wp-content\/uploads\/2013\/06\/dsc_0772.jpg\" width=\"800\" height=\"532\" alt=\"\" \/>\n<\/div><ul class=\"o-carousel__nav js-carousel-nav\"><li><img loading=\"lazy\" decoding=\"async\" src=\"https:\/\/heatwork.com\/wp-content\/uploads\/2014\/06\/HW_070414_492-290x290.jpg\" width=\"290\" height=\"290\" alt=\"\" \/><\/li>\n<li><img loading=\"lazy\" decoding=\"async\" src=\"https:\/\/heatwork.com\/wp-content\/uploads\/2010\/12\/HW_070414_43-e1433141632433-290x290.jpg\" width=\"290\" height=\"290\" alt=\"\" \/><\/li>\n<li><img loading=\"lazy\" decoding=\"async\" src=\"https:\/\/heatwork.com\/wp-content\/uploads\/2010\/12\/hydroheater-stort-bidle-e1433141673306-290x290.jpg\" width=\"290\" height=\"290\" alt=\"\" \/><\/li>\n<li><img loading=\"lazy\" decoding=\"async\" src=\"https:\/\/heatwork.com\/wp-content\/uploads\/2013\/06\/dsc_0772-290x290.jpg\" width=\"290\" height=\"290\" alt=\"\" \/><\/li>\n<\/ul><\/div>\n<p>&nbsp;<\/p>\n<h2>L\u00e4mmint\u00e4 vett\u00e4 py\u00f6rill\u00e4<\/h2>\n<p>HeatWork HydroHeater on kehitetty yhteisty\u00f6ss\u00e4 johtavien kaukol\u00e4mp\u00f6yritysten kanssa, ja on suunnattu kaikille, joilla on tarvetta suurien vesim\u00e4\u00e4rien nopealle l\u00e4mmitykselle. HydroHeater on helppo sijoittaa ja sen voi siirt\u00e4\u00e4 k\u00e4ytt\u00f6paikkaan henkil\u00f6autolla. K\u00e4yt\u00f6n yhteydess\u00e4 ei tarvita mit\u00e4\u00e4n ulkoisia lis\u00e4komponentteja. Yksinkertainen k\u00e4ytt\u00f6 ja innovatiiviset ratkaisut varmistavat sen, ett\u00e4 kone on nopea kytke\u00e4 esimerkiksi jakokeskukseen tai rakennuksen l\u00e4mm\u00f6nvaihtimeen, ilman ett\u00e4 loppuk\u00e4ytt\u00e4j\u00e4t k\u00e4rsiv\u00e4t l\u00e4mmityksen tai l\u00e4mpim\u00e4n veden toimituksen katkoista tai huononemisesta.<\/p>\n<h4><em>Pakkasen kest\u00e4v\u00e4 talvik\u00e4yt\u00f6ss\u00e4<\/em><\/h4>\n<p>Laite on rakennettu niin talvi- kuin kes\u00e4k\u00e4ytt\u00f6\u00f6n. Laite suojaa vesikierron pakkasella tyhjent\u00e4m\u00e4ll\u00e4 itsens\u00e4 k\u00e4yt\u00f6n j\u00e4lkeen.<br \/>\nLaite voi toimittaa jopa 6000 litraa l\u00e4mmint\u00e4 vett\u00e4 tunnissa. Veden l\u00e4mp\u00f6tilan voi s\u00e4\u00e4t\u00e4\u00e4 v\u00e4lill\u00e4 0-100\u00b0C.<\/p>\n<h4><em>Roudan sulatus ja l\u00e4mmitys<\/em><\/h4>\n<p>HydroHeateria voi k\u00e4ytt\u00e4\u00e4 my\u00f6s roudansulatukseen ja l\u00e4mmitykseen liitt\u00e4m\u00e4ll\u00e4 siihen lis\u00e4kelan. Kahden letkukierron antaa joustavuutta k\u00e4yt\u00f6ss\u00e4, ja yht\u00e4 hyv\u00e4n suorituskyvyn kuin muillakin HeatWorkin roudansulattajilla. Koneella on suuri roudansulatuskapasiteetti laajoilla alueilla, kaapeliojissa ja lattioissa. Rakennukset, hallit ja vastaavat ilman vesikiertoista keskusl\u00e4mmityst\u00e4 on helppo l\u00e4mmitt\u00e4\u00e4 k\u00e4ytt\u00e4m\u00e4ll\u00e4 HeatWork Aerotemperi\u00e4.<\/p>\n<p>Kapasiteetti, joustavuus ja k\u00e4ytt\u00f6yst\u00e4v\u00e4llisyys tekev\u00e4t HydroHeaterista varsin hy\u00f6dyllisen moneen tarkoituksiin, joissa tarvitaan l\u00e4mmint\u00e4 vett\u00e4.<\/p>\n<p><strong>Katso lis\u00e4\u00e4 k\u00e4ytt\u00f6alueita <a href=\"https:\/\/heatwork.com\/fi\/kayttokohteet\/energia-ja-pelastustoimi\/kaukolampoyhtiot\/\" target=\"_blank\" rel=\"noopener\">t\u00e4st\u00e4<\/a><\/strong><\/p>\n","protected":false},"excerpt":{"rendered":"<p>&nbsp; L\u00e4mmint\u00e4 vett\u00e4 py\u00f6rill\u00e4 HeatWork HydroHeater on kehitetty yhteisty\u00f6ss\u00e4 johtavien kaukol\u00e4mp\u00f6yritysten kanssa, ja on suunnattu kaikille, joilla on tarvetta suurien vesim\u00e4\u00e4rien nopealle l\u00e4mmitykselle. HydroHeater on helppo sijoittaa ja sen voi siirt\u00e4\u00e4 k\u00e4ytt\u00f6paikkaan henkil\u00f6autolla. K\u00e4yt\u00f6n yhteydess\u00e4 ei tarvita mit\u00e4\u00e4n ulkoisia lis\u00e4komponentteja. Yksinkertainen k\u00e4ytt\u00f6 ja innovatiiviset ratkaisut varmistavat sen, ett\u00e4 kone on nopea kytke\u00e4 esimerkiksi jakokeskukseen tai [&hellip;]<\/p>\n","protected":false},"author":2,"featured_media":51003,"parent":1666,"menu_order":22,"comment_status":"closed","ping_status":"closed","template":"","meta":{"_acf_changed":false,"footnotes":"","_links_to":"","_links_to_target":""},"class_list":["post-1597","page","type-page","status-publish","has-post-thumbnail"],"acf":[],"_links":{"self":[{"href":"https:\/\/heatwork.com\/fi\/wp-json\/wp\/v2\/pages\/1597"}],"collection":[{"href":"https:\/\/heatwork.com\/fi\/wp-json\/wp\/v2\/pages"}],"about":[{"href":"https:\/\/heatwork.com\/fi\/wp-json\/wp\/v2\/types\/page"}],"author":[{"embeddable":true,"href":"https:\/\/heatwork.com\/fi\/wp-json\/wp\/v2\/users\/2"}],"replies":[{"embeddable":true,"href":"https:\/\/heatwork.com\/fi\/wp-json\/wp\/v2\/comments?post=1597"}],"version-history":[{"count":0,"href":"https:\/\/heatwork.com\/fi\/wp-json\/wp\/v2\/pages\/1597\/revisions"}],"up":[{"embeddable":true,"href":"https:\/\/heatwork.com\/fi\/wp-json\/wp\/v2\/pages\/1666"}],"wp:featuredmedia":[{"embeddable":true,"href":"https:\/\/heatwork.com\/fi\/wp-json\/wp\/v2\/media\/51003"}],"wp:attachment":[{"href":"https:\/\/heatwork.com\/fi\/wp-json\/wp\/v2\/media?parent=1597"}],"curies":[{"name":"wp","href":"https:\/\/api.w.org\/{rel}","templated":true}]}}