{"id":1638,"date":"2011-01-17T13:33:06","date_gmt":"2011-01-17T12:33:06","guid":{"rendered":"https:\/\/heatwork.com\/lisatuotteet\/"},"modified":"2017-12-05T12:42:03","modified_gmt":"2017-12-05T11:42:03","slug":"lisatuotteet","status":"publish","type":"page","link":"https:\/\/heatwork.com\/fi\/tuotteet\/lisatuotteet\/","title":{"rendered":"Lis\u00e4varusteet"},"content":{"rendered":"<p>HW Aerotemper are phased out and replaced with our news <a href=\"https:\/\/heatwork.com\/fi\/tuotteet\/cliwi\/\">CliWi<\/a>, a unique environment product that provides clean air and improve indoor air! That means we have a few models in which you can order. Please contact <a href=\"https:\/\/heatwork.com\/fi\/yhteystiedot\/\">your sales man<\/a> for further information.<\/p>\n<h2>HW Aerotemper<\/h2>\n<h3>Takaa hyv\u00e4n sis\u00e4ilmaston<\/h3>\n<p><img loading=\"lazy\" decoding=\"async\" class=\"alignright size-thumbnail wp-image-802\" title=\"HW-tuuletin\" src=\"https:\/\/heatwork.com\/wp-content\/uploads\/2011\/01\/DSC_0388-208x208.jpg\" alt=\"\" width=\"208\" height=\"208\" \/><\/p>\n<p><strong>100\u00b0C j\u00e4rjestelm\u00e4l\u00e4mp\u00f6tilalla saamme 25 % enemm\u00e4n tehoa tuulettimista. T\u00e4m\u00e4 tekee tuulettimien k\u00e4yt\u00f6st\u00e4 joustavaa ja monipuolista.<\/strong><\/p>\n<p>HW Aerotemper t\u00e4ytt\u00e4\u00e4 sis\u00e4ilmalle asetetut tiukat vaatimukset; l\u00e4mmitys tapahtuu ilman, ett\u00e4 ilmaan tulee kosteutta tai hajua. J\u00e4rjestelm\u00e4 on hiljainen ja jakaa l\u00e4mm\u00f6n tasaisesti rakennukseen, huoneeseen tai halliin. Yhdist\u00e4m\u00e4ll\u00e4 tuulettimet HeatWorkiin v\u00e4lt\u00e4t hajut ja polttoainetahrat sis\u00e4ll\u00e4 rakennuksessa. J\u00e4rjestelm\u00e4 ei vaadi yll\u00e4pitoa tai tarkkailua, eik\u00e4 aiheuta p\u00e4\u00e4st\u00f6j\u00e4 tai h\u00e4iritsev\u00e4\u00e4 melua. J\u00e4rjestelm\u00e4 tarvitsee vain dieselin t\u00e4yt\u00f6n. Toimitetaan 10 ja 35kW versioina.<\/p>\n<p>Tuulettimet liitet\u00e4\u00e4n HeatWork-laitteistoon joko 5, 10 tai 25 metrin pituisilla 5\/8&#8221; letkuilla. Jatkoletkut myyd\u00e4\u00e4n erikseen.<\/p>\n<h3>K\u00e4ytt\u00f6alueet<\/h3>\n<ul>\n<li>Rakennusten l\u00e4mmitys pystytyksen aikana<\/li>\n<li>Hallien, telttojen jne. l\u00e4mmitys<\/li>\n<li>Lis\u00e4l\u00e4mmitys kylmin\u00e4 aikoina<\/li>\n<li>Kivetykset l\u00e4mmitetyss\u00e4 teltassa<\/li>\n<\/ul>\n<hr \/>\n<h2>HW Xtra -kela<\/h2>\n<h3>Sulatusalueen helppo laajennus<\/h3>\n<p><img loading=\"lazy\" decoding=\"async\" class=\"alignright size-medium wp-image-1310\" title=\"problemer kloakkpumpe 035\" src=\"https:\/\/heatwork.com\/wp-content\/uploads\/2011\/01\/problemer-kloakkpumpe-035-280x186.jpg\" alt=\"\" width=\"224\" height=\"149\" srcset=\"https:\/\/heatwork.com\/wp-content\/uploads\/2011\/01\/problemer-kloakkpumpe-035-280x186.jpg 280w, https:\/\/heatwork.com\/wp-content\/uploads\/2011\/01\/problemer-kloakkpumpe-035-scaled-480x319.jpg 480w, https:\/\/heatwork.com\/wp-content\/uploads\/2011\/01\/problemer-kloakkpumpe-035-scaled-940x625.jpg 940w, https:\/\/heatwork.com\/wp-content\/uploads\/2011\/01\/problemer-kloakkpumpe-035-scaled-768x511.jpg 768w, https:\/\/heatwork.com\/wp-content\/uploads\/2011\/01\/problemer-kloakkpumpe-035-scaled-1536x1021.jpg 1536w, https:\/\/heatwork.com\/wp-content\/uploads\/2011\/01\/problemer-kloakkpumpe-035-scaled-2048x1362.jpg 2048w, https:\/\/heatwork.com\/wp-content\/uploads\/2011\/01\/problemer-kloakkpumpe-035-scaled-1500x997.jpg 1500w, https:\/\/heatwork.com\/wp-content\/uploads\/2011\/01\/problemer-kloakkpumpe-035-scaled-600x399.jpg 600w, https:\/\/heatwork.com\/wp-content\/uploads\/2011\/01\/problemer-kloakkpumpe-035-400x266.jpg 400w, https:\/\/heatwork.com\/wp-content\/uploads\/2011\/01\/problemer-kloakkpumpe-035-900x598.jpg 900w, https:\/\/heatwork.com\/wp-content\/uploads\/2011\/01\/problemer-kloakkpumpe-035-1024x680.jpg 1024w, https:\/\/heatwork.com\/wp-content\/uploads\/2011\/01\/problemer-kloakkpumpe-035-526x350.jpg 526w\" sizes=\"(max-width: 224px) 100vw, 224px\" \/>Yhdist\u00e4m\u00e4ll\u00e4 HW Xtra -kelan HW 3600:aan voit helposti laajentaa sulatusaluetta. 630 metrin letku, yksinkertainen k\u00e4ytt\u00f6 ja nopeat kytkenn\u00e4t antavat laitteen koko kapasiteetin k\u00e4ytt\u00f6\u00f6si. Toimitetaan kehyksess\u00e4, jossa on paikat nostohaarukalle.<\/p>\n<p>Lis\u00e4letkut myyd\u00e4\u00e4n erikseen 5, 10 tai 25 metrin pituisina.<\/p>\n<h3>K\u00e4ytt\u00f6alueet<\/h3>\n<p>Laajenna HeatWorkin sulatuskapasiteettia:<\/p>\n<ul>\n<li>FrostHeater HW 3600, per\u00e4k\u00e4rry ja kontti<\/li>\n<li>PetroHeater HW 3600<\/li>\n<li>HydroHeater HW 3600<\/li>\n<\/ul>\n<hr \/>\n<h2>HW-suojapeite<\/h2>\n<h3>Optimoi sulatusprosessin<\/h3>\n<p><img loading=\"lazy\" decoding=\"async\" class=\"wp-image-38033 size-thumbnail alignright\" title=\"IMG_7999\" src=\"https:\/\/heatwork.com\/wp-content\/uploads\/2011\/01\/Presenning_lite-210x170.jpg\" width=\"210\" height=\"170\" srcset=\"https:\/\/heatwork.com\/wp-content\/uploads\/2011\/01\/Presenning_lite-210x170.jpg 210w, https:\/\/heatwork.com\/wp-content\/uploads\/2011\/01\/Presenning_lite-480x389.jpg 480w, https:\/\/heatwork.com\/wp-content\/uploads\/2011\/01\/Presenning_lite-400x324.jpg 400w, https:\/\/heatwork.com\/wp-content\/uploads\/2011\/01\/Presenning_lite-280x227.jpg 280w, https:\/\/heatwork.com\/wp-content\/uploads\/2011\/01\/Presenning_lite-432x350.jpg 432w, https:\/\/heatwork.com\/wp-content\/uploads\/2011\/01\/Presenning_lite.jpg 600w\" sizes=\"(max-width: 210px) 100vw, 210px\" \/>Peitteen kulutusta kest\u00e4v\u00e4 PVC-kangas, k\u00e4ytettyn\u00e4 yhdess\u00e4 HeatWorkin l\u00e4mp\u00f6- ja sulatuskonseptin ja eristysmattojen kanssa, optimoi sulatusprosessin.<\/p>\n<p>Lis\u00e4\u00e4 painoa eristysmatoille ja v\u00e4hent\u00e4\u00e4 l\u00e4mp\u00f6h\u00e4vikki\u00e4.<br \/>\nPeitteeseen ommellut kiinnikkeet tekev\u00e4t siit\u00e4 varsin k\u00e4ytt\u00e4j\u00e4yst\u00e4v\u00e4llisen.<\/p>\n<p>Peitto on saatavilla 6 eri koossa:<\/p>\n<ul>\n<li>7m x 1,5m (10,5 m2), paino: 7,5 Kg<\/li>\n<li>4m x 3m (12 m2), paino: 8,4 Kg<\/li>\n<li>6m x 2,5m (15 m2), paino: 10,8 Kg<\/li>\n<li>7m x 2,5m (17,5 m2), paino: 12,2 Kg<\/li>\n<li>12m x 2,5m (30 m2), paino: 21,5 Kg<\/li>\n<li>7m x 5m (35 m2), paino: 24,5 Kg<\/li>\n<\/ul>\n<h3>K\u00e4ytt\u00f6alueet<\/h3>\n<ul>\n<li><img loading=\"lazy\" decoding=\"async\" class=\"alignright size-thumbnail wp-image-781\" title=\"DSC_0372\" src=\"https:\/\/heatwork.com\/wp-content\/uploads\/2011\/01\/IMG_8015-208x208.jpg\" alt=\"\" width=\"208\" height=\"208\" \/>Peitt\u00e4\u00e4 saumat ja suojaa tuulelta ja s\u00e4\u00e4lt\u00e4.<\/li>\n<li>Minimoi l\u00e4mp\u00f6h\u00e4vi\u00f6n sulatuksen aikana<\/li>\n<li>Lis\u00e4\u00e4 painoa HeatWork-maton p\u00e4\u00e4lle<\/li>\n<li>Suojaa vastavalettua betonipintaa<\/li>\n<li>Peitt\u00e4\u00e4 valumuotit<\/li>\n<li>Peitt\u00e4\u00e4 rakennusmateriaalit<\/li>\n<li>Ojat jne.<\/li>\n<\/ul>\n","protected":false},"excerpt":{"rendered":"<p>HW Aerotemper are phased out and replaced with our news CliWi, a unique environment product that provides clean air and improve indoor air! That means we have a few models in which you can order. Please contact your sales man for further information. HW Aerotemper Takaa hyv\u00e4n sis\u00e4ilmaston 100\u00b0C j\u00e4rjestelm\u00e4l\u00e4mp\u00f6tilalla saamme 25 % enemm\u00e4n tehoa [&hellip;]<\/p>\n","protected":false},"author":2,"featured_media":51015,"parent":1666,"menu_order":20,"comment_status":"closed","ping_status":"closed","template":"","meta":{"_acf_changed":false,"footnotes":"","_links_to":"","_links_to_target":""},"class_list":["post-1638","page","type-page","status-publish","has-post-thumbnail"],"acf":[],"_links":{"self":[{"href":"https:\/\/heatwork.com\/fi\/wp-json\/wp\/v2\/pages\/1638"}],"collection":[{"href":"https:\/\/heatwork.com\/fi\/wp-json\/wp\/v2\/pages"}],"about":[{"href":"https:\/\/heatwork.com\/fi\/wp-json\/wp\/v2\/types\/page"}],"author":[{"embeddable":true,"href":"https:\/\/heatwork.com\/fi\/wp-json\/wp\/v2\/users\/2"}],"replies":[{"embeddable":true,"href":"https:\/\/heatwork.com\/fi\/wp-json\/wp\/v2\/comments?post=1638"}],"version-history":[{"count":0,"href":"https:\/\/heatwork.com\/fi\/wp-json\/wp\/v2\/pages\/1638\/revisions"}],"up":[{"embeddable":true,"href":"https:\/\/heatwork.com\/fi\/wp-json\/wp\/v2\/pages\/1666"}],"wp:featuredmedia":[{"embeddable":true,"href":"https:\/\/heatwork.com\/fi\/wp-json\/wp\/v2\/media\/51015"}],"wp:attachment":[{"href":"https:\/\/heatwork.com\/fi\/wp-json\/wp\/v2\/media?parent=1638"}],"curies":[{"name":"wp","href":"https:\/\/api.w.org\/{rel}","templated":true}]}}