{"id":1640,"date":"2010-11-18T15:28:02","date_gmt":"2010-11-18T14:28:02","guid":{"rendered":"https:\/\/heatwork.com\/lammitys\/"},"modified":"2014-09-03T12:47:13","modified_gmt":"2014-09-03T10:47:13","slug":"lammitys","status":"publish","type":"page","link":"https:\/\/heatwork.com\/fi\/kayttokohteet\/lammitys\/","title":{"rendered":"L\u00e4mmitys"},"content":{"rendered":"","protected":false},"excerpt":{"rendered":"<p>L\u00e4mmitys paikan p\u00e4\u00e4ll\u00e4<\/p>\n<p>&#038;#0A;<\/p>\n<ul>&#038;#0A;<\/p>\n<li>Parakit<\/li>\n<p>&#038;#0A;<\/p>\n<li>Varasto- ja k\u00e4ytt\u00f6hallit<\/li>\n<p>&#038;#0A;<\/p>\n<li>Rakennukset<\/li>\n<p>&#038;#0A;<\/p>\n<li>Kosteusvauriot<\/li>\n<p>&#038;#0A;<\/p>\n<li>Ty\u00f6teltat<\/li>\n<p>&#038;#0A;<\/ul>\n<p>&#038;#0A;<\/p>\n","protected":false},"author":1,"featured_media":0,"parent":1771,"menu_order":8,"comment_status":"closed","ping_status":"closed","template":"","meta":{"_acf_changed":false,"footnotes":"","_links_to":"","_links_to_target":""},"class_list":["post-1640","page","type-page","status-publish"],"acf":[],"_links":{"self":[{"href":"https:\/\/heatwork.com\/fi\/wp-json\/wp\/v2\/pages\/1640"}],"collection":[{"href":"https:\/\/heatwork.com\/fi\/wp-json\/wp\/v2\/pages"}],"about":[{"href":"https:\/\/heatwork.com\/fi\/wp-json\/wp\/v2\/types\/page"}],"author":[{"embeddable":true,"href":"https:\/\/heatwork.com\/fi\/wp-json\/wp\/v2\/users\/1"}],"replies":[{"embeddable":true,"href":"https:\/\/heatwork.com\/fi\/wp-json\/wp\/v2\/comments?post=1640"}],"version-history":[{"count":0,"href":"https:\/\/heatwork.com\/fi\/wp-json\/wp\/v2\/pages\/1640\/revisions"}],"up":[{"embeddable":true,"href":"https:\/\/heatwork.com\/fi\/wp-json\/wp\/v2\/pages\/1771"}],"wp:attachment":[{"href":"https:\/\/heatwork.com\/fi\/wp-json\/wp\/v2\/media?parent=1640"}],"curies":[{"name":"wp","href":"https:\/\/api.w.org\/{rel}","templated":true}]}}