{"id":1642,"date":"2010-11-18T12:45:10","date_gmt":"2010-11-18T11:45:10","guid":{"rendered":"https:\/\/heatwork.com\/tietoja-heatworkista\/"},"modified":"2023-05-09T13:29:00","modified_gmt":"2023-05-09T11:29:00","slug":"tietoja-heatworkista","status":"publish","type":"page","link":"https:\/\/heatwork.com\/fi\/tietoja-heatworkista\/","title":{"rendered":"Tietoja HeatWorkist\u00e4"},"content":{"rendered":"<p>Heatwork AS on kehitt\u00e4m\u00e4ns\u00e4 l\u00e4mp\u00f6- ja sulatuskonseptin ainoa valmistaja Euroopassa. Asiakasl\u00e4heisyys, palvelu ja laatu ovat yritykselle keskeisi\u00e4. Eurooppalaisia standardeja ja normeja seuraavat liikuteltavat voimalat ovat suunniteltu monille k\u00e4ytt\u00f6alueille: roudansulatus, betonin kovetus, pakkassuojaus, rakennusten l\u00e4mmitys, veden l\u00e4mmitys kaukol\u00e4mp\u00f6laitoksissa ja monet muut k\u00e4ytt\u00f6alueet.<\/p>\n<p>HeatWorkin p\u00e4\u00e4konttori ja tehdas sijaitsevat Narvikissa, ja yritys on muuttanut \u00e4skett\u00e4in 3300 m2 huippumoderneihin tehdastiloihin. HeatWorkin asiakkaita ovat p\u00e4\u00e4asiassa koneurakoitsijat, \u00f6ljy-yhti\u00f6t, kaukol\u00e4mp\u00f6laitokset, laitospuutarhurit, vuokrakoneyritykset, voimayritykset sek\u00e4 julkisen sektorin ja rakennusalan toimijat. HeatWork on edustettuna useassa maassa.<\/p>\n<div class=\"o-carousel js-carousel\"><div class=\"o-carousel__main js-carousel-main wwcjl\" data-id=\"wwcjl\"><img loading=\"lazy\" decoding=\"async\" src=\"https:\/\/heatwork.com\/wp-content\/uploads\/2010\/11\/Fasade-dagtid-900x426.jpg\" width=\"900\" height=\"426\" alt=\"\" \/>\n<img loading=\"lazy\" decoding=\"async\" src=\"https:\/\/heatwork.com\/wp-content\/uploads\/2010\/11\/Inngang-900x675.jpg\" width=\"900\" height=\"675\" alt=\"\" \/>\n<img loading=\"lazy\" decoding=\"async\" src=\"https:\/\/heatwork.com\/wp-content\/uploads\/2010\/11\/Administrasjon-900x601.jpg\" width=\"900\" height=\"601\" alt=\"\" \/>\n<img loading=\"lazy\" decoding=\"async\" src=\"https:\/\/heatwork.com\/wp-content\/uploads\/2010\/11\/Kantine-900x601.jpg\" width=\"900\" height=\"601\" alt=\"\" \/>\n<img loading=\"lazy\" decoding=\"async\" src=\"https:\/\/heatwork.com\/wp-content\/uploads\/2010\/11\/Salg-og-markedstorg-900x485.jpg\" width=\"900\" height=\"485\" alt=\"\" \/>\n<img loading=\"lazy\" decoding=\"async\" src=\"https:\/\/heatwork.com\/wp-content\/uploads\/2010\/11\/Produksjon_02-900x601.jpg\" width=\"900\" height=\"601\" alt=\"\" \/>\n<img loading=\"lazy\" decoding=\"async\" src=\"https:\/\/heatwork.com\/wp-content\/uploads\/2010\/11\/Produksjon_06-900x599.jpg\" width=\"900\" height=\"599\" alt=\"\" \/>\n<img loading=\"lazy\" decoding=\"async\" src=\"https:\/\/heatwork.com\/wp-content\/uploads\/2010\/11\/Produksjon.jpg\" width=\"600\" height=\"899\" alt=\"\" \/>\n<img loading=\"lazy\" decoding=\"async\" src=\"https:\/\/heatwork.com\/wp-content\/uploads\/2010\/11\/Produksjon_04.jpg\" width=\"600\" height=\"899\" alt=\"\" \/>\n<img loading=\"lazy\" decoding=\"async\" src=\"https:\/\/heatwork.com\/wp-content\/uploads\/2010\/11\/Produksjon_01-900x637.jpg\" width=\"900\" height=\"637\" alt=\"\" \/>\n<img loading=\"lazy\" decoding=\"async\" src=\"https:\/\/heatwork.com\/wp-content\/uploads\/2010\/11\/Produksjon_03.jpg\" width=\"600\" height=\"899\" alt=\"\" \/>\n<img loading=\"lazy\" decoding=\"async\" src=\"https:\/\/heatwork.com\/wp-content\/uploads\/2010\/11\/Produksjon_05-626x940.jpg\" width=\"626\" height=\"940\" alt=\"\" \/>\n<img loading=\"lazy\" decoding=\"async\" src=\"https:\/\/heatwork.com\/wp-content\/uploads\/2010\/11\/lager-01-900x643.jpg\" width=\"900\" height=\"643\" alt=\"\" \/>\n<img loading=\"lazy\" decoding=\"async\" src=\"https:\/\/heatwork.com\/wp-content\/uploads\/2010\/11\/lager-02.jpg\" width=\"600\" height=\"899\" alt=\"\" \/>\n<img loading=\"lazy\" decoding=\"async\" src=\"https:\/\/heatwork.com\/wp-content\/uploads\/2010\/11\/lager-531x940.jpg\" width=\"531\" height=\"940\" alt=\"\" \/>\n<img loading=\"lazy\" decoding=\"async\" src=\"https:\/\/heatwork.com\/wp-content\/uploads\/2010\/11\/Fasade-kveld-900x509.jpg\" width=\"900\" height=\"509\" alt=\"\" \/>\n<img loading=\"lazy\" decoding=\"async\" src=\"https:\/\/heatwork.com\/wp-content\/uploads\/2010\/11\/Fasade-kveld-bakside-900x506.jpg\" width=\"900\" height=\"506\" alt=\"\" \/>\n<\/div><ul class=\"o-carousel__nav js-carousel-nav\"><li><img loading=\"lazy\" decoding=\"async\" src=\"https:\/\/heatwork.com\/wp-content\/uploads\/2010\/11\/Fasade-dagtid-290x290.jpg\" width=\"290\" height=\"290\" alt=\"\" \/><\/li>\n<li><img loading=\"lazy\" decoding=\"async\" src=\"https:\/\/heatwork.com\/wp-content\/uploads\/2010\/11\/Inngang-290x290.jpg\" width=\"290\" height=\"290\" alt=\"\" \/><\/li>\n<li><img loading=\"lazy\" decoding=\"async\" src=\"https:\/\/heatwork.com\/wp-content\/uploads\/2010\/11\/Administrasjon-290x290.jpg\" width=\"290\" height=\"290\" alt=\"\" \/><\/li>\n<li><img loading=\"lazy\" decoding=\"async\" src=\"https:\/\/heatwork.com\/wp-content\/uploads\/2010\/11\/Kantine-290x290.jpg\" width=\"290\" height=\"290\" alt=\"\" \/><\/li>\n<li><img loading=\"lazy\" decoding=\"async\" src=\"https:\/\/heatwork.com\/wp-content\/uploads\/2010\/11\/Salg-og-markedstorg-290x290.jpg\" width=\"290\" height=\"290\" alt=\"\" \/><\/li>\n<li><img loading=\"lazy\" decoding=\"async\" src=\"https:\/\/heatwork.com\/wp-content\/uploads\/2010\/11\/Produksjon_02-290x290.jpg\" width=\"290\" height=\"290\" alt=\"\" \/><\/li>\n<li><img loading=\"lazy\" decoding=\"async\" src=\"https:\/\/heatwork.com\/wp-content\/uploads\/2010\/11\/Produksjon_06-290x290.jpg\" width=\"290\" height=\"290\" alt=\"\" \/><\/li>\n<li><img loading=\"lazy\" decoding=\"async\" src=\"https:\/\/heatwork.com\/wp-content\/uploads\/2010\/11\/Produksjon-290x290.jpg\" width=\"290\" height=\"290\" alt=\"\" \/><\/li>\n<li><img loading=\"lazy\" decoding=\"async\" src=\"https:\/\/heatwork.com\/wp-content\/uploads\/2010\/11\/Produksjon_04-290x290.jpg\" width=\"290\" height=\"290\" alt=\"\" \/><\/li>\n<li><img loading=\"lazy\" decoding=\"async\" src=\"https:\/\/heatwork.com\/wp-content\/uploads\/2010\/11\/Produksjon_01-290x290.jpg\" width=\"290\" height=\"290\" alt=\"\" \/><\/li>\n<li><img loading=\"lazy\" decoding=\"async\" src=\"https:\/\/heatwork.com\/wp-content\/uploads\/2010\/11\/Produksjon_03-290x290.jpg\" width=\"290\" height=\"290\" alt=\"\" \/><\/li>\n<li><img loading=\"lazy\" decoding=\"async\" src=\"https:\/\/heatwork.com\/wp-content\/uploads\/2010\/11\/Produksjon_05-290x290.jpg\" width=\"290\" height=\"290\" alt=\"\" \/><\/li>\n<li><img loading=\"lazy\" decoding=\"async\" src=\"https:\/\/heatwork.com\/wp-content\/uploads\/2010\/11\/lager-01-290x290.jpg\" width=\"290\" height=\"290\" alt=\"\" \/><\/li>\n<li><img loading=\"lazy\" decoding=\"async\" src=\"https:\/\/heatwork.com\/wp-content\/uploads\/2010\/11\/lager-02-290x290.jpg\" width=\"290\" height=\"290\" alt=\"\" \/><\/li>\n<li><img loading=\"lazy\" decoding=\"async\" src=\"https:\/\/heatwork.com\/wp-content\/uploads\/2010\/11\/lager-290x290.jpg\" width=\"290\" height=\"290\" alt=\"\" \/><\/li>\n<li><img loading=\"lazy\" decoding=\"async\" src=\"https:\/\/heatwork.com\/wp-content\/uploads\/2010\/11\/Fasade-kveld-290x290.jpg\" width=\"290\" height=\"290\" alt=\"\" \/><\/li>\n<li><img loading=\"lazy\" decoding=\"async\" src=\"https:\/\/heatwork.com\/wp-content\/uploads\/2010\/11\/Fasade-kveld-bakside-290x290.jpg\" width=\"290\" height=\"290\" alt=\"\" \/><\/li>\n<\/ul><\/div>\n<h2>HeatWork AS tietoa<\/h2>\n<p><strong>P\u00e4\u00e4konttori ja tehdas: Narvik, Norja<\/strong><\/p>\n<p><em>Norja<\/em><br \/>\nMyynti ja huolto: HeatWork AS<\/p>\n<p><em>Suomi<\/em><br \/>\nMyynti ja huolto: HeatWork Finland OY<\/p>\n<p><em>Ruotsi<\/em><br \/>\nMyynti ja huolto: HeatWork AB<\/p>\n<h2>Organisaatio<\/h2>\n<p><em>HeatWorkin johtoryhm\u00e4<\/em><\/p>\n<p>Manager\u00a0\/ CEO:\u00a0Reidar J. Schille<br \/>\nS\u00e4hk\u00f6posti:\u00a0reidar@heatwork.com<\/p>\n<p>Tuotanto: Rune Flygel<br \/>\nS\u00e4hk\u00f6posti: rune@heatwork.com<\/p>\n<p>Markkinointi:\u00a0Kristin Markussen<br \/>\nS\u00e4hk\u00f6posti: kristin@heatwork.com<\/p>\n<p><em><a href=\"https:\/\/www.sdiptech.se\/\" target=\"_blank\" rel=\"noopener\">Sdiptech AB<\/a> owns a majority share in HeatWork since April 2023.<br \/>\nSdiptech is a technology group that acquires and develops companies within the infrastructure sector<br \/>\nwith solutions that contributes to more sustainable, efficient and safe societies.<\/em><\/p>\n<p><em>Read more about <\/em><a href=\"http:\/\/www.sdiptech.com\" target=\"_blank\" rel=\"noopener\"><em>Sdiptech AB<\/em><\/a><br \/>\n<img loading=\"lazy\" decoding=\"async\" class=\"alignnone wp-image-51576 \" src=\"https:\/\/heatwork.com\/wp-content\/uploads\/2023\/05\/Sdiptech-Logo-Dark-1-480x148.png\" alt=\"\" width=\"250\" height=\"77\" srcset=\"https:\/\/heatwork.com\/wp-content\/uploads\/2023\/05\/Sdiptech-Logo-Dark-1-480x148.png 480w, https:\/\/heatwork.com\/wp-content\/uploads\/2023\/05\/Sdiptech-Logo-Dark-1-940x289.png 940w, https:\/\/heatwork.com\/wp-content\/uploads\/2023\/05\/Sdiptech-Logo-Dark-1-768x236.png 768w, https:\/\/heatwork.com\/wp-content\/uploads\/2023\/05\/Sdiptech-Logo-Dark-1-1536x472.png 1536w, https:\/\/heatwork.com\/wp-content\/uploads\/2023\/05\/Sdiptech-Logo-Dark-1-1500x461.png 1500w, https:\/\/heatwork.com\/wp-content\/uploads\/2023\/05\/Sdiptech-Logo-Dark-1-600x184.png 600w, https:\/\/heatwork.com\/wp-content\/uploads\/2023\/05\/Sdiptech-Logo-Dark-1.png 1588w\" sizes=\"(max-width: 250px) 100vw, 250px\" \/><\/p>\n","protected":false},"excerpt":{"rendered":"<p><\/p>\n<p>HydroHeater &#8211; kehitetty erityisesti tuottamaan l\u00e4mmint\u00e4 vett\u00e4 eri k\u00e4ytt\u00f6tarkoituksiin <\/p>\n<h2>HydroHeater on kehitetty yhteisty\u00f6ss\u00e4 johtavien kaukol\u00e4mp\u00f6yritysten kanssa, ja se on suunnattu kaikille, joilla on tarvetta l\u00e4mmitt\u00e4\u00e4 suuria vesim\u00e4\u00e4ri\u00e4. Kone voi tuottaa jopa 6000 litraa l\u00e4mmint\u00e4 vett\u00e4 tunnissa, 0-100 \u00b0C v\u00e4lill\u00e4 s\u00e4\u00e4dett\u00e4v\u00e4ll\u00e4 l\u00e4mp\u00f6tilalla.<\/h2>\n<h2><a href=\"https:\/\/heatwork.com\/produkter\/hydroheater\/\" target=\"_blank\" rel=\"noopener\">Lue lis\u00e4\u00e4 HydroHeaterista t\u00e4st\u00e4<\/a><\/h2>\n","protected":false},"author":1,"featured_media":0,"parent":0,"menu_order":4,"comment_status":"closed","ping_status":"closed","template":"","meta":{"_acf_changed":false,"footnotes":"","_links_to":"","_links_to_target":""},"class_list":["post-1642","page","type-page","status-publish"],"acf":[],"_links":{"self":[{"href":"https:\/\/heatwork.com\/fi\/wp-json\/wp\/v2\/pages\/1642"}],"collection":[{"href":"https:\/\/heatwork.com\/fi\/wp-json\/wp\/v2\/pages"}],"about":[{"href":"https:\/\/heatwork.com\/fi\/wp-json\/wp\/v2\/types\/page"}],"author":[{"embeddable":true,"href":"https:\/\/heatwork.com\/fi\/wp-json\/wp\/v2\/users\/1"}],"replies":[{"embeddable":true,"href":"https:\/\/heatwork.com\/fi\/wp-json\/wp\/v2\/comments?post=1642"}],"version-history":[{"count":3,"href":"https:\/\/heatwork.com\/fi\/wp-json\/wp\/v2\/pages\/1642\/revisions"}],"predecessor-version":[{"id":51584,"href":"https:\/\/heatwork.com\/fi\/wp-json\/wp\/v2\/pages\/1642\/revisions\/51584"}],"wp:attachment":[{"href":"https:\/\/heatwork.com\/fi\/wp-json\/wp\/v2\/media?parent=1642"}],"curies":[{"name":"wp","href":"https:\/\/api.w.org\/{rel}","templated":true}]}}