{"id":1771,"date":"2019-01-18T13:00:44","date_gmt":"2019-01-18T12:00:44","guid":{"rendered":"https:\/\/heatwork.com\/kayttokohteet\/"},"modified":"2014-06-25T12:40:58","modified_gmt":"2014-06-25T10:40:58","slug":"kayttokohteet","status":"publish","type":"page","link":"https:\/\/heatwork.com\/fi\/kayttokohteet\/","title":{"rendered":"K\u00e4ytt\u00f6alueet"},"content":{"rendered":"","protected":false},"excerpt":{"rendered":"<p>&#8220;Lue, miten HeatWork ratkaisee sulatuksen, l\u00e4mmityksen, betonit\u00f6iden ja eristyksen haasteet. N\u00e4in muutamia alueita mainitaksemme.&#8221;<\/p>\n<p>&#038;#0A;<\/p>\n","protected":false},"author":1,"featured_media":62,"parent":0,"menu_order":2,"comment_status":"closed","ping_status":"closed","template":"","meta":{"_acf_changed":false,"footnotes":"","_links_to":"","_links_to_target":""},"class_list":["post-1771","page","type-page","status-publish","has-post-thumbnail"],"acf":[],"_links":{"self":[{"href":"https:\/\/heatwork.com\/fi\/wp-json\/wp\/v2\/pages\/1771"}],"collection":[{"href":"https:\/\/heatwork.com\/fi\/wp-json\/wp\/v2\/pages"}],"about":[{"href":"https:\/\/heatwork.com\/fi\/wp-json\/wp\/v2\/types\/page"}],"author":[{"embeddable":true,"href":"https:\/\/heatwork.com\/fi\/wp-json\/wp\/v2\/users\/1"}],"replies":[{"embeddable":true,"href":"https:\/\/heatwork.com\/fi\/wp-json\/wp\/v2\/comments?post=1771"}],"version-history":[{"count":0,"href":"https:\/\/heatwork.com\/fi\/wp-json\/wp\/v2\/pages\/1771\/revisions"}],"wp:featuredmedia":[{"embeddable":true,"href":"https:\/\/heatwork.com\/fi\/wp-json\/wp\/v2\/media\/62"}],"wp:attachment":[{"href":"https:\/\/heatwork.com\/fi\/wp-json\/wp\/v2\/media?parent=1771"}],"curies":[{"name":"wp","href":"https:\/\/api.w.org\/{rel}","templated":true}]}}