{"id":1773,"date":"2010-11-29T10:37:10","date_gmt":"2010-11-29T09:37:10","guid":{"rendered":"https:\/\/heatwork.com\/tuotteet\/hw-talvieristys\/"},"modified":"2024-10-30T14:55:53","modified_gmt":"2024-10-30T13:55:53","slug":"winter-insulation","status":"publish","type":"page","link":"https:\/\/heatwork.com\/fi\/tuotteet\/winter-insulation\/","title":{"rendered":"Winter Insulation"},"content":{"rendered":"<div class=\"o-carousel js-carousel\"><div class=\"o-carousel__main js-carousel-main gjdws\" data-id=\"gjdws\"><img loading=\"lazy\" decoding=\"async\" src=\"https:\/\/heatwork.com\/wp-content\/uploads\/2021\/01\/web_insulation_4-940x681.jpg\" width=\"940\" height=\"681\" alt=\"\" \/>\n<img loading=\"lazy\" decoding=\"async\" src=\"https:\/\/heatwork.com\/wp-content\/uploads\/2010\/11\/bilde32-855x940.jpg\" width=\"855\" height=\"940\" alt=\"\" \/>\n<img loading=\"lazy\" decoding=\"async\" src=\"https:\/\/heatwork.com\/wp-content\/uploads\/2021\/01\/web_insulation_2-940x940.jpg\" width=\"940\" height=\"940\" alt=\"\" \/>\n<img loading=\"lazy\" decoding=\"async\" src=\"https:\/\/heatwork.com\/wp-content\/uploads\/2010\/11\/DSC0052-787x940.jpg\" width=\"787\" height=\"940\" alt=\"\" \/>\n<img loading=\"lazy\" decoding=\"async\" src=\"https:\/\/heatwork.com\/wp-content\/uploads\/2021\/01\/20191108_135511_resized_test2-940x705.jpg\" width=\"940\" height=\"705\" alt=\"\" \/>\n<img loading=\"lazy\" decoding=\"async\" src=\"https:\/\/heatwork.com\/wp-content\/uploads\/2021\/01\/5-940x940.jpg\" width=\"940\" height=\"940\" alt=\"\" \/>\n<img loading=\"lazy\" decoding=\"async\" src=\"https:\/\/heatwork.com\/wp-content\/uploads\/2021\/01\/4-enhanced-940x940.jpg\" width=\"940\" height=\"940\" alt=\"\" \/>\n<img loading=\"lazy\" decoding=\"async\" src=\"https:\/\/heatwork.com\/wp-content\/uploads\/2021\/01\/web_Hahre_brosposjekt-HeatWork_03-677x940.jpg\" width=\"677\" height=\"940\" alt=\"\" \/>\n<img loading=\"lazy\" decoding=\"async\" src=\"https:\/\/heatwork.com\/wp-content\/uploads\/2010\/11\/HeatWork-vintermatter-1024x576.jpg\" width=\"940\" height=\"529\" alt=\"\" \/>\n<img loading=\"lazy\" decoding=\"async\" src=\"https:\/\/heatwork.com\/wp-content\/uploads\/2021\/01\/IMG_0866-1-940x705.jpg\" width=\"940\" height=\"705\" alt=\"\" \/>\n<img loading=\"lazy\" decoding=\"async\" src=\"https:\/\/heatwork.com\/wp-content\/uploads\/2010\/11\/DSC02155.jpg\" width=\"850\" height=\"479\" alt=\"\" \/>\n<img loading=\"lazy\" decoding=\"async\" src=\"https:\/\/heatwork.com\/wp-content\/uploads\/2010\/11\/HeatWork-slangeisolasjon-1024x796.jpg\" width=\"940\" height=\"731\" alt=\"\" \/>\n<\/div><ul class=\"o-carousel__nav js-carousel-nav\"><li><img loading=\"lazy\" decoding=\"async\" src=\"https:\/\/heatwork.com\/wp-content\/uploads\/2021\/01\/web_insulation_4-290x290.jpg\" width=\"290\" height=\"290\" alt=\"\" \/><\/li>\n<li><img loading=\"lazy\" decoding=\"async\" src=\"https:\/\/heatwork.com\/wp-content\/uploads\/2010\/11\/bilde32-290x290.jpg\" width=\"290\" height=\"290\" alt=\"\" \/><\/li>\n<li><img loading=\"lazy\" decoding=\"async\" src=\"https:\/\/heatwork.com\/wp-content\/uploads\/2021\/01\/web_insulation_2-290x290.jpg\" width=\"290\" height=\"290\" alt=\"\" \/><\/li>\n<li><img loading=\"lazy\" decoding=\"async\" src=\"https:\/\/heatwork.com\/wp-content\/uploads\/2010\/11\/DSC0052-290x290.jpg\" width=\"290\" height=\"290\" alt=\"\" \/><\/li>\n<li><img loading=\"lazy\" decoding=\"async\" src=\"https:\/\/heatwork.com\/wp-content\/uploads\/2021\/01\/20191108_135511_resized_test2-290x290.jpg\" width=\"290\" height=\"290\" alt=\"\" \/><\/li>\n<li><img loading=\"lazy\" decoding=\"async\" src=\"https:\/\/heatwork.com\/wp-content\/uploads\/2021\/01\/5-290x290.jpg\" width=\"290\" height=\"290\" alt=\"\" \/><\/li>\n<li><img loading=\"lazy\" decoding=\"async\" src=\"https:\/\/heatwork.com\/wp-content\/uploads\/2021\/01\/4-enhanced-290x290.jpg\" width=\"290\" height=\"290\" alt=\"\" \/><\/li>\n<li><img loading=\"lazy\" decoding=\"async\" src=\"https:\/\/heatwork.com\/wp-content\/uploads\/2021\/01\/web_Hahre_brosposjekt-HeatWork_03-290x290.jpg\" width=\"290\" height=\"290\" alt=\"\" \/><\/li>\n<li><img loading=\"lazy\" decoding=\"async\" src=\"https:\/\/heatwork.com\/wp-content\/uploads\/2010\/11\/HeatWork-vintermatter-e1510317992406-290x290.jpg\" width=\"290\" height=\"290\" alt=\"\" \/><\/li>\n<li><img loading=\"lazy\" decoding=\"async\" src=\"https:\/\/heatwork.com\/wp-content\/uploads\/2021\/01\/IMG_0866-1-290x290.jpg\" width=\"290\" height=\"290\" alt=\"\" \/><\/li>\n<li><img loading=\"lazy\" decoding=\"async\" src=\"https:\/\/heatwork.com\/wp-content\/uploads\/2010\/11\/DSC02155-290x290.jpg\" width=\"290\" height=\"290\" alt=\"\" \/><\/li>\n<li><img loading=\"lazy\" decoding=\"async\" src=\"https:\/\/heatwork.com\/wp-content\/uploads\/2010\/11\/HeatWork-slangeisolasjon-e1510317367313-290x290.jpg\" width=\"290\" height=\"290\" alt=\"\" \/><\/li>\n<\/ul><\/div>\n<h2>Winter Insulation Talvimatot pakkassuojaukseen ja eristykseen<\/h2>\n<p>Winter Insulation on pitk\u00e4n kehitysty\u00f6n ja testauksen tulos. HW Winter Insulation on markkinajohtaja jolla on suuri eristysteho, kulutuksen kest\u00e4vyys ja suuret j\u00e4lleenk\u00e4ytt\u00f6mahdollisuudet. Se on kevyt, ei ime kosteutta ja kuivaa helposti. 3 tai 7 erist\u00e4v\u00e4\u00e4 kerrosta ja heijastava alumiinipinta heijastavat uniikisti s\u00e4teilyl\u00e4mp\u00f6\u00e4. T\u00e4m\u00e4 on ylivoimainen talvimatto ammatti- ja yksityisk\u00e4ytt\u00f6\u00f6n, tarpeesta riippumatta.<\/p>\n<p><strong>K\u00e4ytt\u00f6alueet<\/strong><\/p>\n<ul>\n<li>Roudan sulatus<\/li>\n<li>Vesi- ja viem\u00e4riputkien eristys<\/li>\n<li>Ojien eristys<\/li>\n<li>Kaivettujen alueiden pakkassuojaus<\/li>\n<li>T\u00e4ytemateriaalien pakkassuojaus<\/li>\n<\/ul>\n<div class=\"ingrid in-halves\">\n<div class=\"unit\">\n<p><em>Toimitetaan 3 eristyskerroksella:<\/em><\/p>\n<ul>\n<li>2 x 12 metri\u00e4 (24 m2)<\/li>\n<li>2 x 6 metri\u00e4 (12 m2)<\/li>\n<li>1,2 x 6 metri\u00e4 (7,2 m2)<\/li>\n<\/ul>\n<\/div>\n<div class=\"unit\">\n<p><em>Toimitetaan 7 eristyskerroksella:<\/em><\/p>\n<ul>\n<li>2 x 6 metri\u00e4 (12 m2)<\/li>\n<li>1,2 x 3 metri\u00e4 (3,6 m2)<\/li>\n<li>1,2 x 6 metri\u00e4 (7,2 m2)<\/li>\n<\/ul>\n<\/div>\n<\/div>\n<div class=\"ingrid in-fourths\">\n<div class=\"unit\"><img loading=\"lazy\" decoding=\"async\" class=\"alignnone wp-image-35854\" src=\"https:\/\/heatwork.com\/wp-content\/uploads\/2010\/11\/Jens-copy-290x290.jpg\" alt=\"\" width=\"210\" height=\"170\" srcset=\"https:\/\/heatwork.com\/wp-content\/uploads\/2010\/11\/Jens-copy-600x486.jpg 600w, https:\/\/heatwork.com\/wp-content\/uploads\/2010\/11\/Jens-copy-480x389.jpg 480w, https:\/\/heatwork.com\/wp-content\/uploads\/2010\/11\/Jens-copy-940x761.jpg 940w, https:\/\/heatwork.com\/wp-content\/uploads\/2010\/11\/Jens-copy-768x622.jpg 768w, https:\/\/heatwork.com\/wp-content\/uploads\/2010\/11\/Jens-copy-400x324.jpg 400w, https:\/\/heatwork.com\/wp-content\/uploads\/2010\/11\/Jens-copy-900x729.jpg 900w, https:\/\/heatwork.com\/wp-content\/uploads\/2010\/11\/Jens-copy-210x170.jpg 210w, https:\/\/heatwork.com\/wp-content\/uploads\/2010\/11\/Jens-copy-280x227.jpg 280w, https:\/\/heatwork.com\/wp-content\/uploads\/2010\/11\/Jens-copy-1024x829.jpg 1024w, https:\/\/heatwork.com\/wp-content\/uploads\/2010\/11\/Jens-copy-432x350.jpg 432w, https:\/\/heatwork.com\/wp-content\/uploads\/2010\/11\/Jens-copy.jpg 1134w\" sizes=\"(max-width: 210px) 100vw, 210px\" \/><br \/>\n<strong>SUOMI<\/strong><br \/>\nJens Heinonen<br \/>\ntlf: +358 40 735 6669<br \/>\n<a href=\"mailto:jens@heatwork.com\">jens@heatwork.com<\/a><\/div>\n<\/div>\n<p><strong>Uutiset<\/strong><\/p>\n<div class=\"o-carousel js-carousel\"><div class=\"o-carousel__main js-carousel-main usiqr\" data-id=\"usiqr\"><img loading=\"lazy\" decoding=\"async\" src=\"https:\/\/heatwork.com\/wp-content\/uploads\/2021\/01\/web_6512_1-940x940.jpg\" width=\"940\" height=\"940\" alt=\"\" \/>\n<img loading=\"lazy\" decoding=\"async\" src=\"https:\/\/heatwork.com\/wp-content\/uploads\/2021\/01\/web_6512_3-940x940.jpg\" width=\"940\" height=\"940\" alt=\"\" \/>\n<img loading=\"lazy\" decoding=\"async\" src=\"https:\/\/heatwork.com\/wp-content\/uploads\/2021\/01\/web_6512_2-940x940.jpg\" width=\"940\" height=\"940\" alt=\"\" \/>\n<img loading=\"lazy\" decoding=\"async\" src=\"https:\/\/heatwork.com\/wp-content\/uploads\/2021\/01\/web_6507_3-940x940.jpg\" width=\"940\" height=\"940\" alt=\"\" \/>\n<img loading=\"lazy\" decoding=\"async\" src=\"https:\/\/heatwork.com\/wp-content\/uploads\/2021\/01\/web_6507_2-940x940.jpg\" width=\"940\" height=\"940\" alt=\"\" \/>\n<\/div><ul class=\"o-carousel__nav js-carousel-nav\"><li><img loading=\"lazy\" decoding=\"async\" src=\"https:\/\/heatwork.com\/wp-content\/uploads\/2021\/01\/web_6512_1-290x290.jpg\" width=\"290\" height=\"290\" alt=\"\" \/><\/li>\n<li><img loading=\"lazy\" decoding=\"async\" src=\"https:\/\/heatwork.com\/wp-content\/uploads\/2021\/01\/web_6512_3-290x290.jpg\" width=\"290\" height=\"290\" alt=\"\" \/><\/li>\n<li><img loading=\"lazy\" decoding=\"async\" src=\"https:\/\/heatwork.com\/wp-content\/uploads\/2021\/01\/web_6512_2-290x290.jpg\" width=\"290\" height=\"290\" alt=\"\" \/><\/li>\n<li><img loading=\"lazy\" decoding=\"async\" src=\"https:\/\/heatwork.com\/wp-content\/uploads\/2021\/01\/web_6507_3-290x290.jpg\" width=\"290\" height=\"290\" alt=\"\" \/><\/li>\n<li><img loading=\"lazy\" decoding=\"async\" src=\"https:\/\/heatwork.com\/wp-content\/uploads\/2021\/01\/web_6507_2-290x290.jpg\" width=\"290\" height=\"290\" alt=\"\" \/><\/li>\n<\/ul><\/div>\n","protected":false},"excerpt":{"rendered":"<p>Winter Insulation Talvimatot pakkassuojaukseen ja eristykseen Winter Insulation on pitk\u00e4n kehitysty\u00f6n ja testauksen tulos. HW Winter Insulation on markkinajohtaja jolla on suuri eristysteho, kulutuksen kest\u00e4vyys ja suuret j\u00e4lleenk\u00e4ytt\u00f6mahdollisuudet. Se on kevyt, ei ime kosteutta ja kuivaa helposti. 3 tai 7 erist\u00e4v\u00e4\u00e4 kerrosta ja heijastava alumiinipinta heijastavat uniikisti s\u00e4teilyl\u00e4mp\u00f6\u00e4. T\u00e4m\u00e4 on ylivoimainen talvimatto ammatti- ja yksityisk\u00e4ytt\u00f6\u00f6n, [&hellip;]<\/p>\n","protected":false},"author":2,"featured_media":45870,"parent":1666,"menu_order":10,"comment_status":"closed","ping_status":"closed","template":"","meta":{"_acf_changed":false,"footnotes":"","_links_to":"","_links_to_target":""},"class_list":["post-1773","page","type-page","status-publish","has-post-thumbnail"],"acf":[],"_links":{"self":[{"href":"https:\/\/heatwork.com\/fi\/wp-json\/wp\/v2\/pages\/1773"}],"collection":[{"href":"https:\/\/heatwork.com\/fi\/wp-json\/wp\/v2\/pages"}],"about":[{"href":"https:\/\/heatwork.com\/fi\/wp-json\/wp\/v2\/types\/page"}],"author":[{"embeddable":true,"href":"https:\/\/heatwork.com\/fi\/wp-json\/wp\/v2\/users\/2"}],"replies":[{"embeddable":true,"href":"https:\/\/heatwork.com\/fi\/wp-json\/wp\/v2\/comments?post=1773"}],"version-history":[{"count":1,"href":"https:\/\/heatwork.com\/fi\/wp-json\/wp\/v2\/pages\/1773\/revisions"}],"predecessor-version":[{"id":53368,"href":"https:\/\/heatwork.com\/fi\/wp-json\/wp\/v2\/pages\/1773\/revisions\/53368"}],"up":[{"embeddable":true,"href":"https:\/\/heatwork.com\/fi\/wp-json\/wp\/v2\/pages\/1666"}],"wp:featuredmedia":[{"embeddable":true,"href":"https:\/\/heatwork.com\/fi\/wp-json\/wp\/v2\/media\/45870"}],"wp:attachment":[{"href":"https:\/\/heatwork.com\/fi\/wp-json\/wp\/v2\/media?parent=1773"}],"curies":[{"name":"wp","href":"https:\/\/api.w.org\/{rel}","templated":true}]}}