{"id":1777,"date":"2010-11-29T10:36:11","date_gmt":"2010-11-29T09:36:11","guid":{"rendered":"https:\/\/heatwork.com\/tuotteet\/hw-jaasuojajarjestelma\/"},"modified":"2018-01-16T10:33:27","modified_gmt":"2018-01-16T09:33:27","slug":"ice-guard-systems","status":"publish","type":"page","link":"https:\/\/heatwork.com\/fi\/tuotteet\/ice-guard-systems\/","title":{"rendered":"Ice Guard Systems"},"content":{"rendered":"<div class=\"o-carousel js-carousel\"><div class=\"o-carousel__main js-carousel-main iuulc\" data-id=\"iuulc\"><img loading=\"lazy\" decoding=\"async\" src=\"https:\/\/heatwork.com\/wp-content\/uploads\/2010\/11\/IGS-940x624.jpg\" width=\"940\" height=\"624\" alt=\"\" \/>\n<img loading=\"lazy\" decoding=\"async\" src=\"https:\/\/heatwork.com\/wp-content\/uploads\/2010\/11\/DSC_0140_Cut-940x883.jpg\" width=\"940\" height=\"883\" alt=\"\" \/>\n<img loading=\"lazy\" decoding=\"async\" src=\"https:\/\/heatwork.com\/wp-content\/uploads\/2010\/11\/DSC_0146-624x940.jpg\" width=\"624\" height=\"940\" alt=\"\" \/>\n<img loading=\"lazy\" decoding=\"async\" src=\"https:\/\/heatwork.com\/wp-content\/uploads\/2010\/11\/IGS-I-940x624.jpg\" width=\"940\" height=\"624\" alt=\"\" \/>\n<img loading=\"lazy\" decoding=\"async\" src=\"https:\/\/heatwork.com\/wp-content\/uploads\/2010\/11\/IGS-II-940x627.jpg\" width=\"940\" height=\"627\" alt=\"\" \/>\n<\/div><ul class=\"o-carousel__nav js-carousel-nav\"><li><img loading=\"lazy\" decoding=\"async\" src=\"https:\/\/heatwork.com\/wp-content\/uploads\/2010\/11\/IGS-290x290.jpg\" width=\"290\" height=\"290\" alt=\"\" \/><\/li>\n<li><img loading=\"lazy\" decoding=\"async\" src=\"https:\/\/heatwork.com\/wp-content\/uploads\/2010\/11\/DSC_0140_Cut-290x290.jpg\" width=\"290\" height=\"290\" alt=\"\" \/><\/li>\n<li><img loading=\"lazy\" decoding=\"async\" src=\"https:\/\/heatwork.com\/wp-content\/uploads\/2010\/11\/DSC_0146-290x290.jpg\" width=\"290\" height=\"290\" alt=\"\" \/><\/li>\n<li><img loading=\"lazy\" decoding=\"async\" src=\"https:\/\/heatwork.com\/wp-content\/uploads\/2010\/11\/IGS-I-290x290.jpg\" width=\"290\" height=\"290\" alt=\"\" \/><\/li>\n<li><img loading=\"lazy\" decoding=\"async\" src=\"https:\/\/heatwork.com\/wp-content\/uploads\/2010\/11\/IGS-II-290x290.jpg\" width=\"290\" height=\"290\" alt=\"\" \/><\/li>\n<\/ul><\/div>\n<p>&nbsp;<\/p>\n<h2>Ice Guard Systems: Sulattaa siltarummun minuutissa<\/h2>\n<p>Heatwork Ice Guard Systems on nerokas ratkaisu j\u00e4\u00e4tyneiden siltarumpujen ja vesiv\u00e4ylien nopeaan, helppoon ja varmaan sulattamiseen. J\u00e4rjestelm\u00e4 toimii sijoittamalla pysyv\u00e4 putki siltarumpuihin, joissa on kokemusten perusteella j\u00e4\u00e4tymisongelmia.Ice Guard Systems -j\u00e4rjestelm\u00e4n k\u00e4ytt\u00f6 s\u00e4\u00e4st\u00e4\u00e4 huomattavasti j\u00e4\u00e4tyneiden vesiv\u00e4ylien avaamiseen k\u00e4ytett\u00e4v\u00e4\u00e4 aikaa ja rahaa sek\u00e4 luo paremmat ty\u00f6olosuhteet niille, jotka ty\u00f6skentelev\u00e4t teiden ja rautateiden j\u00e4\u00e4ongelmien kanssa. T\u00e4ll\u00e4 ymp\u00e4rist\u00f6yst\u00e4v\u00e4llisell\u00e4 ratkaisulle hoidat tehokkaasti useamman kohteen samana p\u00e4iv\u00e4n\u00e4.<\/p>\n<p><strong>K\u00e4ytt\u00f6alueet Ice Guard Systems<\/strong><\/p>\n<ul>\n<li>Siltarumpujen avaus<\/li>\n<li>J\u00e4\u00e4n sulatus ojista<\/li>\n<li>Roudan, j\u00e4\u00e4n ja lumen sulatus<\/li>\n<li>Perusteiden, viem\u00e4r\u00f6intien ja kylttien sulatus<\/li>\n<\/ul>\n","protected":false},"excerpt":{"rendered":"<p>&nbsp; Ice Guard Systems: Sulattaa siltarummun minuutissa Heatwork Ice Guard Systems on nerokas ratkaisu j\u00e4\u00e4tyneiden siltarumpujen ja vesiv\u00e4ylien nopeaan, helppoon ja varmaan sulattamiseen. J\u00e4rjestelm\u00e4 toimii sijoittamalla pysyv\u00e4 putki siltarumpuihin, joissa on kokemusten perusteella j\u00e4\u00e4tymisongelmia.Ice Guard Systems -j\u00e4rjestelm\u00e4n k\u00e4ytt\u00f6 s\u00e4\u00e4st\u00e4\u00e4 huomattavasti j\u00e4\u00e4tyneiden vesiv\u00e4ylien avaamiseen k\u00e4ytett\u00e4v\u00e4\u00e4 aikaa ja rahaa sek\u00e4 luo paremmat ty\u00f6olosuhteet niille, jotka ty\u00f6skentelev\u00e4t teiden [&hellip;]<\/p>\n","protected":false},"author":2,"featured_media":42339,"parent":1666,"menu_order":15,"comment_status":"closed","ping_status":"closed","template":"","meta":{"_acf_changed":false,"footnotes":"","_links_to":"","_links_to_target":""},"class_list":["post-1777","page","type-page","status-publish","has-post-thumbnail"],"acf":[],"_links":{"self":[{"href":"https:\/\/heatwork.com\/fi\/wp-json\/wp\/v2\/pages\/1777"}],"collection":[{"href":"https:\/\/heatwork.com\/fi\/wp-json\/wp\/v2\/pages"}],"about":[{"href":"https:\/\/heatwork.com\/fi\/wp-json\/wp\/v2\/types\/page"}],"author":[{"embeddable":true,"href":"https:\/\/heatwork.com\/fi\/wp-json\/wp\/v2\/users\/2"}],"replies":[{"embeddable":true,"href":"https:\/\/heatwork.com\/fi\/wp-json\/wp\/v2\/comments?post=1777"}],"version-history":[{"count":0,"href":"https:\/\/heatwork.com\/fi\/wp-json\/wp\/v2\/pages\/1777\/revisions"}],"up":[{"embeddable":true,"href":"https:\/\/heatwork.com\/fi\/wp-json\/wp\/v2\/pages\/1666"}],"wp:featuredmedia":[{"embeddable":true,"href":"https:\/\/heatwork.com\/fi\/wp-json\/wp\/v2\/media\/42339"}],"wp:attachment":[{"href":"https:\/\/heatwork.com\/fi\/wp-json\/wp\/v2\/media?parent=1777"}],"curies":[{"name":"wp","href":"https:\/\/api.w.org\/{rel}","templated":true}]}}