{"id":1780,"date":"2010-12-07T14:48:56","date_gmt":"2010-12-07T13:48:56","guid":{"rendered":"https:\/\/heatwork.com\/tuotteet\/petroheater\/"},"modified":"2018-01-16T10:29:18","modified_gmt":"2018-01-16T09:29:18","slug":"petroheater","status":"publish","type":"page","link":"https:\/\/heatwork.com\/fi\/tuotteet\/petroheater\/","title":{"rendered":"PetroHeater"},"content":{"rendered":"<div class=\"o-carousel js-carousel\"><div class=\"o-carousel__main js-carousel-main dmbom\" data-id=\"dmbom\"><img loading=\"lazy\" decoding=\"async\" src=\"https:\/\/heatwork.com\/wp-content\/uploads\/2013\/06\/dsc0104.jpg\" width=\"800\" height=\"516\" alt=\"\" \/>\n<img loading=\"lazy\" decoding=\"async\" src=\"https:\/\/heatwork.com\/wp-content\/uploads\/2013\/06\/dsc0100.jpg\" width=\"800\" height=\"515\" alt=\"\" \/>\n<img loading=\"lazy\" decoding=\"async\" src=\"https:\/\/heatwork.com\/wp-content\/uploads\/2013\/06\/dsc0093.jpg\" width=\"582\" height=\"600\" alt=\"\" \/>\n<img loading=\"lazy\" decoding=\"async\" src=\"https:\/\/heatwork.com\/wp-content\/uploads\/2013\/06\/dsc0099.jpg\" width=\"399\" height=\"600\" alt=\"\" \/>\n<img loading=\"lazy\" decoding=\"async\" src=\"https:\/\/heatwork.com\/wp-content\/uploads\/2013\/06\/dsc0114.jpg\" width=\"800\" height=\"532\" alt=\"\" \/>\n<img loading=\"lazy\" decoding=\"async\" src=\"https:\/\/heatwork.com\/wp-content\/uploads\/2013\/06\/dsc0121.jpg\" width=\"800\" height=\"579\" alt=\"\" \/>\n<\/div><ul class=\"o-carousel__nav js-carousel-nav\"><li><img loading=\"lazy\" decoding=\"async\" src=\"https:\/\/heatwork.com\/wp-content\/uploads\/2013\/06\/dsc0104-290x290.jpg\" width=\"290\" height=\"290\" alt=\"\" \/><\/li>\n<li><img loading=\"lazy\" decoding=\"async\" src=\"https:\/\/heatwork.com\/wp-content\/uploads\/2013\/06\/dsc0100-290x290.jpg\" width=\"290\" height=\"290\" alt=\"\" \/><\/li>\n<li><img loading=\"lazy\" decoding=\"async\" src=\"https:\/\/heatwork.com\/wp-content\/uploads\/2013\/06\/dsc0093-290x290.jpg\" width=\"290\" height=\"290\" alt=\"\" \/><\/li>\n<li><img loading=\"lazy\" decoding=\"async\" src=\"https:\/\/heatwork.com\/wp-content\/uploads\/2013\/06\/dsc0099-290x290.jpg\" width=\"290\" height=\"290\" alt=\"\" \/><\/li>\n<li><img loading=\"lazy\" decoding=\"async\" src=\"https:\/\/heatwork.com\/wp-content\/uploads\/2013\/06\/dsc0114-290x290.jpg\" width=\"290\" height=\"290\" alt=\"\" \/><\/li>\n<li><img loading=\"lazy\" decoding=\"async\" src=\"https:\/\/heatwork.com\/wp-content\/uploads\/2013\/06\/dsc0121-290x290.jpg\" width=\"290\" height=\"290\" alt=\"\" \/><\/li>\n<\/ul><\/div>\n<p>&nbsp;<\/p>\n<h2>PetroHeater. Kehitetty erityisesti \u00f6ljyteollisuudelle<\/h2>\n<p>HW PetroHeater on varustettu komponenteilla ja varoituksilla, joiden ansiosta konetta voi k\u00e4ytt\u00e4\u00e4 \u00f6ljylaitoksissa niiden turvavaatimusten mukaisesti.<\/p>\n<p>Niin ulkomaiset kuin kotimaiset \u00f6ljy-yhti\u00f6t ja ISO-toimittajat ovat ottaneet teknologian k\u00e4ytt\u00f6\u00f6n pintojenk\u00e4sittelyss\u00e4 palo- ja r\u00e4j\u00e4hdysvaarallisissa ymp\u00e4rist\u00f6iss\u00e4.<\/p>\n<p>Vesiv\u00e4litteisen teknologian avulla voimme siirt\u00e4\u00e4 jopa 103 kW energiaa esimerkiksi Aerotemperill\u00e4 ty\u00f6telttaan sen sis\u00e4ilman l\u00e4mmitt\u00e4miseksi ja kuivaamiseksi.<\/p>\n<p>Suuremmatkin rakenteet voi l\u00e4mmitt\u00e4\u00e4 tehokkaasti letkuilla siirretyll\u00e4 kontaktil\u00e4mm\u00f6ll\u00e4, jonka nesteen l\u00e4mp\u00f6tila on jopa 100\u00b0C.<\/p>\n<p>Kone on osoittautunut hyvin hy\u00f6dylliseksi my\u00f6s laitosten j\u00e4\u00e4n ja lumen sulatuksessa.<\/p>\n<h2>Edut<\/h2>\n<p>\u00d6ljy-yhti\u00f6ille t\u00e4m\u00e4 tarkoittaa pintat\u00f6iden jatkuvuutta ilman, ett\u00e4 laatu k\u00e4rsii.<\/p>\n<p>Kun suuren kes\u00e4rynt\u00e4yksen sijaan pienempi ty\u00f6voima voi ty\u00f6skennell\u00e4 vuoden ymp\u00e4ri v\u00e4ltyt\u00e4\u00e4n logistiikka- ja majoitusongelmilta.<\/p>\n<p>Kun pintak\u00e4sittelyn sesonkia pidennet\u00e4\u00e4n, ISO-toimittajat voivat pit\u00e4\u00e4 aikataulunsa paremmin, ja v\u00e4ltt\u00e4\u00e4 avainhenkil\u00f6iden l\u00e4htemisen muihin projekteihin.<\/p>\n<div class=\"ingrid in-halves\">\n<div class=\"unit\"><strong>Heatwork on Achilles JQS:n hyv\u00e4ksym\u00e4<\/strong><img loading=\"lazy\" decoding=\"async\" class=\"wp-image-506 noframe alignright\" title=\"JQS_over\" src=\"https:\/\/heatwork.com\/wp-content\/uploads\/2010\/12\/JQS_over.gif\" alt=\"\" width=\"92\" height=\"23\" \/><\/div>\n<\/div>\n","protected":false},"excerpt":{"rendered":"<p>&nbsp; PetroHeater. Kehitetty erityisesti \u00f6ljyteollisuudelle HW PetroHeater on varustettu komponenteilla ja varoituksilla, joiden ansiosta konetta voi k\u00e4ytt\u00e4\u00e4 \u00f6ljylaitoksissa niiden turvavaatimusten mukaisesti. Niin ulkomaiset kuin kotimaiset \u00f6ljy-yhti\u00f6t ja ISO-toimittajat ovat ottaneet teknologian k\u00e4ytt\u00f6\u00f6n pintojenk\u00e4sittelyss\u00e4 palo- ja r\u00e4j\u00e4hdysvaarallisissa ymp\u00e4rist\u00f6iss\u00e4. Vesiv\u00e4litteisen teknologian avulla voimme siirt\u00e4\u00e4 jopa 103 kW energiaa esimerkiksi Aerotemperill\u00e4 ty\u00f6telttaan sen sis\u00e4ilman l\u00e4mmitt\u00e4miseksi ja kuivaamiseksi. Suuremmatkin [&hellip;]<\/p>\n","protected":false},"author":2,"featured_media":51009,"parent":1666,"menu_order":21,"comment_status":"closed","ping_status":"closed","template":"","meta":{"_acf_changed":false,"footnotes":"","_links_to":"","_links_to_target":""},"class_list":["post-1780","page","type-page","status-publish","has-post-thumbnail"],"acf":[],"_links":{"self":[{"href":"https:\/\/heatwork.com\/fi\/wp-json\/wp\/v2\/pages\/1780"}],"collection":[{"href":"https:\/\/heatwork.com\/fi\/wp-json\/wp\/v2\/pages"}],"about":[{"href":"https:\/\/heatwork.com\/fi\/wp-json\/wp\/v2\/types\/page"}],"author":[{"embeddable":true,"href":"https:\/\/heatwork.com\/fi\/wp-json\/wp\/v2\/users\/2"}],"replies":[{"embeddable":true,"href":"https:\/\/heatwork.com\/fi\/wp-json\/wp\/v2\/comments?post=1780"}],"version-history":[{"count":0,"href":"https:\/\/heatwork.com\/fi\/wp-json\/wp\/v2\/pages\/1780\/revisions"}],"up":[{"embeddable":true,"href":"https:\/\/heatwork.com\/fi\/wp-json\/wp\/v2\/pages\/1666"}],"wp:featuredmedia":[{"embeddable":true,"href":"https:\/\/heatwork.com\/fi\/wp-json\/wp\/v2\/media\/51009"}],"wp:attachment":[{"href":"https:\/\/heatwork.com\/fi\/wp-json\/wp\/v2\/media?parent=1780"}],"curies":[{"name":"wp","href":"https:\/\/api.w.org\/{rel}","templated":true}]}}